{"id":34959,"date":"2025-07-01T02:14:27","date_gmt":"2025-07-01T10:14:27","guid":{"rendered":"https:\/\/tangooled.com\/?post_type=product&#038;p=34959"},"modified":"2026-02-02T22:22:22","modified_gmt":"2026-02-03T06:22:22","slug":"recessed-20x10mmmm-led-strip-lighting-channel","status":"publish","type":"product","link":"https:\/\/tangooled.com\/tr\/urun\/recessed-20x10mmmm-led-strip-lighting-channel\/","title":{"rendered":"g\u00f6m\u00fcl\u00fc 20x10mmmm led \u015ferit ayd\u0131nlatma kanal\u0131"},"content":{"rendered":"<div class=\"wp-block-group is-vertical is-layout-flex wp-container-core-group-is-layout-d255d7c4 wp-block-group-is-layout-flex\" style=\"padding-top:var(--wp--preset--spacing--80);padding-bottom:var(--wp--preset--spacing--80)\">\n<p>Bu RP20A-S g\u00f6mme LED \u015ferit \u0131\u015f\u0131k kanal\u0131, 20.0 mm i\u00e7 geni\u015fli\u011fi ile y\u00fcksek yo\u011funlukta, COB ve RGBW LED \u015ferit \u0131\u015f\u0131klar\u0131 i\u00e7in m\u00fckemmel bir se\u00e7imdir. 10.0 mm y\u00fcksekli\u011fi ile bu ince profil, al\u00e7\u0131pan duvarlar, tavanlar veya \u00f6zel mobilyalarda uygun derinlikteki oluklara sorunsuz bir \u015fekilde kurulumu sa\u011flar. G\u00f6m\u00fcl\u00fc tasar\u0131m\u0131, mutfaklar, perakende sergileri ve ofislerde mimari lineer ayd\u0131nlatma i\u00e7in m\u00fckemmel olan temiz, \u00e7er\u00e7evesiz bir g\u00f6r\u00fcn\u00fcm olu\u015fturur. Bu profil, 20 mm'den daha dar olan herhangi bir LED \u015ferit i\u00e7in idealdir.<\/p>\n<\/div>\n\n\n\n<div class=\"wp-block-group has-background\" style=\"background-color:#f1f1f1;padding-top:var(--wp--preset--spacing--80);padding-bottom:var(--wp--preset--spacing--80)\"><div class=\"wp-block-group__inner-container is-layout-constrained wp-block-group-is-layout-constrained\">\n<div class=\"wp-block-group is-vertical is-layout-flex wp-container-core-group-is-layout-8cf370e7 wp-block-group-is-layout-flex\">\n<h2 class=\"wp-block-heading\" style=\"padding-top:var(--wp--preset--spacing--40);padding-bottom:var(--wp--preset--spacing--40);font-size:25px;font-style:normal;font-weight:600;text-transform:capitalize\">Neden 20x10mm G\u00f6m\u00fcl\u00fc LED Kanal\u0131m\u0131z\u0131 Se\u00e7melisiniz?<\/h2>\n\n\n\n<ul class=\"wp-block-list\">\n<li>Kesintisiz &amp; D\u00fcz Montaj: Al\u00e7\u0131pan, ah\u015fap veya mobilyalara uyacak \u015fekilde tasarland\u0131\u011f\u0131 i\u00e7in g\u00f6m\u00fcl\u00fc ve temiz g\u00f6r\u00fcn\u00fcr.<\/li>\n\n\n\n<li>Noktas\u0131z I\u015f\u0131k: Beraberinde gelen mat\/opal polikarbonat dif\u00fcz\u00f6r, LED noktalar\u0131n\u0131 p\u00fcr\u00fczs\u00fcz bir parlakl\u0131\u011fa d\u00f6n\u00fc\u015ft\u00fcr\u00fcr.<\/li>\n\n\n\n<li>Is\u0131 Da\u011f\u0131l\u0131m\u0131: Al\u00fcminyum, LED \u015feridinizi \u0131s\u0131 emici olarak i\u015flev g\u00f6rerek daha uzun \u00f6m\u00fcrl\u00fc olmas\u0131na yard\u0131mc\u0131 olur.<\/li>\n\n\n\n<li>G\u00fc\u00e7l\u00fc ve koruyucu: LED \u015feridinizi toz ve nemden g\u00fcvende tutar.<\/li>\n<\/ul>\n<\/div>\n<\/div><\/div>\n\n\n\n<div class=\"wp-block-group\" style=\"padding-top:var(--wp--preset--spacing--60);padding-bottom:var(--wp--preset--spacing--60)\"><div class=\"wp-block-group__inner-container is-layout-constrained wp-block-group-is-layout-constrained\">\n<div class=\"wp-block-media-text has-media-on-the-right is-stacked-on-mobile\" style=\"grid-template-columns:auto 40%\"><div class=\"wp-block-media-text__content\">\n<h2 class=\"wp-block-heading\" style=\"padding-top:var(--wp--preset--spacing--40);padding-bottom:var(--wp--preset--spacing--40);font-size:25px;font-style:normal;font-weight:600;text-transform:capitalize\">20x10mm G\u00f6m\u00fcl\u00fc LED \u015eerit Kanal\u0131n\u0131 Nas\u0131l Kullan\u0131rs\u0131n\u0131z?<\/h2>\n\n\n\n<ul class=\"wp-block-list\">\n<li>Al\u00e7\u0131pan, ah\u015fap veya mobilyada 20mm geni\u015fli\u011finde ve 10mm y\u00fcksekli\u011finde bir oluk a\u00e7\u0131n.<\/li>\n\n\n\n<li>LED \u015ferit \u0131\u015f\u0131\u011f\u0131n\u0131 kanala yerle\u015ftirin. Samsung ve Cree entegreleri dahil olmak \u00fczere tan\u0131nm\u0131\u015f \u00fcreticilerle uyumludur.<\/li>\n\n\n\n<li>Noktas\u0131z ve p\u00fcr\u00fczs\u00fcz \u0131\u015f\u0131k almak i\u00e7in mat dif\u00fcz\u00f6r\u00fc tak\u0131n.<\/li>\n\n\n\n<li>Yerinde tutmak i\u00e7in montaj klipleri veya yap\u0131\u015ft\u0131r\u0131c\u0131 kullan\u0131n.<\/li>\n\n\n\n<li>D\u00fczg\u00fcn tel \u00e7\u0131k\u0131\u015flar\u0131 ve tamamlanm\u0131\u015f bir g\u00f6r\u00fcn\u00fcm sa\u011flamak i\u00e7in u\u00e7 kapaklar\u0131 ekleyin.&nbsp;<\/li>\n<\/ul>\n<\/div><figure class=\"wp-block-media-text__media\"><img loading=\"lazy\" decoding=\"async\" width=\"500\" height=\"500\" src=\"https:\/\/tangooled.com\/wp-content\/uploads\/2025\/07\/rp20a-ins.webp\" alt=\"g\u00f6m\u00fcl\u00fc 20x10mmmm led \u015ferit ayd\u0131nlatma kanal\u0131\" class=\"wp-image-41756 size-full\" srcset=\"https:\/\/tangooled.com\/wp-content\/uploads\/2025\/07\/rp20a-ins.webp 500w, https:\/\/tangooled.com\/wp-content\/uploads\/2025\/07\/rp20a-ins-300x300.webp 300w, https:\/\/tangooled.com\/wp-content\/uploads\/2025\/07\/rp20a-ins-150x150.webp 150w\" sizes=\"auto, (max-width: 500px) 100vw, 500px\" \/><\/figure><\/div>\n<\/div><\/div>\n\n\n\n<div class=\"wp-block-group has-background\" style=\"background-color:#f1f1f1f2;padding-top:var(--wp--preset--spacing--80);padding-bottom:var(--wp--preset--spacing--80)\"><div class=\"wp-block-group__inner-container is-layout-constrained wp-block-group-is-layout-constrained\">\n<h2 class=\"wp-block-heading\" style=\"font-size:25px;font-style:normal;font-weight:600;text-transform:capitalize\">What&#8217;s in the kit?<\/h2>\n\n\n\n<ul class=\"wp-block-list\">\n<li>1x Anodize g\u00f6mme RP20A al\u00fcminyum profili (uzunluk belirtilecektir)<\/li>\n\n\n\n<li>1x PC mat dif\u00fcz\u00f6r<\/li>\n\n\n\n<li>2x U\u00e7 kapak<\/li>\n\n\n\n<li>2x Montaj klipleri<\/li>\n<\/ul>\n<\/div><\/div>\n\n\n\n<div class=\"wp-block-group\" style=\"padding-top:var(--wp--preset--spacing--80);padding-bottom:var(--wp--preset--spacing--80)\"><div class=\"wp-block-group__inner-container is-layout-constrained wp-block-group-is-layout-constrained\">\n<h2 class=\"wp-block-heading\" style=\"padding-top:var(--wp--preset--spacing--40);padding-bottom:var(--wp--preset--spacing--40);font-size:25px;font-style:normal;font-weight:600;text-transform:capitalize\">Basit kurulum k\u0131lavuzu, \u00e7e\u015fitli uygulamalar i\u00e7in \u00e7al\u0131\u015f\u0131r<\/h2>\n\n\n\n<ul class=\"wp-block-list\">\n<li>Mutfaklarda veya dolaplarda raflar\u0131n alt\u0131na giden ayd\u0131nlatma.<\/li>\n\n\n\n<li>Duvarlara veya tavanlara g\u00f6m\u00fcl\u00fc mimari ayd\u0131nlatma.<\/li>\n\n\n\n<li>Raflar veya gard\u0131roplar gibi mobilya ekleme.<\/li>\n\n\n\n<li>Perakende sergi raflar\u0131 i\u00e7in ayd\u0131nlatma.<\/li>\n<\/ul>\n<\/div><\/div>\n\n\n\n<div class=\"wp-block-group has-background is-vertical is-layout-flex wp-container-core-group-is-layout-b429018a wp-block-group-is-layout-flex\" style=\"background-color:#f1f1f1f2;padding-top:var(--wp--preset--spacing--70);padding-bottom:var(--wp--preset--spacing--70)\">\n<h2 class=\"wp-block-heading\" style=\"font-size:25px;font-style:normal;font-weight:600;text-transform:capitalize\">Projenizi tamamlamak i\u00e7in di\u011fer ilgili \u00fcr\u00fcnleri ke\u015ffedin:<\/h2>\n\n\n\n<ul class=\"wp-block-list\">\n<li><a href=\"https:\/\/tangooled.com\/tr\/urun\/black-led-profile-with-black-diffuser-for-10mm-led-strip-light\/\"><mark style=\"background-color:rgba(0, 0, 0, 0)\" class=\"has-inline-color has-vivid-red-color\">10mm LED \u015ferit \u0131\u015f\u0131\u011f\u0131 i\u00e7in siyah dif\u00fcz\u00f6rl\u00fc siyah LED profili<\/mark><\/a><\/li>\n\n\n\n<li><a href=\"https:\/\/tangooled.com\/tr\/urun\/surface-mount-led-profile-with-frosted-diffuser-for-10mm-rope-lights\/\"><mark style=\"background-color:rgba(0, 0, 0, 0)\" class=\"has-inline-color has-vivid-red-color\">10 mm kablo \u0131\u015f\u0131klar\u0131 i\u00e7in frosted dif\u00fcz\u00f6rl\u00fc y\u00fczey montaj LED profili<\/mark><\/a><\/li>\n\n\n\n<li><a href=\"https:\/\/tangooled.com\/tr\/urun\/aluminum-led-strip-extrusion-diffuser-channel-for-5050-double-row-led-strip\/\"><mark style=\"background-color:rgba(0, 0, 0, 0)\" class=\"has-inline-color has-vivid-red-color\">5050 \u00e7ift s\u0131ra LED \u015feridi i\u00e7in al\u00fcminyum LED \u015ferit \u00e7\u0131k\u0131nt\u0131 dif\u00fcz\u00f6r kanal\u0131<\/mark><\/a><\/li>\n\n\n\n<li><a href=\"https:\/\/tangooled.com\/tr\/urun\/recessed-led-aluminum-profile-up-and-down-lighting-channel-for-cabinet\/\"><mark style=\"background-color:rgba(0, 0, 0, 0)\" class=\"has-inline-color has-vivid-red-color\">G\u00f6mme LED al\u00fcminyum profili \u00fcst ve alt ayd\u0131nlatma kanal\u0131 dolap i\u00e7in<\/mark><\/a><\/li>\n<\/ul>\n<\/div>\n\n\n\n<p><\/p>","protected":false},"featured_media":14342,"template":"","meta":{"_acf_changed":true,"_seopress_robots_primary_cat":"none","_seopress_titles_title":"20x10mm Recessed LED Channel Aluminum Profile | TANGOOLED","_seopress_titles_desc":"Upgrade your lighting with the 20x10mm recessed LED channel. This aluminum profile is designed for high-visibility linear lighting in ceilings and walls, offering easy installation and professional heat dissipation.","_seopress_robots_index":""},"pcb-width":[229],"product-cat":[193],"class_list":{"0":"post-34959","1":"product","2":"type-product","3":"status-publish","4":"has-post-thumbnail","6":"pcb-width-15-20mm","7":"product-cat-recessed-profile"},"acf":[],"_links":{"self":[{"href":"https:\/\/tangooled.com\/tr\/wp-json\/wp\/v2\/product\/34959","targetHints":{"allow":["GET"]}}],"collection":[{"href":"https:\/\/tangooled.com\/tr\/wp-json\/wp\/v2\/product"}],"about":[{"href":"https:\/\/tangooled.com\/tr\/wp-json\/wp\/v2\/types\/product"}],"wp:featuredmedia":[{"embeddable":true,"href":"https:\/\/tangooled.com\/tr\/wp-json\/wp\/v2\/media\/14342"}],"wp:attachment":[{"href":"https:\/\/tangooled.com\/tr\/wp-json\/wp\/v2\/media?parent=34959"}],"wp:term":[{"taxonomy":"pcb-width","embeddable":true,"href":"https:\/\/tangooled.com\/tr\/wp-json\/wp\/v2\/pcb-width?post=34959"},{"taxonomy":"product-cat","embeddable":true,"href":"https:\/\/tangooled.com\/tr\/wp-json\/wp\/v2\/product-cat?post=34959"}],"curies":[{"name":"wp","href":"https:\/\/api.w.org\/{rel}","templated":true}]}}