{"id":34957,"date":"2025-07-01T02:12:26","date_gmt":"2025-07-01T10:12:26","guid":{"rendered":"https:\/\/tangooled.com\/?post_type=product&#038;p=34957"},"modified":"2026-01-31T00:58:48","modified_gmt":"2026-01-31T08:58:48","slug":"recessed-17mm-led-profile-aluminum-channel-for-12mm-led-strips","status":"publish","type":"product","link":"https:\/\/tangooled.com\/tr\/urun\/recessed-17mm-led-profile-aluminum-channel-for-12mm-led-strips\/","title":{"rendered":"12mm LED bantlar i\u00e7in 17mm gizli al\u00fcminyum profil kanal\u0131"},"content":{"rendered":"<div class=\"wp-block-group is-vertical is-layout-flex wp-container-core-group-is-layout-d255d7c4 wp-block-group-is-layout-flex\" style=\"padding-top:var(--wp--preset--spacing--80);padding-bottom:var(--wp--preset--spacing--80)\">\n<p>Our 17mm recessed LED profile is made for LED strips that are up to 12mm wide. It\u2019s great for hiding strip lights within walls, ceilings, or furniture without any seams. This recessed aluminum channel has an outer width of 25.2mm and an overall height of 23.2mm, with an internal width of 14.6mm.<br>Kanal, LED'lerin \u00f6mr\u00fcn\u00fc ve parlakl\u0131\u011f\u0131n\u0131 uzatan m\u00fckemmel \u0131s\u0131l da\u011f\u0131l\u0131m i\u00e7in y\u00fcksek kaliteli ekstr\u00fcde 6063-T5 al\u00fcminyum ala\u015f\u0131m\u0131ndan yap\u0131lm\u0131\u015ft\u0131r. Dahil edilen opal dif\u00fcz\u00f6r kapa\u011f\u0131, PC (Polikarbonat) malzemeden \u00fcretilmi\u015ftir ve \u0131\u015f\u0131\u011f\u0131n e\u015fit bir \u015fekilde da\u011f\u0131lmas\u0131n\u0131 sa\u011flar. U\u00e7 kapaklar ve montaj klipleri, tamamlay\u0131c\u0131 sistemle birlikte dahil edilmi\u015ftir ve kurulumunu kolay ve y\u00fczeyle ayn\u0131 seviyeye getirir.<\/p>\n<\/div>\n\n\n\n<div class=\"wp-block-group has-background is-vertical is-layout-flex wp-container-core-group-is-layout-d255d7c4 wp-block-group-is-layout-flex\" style=\"background-color:#f1f1f1;padding-top:var(--wp--preset--spacing--80);padding-bottom:var(--wp--preset--spacing--80)\">\n<div class=\"wp-block-group is-vertical is-layout-flex wp-container-core-group-is-layout-8cf370e7 wp-block-group-is-layout-flex\">\n<h2 class=\"wp-block-heading\" style=\"padding-top:var(--wp--preset--spacing--40);padding-bottom:var(--wp--preset--spacing--40);font-size:25px;font-style:normal;font-weight:600;text-transform:capitalize\">Neden 17mm Gizli LED Profilimizi Tercih Etmelisiniz?<\/h2>\n\n\n\n<ul class=\"wp-block-list\">\n<li>Seamless gizli tasar\u0131m: Kanal, temiz bir g\u00f6r\u00fcn\u00fcm i\u00e7in al\u00e7\u0131 levha, ah\u015fap veya s\u0131va i\u00e7ine m\u00fckemmel bir \u015fekilde oturur.<\/li>\n\n\n\n<li>En pop\u00fcler LED bant \u0131\u015f\u0131klar\u0131yla uyumludur ve 12mm LED bantlar i\u00e7in uygundur.<\/li>\n\n\n\n<li>G\u00fc\u00e7l\u00fc al\u00fcminyum so\u011futucu: LED'leri serin tutar ve uzun \u00f6m\u00fcrl\u00fc olmas\u0131n\u0131 sa\u011flar.<\/li>\n\n\n\n<li>Opal\/polycarbonate diffuser: Makes the light softer so it doesn&#8217;t have any dots.<\/li>\n\n\n\n<li>Birle\u015ftirmesi kolay: \u0130\u00e7inde yayl\u0131 klipsler, iki u\u00e7 kapak ve \u00fczerine oturan bir kapak ile gelir.<\/li>\n\n\n\n<li>Bir\u00e7ok y\u00fczey kaplamas\u0131: Dekorunuza uymas\u0131 i\u00e7in g\u00fcm\u00fc\u015f anodize, mat siyah veya mat beyaz aras\u0131ndan se\u00e7im yapabilirsiniz.<\/li>\n<\/ul>\n<\/div>\n<\/div>\n\n\n\n<div class=\"wp-block-group\" style=\"padding-top:var(--wp--preset--spacing--60);padding-bottom:var(--wp--preset--spacing--60)\"><div class=\"wp-block-group__inner-container is-layout-constrained wp-block-group-is-layout-constrained\">\n<div class=\"wp-block-media-text has-media-on-the-right is-stacked-on-mobile\"><div class=\"wp-block-media-text__content\">\n<h2 class=\"wp-block-heading\" style=\"padding-top:var(--wp--preset--spacing--40);padding-bottom:var(--wp--preset--spacing--40);font-size:25px;text-transform:capitalize\">Basit Kurulum Ad\u0131mlar\u0131<\/h2>\n\n\n\n<ul class=\"wp-block-list\">\n<li>I\u015f\u0131\u011f\u0131n gitmesini istedi\u011finiz yere al\u00e7\u0131, ah\u015fap, MDF veya s\u0131vada bir oyuk kesin.<\/li>\n\n\n\n<li>Kanal\u0131 oyukta d\u00fcz tutmak i\u00e7in yap\u0131\u015ft\u0131r\u0131c\u0131 veya yayl\u0131 klipsler kullan\u0131n.<\/li>\n\n\n\n<li>12mm LED bant\u0131n\u0131z\u0131 kanal\u0131n i\u00e7ine yerle\u015ftirin.<\/li>\n\n\n\n<li>Dif\u00fcz\u00f6r kapa\u011f\u0131n\u0131 \u00fcst\u00fcne koyun ve bitirmek i\u00e7in u\u00e7 kapaklar\u0131 tak\u0131n.<\/li>\n<\/ul>\n<\/div><figure class=\"wp-block-media-text__media\"><img loading=\"lazy\" decoding=\"async\" width=\"500\" height=\"500\" src=\"https:\/\/tangooled.com\/wp-content\/uploads\/2025\/07\/rp17-ins.webp\" alt=\"12mm LED bantlar i\u00e7in 17mm gizli al\u00fcminyum profil kanal\u0131\" class=\"wp-image-41679 size-full\" srcset=\"https:\/\/tangooled.com\/wp-content\/uploads\/2025\/07\/rp17-ins.webp 500w, https:\/\/tangooled.com\/wp-content\/uploads\/2025\/07\/rp17-ins-300x300.webp 300w, https:\/\/tangooled.com\/wp-content\/uploads\/2025\/07\/rp17-ins-150x150.webp 150w\" sizes=\"auto, (max-width: 500px) 100vw, 500px\" \/><\/figure><\/div>\n<\/div><\/div>\n\n\n\n<div class=\"wp-block-group has-background is-vertical is-layout-flex wp-container-core-group-is-layout-d255d7c4 wp-block-group-is-layout-flex\" style=\"background-color:#f1f1f1;padding-top:var(--wp--preset--spacing--80);padding-bottom:var(--wp--preset--spacing--80)\">\n<h2 class=\"wp-block-heading\" style=\"padding-top:var(--wp--preset--spacing--40);padding-bottom:var(--wp--preset--spacing--40);font-size:25px;font-style:normal;font-weight:600;text-transform:capitalize\">What\u2019s Inside the Box?<\/h2>\n\n\n\n<ul class=\"wp-block-list\">\n<li>1x 17mm geni\u015fli\u011finde gizli LED al\u00fcminyum kanal\u0131<\/li>\n\n\n\n<li>1x Snap-on opal dif\u00fcz\u00f6r kapa\u011f\u0131<\/li>\n\n\n\n<li>2x S\u0131k\u0131 oturmas\u0131 i\u00e7in yayl\u0131 klipsler<\/li>\n\n\n\n<li>2x U\u00e7 kapak (1 kat\u0131, 1 tel deli\u011fi ile)<\/li>\n<\/ul>\n<\/div>\n\n\n\n<div class=\"wp-block-group\" style=\"padding-top:var(--wp--preset--spacing--80);padding-bottom:var(--wp--preset--spacing--80)\"><div class=\"wp-block-group__inner-container is-layout-constrained wp-block-group-is-layout-constrained\">\n<h2 class=\"wp-block-heading\" style=\"padding-top:var(--wp--preset--spacing--40);padding-bottom:var(--wp--preset--spacing--40);font-size:25px;font-style:normal;font-weight:600;text-transform:capitalize\">Gizli 17mm LED Profilimiz \u0130\u00e7in Harika Kullan\u0131mlar<\/h2>\n\n\n\n<ul class=\"wp-block-list\">\n<li>Dolap alt\u0131 ayd\u0131nlatmas\u0131: Tezgahlar\u0131n daha parlak g\u00f6r\u00fcnmesi i\u00e7in d\u00fczg\u00fcn, d\u00fcz \u0131\u015f\u0131k kullan\u0131n.<\/li>\n\n\n\n<li>Duvar ve tavanlarda vurgular: Modern bir etki i\u00e7in \u0131\u015f\u0131klar\u0131 girinti i\u00e7inde gizleyin.<\/li>\n\n\n\n<li>Mobilya ayd\u0131nlatmas\u0131: Raflar, dolaplar ve dolaplar i\u00e7in \u00e7ekici yerle\u015fik \u0131\u015f\u0131klar sa\u011flar.<\/li>\n\n\n\n<li>Perakende ve i\u015f sergileri: \u00dcr\u00fcnleri profesyonel bir \u015fekilde sergileyin.<\/li>\n<\/ul>\n<\/div><\/div>\n\n\n\n<div class=\"wp-block-group has-background is-vertical is-layout-flex wp-container-core-group-is-layout-b429018a wp-block-group-is-layout-flex\" style=\"background-color:#f1f1f1f2;padding-top:var(--wp--preset--spacing--70);padding-bottom:var(--wp--preset--spacing--70)\">\n<h2 class=\"wp-block-heading\" style=\"padding-top:var(--wp--preset--spacing--40);padding-bottom:var(--wp--preset--spacing--40);font-size:25px;font-style:normal;font-weight:600;text-transform:capitalize\">\u0130lgili \u00fcr\u00fcnlerimizi kontrol edin<\/h2>\n\n\n\n<ul class=\"wp-block-list\">\n<li>Siyah bir dif\u00fcz\u00f6re mi ihtiyac\u0131n\u0131z var? Bizimkine bak\u0131n <a href=\"https:\/\/tangooled.com\/tr\/urun\/black-led-diffuser-aluminum-channel-for-12mm-tape-lights\/\"><mark style=\"background-color:rgba(0, 0, 0, 0)\" class=\"has-inline-color has-vivid-red-color\">12 mm bant \u0131\u015f\u0131klar\u0131 i\u00e7in siyah LED dif\u00f6re al\u00fcminyum kanal<\/mark><\/a>. <\/li>\n\n\n\n<li>12mm bantlarla k\u00f6\u015fe montaj\u0131 i\u00e7in, ziyaret edin <a href=\"https:\/\/tangooled.com\/tr\/urun\/18x18mm-led-strip-corner-profile-for-12mm-led-strips\/\"><mark style=\"background-color:rgba(0, 0, 0, 0)\" class=\"has-inline-color has-vivid-red-color\">12 mm LED \u015feritler i\u00e7in 18x18 mm k\u00f6\u015fe profili<\/mark><\/a>.<\/li>\n\n\n\n<li>Ke\u015ffet <a href=\"https:\/\/tangooled.com\/tr\/urun\/black-aluminum-u-channel-profile-for-10mm-led-strips\/\"><mark style=\"background-color:rgba(0, 0, 0, 0)\" class=\"has-inline-color has-vivid-red-color\">10mm LED \u015feritler i\u00e7in siyah al\u00fcminyum U profili<\/mark><\/a> ultra d\u00fc\u015f\u00fck profilli ayd\u0131nlatma ihtiya\u00e7lar\u0131 i\u00e7in.<\/li>\n<\/ul>\n<\/div>\n\n\n\n<p><\/p>","protected":false},"featured_media":14348,"template":"","meta":{"_acf_changed":false,"_seopress_robots_primary_cat":"none","_seopress_titles_title":"17mm Recessed LED Channel | Fits 12mm Wide LED Strips | TANGOOLED","_seopress_titles_desc":"The RP17 is a 17mm recessed LED profile specifically designed to accommodate 12mm wide LED strips. Featuring a flanged edge to hide cutouts, it\u2019s the ideal solution for high-power linear lighting.","_seopress_robots_index":""},"pcb-width":[229],"product-cat":[193],"class_list":{"0":"post-34957","1":"product","2":"type-product","3":"status-publish","4":"has-post-thumbnail","6":"pcb-width-15-20mm","7":"product-cat-recessed-profile"},"acf":[],"_links":{"self":[{"href":"https:\/\/tangooled.com\/tr\/wp-json\/wp\/v2\/product\/34957","targetHints":{"allow":["GET"]}}],"collection":[{"href":"https:\/\/tangooled.com\/tr\/wp-json\/wp\/v2\/product"}],"about":[{"href":"https:\/\/tangooled.com\/tr\/wp-json\/wp\/v2\/types\/product"}],"wp:featuredmedia":[{"embeddable":true,"href":"https:\/\/tangooled.com\/tr\/wp-json\/wp\/v2\/media\/14348"}],"wp:attachment":[{"href":"https:\/\/tangooled.com\/tr\/wp-json\/wp\/v2\/media?parent=34957"}],"wp:term":[{"taxonomy":"pcb-width","embeddable":true,"href":"https:\/\/tangooled.com\/tr\/wp-json\/wp\/v2\/pcb-width?post=34957"},{"taxonomy":"product-cat","embeddable":true,"href":"https:\/\/tangooled.com\/tr\/wp-json\/wp\/v2\/product-cat?post=34957"}],"curies":[{"name":"wp","href":"https:\/\/api.w.org\/{rel}","templated":true}]}}