{"id":34955,"date":"2025-07-01T02:09:53","date_gmt":"2025-07-01T10:09:53","guid":{"rendered":"https:\/\/tangooled.com\/?post_type=product&#038;p=34955"},"modified":"2026-01-25T18:33:21","modified_gmt":"2026-01-26T02:33:21","slug":"vertical-flange-recessed-led-channel-11mm-inner","status":"publish","type":"product","link":"https:\/\/tangooled.com\/tr\/urun\/vertical-flange-recessed-led-channel-11mm-inner\/","title":{"rendered":"11mm \u0130\u00e7 Geni\u015flikte G\u00f6mme Dikey Flan\u015fl\u0131 LED Kanal"},"content":{"rendered":"<div class=\"wp-block-group\" style=\"padding-top:var(--wp--preset--spacing--80);padding-bottom:var(--wp--preset--spacing--80)\"><div class=\"wp-block-group__inner-container is-layout-constrained wp-block-group-is-layout-constrained\">\n<p>Bu dikey flan\u015fl\u0131 g\u00f6mme LED kanal\u0131 anodize al\u00fcminyumdan yap\u0131lm\u0131\u015ft\u0131r ve g\u00f6r\u00fcn\u00fcr geni\u015fli\u011fi 13mm ve y\u00fcksekli\u011fi 18mm olan hassas \u00f6l\u00e7\u00fcleri ile LED \u015ferit ayd\u0131nlatma i\u00e7in ideal bir se\u00e7imdir. Kanal, profilin \u00fcst k\u0131sm\u0131na m\u00fckemmel bir \u015fekilde oturan bir opal dif\u00fcz\u00f6r ile birlikte gelir. Her setinde \u015f\u0131k bir g\u00f6r\u00fcn\u00fcm sa\u011flamak i\u00e7in u\u00e7 kapaklar da dahil edilmi\u015ftir.<\/p>\n\n\n\n<p>The anodized aluminum channel is a superb heat drain, which is vital for keeping the LED&#8217;s brightness stable and extending its lifespan. The channel eliminates harsh LED dots when used with the opal diffuser, giving any room attractive, soft, and dot-free linear light.<\/p>\n<\/div><\/div>\n\n\n\n<div class=\"wp-block-group has-background\" style=\"background-color:#f1f1f1;padding-top:var(--wp--preset--spacing--80);padding-bottom:var(--wp--preset--spacing--80)\"><div class=\"wp-block-group__inner-container is-layout-constrained wp-block-group-is-layout-constrained\">\n<div class=\"wp-block-group is-vertical is-layout-flex wp-container-core-group-is-layout-8cf370e7 wp-block-group-is-layout-flex\">\n<h2 class=\"wp-block-heading\" style=\"padding-top:var(--wp--preset--spacing--40);padding-bottom:var(--wp--preset--spacing--40);font-size:25px;font-style:normal;font-weight:600;text-transform:capitalize\">Neden Dikey Flan\u015f G\u00f6mme LED Kanal\u0131m\u0131z\u0131 Se\u00e7melisiniz?<\/h2>\n\n\n\n<ul class=\"wp-block-list\">\n<li>11mm i\u00e7 geni\u015fli\u011fi, kanal\u0131n hem 8mm hem de 10mm LED \u015feritleri ile \u00e7al\u0131\u015fmas\u0131n\u0131 sa\u011flar.<\/li>\n\n\n\n<li>Dayan\u0131kl\u0131l\u0131k ve m\u00fckemmel \u0131s\u0131 da\u011f\u0131l\u0131m\u0131 i\u00e7in 6063-T5 anodize al\u00fcminyumdan yap\u0131lm\u0131\u015ft\u0131r.<\/li>\n\n\n\n<li>Noktalar olmadan \u0131\u015f\u0131k \u00fcreten snap-in opal dif\u00fcz\u00f6r kapa\u011f\u0131 ile birlikte gelir.<\/li>\n\n\n\n<li>P\u00fcr\u00fczs\u00fcz ve gizli bir biti\u015f sa\u011flamak i\u00e7in s\u0131va i\u00e7i montaj i\u00e7in dikey bir flan\u015fa sahiptir.<\/li>\n<\/ul>\n<\/div>\n<\/div><\/div>\n\n\n\n<div class=\"wp-block-group\" style=\"padding-top:var(--wp--preset--spacing--60);padding-bottom:var(--wp--preset--spacing--60)\"><div class=\"wp-block-group__inner-container is-layout-constrained wp-block-group-is-layout-constrained\">\n<div class=\"wp-block-media-text has-media-on-the-right is-stacked-on-mobile\" style=\"grid-template-columns:auto 40%\"><div class=\"wp-block-media-text__content\">\n<h2 class=\"wp-block-heading\" style=\"padding-top:var(--wp--preset--spacing--40);padding-bottom:var(--wp--preset--spacing--40);font-size:25px;font-style:normal;font-weight:600;text-transform:capitalize\">Dikey Flan\u015f ile G\u00f6mme LED Kanal\u0131n\u0131 Nas\u0131l Kullan\u0131l\u0131r<\/h2>\n\n\n\n<ul class=\"wp-block-list\">\n<li>G\u00f6mme kanal i\u00e7in do\u011fru boyutta bir girinti olu\u015fturmak \u00fczere y\u00fczeyin (tavan, duvar veya mobilya) dikkatlice kesilmesi gerekir.<\/li>\n\n\n\n<li>Al\u00fcminyum kanal\u0131 kesilmi\u015f girintiye s\u0131k\u0131ca yap\u0131\u015ft\u0131rmak i\u00e7in yap\u0131\u015ft\u0131r\u0131c\u0131 veya yap\u0131\u015fkan bant kullan\u0131n.<\/li>\n\n\n\n<li>Arka kaplamay\u0131 \u00e7\u0131kar\u0131n ve LED \u015ferit \u0131\u015f\u0131\u011f\u0131n\u0131 kanala g\u00fcvenli bir \u015fekilde yerle\u015ftirin. Ard\u0131ndan, kablolar\u0131 g\u00fc\u00e7 kayna\u011f\u0131na ba\u011flay\u0131n.<\/li>\n\n\n\n<li>Kanal\u0131n her iki ucuna u\u00e7 kapaklar\u0131 yerle\u015ftirin ve g\u00fc\u00e7 kablolar\u0131n\u0131 delikli u\u00e7 kapa\u011f\u0131 arac\u0131l\u0131\u011f\u0131yla ge\u00e7irin.<\/li>\n\n\n\n<li>LED \u015feridi korumak ve temiz, noktas\u0131z bir g\u00f6r\u00fcn\u00fcm elde etmek i\u00e7in dif\u00fcz\u00f6r\u00fc kanala oturtun.<\/li>\n<\/ul>\n<\/div><figure class=\"wp-block-media-text__media\"><img loading=\"lazy\" decoding=\"async\" width=\"500\" height=\"500\" src=\"https:\/\/tangooled.com\/wp-content\/uploads\/2025\/07\/rp1318-ins.webp\" alt=\"recessed led channel profile with vertical flange\u00a0inner width 11mm\" class=\"wp-image-41675 size-full\" srcset=\"https:\/\/tangooled.com\/wp-content\/uploads\/2025\/07\/rp1318-ins.webp 500w, https:\/\/tangooled.com\/wp-content\/uploads\/2025\/07\/rp1318-ins-300x300.webp 300w, https:\/\/tangooled.com\/wp-content\/uploads\/2025\/07\/rp1318-ins-150x150.webp 150w\" sizes=\"auto, (max-width: 500px) 100vw, 500px\" \/><\/figure><\/div>\n<\/div><\/div>\n\n\n\n<div class=\"wp-block-group has-background\" style=\"background-color:#f1f1f1f2;padding-top:var(--wp--preset--spacing--80);padding-bottom:var(--wp--preset--spacing--80)\"><div class=\"wp-block-group__inner-container is-layout-constrained wp-block-group-is-layout-constrained\">\n<h2 class=\"wp-block-heading\" style=\"padding-top:var(--wp--preset--spacing--40);padding-bottom:var(--wp--preset--spacing--40);font-size:25px;font-style:normal;font-weight:600;text-transform:capitalize\">What&#8217;s in the kit?<\/h2>\n\n\n\n<ul class=\"wp-block-list\">\n<li>1x Anodize al\u00fcminyum profil<\/li>\n\n\n\n<li>1x Opal dif\u00fcz\u00f6r kapa\u011f\u0131<\/li>\n\n\n\n<li>U\u00e7 kapaklar (bir delikli, bir deliksiz)<\/li>\n<\/ul>\n<\/div><\/div>\n\n\n\n<div class=\"wp-block-group\" style=\"padding-top:var(--wp--preset--spacing--80);padding-bottom:var(--wp--preset--spacing--80)\"><div class=\"wp-block-group__inner-container is-layout-constrained wp-block-group-is-layout-constrained\">\n<h2 class=\"wp-block-heading\" style=\"padding-top:var(--wp--preset--spacing--40);padding-bottom:var(--wp--preset--spacing--40);font-size:25px;font-style:normal;font-weight:600;text-transform:capitalize\">\u0130lgili \u00fcr\u00fcnler<\/h2>\n\n\n\n<ul class=\"wp-block-list\">\n<li>10mm LED \u015ferit \u0131\u015f\u0131\u011f\u0131 i\u00e7in siyah dif\u00fcz\u00f6r ile \u015f\u0131k bir siyah LED profili i\u00e7in buray\u0131 kontrol edin: <a href=\"https:\/\/tangooled.com\/tr\/urun\/black-led-profile-with-black-diffuser-for-10mm-led-strip-light\/\"><mark style=\"background-color:rgba(0, 0, 0, 0)\" class=\"has-inline-color has-vivid-red-color\">Siyah LED Profil ve Siyah Dif\u00fcz\u00f6r<\/mark><\/a><\/li>\n\n\n\n<li>D\u00fc\u015f\u00fck profilli bir se\u00e7enek mi gerekiyor? Bunu deneyin <a href=\"https:\/\/tangooled.com\/tr\/urun\/25x6mm-low-profile-led-strip-channel-for-10mm-led-strip-light\/\"><mark style=\"background-color:rgba(0, 0, 0, 0)\" class=\"has-inline-color has-vivid-red-color\">10mm LED \u015ferit \u0131\u015f\u0131k i\u00e7in 25x6mm d\u00fc\u015f\u00fck profilli LED \u015ferit kanal\u0131<\/mark><\/a><\/li>\n\n\n\n<li>Farkl\u0131 bir montaj tarz\u0131 i\u00e7in bak\u0131n: <a href=\"https:\/\/tangooled.com\/tr\/urun\/surface-mount-led-profile-with-frosted-diffuser-for-10mm-rope-lights\/\"><mark style=\"background-color:rgba(0, 0, 0, 0)\" class=\"has-inline-color has-vivid-red-color\">10mm d\u0131zak \u0131\u015f\u0131ma \u0131\u015f\u0131\u011f\u0131 i\u00e7in buzlu dif\u00fcz\u00f6rl\u00fc y\u00fczey montaj\u0131 LED profili<\/mark><\/a><\/li>\n<\/ul>\n<\/div><\/div>\n\n\n\n<p><\/p>","protected":false},"featured_media":14354,"template":"","meta":{"_acf_changed":true,"_seopress_robots_primary_cat":"none","_seopress_titles_title":"Vertical Flange Recessed LED Channel 11mm Inner Width | TANGOOLED","_seopress_titles_desc":"Our recessed LED channel profile features a unique vertical flange design and an 11mm inner width. Perfect for 8mm-10mm LED strips, it provides a specialized trim for architectural lighting and clean edge finishing.","_seopress_robots_index":""},"pcb-width":[228],"product-cat":[193],"class_list":{"0":"post-34955","1":"product","2":"type-product","3":"status-publish","4":"has-post-thumbnail","6":"pcb-width-6-12mm","7":"product-cat-recessed-profile"},"acf":[],"_links":{"self":[{"href":"https:\/\/tangooled.com\/tr\/wp-json\/wp\/v2\/product\/34955","targetHints":{"allow":["GET"]}}],"collection":[{"href":"https:\/\/tangooled.com\/tr\/wp-json\/wp\/v2\/product"}],"about":[{"href":"https:\/\/tangooled.com\/tr\/wp-json\/wp\/v2\/types\/product"}],"wp:featuredmedia":[{"embeddable":true,"href":"https:\/\/tangooled.com\/tr\/wp-json\/wp\/v2\/media\/14354"}],"wp:attachment":[{"href":"https:\/\/tangooled.com\/tr\/wp-json\/wp\/v2\/media?parent=34955"}],"wp:term":[{"taxonomy":"pcb-width","embeddable":true,"href":"https:\/\/tangooled.com\/tr\/wp-json\/wp\/v2\/pcb-width?post=34955"},{"taxonomy":"product-cat","embeddable":true,"href":"https:\/\/tangooled.com\/tr\/wp-json\/wp\/v2\/product-cat?post=34955"}],"curies":[{"name":"wp","href":"https:\/\/api.w.org\/{rel}","templated":true}]}}