{"id":34954,"date":"2025-07-01T02:03:54","date_gmt":"2025-07-01T10:03:54","guid":{"rendered":"https:\/\/tangooled.com\/?post_type=product&#038;p=34954"},"modified":"2026-01-24T03:30:17","modified_gmt":"2026-01-24T11:30:17","slug":"12x10mm-recessed-led-strip-channel-aluminum-profile","status":"publish","type":"product","link":"https:\/\/tangooled.com\/tr\/urun\/12x10mm-recessed-led-strip-channel-aluminum-profile\/","title":{"rendered":"12x10mm g\u00f6mme LED \u015ferit kanal\u0131 al\u00fcminyum profili"},"content":{"rendered":"<div class=\"wp-block-group\" style=\"padding-top:var(--wp--preset--spacing--80);padding-bottom:var(--wp--preset--spacing--80)\"><div class=\"wp-block-group__inner-container is-layout-constrained wp-block-group-is-layout-constrained\">\n<p>Bu 12x10mm g\u00f6mme LED \u015ferit kanal\u0131, ince, lineer ayd\u0131nlatma olu\u015fturmak i\u00e7in m\u00fckemmel bir y\u00f6ntemdir. Al\u00fcminyum profil, LED \u015feritlerinizi yerinde tutmak ve iyi \u00e7al\u0131\u015fmas\u0131n\u0131 sa\u011flamak i\u00e7in tasarlanm\u0131\u015ft\u0131r. Duvarlar veya mobilyalarda girintilere kolayca oturur, \u0131\u015f\u0131k \u015feridini kapat\u0131r ve ho\u015f bir g\u00f6r\u00fcn\u00fcm kazand\u0131r\u0131r.<br>Anodize edilmi\u015f al\u00fcminyum kanal, \u0131s\u0131y\u0131 yaymak i\u00e7in harika bir yer sa\u011flayarak LED \u015feritlerin so\u011fumas\u0131n\u0131 sa\u011flar. Bu, LED'lerin parlak kalmas\u0131n\u0131 ve daha uzun \u00f6m\u00fcrl\u00fc olmas\u0131n\u0131 sa\u011flar. Polikarbonat dif\u00fcz\u00f6r de \u00e7ok \u00f6nemlidir, \u00e7\u00fcnk\u00fc \u0131\u015f\u0131\u011f\u0131 yumu\u015fat\u0131r ve sert LED noktalar\u0131n\u0131 ortadan kald\u0131r\u0131r.<br>This 12&#215;10 mm recessed channel is great for kitchens, stairs, retail displays, and other places where you want high-quality, hidden lighting. It&#8217;s the best approach to make your LED lights look better and last longer.<\/p>\n<\/div><\/div>\n\n\n\n<div class=\"wp-block-group has-background is-vertical is-layout-flex wp-container-core-group-is-layout-d255d7c4 wp-block-group-is-layout-flex\" style=\"background-color:#f1f1f1;padding-top:var(--wp--preset--spacing--80);padding-bottom:var(--wp--preset--spacing--80)\">\n<div class=\"wp-block-group is-vertical is-layout-flex wp-container-core-group-is-layout-8cf370e7 wp-block-group-is-layout-flex\">\n<h2 class=\"wp-block-heading\" style=\"padding-top:var(--wp--preset--spacing--40);padding-bottom:var(--wp--preset--spacing--40);font-size:25px;font-style:normal;font-weight:600;text-transform:capitalize\">Neden 12x10mm G\u00f6mme LED \u015eerit Kanal\u0131m\u0131z\u0131 Se\u00e7melisiniz?<\/h2>\n\n\n\n<ul class=\"wp-block-list\">\n<li>Flush montaj tasar\u0131m\u0131: Bu tasar\u0131m, duvarlara, tavana veya mobilyalara oturarak temiz bir g\u00f6r\u00fcn\u00fcm sa\u011flar.<\/li>\n\n\n\n<li>Sa\u011flam al\u00fcminyum yap\u0131: LED'lerden \u0131s\u0131y\u0131 uzak tutarak daha uzun s\u00fcre dayanmas\u0131n\u0131 sa\u011flar.<\/li>\n\n\n\n<li>Buzlu dif\u00fcz\u00f6r: Bu, \u0131\u015f\u0131\u011f\u0131 yumu\u015fak hale getirir, b\u00f6ylece nokta veya parlak alanlar olmaz.<\/li>\n\n\n\n<li>RGB, COB ve daha fazlas\u0131 gibi bir\u00e7ok LED t\u00fcr\u00fc ile uyumludur. 8mm LED \u015feritleri ile uyumludur.<\/li>\n\n\n\n<li>Kesimi ve takmas\u0131 kolay: Alan\u0131n\u0131za uyacak \u015fekilde k\u0131saltabilirsiniz.<\/li>\n<\/ul>\n<\/div>\n<\/div>\n\n\n\n<div class=\"wp-block-group\" style=\"padding-top:var(--wp--preset--spacing--60);padding-bottom:var(--wp--preset--spacing--60)\"><div class=\"wp-block-group__inner-container is-layout-constrained wp-block-group-is-layout-constrained\">\n<div class=\"wp-block-media-text has-media-on-the-right is-stacked-on-mobile\" style=\"grid-template-columns:auto 40%\"><div class=\"wp-block-media-text__content\">\n<h2 class=\"wp-block-heading\" style=\"font-size:25px;font-style:normal;font-weight:600;text-transform:capitalize\">12x10mm G\u00f6mme LED \u015eerit Kanal\u0131n\u0131z\u0131 Nas\u0131l Takars\u0131n\u0131z<\/h2>\n\n\n\n<ul class=\"wp-block-list\">\n<li>Make a groove in your drywall, wood, or other surface that is the same size as the channel&#8217;s size.<\/li>\n\n\n\n<li>Al\u00fcminyum kanal\u0131 girintiye yerle\u015ftirin ve yap\u0131\u015ft\u0131r\u0131c\u0131 veya montaj klipsleri kullanarak sabitleyin.<\/li>\n\n\n\n<li>LED \u015feridinizi, 8mm geni\u015fli\u011fe kadar olan kanala yerle\u015ftirin.<\/li>\n\n\n\n<li>Tasar\u0131m\u0131 tamamlamak i\u00e7in, p\u00fcr\u00fczs\u00fcz \u0131\u015f\u0131k ge\u00e7iren opal dif\u00fcz\u00f6r kapaklar\u0131n\u0131 tak\u0131n.<\/li>\n<\/ul>\n<\/div><figure class=\"wp-block-media-text__media\"><img loading=\"lazy\" decoding=\"async\" width=\"500\" height=\"500\" src=\"https:\/\/tangooled.com\/wp-content\/uploads\/2025\/07\/rp10-ins.webp\" alt=\"12x10mm recessed led strip channel aluminum profile\" class=\"wp-image-41671 size-full\" srcset=\"https:\/\/tangooled.com\/wp-content\/uploads\/2025\/07\/rp10-ins.webp 500w, https:\/\/tangooled.com\/wp-content\/uploads\/2025\/07\/rp10-ins-300x300.webp 300w, https:\/\/tangooled.com\/wp-content\/uploads\/2025\/07\/rp10-ins-150x150.webp 150w\" sizes=\"auto, (max-width: 500px) 100vw, 500px\" \/><\/figure><\/div>\n<\/div><\/div>\n\n\n\n<div class=\"wp-block-group has-background\" style=\"background-color:#f1f1f1f2;padding-top:var(--wp--preset--spacing--80);padding-bottom:var(--wp--preset--spacing--80)\"><div class=\"wp-block-group__inner-container is-layout-constrained wp-block-group-is-layout-constrained\">\n<h2 class=\"wp-block-heading\" style=\"padding-top:var(--wp--preset--spacing--40);padding-bottom:var(--wp--preset--spacing--40);font-size:25px;font-style:normal;font-weight:600;text-transform:capitalize\">Kullan\u0131m Alanlar\u0131<\/h2>\n\n\n\n<ul class=\"wp-block-list\">\n<li>Dolap Alt\u0131 Ayd\u0131nlatma: Mutfa\u011f\u0131n\u0131za veya \u00e7al\u0131\u015fma alan\u0131n\u0131za \u015f\u0131k bir g\u00f6rev \u0131\u015f\u0131\u011f\u0131 ekleyin. LED \u015feridinizi g\u00fcvenli bir \u015fekilde tutmak i\u00e7in dayan\u0131kl\u0131 al\u00fcminyum muhafaza kullan\u0131n.<\/li>\n\n\n\n<li>Architectural Accent Lighting: Make smooth lines of light on walls, ceilings, or floors.\u2013 Great for putting in LED profiles that are plastered in or drywall LED channels.<\/li>\n\n\n\n<li>Mobilya ve ah\u015fap i\u015fleri i\u00e7in ayd\u0131nlatma: I\u015f\u0131\u011f\u0131 gizlemek i\u00e7in dolaplarda, vitrinlerde veya \u00f6zel raflarda kullan\u0131n. Modern dekorasyona yumu\u015fak bir \u0131\u015f\u0131lt\u0131 ekler.<\/li>\n\n\n\n<li>Perakende ve Vitrin Ayd\u0131nlatmas\u0131: Sergileri daha ayd\u0131nl\u0131k hale getirmek i\u00e7in LED \u015ferit ray sistemlerini kullan\u0131n.<\/li>\n<\/ul>\n<\/div><\/div>\n\n\n\n<div class=\"wp-block-group\" style=\"padding-top:var(--wp--preset--spacing--80);padding-bottom:var(--wp--preset--spacing--80)\"><div class=\"wp-block-group__inner-container is-layout-constrained wp-block-group-is-layout-constrained\">\n<h2 class=\"wp-block-heading\" style=\"padding-top:var(--wp--preset--spacing--40);padding-bottom:var(--wp--preset--spacing--40);font-size:25px;font-style:normal;font-weight:600;text-transform:capitalize\">\u0130lgili \u00dcr\u00fcnler Hakk\u0131nda Daha Fazla Bilgi Edinin<\/h2>\n\n\n\n<ul class=\"wp-block-list\">\n<li><a href=\"https:\/\/tangooled.com\/tr\/urun\/black-led-profile-with-black-diffuser-for-10mm-led-strip-light\/\"><mark style=\"background-color:rgba(0, 0, 0, 0)\" class=\"has-inline-color has-vivid-red-color\">10mm LED \u015ferit \u0131\u015f\u0131\u011f\u0131 i\u00e7in siyah LED profili ve siyah dif\u00fcz\u00f6r<\/mark><\/a> \u015f\u0131k koyu y\u00fczeyler i\u00e7in.<\/li>\n\n\n\n<li><a href=\"https:\/\/tangooled.com\/tr\/urun\/surface-mount-led-profile-with-frosted-diffuser-for-10mm-rope-lights\/\"><mark style=\"background-color:rgba(0, 0, 0, 0)\" class=\"has-inline-color has-vivid-red-color\">10mm kablo \u0131\u015f\u0131klar\u0131 i\u00e7in buzlu dif\u00fcz\u00f6rl\u00fc y\u00fczey montaj LED profili<\/mark><\/a> y\u00fczey montaj\u0131 i\u00e7in.<\/li>\n\n\n\n<li><a href=\"https:\/\/tangooled.com\/tr\/urun\/led-strip-light-channel-aluminum-profile-with-diffused-cover-6mm-height\/\"><mark style=\"background-color:rgba(0, 0, 0, 0)\" class=\"has-inline-color has-vivid-red-color\">Dif\u00fcz\u00f6r kapakl\u0131 6mm y\u00fckseklikteki LED \u015ferit \u0131\u015f\u0131k kanal\u0131 al\u00fcminyum profil<\/mark><\/a><mark style=\"background-color:rgba(0, 0, 0, 0)\" class=\"has-inline-color has-vivid-red-color\"> <\/mark>d\u00fc\u015f\u00fck y\u00fckseklikli alanlar i\u00e7in. <\/li>\n<\/ul>\n\n\n\n<p><\/p>\n<\/div><\/div>","protected":false},"featured_media":14359,"template":"","meta":{"_acf_changed":true,"_seopress_robots_primary_cat":"none","_seopress_titles_title":"12x10mm Recessed LED Profile Aluminum Channel | TANGOOLED","_seopress_titles_desc":"Shop our 12x10mm recessed led profile. This compact aluminum channel is perfect for slim furniture and wall accents, providing a professional flanged finish for 8mm LED strips.","_seopress_robots_index":""},"pcb-width":[228],"product-cat":[193],"class_list":{"0":"post-34954","1":"product","2":"type-product","3":"status-publish","4":"has-post-thumbnail","6":"pcb-width-6-12mm","7":"product-cat-recessed-profile"},"acf":[],"_links":{"self":[{"href":"https:\/\/tangooled.com\/tr\/wp-json\/wp\/v2\/product\/34954","targetHints":{"allow":["GET"]}}],"collection":[{"href":"https:\/\/tangooled.com\/tr\/wp-json\/wp\/v2\/product"}],"about":[{"href":"https:\/\/tangooled.com\/tr\/wp-json\/wp\/v2\/types\/product"}],"wp:featuredmedia":[{"embeddable":true,"href":"https:\/\/tangooled.com\/tr\/wp-json\/wp\/v2\/media\/14359"}],"wp:attachment":[{"href":"https:\/\/tangooled.com\/tr\/wp-json\/wp\/v2\/media?parent=34954"}],"wp:term":[{"taxonomy":"pcb-width","embeddable":true,"href":"https:\/\/tangooled.com\/tr\/wp-json\/wp\/v2\/pcb-width?post=34954"},{"taxonomy":"product-cat","embeddable":true,"href":"https:\/\/tangooled.com\/tr\/wp-json\/wp\/v2\/product-cat?post=34954"}],"curies":[{"name":"wp","href":"https:\/\/api.w.org\/{rel}","templated":true}]}}