{"id":34951,"date":"2025-07-01T02:00:29","date_gmt":"2025-07-01T10:00:29","guid":{"rendered":"https:\/\/tangooled.com\/?post_type=product&#038;p=34951"},"modified":"2026-02-02T22:26:29","modified_gmt":"2026-02-03T06:26:29","slug":"recessed-mini-8mm-led-strip-light-aluminum-channel","status":"publish","type":"product","link":"https:\/\/tangooled.com\/tr\/urun\/recessed-mini-8mm-led-strip-light-aluminum-channel\/","title":{"rendered":"g\u00f6m\u00fcl\u00fc mini 8mm LED \u015ferit lambas\u0131 al\u00fcminyum kanal\u0131"},"content":{"rendered":"<div class=\"wp-block-group\" style=\"padding-top:var(--wp--preset--spacing--80);padding-bottom:var(--wp--preset--spacing--80)\"><div class=\"wp-block-group__inner-container is-layout-constrained wp-block-group-is-layout-constrained\">\n<p>G\u00f6m\u00fcl\u00fc mini 8mm LED al\u00fcminyum kanal\u0131 ile alanlar\u0131n\u0131z\u0131 ayd\u0131nlat\u0131n. Bu g\u00f6mme kanaldan d\u0131\u015f \u00f6l\u00e7\u00fcler 8x11mm, i\u00e7i ise 6mm geni\u015fli\u011findedir. Bu \u00fcr\u00fcn, ince 5mm LED \u015feritleri i\u00e7in uygundur ve temiz, d\u00fcz, kesintisiz bir ayd\u0131nlatma sa\u011flar. LED'lerinizi serin tutan ve toz ile darbelere kar\u015f\u0131 koruyan g\u00fc\u00e7l\u00fc anodize al\u00fcminyumdan yap\u0131lm\u0131\u015ft\u0131r. Bu kanal, kitapl\u0131klar\u0131n\u0131z\u0131, mutfak raflar\u0131n\u0131z\u0131 veya duvarlar\u0131n\u0131z\u0131 ayd\u0131nlatmak istiyorsan\u0131z m\u00fckemmel bir se\u00e7imdir.<\/p>\n<\/div><\/div>\n\n\n\n<div class=\"wp-block-group has-background is-vertical is-layout-flex wp-container-core-group-is-layout-d255d7c4 wp-block-group-is-layout-flex\" style=\"background-color:#f1f1f1;padding-top:var(--wp--preset--spacing--80);padding-bottom:var(--wp--preset--spacing--80)\">\n<div class=\"wp-block-group is-vertical is-layout-flex wp-container-core-group-is-layout-8cf370e7 wp-block-group-is-layout-flex\">\n<h2 class=\"wp-block-heading\" style=\"padding-top:var(--wp--preset--spacing--40);padding-bottom:var(--wp--preset--spacing--40);font-size:25px;font-style:normal;font-weight:600;text-transform:capitalize\">Neden G\u00f6m\u00fcl\u00fc Mini 8mm LED Al\u00fcminyum Kanal\u0131m\u0131z\u0131 Se\u00e7melisiniz?<\/h2>\n\n\n\n<ul class=\"wp-block-list\">\n<li>Ultra \u0130nce Boyut: Dar 5mm \u015ferit lambalar\u0131 i\u00e7in tasarlanm\u0131\u015f bu al\u00fcminyum kanal, duvarlara, dolaplara veya tavanlara ince bo\u015fluklara yerle\u015fir.<\/li>\n\n\n\n<li>Flush Mount Tasar\u0131m\u0131: S\u0131n\u0131r olmadan \u015f\u0131k, modern bir g\u00f6r\u00fcn\u00fcm i\u00e7in, al\u00e7\u0131y\u0131 veya ah\u015fab\u0131 g\u00f6mecek \u015fekilde monte edin.<\/li>\n\n\n\n<li>Leke Olmayan I\u015f\u0131k Par\u0131lt\u0131s\u0131: Harika LED noktalar\u0131n\u0131 kaplar ve \u0131\u015f\u0131\u011f\u0131 opal veya buzlu bir dif\u00fczer ile e\u015fit bir \u015fekilde yayar.<\/li>\n\n\n\n<li>G\u00fc\u00e7l\u00fc Is\u0131 Al\u0131c\u0131: Al\u00fcminyum g\u00f6vde, LED'lerden \u0131s\u0131y\u0131 \u00e7eker, bu da daha uzun \u00f6m\u00fcrl\u00fc ve daha parlak olmalar\u0131n\u0131 sa\u011flar.<\/li>\n\n\n\n<li>LED \u015eeritlerinizi Korur: Bu kanal, LED \u015feritlerinizi toz, su ve darbelere kar\u015f\u0131 korur, g\u00fcvenlikleri ve performanslar\u0131n\u0131 garanti eder.<\/li>\n<\/ul>\n<\/div>\n<\/div>\n\n\n\n<div class=\"wp-block-group\" style=\"padding-top:var(--wp--preset--spacing--60);padding-bottom:var(--wp--preset--spacing--60)\"><div class=\"wp-block-group__inner-container is-layout-constrained wp-block-group-is-layout-constrained\">\n<div class=\"wp-block-media-text has-media-on-the-right is-stacked-on-mobile\"><div class=\"wp-block-media-text__content\">\n<h2 class=\"wp-block-heading\" style=\"padding-top:var(--wp--preset--spacing--40);padding-bottom:var(--wp--preset--spacing--40);font-size:25px;font-style:normal;font-weight:600;text-transform:capitalize\">nas\u0131l kurulur<\/h2>\n\n\n\n<ul class=\"wp-block-list\">\n<li>Al\u00e7\u0131, ah\u015fap veya di\u011fer temiz y\u00fczeylerde bir girinti a\u00e7\u0131n.<\/li>\n\n\n\n<li>K\u00fc\u00e7\u00fck 8mm LED al\u00fcminyum kanal\u0131n\u0131 girintiye yerle\u015ftirin.<\/li>\n\n\n\n<li>Yerinde tutmak i\u00e7in yap\u0131\u015ft\u0131r\u0131c\u0131 veya al\u00e7\u0131 kullan\u0131n veya kenarlar\u0131 al\u00e7\u0131 ile kaplayarak diki\u015fsiz bir son elde edin.<\/li>\n\n\n\n<li>5mm LED \u015feridinizi yerle\u015ftirin.<\/li>\n\n\n\n<li>Dif\u00fczerin \u00fcst k\u0131sm\u0131n\u0131 kapat\u0131n.<\/li>\n\n\n\n<li>Fi\u015fe tak\u0131n ve parlak, homojen bir \u0131\u015f\u0131k hatt\u0131n\u0131n tad\u0131n\u0131 \u00e7\u0131kar\u0131n.<\/li>\n<\/ul>\n<\/div><figure class=\"wp-block-media-text__media\"><img loading=\"lazy\" decoding=\"async\" width=\"500\" height=\"500\" src=\"https:\/\/tangooled.com\/wp-content\/uploads\/2025\/07\/rp09-ins.webp\" alt=\"recessed mini 8mm led strip light aluminum channel\" class=\"wp-image-40794 size-full\" srcset=\"https:\/\/tangooled.com\/wp-content\/uploads\/2025\/07\/rp09-ins.webp 500w, https:\/\/tangooled.com\/wp-content\/uploads\/2025\/07\/rp09-ins-300x300.webp 300w, https:\/\/tangooled.com\/wp-content\/uploads\/2025\/07\/rp09-ins-150x150.webp 150w\" sizes=\"auto, (max-width: 500px) 100vw, 500px\" \/><\/figure><\/div>\n<\/div><\/div>\n\n\n\n<div class=\"wp-block-group has-background\" style=\"background-color:#f1f1f1;padding-top:var(--wp--preset--spacing--80);padding-bottom:var(--wp--preset--spacing--80)\"><div class=\"wp-block-group__inner-container is-layout-constrained wp-block-group-is-layout-constrained\">\n<h2 class=\"wp-block-heading\" style=\"font-size:25px;font-style:normal;font-weight:600;text-transform:capitalize\">Kiti i\u00e7inde neler bulabilirsiniz<\/h2>\n\n\n\n<ul class=\"wp-block-list\">\n<li>Anodize al\u00fcminyum profil.<\/li>\n\n\n\n<li>Buzlu dif\u00fczer kapa\u011f\u0131.<\/li>\n\n\n\n<li>Plastik u\u00e7 kapaklar (birinde delik var, di\u011ferinde yok).<\/li>\n<\/ul>\n<\/div><\/div>\n\n\n\n<div class=\"wp-block-group\" style=\"padding-top:var(--wp--preset--spacing--80);padding-bottom:var(--wp--preset--spacing--80)\"><div class=\"wp-block-group__inner-container is-layout-constrained wp-block-group-is-layout-constrained\">\n<h2 class=\"wp-block-heading\" style=\"padding-top:var(--wp--preset--spacing--40);padding-bottom:var(--wp--preset--spacing--40);font-size:25px;font-style:normal;font-weight:600;text-transform:capitalize\">Bu \u00dcr\u00fcn Hakk\u0131nda Daha Fazla<\/h2>\n\n\n\n<p>G\u00f6m\u00fcl\u00fc mini 8mm LED al\u00fcminyum kanal\u0131m\u0131z, dar alanlarda m\u00fckemmel bir uyum sa\u011flar ve modern, minimalist ayd\u0131nlatma \u015femalar\u0131 i\u00e7in m\u00fckemmeldir. Kanal, LED \u015feritlerinizi serin ve parlak tutan g\u00fc\u00e7l\u00fc ekstruze al\u00fcminyumdan yap\u0131lm\u0131\u015ft\u0131r. Yan\u0131nda gelen polikarbonat dif\u00fczeri kullanarak \u0131\u015f\u0131\u011f\u0131 yumu\u015fat\u0131n ve k\u00fc\u00e7\u00fck LED yongalar\u0131n\u0131n neden oldu\u011fu s\u0131cak noktalardan kurtulun.<\/p>\n\n\n\n<p>Bu \u00fcr\u00fcn, mimaride vurgulu ayd\u0131nlatma i\u00e7in olduk\u00e7a pop\u00fclerdir \u00e7\u00fcnk\u00fc duvarlar ve tavanlar i\u00e7in d\u00fczg\u00fcn, lineer ayd\u0131nlatma aparatlar\u0131 olu\u015fturur. Bunu covelight, dolap ayd\u0131nlatmas\u0131 \u00e7er\u00e7evelemek i\u00e7in g\u00fcvenle ve \u015f\u0131k bir \u015fekilde kullanabilirsiniz.<\/p>\n<\/div><\/div>\n\n\n\n<h2 class=\"wp-block-heading\" style=\"padding-top:var(--wp--preset--spacing--40);padding-bottom:var(--wp--preset--spacing--40);font-size:25px;font-style:normal;font-weight:600;text-transform:capitalize\">\u0130lgili \u00fcr\u00fcnler<\/h2>\n\n\n\n<ul class=\"wp-block-list\">\n<li>Kara bir tema istiyorsan\u0131z, bizimkini deneyin<a href=\"https:\/\/tangooled.com\/tr\/urun\/black-led-profile-with-black-diffuser-for-10mm-led-strip-light\/\"> <mark style=\"background-color:rgba(0, 0, 0, 0)\" class=\"has-inline-color has-vivid-red-color\">kara led profili ile birlikte 10mm LED \u015ferit lumiere<\/mark>.<\/a><\/li>\n\n\n\n<li>D\u00fc\u015f\u00fck profilli bir se\u00e7ene\u011fe mi ihtiyac\u0131n\u0131z var? Kontrol edin <mark style=\"background-color:rgba(0, 0, 0, 0)\" class=\"has-inline-color has-vivid-red-color\"><a href=\"https:\/\/tangooled.com\/tr\/urun\/led-strip-light-channel-aluminum-profile-with-diffused-cover-6mm-height\/\">Dif\u00fcz\u00f6r kapakl\u0131 6mm y\u00fckseklikteki LED \u015ferit \u0131\u015f\u0131k kanal\u0131 al\u00fcminyum profil<\/a>.<\/mark><\/li>\n\n\n\n<li>Y\u00fczey montaj\u0131 i\u00e7in deneyin <a href=\"https:\/\/tangooled.com\/tr\/urun\/surface-mount-led-profile-with-frosted-diffuser-for-10mm-rope-lights\/\"><mark style=\"background-color:rgba(0, 0, 0, 0)\" class=\"has-inline-color has-vivid-red-color\">10 mm iplikler i\u00e7in mat dif\u00f6re sahip y\u00fczeye montaj LED profili<\/mark><\/a>.<\/li>\n\n\n\n<li>U \u015feklinde bir se\u00e7enek ister misiniz? Ara\u015ft\u0131r\u0131n <a href=\"https:\/\/tangooled.com\/tr\/urun\/surface-mount-led-profile-with-frosted-diffuser-for-10mm-rope-lights\/\"><mark style=\"background-color:rgba(0, 0, 0, 0)\" class=\"has-inline-color has-vivid-red-color\">10mm LED \u015feritler i\u00e7in siyah al\u00fcminyum U profili<\/mark><\/a>.<\/li>\n\n\n\n<li>Daha geni\u015f kanallar i\u00e7in, bak\u0131n <a href=\"https:\/\/tangooled.com\/tr\/urun\/led-light-diffuser-channel-aluminum-15x12mm-for-10mm-led-strips\/\"><mark style=\"background-color:rgba(0, 0, 0, 0)\" class=\"has-inline-color has-vivid-red-color\">10mm LED \u015feritler i\u00e7in 15x12mm LED \u0131\u015f\u0131k da\u011f\u0131t\u0131c\u0131 kanal\u0131 al\u00fcminyum<\/mark><\/a>.<\/li>\n<\/ul>\n\n\n\n<p><\/p>","protected":false},"featured_media":14364,"template":"","meta":{"_acf_changed":true,"_seopress_robots_primary_cat":"none","_seopress_titles_title":"Mini 8mm Recessed LED Strip Channel | TANGOOLED","_seopress_titles_desc":"This mini 8mm recessed LED strip light channel is designed for precision accent lighting. Perfect for thin furniture, cabinets, and narrow architectural gaps. Achieve a clean, minimalist finish.","_seopress_robots_index":""},"pcb-width":[228],"product-cat":[193],"class_list":{"0":"post-34951","1":"product","2":"type-product","3":"status-publish","4":"has-post-thumbnail","6":"pcb-width-6-12mm","7":"product-cat-recessed-profile"},"acf":[],"_links":{"self":[{"href":"https:\/\/tangooled.com\/tr\/wp-json\/wp\/v2\/product\/34951","targetHints":{"allow":["GET"]}}],"collection":[{"href":"https:\/\/tangooled.com\/tr\/wp-json\/wp\/v2\/product"}],"about":[{"href":"https:\/\/tangooled.com\/tr\/wp-json\/wp\/v2\/types\/product"}],"wp:featuredmedia":[{"embeddable":true,"href":"https:\/\/tangooled.com\/tr\/wp-json\/wp\/v2\/media\/14364"}],"wp:attachment":[{"href":"https:\/\/tangooled.com\/tr\/wp-json\/wp\/v2\/media?parent=34951"}],"wp:term":[{"taxonomy":"pcb-width","embeddable":true,"href":"https:\/\/tangooled.com\/tr\/wp-json\/wp\/v2\/pcb-width?post=34951"},{"taxonomy":"product-cat","embeddable":true,"href":"https:\/\/tangooled.com\/tr\/wp-json\/wp\/v2\/product-cat?post=34951"}],"curies":[{"name":"wp","href":"https:\/\/api.w.org\/{rel}","templated":true}]}}