{"id":34949,"date":"2025-07-01T01:58:45","date_gmt":"2025-07-01T09:58:45","guid":{"rendered":"https:\/\/tangooled.com\/?post_type=product&#038;p=34949"},"modified":"2026-01-24T02:19:25","modified_gmt":"2026-01-24T10:19:25","slug":"recessed-aluminum-led-channel-with-ceiling-buckle-for-10mm-strip-light","status":"publish","type":"product","link":"https:\/\/tangooled.com\/tr\/urun\/recessed-aluminum-led-channel-with-ceiling-buckle-for-10mm-strip-light\/","title":{"rendered":"10mm \u015ferit i\u00e7in tavan tokal\u0131, yerle\u015ftirilmi\u015f al\u00fcminyum LED kanal\u0131"},"content":{"rendered":"<div class=\"wp-block-group\" style=\"padding-top:var(--wp--preset--spacing--80);padding-bottom:var(--wp--preset--spacing--80)\"><div class=\"wp-block-group__inner-container is-layout-constrained wp-block-group-is-layout-constrained\">\n<p>The Recessed LED Channel with Ceiling Buckle is a professional and specialized solution to light up your space. The channel is composed of 6063 aluminum alloy and features a light diffuser made of PC. Because the finish is smooth and flush, it&#8217;s perfect for ceilings, furniture, and cabinets. It is made to fit LED strips that are 8mm or 10mm wide.<\/p>\n\n\n\n<p>Dahil edilen u\u00e7 kapaklar ve montaj kollar\u0131, kanal\u0131 kurmay\u0131 kolay ve g\u00fcvenli hale getirir. Ak\u0131ll\u0131 tavan tokal\u0131 klipsler, kanal\u0131 monta sokma yar\u0131\u011f\u0131nda s\u0131k\u0131ca tutar. Bu \u00f6zellik, \u00e7atlaklar\u0131 ve p\u00fcr\u00fczl\u00fc kenarlar\u0131 ortadan kald\u0131rarak g\u00f6r\u00fcn\u00fcm\u00fcn m\u00fckemmel olmas\u0131n\u0131 sa\u011flar ve ayd\u0131nlatman\u0131n y\u00fczeye uyumlu hale gelmesini sa\u011flar.<\/p>\n\n\n\n<p>You can choose from four different diffusers to get the lighting effect you want: Opal gives the best dotless glow since it spreads the light out as much as possible. Frosted brings forth mellow, high-quality light. Clear makes the light as bright as it can be. Black gives a modern, discreet look that hides the light source while it&#8217;s off.<\/p>\n<\/div><\/div>\n\n\n\n<div class=\"wp-block-group has-background\" style=\"background-color:#f1f1f1;padding-top:var(--wp--preset--spacing--80);padding-bottom:var(--wp--preset--spacing--80)\"><div class=\"wp-block-group__inner-container is-layout-constrained wp-block-group-is-layout-constrained\">\n<div class=\"wp-block-group\" style=\"padding-top:0;padding-bottom:0\"><div class=\"wp-block-group__inner-container is-layout-constrained wp-block-group-is-layout-constrained\">\n<h2 class=\"wp-block-heading\" style=\"padding-top:var(--wp--preset--spacing--40);padding-bottom:var(--wp--preset--spacing--40);font-size:25px;font-style:normal;font-weight:600;text-transform:capitalize\">Neden tavan tokal\u0131 yerle\u015ftirilmi\u015f LED kanal\u0131m\u0131z\u0131 se\u00e7melisiniz<\/h2>\n\n\n\n<p style=\"padding-right:var(--wp--preset--spacing--50);padding-left:var(--wp--preset--spacing--50)\">Tavan tokal\u0131 yerle\u015ftirilmi\u015f LED kanal\u0131m\u0131z, ayd\u0131nlatman\u0131z\u0131 kolayca kurman\u0131z\u0131 ve g\u00fczel g\u00f6r\u00fcnmesini sa\u011flar. \u0130\u015fte \u00fcr\u00fcn\u00fcm\u00fcz\u00fc se\u00e7mek i\u00e7in baz\u0131 nedenler:<\/p>\n\n\n\n<ul class=\"wp-block-list\">\n<li>Fast and easy install with ceiling buckles \u2014 no screws in studs needed.<\/li>\n\n\n\n<li>Fits 10mm strips perfectly \u2014 good for Philips Hue, Govee, and other tapes.<\/li>\n\n\n\n<li>Buzlu da\u011f\u0131t\u0131c\u0131dan gelen yumu\u015fak, noktas\u0131z \u0131\u015f\u0131k.<\/li>\n\n\n\n<li>Uzun LED \u00f6mr\u00fc i\u00e7in 6063-T5 anodize al\u00fcminyumdan yap\u0131lm\u0131\u015f g\u00fc\u00e7l\u00fc \u0131s\u0131 da\u011f\u0131t\u0131c\u0131.<\/li>\n\n\n\n<li>P\u00fcr\u00fczs\u00fcz g\u00f6r\u00fcn\u00fcm, p\u00fcr\u00fczl\u00fc al\u00e7\u0131pan kesimlerini gizleyen flan\u015f ile.<\/li>\n\n\n\n<li>LED \u015feritlerinizi tozdan ve hasardan korur.<\/li>\n<\/ul>\n<\/div><\/div>\n<\/div><\/div>\n\n\n\n<div class=\"wp-block-group\" style=\"padding-top:var(--wp--preset--spacing--60);padding-bottom:var(--wp--preset--spacing--60)\"><div class=\"wp-block-group__inner-container is-layout-constrained wp-block-group-is-layout-constrained\">\n<div class=\"wp-block-media-text has-media-on-the-right is-stacked-on-mobile\"><div class=\"wp-block-media-text__content\">\n<h2 class=\"wp-block-heading\" style=\"padding-top:var(--wp--preset--spacing--40);padding-bottom:var(--wp--preset--spacing--40);font-size:25px;font-style:normal;font-weight:600;text-transform:capitalize\">Kanal\u0131 Duvar\u0131n\u0131za veya Tavan\u0131n\u0131za Nas\u0131l Takars\u0131n\u0131z<\/h2>\n\n\n\n<ul class=\"wp-block-list\">\n<li>Kanal i\u00e7in duvar veya tavanda bir yar\u0131k a\u00e7\u0131n.<\/li>\n\n\n\n<li>Al\u00fcminyum kanal\u0131n arkas\u0131na tavan tokalar\u0131n\u0131 tak\u0131n.<\/li>\n\n\n\n<li>Kanal\u0131 yar\u0131\u011fa iteceksiniz. Kollar al\u00e7\u0131pan\u0131n arkas\u0131nda a\u00e7\u0131lacak ve s\u0131k\u0131ca tutacakt\u0131r.<\/li>\n\n\n\n<li>10mm LED \u015feridinizi kanalda yerle\u015ftirin.<\/li>\n\n\n\n<li>Buzlu dif\u00fcz\u00f6r kapa\u011f\u0131n\u0131 tak\u0131n.<\/li>\n<\/ul>\n<\/div><figure class=\"wp-block-media-text__media\"><img loading=\"lazy\" decoding=\"async\" width=\"500\" height=\"500\" src=\"https:\/\/tangooled.com\/wp-content\/uploads\/2025\/07\/rp05-ins.webp\" alt=\"recessed aluminum led channel with ceiling buckle\" class=\"wp-image-40787 size-full\" srcset=\"https:\/\/tangooled.com\/wp-content\/uploads\/2025\/07\/rp05-ins.webp 500w, https:\/\/tangooled.com\/wp-content\/uploads\/2025\/07\/rp05-ins-300x300.webp 300w, https:\/\/tangooled.com\/wp-content\/uploads\/2025\/07\/rp05-ins-150x150.webp 150w\" sizes=\"auto, (max-width: 500px) 100vw, 500px\" \/><\/figure><\/div>\n<\/div><\/div>\n\n\n\n<div class=\"wp-block-group has-background\" style=\"background-color:#f1f1f1;padding-top:var(--wp--preset--spacing--80);padding-bottom:var(--wp--preset--spacing--80)\"><div class=\"wp-block-group__inner-container is-layout-constrained wp-block-group-is-layout-constrained\">\n<h2 class=\"wp-block-heading\" style=\"font-size:25px;font-style:normal;font-weight:600;text-transform:capitalize\">Kutunun i\u00e7inde ne var?<\/h2>\n\n\n\n<ul class=\"wp-block-list\">\n<li>Se\u00e7ti\u011finiz uzunluktaki al\u00fcminyum kanal<\/li>\n\n\n\n<li>Yumu\u015fak \u0131\u015f\u0131k i\u00e7in buzlu da\u011f\u0131t\u0131c\u0131 kapa\u011f\u0131<\/li>\n\n\n\n<li>U\u00e7 kapaklar (Birinde kablolar i\u00e7in delik var, di\u011ferinde yok)<\/li>\n\n\n\n<li>Montaj i\u00e7in yaylanm\u0131\u015f tavan tokalar\u0131<\/li>\n<\/ul>\n<\/div><\/div>\n\n\n\n<div class=\"wp-block-group\" style=\"padding-top:var(--wp--preset--spacing--80);padding-bottom:var(--wp--preset--spacing--80)\"><div class=\"wp-block-group__inner-container is-layout-constrained wp-block-group-is-layout-constrained\">\n<h2 class=\"wp-block-heading\" style=\"padding-top:0;padding-bottom:0;font-size:25px;font-style:normal;font-weight:600;text-transform:capitalize\">Tavan Tokal\u0131 Yerle\u015ftirilmi\u015f LED Kanal\u0131n\u0131 Nerede Kullanmal\u0131s\u0131n\u0131z<\/h2>\n\n\n\n<ul class=\"wp-block-list\">\n<li>Evlerde, mutfak dolaplar\u0131n\u0131n, dolaplar\u0131n, raflar\u0131n, duvarlar\u0131n ve tavanlar\u0131n alt\u0131nda bulunabilir.<\/li>\n\n\n\n<li>Ofisler: Temiz \u0131\u015f\u0131k hatlar\u0131yla koridorlar, \u00e7al\u0131\u015fma alanlar\u0131 ve toplant\u0131 odalar\u0131.<\/li>\n\n\n\n<li>Ma\u011fazalar: Parlak, temiz \u0131\u015f\u0131klara ihtiya\u00e7 duyan vitrinler ve raflar.<\/li>\n\n\n\n<li>Oteller ve restoranlar: Yumu\u015fak tavan \u0131\u015f\u0131klar\u0131 ve atmosfer olu\u015fturan \u0131\u015f\u0131klar.<\/li>\n\n\n\n<li>Merdivenler: Duvara flush bir \u015fekilde yerle\u015ftirilmi\u015f g\u00fcvenli, parlak kenar ayd\u0131nlatmas\u0131.<\/li>\n<\/ul>\n<\/div><\/div>\n\n\n\n<div class=\"wp-block-group\" style=\"padding-top:var(--wp--preset--spacing--80);padding-bottom:var(--wp--preset--spacing--80)\"><div class=\"wp-block-group__inner-container is-layout-constrained wp-block-group-is-layout-constrained\">\n<h2 class=\"wp-block-heading\" style=\"font-size:25px;font-style:normal;font-weight:600;text-transform:capitalize\">ho\u015funuza gidebilecek ilgili \u00fcr\u00fcnler<\/h2>\n\n\n\n<ul class=\"wp-block-list\">\n<li>\u015eunu deneyin <a href=\"https:\/\/tangooled.com\/tr\/urun\/black-led-profile-with-black-diffuser-for-10mm-led-strip-light\/\"><mark style=\"background-color:rgba(0, 0, 0, 0)\" class=\"has-inline-color has-vivid-red-color\">10mm LED \u015ferit \u0131\u015f\u0131k i\u00e7in siyah dif\u00fcz\u00f6rl\u00fc siyah LED profili<\/mark><\/a><\/li>\n\n\n\n<li>G\u00f6z at\u0131n <a href=\"https:\/\/tangooled.com\/tr\/urun\/25x6mm-low-profile-led-strip-channel-for-10mm-led-strip-light\/\"><mark style=\"background-color:rgba(0, 0, 0, 0)\" class=\"has-inline-color has-vivid-red-color\">10mm LED \u015ferit \u0131\u015f\u0131k i\u00e7in 25x6mm d\u00fc\u015f\u00fck profilli LED \u015ferit kanal\u0131<\/mark><\/a><\/li>\n\n\n\n<li>Y\u00fczeye montaj i\u00e7in, bak\u0131n <a href=\"https:\/\/tangooled.com\/tr\/urun\/surface-mount-led-profile-with-frosted-diffuser-for-10mm-rope-lights\/\"><mark style=\"background-color:rgba(0, 0, 0, 0)\" class=\"has-inline-color has-vivid-red-color\">10 mm iplikler i\u00e7in mat dif\u00f6re sahip y\u00fczeye montaj LED profili<\/mark><\/a><\/li>\n\n\n\n<li>Siyah U \u015fekilli kanal i\u00e7in l\u00fctfen <a href=\"https:\/\/tangooled.com\/tr\/urun\/black-aluminum-u-channel-profile-for-10mm-led-strips\/\"><mark style=\"background-color:rgba(0, 0, 0, 0)\" class=\"has-inline-color has-vivid-red-color\">10mm LED \u015feritler i\u00e7in siyah al\u00fcminyum U kanal\u0131 profilimizi<\/mark><\/a><\/li>\n<\/ul>\n<\/div><\/div>\n\n\n\n<p><\/p>","protected":false},"featured_media":14370,"template":"","meta":{"_acf_changed":true,"_seopress_robots_primary_cat":"none","_seopress_titles_title":"Recessed LED Channel with Ceiling Buckles | Easy-Install Profile | TANGOOLED","_seopress_titles_desc":"Simplify your installation with our recessed aluminum LED channel featuring heavy-duty ceiling buckles. Perfect for 10mm strip lights, this flanged profile ensures a secure, flush-mount fit in ceilings and drywall.","_seopress_robots_index":""},"pcb-width":[228],"product-cat":[193],"class_list":{"0":"post-34949","1":"product","2":"type-product","3":"status-publish","4":"has-post-thumbnail","6":"pcb-width-6-12mm","7":"product-cat-recessed-profile"},"acf":[],"_links":{"self":[{"href":"https:\/\/tangooled.com\/tr\/wp-json\/wp\/v2\/product\/34949","targetHints":{"allow":["GET"]}}],"collection":[{"href":"https:\/\/tangooled.com\/tr\/wp-json\/wp\/v2\/product"}],"about":[{"href":"https:\/\/tangooled.com\/tr\/wp-json\/wp\/v2\/types\/product"}],"wp:featuredmedia":[{"embeddable":true,"href":"https:\/\/tangooled.com\/tr\/wp-json\/wp\/v2\/media\/14370"}],"wp:attachment":[{"href":"https:\/\/tangooled.com\/tr\/wp-json\/wp\/v2\/media?parent=34949"}],"wp:term":[{"taxonomy":"pcb-width","embeddable":true,"href":"https:\/\/tangooled.com\/tr\/wp-json\/wp\/v2\/pcb-width?post=34949"},{"taxonomy":"product-cat","embeddable":true,"href":"https:\/\/tangooled.com\/tr\/wp-json\/wp\/v2\/product-cat?post=34949"}],"curies":[{"name":"wp","href":"https:\/\/api.w.org\/{rel}","templated":true}]}}