{"id":34948,"date":"2025-07-01T01:50:51","date_gmt":"2025-07-01T09:50:51","guid":{"rendered":"https:\/\/tangooled.com\/?post_type=product&#038;p=34948"},"modified":"2026-02-02T22:22:41","modified_gmt":"2026-02-03T06:22:41","slug":"recessed-black-light-diffuser-aluminum-channel-for-10mm-led-strips","status":"publish","type":"product","link":"https:\/\/tangooled.com\/tr\/urun\/recessed-black-light-diffuser-aluminum-channel-for-10mm-led-strips\/","title":{"rendered":"10mm LED \u015feritleri i\u00e7in yerle\u015fik siyah \u0131\u015f\u0131k dif\u00fcz\u00f6r\u00fc al\u00fcminyum kanal"},"content":{"rendered":"<div class=\"wp-block-group\" style=\"padding-top:var(--wp--preset--spacing--80);padding-bottom:var(--wp--preset--spacing--80)\"><div class=\"wp-block-group__inner-container is-layout-constrained wp-block-group-is-layout-constrained\">\n<p>Yerle\u015fik siyah \u0131\u015f\u0131k dif\u00fcz\u00f6r\u00fc al\u00fcminyum kanal\u0131, kesintisiz yerle\u015fik ayd\u0131nlatma i\u00e7in profesyonel bir \u00e7\u00f6z\u00fcm sunar. Tavanlar, mimari \u00e7al\u0131\u015fmalar ve mobilya uygulamalar\u0131 i\u00e7in temiz, d\u00fcz bir biti\u015f sa\u011flar.<\/p>\n\n\n\n<p>Profil 21.2mm geni\u015fli\u011finde ve 12.0mm y\u00fcksekli\u011findedir ve sa\u011flam, ekstr\u00fcde al\u00fcminyumdan yap\u0131lm\u0131\u015ft\u0131r. 15.2 mm geni\u015fli\u011finde ve 12.0 mm derinli\u011finde bir olu\u011fa m\u00fckemmel bir \u015fekilde uyar. 11.2mm i\u00e7 geni\u015fli\u011fi, 10mm veya daha dar olan LED \u015feritlerin kurulmas\u0131n\u0131 kolayla\u015ft\u0131r\u0131r. Siyah PC \u0131\u015f\u0131k dif\u00fcz\u00f6r\u00fc, g\u00f6r\u00fcn\u00fcr LED noktalar\u0131n\u0131 ortadan kald\u0131rarak \u0131\u015f\u0131\u011f\u0131 p\u00fcr\u00fczs\u00fcz ve y\u00fcksek kaliteli hale getirir. G\u00f6vde boyunca yer alan d\u0131\u015f kanatlar, \u0131s\u0131 y\u00f6netimine yard\u0131mc\u0131 olur.<\/p>\n\n\n\n<p>Kanal\u0131n \u00fc\u00e7 farkl\u0131 rengi vard\u0131r: siyah, g\u00fcm\u00fc\u015f ve beyaz. G\u00fcvenli ve tozsuz bir \u015fekilde kurulum i\u00e7in gerekli t\u00fcm bile\u015fenler mevcut olup, ayr\u0131ca g\u00fc\u00e7 ba\u011flant\u0131s\u0131n\u0131 kolayla\u015ft\u0131ran bir tarz sunar: PC dif\u00fcz\u00f6r\u00fc, paslanmaz \u00e7elik montaj klipleri ve iki u\u00e7 kapak (bir kat\u0131 ve bir tel i\u00e7in delik olan).<\/p>\n<\/div><\/div>\n\n\n\n<div class=\"wp-block-group has-background is-vertical is-layout-flex wp-container-core-group-is-layout-d255d7c4 wp-block-group-is-layout-flex\" style=\"background-color:#f1f1f1;padding-top:var(--wp--preset--spacing--80);padding-bottom:var(--wp--preset--spacing--80)\">\n<div class=\"wp-block-group is-vertical is-layout-flex wp-container-core-group-is-layout-8cf370e7 wp-block-group-is-layout-flex\">\n<h2 class=\"wp-block-heading\" style=\"padding-top:var(--wp--preset--spacing--40);padding-bottom:var(--wp--preset--spacing--40);font-size:25px;font-style:normal;font-weight:600;text-transform:capitalize\">Neden Bu Yerle\u015fik Siyah I\u015f\u0131k Dif\u00fcz\u00f6r\u00fc Al\u00fcminyum Kanal\u0131 Kullanmal\u0131s\u0131n\u0131z?<\/h2>\n\n\n\n<ul class=\"wp-block-list\">\n<li>So\u011futucu \u0130\u015flevi: Al\u00fcminyum, LED \u015feridinizden&nbsp;\u0131s\u0131y\u0131 uzakla\u015ft\u0131rmaya yard\u0131mc\u0131 olur. Bu, LED \u015feridinizin \u00f6mr\u00fcn\u00fc uzat\u0131r.<\/li>\n\n\n\n<li>Noktas\u0131z Ayd\u0131nlatma: Dumanl\u0131 dif\u00fcz\u00f6r LED \u0131\u015f\u0131\u011f\u0131n\u0131 yumu\u015fak bir \u015fekilde yayar. P\u00fcr\u00fczl\u00fc noktalar\u0131 ortadan kald\u0131r\u0131r ve ho\u015f, e\u015fit bir par\u0131lt\u0131 yarat\u0131r.<\/li>\n\n\n\n<li>Flush Finish: The recessed profile fits into walls, ceilings, cabinets, or staircases so the light looks like it&#8217;s part of the structure.<\/li>\n\n\n\n<li>Koruma: LED \u015feridiniz darbelere, toza ve suya kar\u015f\u0131 g\u00fcvenli.<\/li>\n\n\n\n<li>Modern G\u00f6r\u00fcn\u00fcm: Siyah tonu, kanal\u0131 koyu y\u00fczeylerde neredeyse g\u00f6r\u00fcnmez hale getirirken, a\u00e7\u0131k y\u00fczeylerde \u00f6ne \u00e7\u0131karak iyi g\u00f6r\u00fcnmesini sa\u011flar.<\/li>\n\n\n\n<li>\u00c7ok Y\u00f6nl\u00fc Kullan\u0131m: Dolap alt\u0131 ayd\u0131nlatma, vurgulu duvarlar, mobilyalar, vitrinlerde kullan\u0131m.<\/li>\n<\/ul>\n<\/div>\n<\/div>\n\n\n\n<div class=\"wp-block-group\" style=\"padding-top:var(--wp--preset--spacing--60);padding-bottom:var(--wp--preset--spacing--60)\"><div class=\"wp-block-group__inner-container is-layout-constrained wp-block-group-is-layout-constrained\">\n<div class=\"wp-block-media-text has-media-on-the-right is-stacked-on-mobile\"><div class=\"wp-block-media-text__content\">\n<h2 class=\"wp-block-heading\" style=\"padding-top:var(--wp--preset--spacing--40);padding-bottom:var(--wp--preset--spacing--40);font-size:25px;font-style:normal;font-weight:600;text-transform:capitalize\">Kurulum i\u00e7in Kolay Ad\u0131mlar<\/h2>\n\n\n\n<ul class=\"wp-block-list\">\n<li>Olu\u011fu kesin: Ah\u015fap, al\u00e7\u0131 veya drywall'da bir oluk a\u00e7\u0131n.<\/li>\n\n\n\n<li>Kanal\u0131 sabitleyin: Al\u00fcminyum profili olu\u011fa sabitlemek i\u00e7in yap\u0131\u015ft\u0131r\u0131c\u0131 veya montaj klipleri kullan\u0131n.<\/li>\n\n\n\n<li>LED \u015feridinizi yerle\u015ftirin: 10mm LED \u015feridini kanal\u0131n i\u00e7ine yerle\u015ftirin.<\/li>\n\n\n\n<li>Dif\u00fcz\u00f6r\u00fc yerle\u015ftirin: Siyah kapa\u011f\u0131 LED \u015feridinin \u00fczerine tak\u0131n.<\/li>\n\n\n\n<li>U\u00e7 kapaklar\u0131 tak\u0131n: Kabinle birlikte gelen kapaklar\u0131 u\u00e7lar\u0131 korumak i\u00e7in kullan\u0131n.<\/li>\n<\/ul>\n<\/div><figure class=\"wp-block-media-text__media\"><img loading=\"lazy\" decoding=\"async\" width=\"500\" height=\"500\" src=\"https:\/\/tangooled.com\/wp-content\/uploads\/2025\/07\/irp04-ins.webp\" alt=\"recessed 15x12mm black light diffuser aluminum channel for 10mm led strips\" class=\"wp-image-41144 size-full\" srcset=\"https:\/\/tangooled.com\/wp-content\/uploads\/2025\/07\/irp04-ins.webp 500w, https:\/\/tangooled.com\/wp-content\/uploads\/2025\/07\/irp04-ins-300x300.webp 300w, https:\/\/tangooled.com\/wp-content\/uploads\/2025\/07\/irp04-ins-150x150.webp 150w\" sizes=\"auto, (max-width: 500px) 100vw, 500px\" \/><\/figure><\/div>\n<\/div><\/div>\n\n\n\n<div class=\"wp-block-group has-background\" style=\"background-color:#f1f1f1;padding-top:var(--wp--preset--spacing--80);padding-bottom:var(--wp--preset--spacing--80)\"><div class=\"wp-block-group__inner-container is-layout-constrained wp-block-group-is-layout-constrained\">\n<h2 class=\"wp-block-heading\" style=\"padding-top:var(--wp--preset--spacing--40);padding-bottom:var(--wp--preset--spacing--40);font-size:25px;font-style:normal;font-weight:600;text-transform:capitalize\">What\u2019s in the Box?<\/h2>\n\n\n\n<ul class=\"wp-block-list\">\n<li>1 x 15x12mm g\u00f6mme siyah al\u00fcminyum kanal<\/li>\n\n\n\n<li>1 x dumanl\u0131 siyah polikarbonat dif\u00fcz\u00f6r<\/li>\n\n\n\n<li>2 x u\u00e7 kapak (1 delikli, 1 diksiz)<\/li>\n\n\n\n<li>2 x g\u00fcvenli kurulum i\u00e7in montaj klibi<\/li>\n<\/ul>\n<\/div><\/div>\n\n\n\n<div class=\"wp-block-group\" style=\"padding-top:var(--wp--preset--spacing--80);padding-bottom:var(--wp--preset--spacing--80)\"><div class=\"wp-block-group__inner-container is-layout-constrained wp-block-group-is-layout-constrained\">\n<h2 class=\"wp-block-heading\" style=\"padding-top:var(--wp--preset--spacing--40);padding-bottom:var(--wp--preset--spacing--40);font-size:25px;font-style:normal;font-weight:600;text-transform:capitalize\">Bu yerle\u015fik siyah dif\u00fcz\u00f6r kanal\u0131n\u0131 nerelerde kullanabilirsiniz?<\/h2>\n\n\n\n<ul class=\"wp-block-list\">\n<li>Dolap Alt\u0131 Ayd\u0131nlatma: Mutfaklar veya at\u00f6lyelerde g\u00f6rev ayd\u0131nlatmas\u0131 ekler.<\/li>\n\n\n\n<li>Duvar veya tavan ayd\u0131nlatmas\u0131: Gizli bir atmosfer veya vurgu \u0131\u015f\u0131\u011f\u0131 olu\u015fturun.<\/li>\n\n\n\n<li>Mobilya ve Raflar: Kablolar g\u00f6r\u00fcnmeden raflar\u0131 veya kitapl\u0131klar\u0131 ayd\u0131nlat\u0131n.<\/li>\n\n\n\n<li>Perakende Sergileri: \u00dcr\u00fcnlerinizi sergilemek i\u00e7in p\u00fcr\u00fczs\u00fcz, parlak hatlar kullan\u0131n.<\/li>\n\n\n\n<li>Mimari Cove Ayd\u0131nlatmas\u0131: K\u00f6\u015felerde veya tavanlarda d\u00fcz, kenars\u0131z bir g\u00f6r\u00fcn\u00fcm i\u00e7in harikad\u0131r.<\/li>\n<\/ul>\n<\/div><\/div>\n\n\n\n<div class=\"wp-block-group has-background\" style=\"background-color:#f1f1f1;padding-top:var(--wp--preset--spacing--80);padding-bottom:var(--wp--preset--spacing--80)\"><div class=\"wp-block-group__inner-container is-layout-constrained wp-block-group-is-layout-constrained\">\n<h2 class=\"wp-block-heading\" style=\"padding-top:var(--wp--preset--spacing--40);padding-bottom:var(--wp--preset--spacing--40);font-size:20px\">\u00d6zet<\/h2>\n\n\n\n<p style=\"padding-right:var(--wp--preset--spacing--50);padding-left:var(--wp--preset--spacing--50)\">Bu yerle\u015fik siyah dif\u00fcz\u00f6r LED \u0131\u015f\u0131k kanal\u0131, \u015feritleri profesyonel, temiz ve g\u00fcvenli bir \u015fekilde sabitlemek i\u00e7in ideal bir \u00e7\u00f6z\u00fcmd\u00fcr. T\u00fcm pop\u00fcler 10mm LED \u015feritler ile \u00e7al\u0131\u015f\u0131r, LED'lerinizi serin tutar, \u015feridi korur ve dumanl\u0131 dif\u00fcz\u00f6r\u00fc ile p\u00fcr\u00fczs\u00fcz ve noktalar\u0131 olmayan bir ayd\u0131nlatma sa\u011flar. Bunu duvarlar\u0131n\u0131za, tavanlar\u0131n\u0131za, merdivenlerinize, mobilyalar\u0131n\u0131za veya vitrinlerinize modern bir mimari ayd\u0131nlatma g\u00f6r\u00fcn\u00fcm\u00fc i\u00e7in kurun.<\/p>\n<\/div><\/div>\n\n\n\n<p style=\"padding-top:var(--wp--preset--spacing--80);padding-bottom:var(--wp--preset--spacing--80)\">\u015eimdi sipari\u015f verin ve ihtiyac\u0131n\u0131z olan her \u015feyi tek bir sette al\u0131n! Daha fazla se\u00e7enek i\u00e7in, kontrol edin <a href=\"https:\/\/tangooled.com\/tr\/urun\/black-aluminum-u-channel-profile-for-10mm-led-strips\/\"><mark style=\"background-color:rgba(0, 0, 0, 0)\" class=\"has-inline-color has-vivid-red-color\">10mm LED \u015feritler i\u00e7in siyah al\u00fcminyum U kanal\u0131<\/mark><\/a> ya da ke\u015ffedin <a href=\"https:\/\/tangooled.com\/tr\/urun\/led-strip-light-channel-aluminum-profile-with-diffused-cover-6mm-height\/\"><mark style=\"background-color:rgba(0, 0, 0, 0)\" class=\"has-inline-color has-vivid-red-color\">6mm y\u00fckseklikteki LED \u015ferit \u0131\u015f\u0131k kanal\u0131na benzer ince profiller<\/mark><\/a>.<\/p>","protected":false},"featured_media":41148,"template":"","meta":{"_acf_changed":false,"_seopress_robots_primary_cat":"none","_seopress_titles_title":"Black Recessed Light Diffuser Aluminum Channel | TANGOOLED","_seopress_titles_desc":"Create a stealthy lighting effect with our black recessed light diffuser channel. The black lens provides a seamless dark aesthetic when off, making it perfect for premium 10mm LED strip installations.","_seopress_robots_index":""},"pcb-width":[228],"product-cat":[193],"class_list":{"0":"post-34948","1":"product","2":"type-product","3":"status-publish","4":"has-post-thumbnail","6":"pcb-width-6-12mm","7":"product-cat-recessed-profile"},"acf":[],"_links":{"self":[{"href":"https:\/\/tangooled.com\/tr\/wp-json\/wp\/v2\/product\/34948","targetHints":{"allow":["GET"]}}],"collection":[{"href":"https:\/\/tangooled.com\/tr\/wp-json\/wp\/v2\/product"}],"about":[{"href":"https:\/\/tangooled.com\/tr\/wp-json\/wp\/v2\/types\/product"}],"wp:featuredmedia":[{"embeddable":true,"href":"https:\/\/tangooled.com\/tr\/wp-json\/wp\/v2\/media\/41148"}],"wp:attachment":[{"href":"https:\/\/tangooled.com\/tr\/wp-json\/wp\/v2\/media?parent=34948"}],"wp:term":[{"taxonomy":"pcb-width","embeddable":true,"href":"https:\/\/tangooled.com\/tr\/wp-json\/wp\/v2\/pcb-width?post=34948"},{"taxonomy":"product-cat","embeddable":true,"href":"https:\/\/tangooled.com\/tr\/wp-json\/wp\/v2\/product-cat?post=34948"}],"curies":[{"name":"wp","href":"https:\/\/api.w.org\/{rel}","templated":true}]}}