{"id":34947,"date":"2025-07-01T01:48:07","date_gmt":"2025-07-01T09:48:07","guid":{"rendered":"https:\/\/tangooled.com\/?post_type=product&#038;p=34947"},"modified":"2026-02-02T22:29:46","modified_gmt":"2026-02-03T06:29:46","slug":"recessed-5mm-black-led-channel-for-8mm-cob-strips","status":"publish","type":"product","link":"https:\/\/tangooled.com\/tr\/urun\/recessed-5mm-black-led-channel-for-8mm-cob-strips\/","title":{"rendered":"8mm cob \u015feritler i\u00e7in 5mm g\u00f6mme siyah LED kanal\u0131"},"content":{"rendered":"<div class=\"wp-block-group is-vertical is-layout-flex wp-container-core-group-is-layout-d255d7c4 wp-block-group-is-layout-flex\" style=\"padding-top:var(--wp--preset--spacing--80);padding-bottom:var(--wp--preset--spacing--80)\">\n<p>G\u00f6mme 5mm siyah LED kanal\u0131, y\u00fcksek kaliteli ayd\u0131nlatma kurulumlar\u0131 i\u00e7in tasarlanm\u0131\u015ft\u0131r. Ah\u015fap i\u015fleri, al\u00e7\u0131pan veya mobilyalarla iyi \u00e7al\u0131\u015f\u0131r. Bu al\u00fcminyum LED profili, y\u00fcksek kaliteli anodize al\u00fcminyumdan \u00fcretilmi\u015ftir ve yakla\u015f\u0131k 6.0mm y\u00fcksekli\u011finde ve 21.2mm geni\u015fli\u011findedir.<\/p>\n\n\n\n<p>Kanal\u0131n i\u00e7 geni\u015fli\u011fi 11.2mm (0.44in) olup, 8-10mm COB LED \u015feritleri i\u00e7in tam olarak uygundur. Dayan\u0131kl\u0131 PC dif\u00fcz\u00f6r kapa\u011f\u0131 ile kullan\u0131ld\u0131\u011f\u0131nda, bu \u015feritler temiz, profesyonel ve noktas\u0131z bir \u0131\u015f\u0131k hatt\u0131 olu\u015fturur. Kanal siyah, g\u00fcm\u00fc\u015f veya beyaz olarak gelir ve g\u00fcvenli ve tozsuz bir kurulum i\u00e7in paslanmaz \u00e7elik montaj klipleri ve u\u00e7 kapaklar gibi tam bir aksesuar seti i\u00e7erir. Bu ayn\u0131 zamanda DC g\u00fc\u00e7 kayna\u011f\u0131n\u0131za ba\u011flamay\u0131 kolayla\u015ft\u0131rarak her ayd\u0131nlatma projesine y\u00fcksek kaliteli, entegre bir g\u00f6r\u00fcn\u00fcm kazand\u0131r\u0131r.<\/p>\n<\/div>\n\n\n\n<div class=\"wp-block-group has-background is-vertical is-layout-flex wp-container-core-group-is-layout-d255d7c4 wp-block-group-is-layout-flex\" style=\"background-color:#f1f1f1;padding-top:var(--wp--preset--spacing--80);padding-bottom:var(--wp--preset--spacing--80)\">\n<div class=\"wp-block-group is-vertical is-layout-flex wp-container-core-group-is-layout-8cf370e7 wp-block-group-is-layout-flex\">\n<h2 class=\"wp-block-heading\" style=\"padding-top:var(--wp--preset--spacing--40);padding-bottom:var(--wp--preset--spacing--40);font-size:25px;font-style:normal;font-weight:600;text-transform:capitalize\">Neden 5mm G\u00f6mme Siyah LED Kanal\u0131m\u0131z\u0131 Se\u00e7melisiniz?<\/h2>\n\n\n\n<ul class=\"wp-block-list\">\n<li>Ultra ince 5mm g\u00f6mme profil, yaln\u0131zca 6 derinli\u011finde olan al\u00e7\u0131pan veya dolap gibi dar alanlara m\u00fckemmel bir \u015fekilde uyar.<\/li>\n\n\n\n<li>8mm COB LED \u015feritleri i\u00e7in m\u00fckemmel bir \u015fekilde uyar ve ayd\u0131nlatman\u0131n noktas\u0131z kalmas\u0131n\u0131 sa\u011flar.<\/li>\n\n\n\n<li>Mat siyah anodize al\u00fcminyum kaplama y\u00fcksek kalitede olup, kanal\u0131 gizleyerek diki\u015fsiz bir g\u00f6r\u00fcn\u00fcm kazand\u0131r\u0131r.<\/li>\n\n\n\n<li>Buzlu polikarbonat dif\u00fcz\u00f6r, s\u0131cak noktalar olmadan yumu\u015fak ve e\u015fit bir \u0131\u015f\u0131k yarat\u0131r.<\/li>\n\n\n\n<li>Kurulumu h\u0131zl\u0131 ve kolay hale getiren montaj klipleri ve u\u00e7 kapaklar ile gelir.<\/li>\n\n\n\n<li>D\u00fcz montaj veya diki\u015fsiz olan g\u00f6mme ayd\u0131nlatmalar i\u00e7in yap\u0131lm\u0131\u015ft\u0131r.<\/li>\n\n\n\n<li>Diki\u015fsiz lineer ayd\u0131nlatma i\u00e7in y\u00fcksek yo\u011funluklu COB \u015feritleri ile \u00e7al\u0131\u015f\u0131r.<\/li>\n<\/ul>\n<\/div>\n<\/div>\n\n\n\n<div class=\"wp-block-group\" style=\"padding-top:var(--wp--preset--spacing--60);padding-bottom:var(--wp--preset--spacing--60)\"><div class=\"wp-block-group__inner-container is-layout-constrained wp-block-group-is-layout-constrained\">\n<div class=\"wp-block-media-text has-media-on-the-right is-stacked-on-mobile\"><div class=\"wp-block-media-text__content\">\n<h2 class=\"wp-block-heading\" style=\"font-size:25px;font-style:normal;font-weight:600;text-transform:capitalize\">Kurulum \u0130pu\u00e7lar\u0131 &amp; Uyumluluk<\/h2>\n\n\n\n<ul class=\"wp-block-list\">\n<li>Kanal\u0131 p\u00fcr\u00fczs\u00fcz bir \u015fekilde kesmek ve kusursuz u\u00e7lar ve kesitler elde etmek i\u00e7in ince di\u015fli bir miter testere kullan\u0131n.<\/li>\n\n\n\n<li>D\u00fcz kurulum i\u00e7in, 5mm derinlikte ve 15mm geni\u015fli\u011finde bir kanal a\u00e7mak \u00fczere bir freze veya chisel kullan\u0131n.<\/li>\n\n\n\n<li>En iyi \u0131s\u0131 da\u011f\u0131l\u0131m\u0131 ve hizalama i\u00e7in, 8mm COB \u015feridinizi kanal taban\u0131na soyun ve koyun.<\/li>\n\n\n\n<li>Y\u00fcksek yo\u011funluklu COB LED \u015feritleri ile \u00e7al\u0131\u015f\u0131r, ancak d\u00fc\u015f\u00fck yo\u011funluklu SMD \u015feritleri ile \u00e7al\u0131\u015fmaz.<\/li>\n\n\n\n<li>Mean Well gibi g\u00fcvenilir LED s\u00fcr\u00fcc\u00fclerle ve bunlarla \u00e7al\u0131\u015fan dimmerlerle kullan\u0131n.<\/li>\n<\/ul>\n<\/div><figure class=\"wp-block-media-text__media\"><img loading=\"lazy\" decoding=\"async\" width=\"500\" height=\"500\" src=\"https:\/\/tangooled.com\/wp-content\/uploads\/2025\/07\/irp03-ins.webp\" alt=\"8mm cob \u015feritler i\u00e7in 5mm g\u00f6mme siyah LED kanal\u0131\" class=\"wp-image-41137 size-full\" srcset=\"https:\/\/tangooled.com\/wp-content\/uploads\/2025\/07\/irp03-ins.webp 500w, https:\/\/tangooled.com\/wp-content\/uploads\/2025\/07\/irp03-ins-300x300.webp 300w, https:\/\/tangooled.com\/wp-content\/uploads\/2025\/07\/irp03-ins-150x150.webp 150w\" sizes=\"auto, (max-width: 500px) 100vw, 500px\" \/><\/figure><\/div>\n<\/div><\/div>\n\n\n\n<div class=\"wp-block-group has-background\" style=\"background-color:#f1f1f1f2;padding-top:var(--wp--preset--spacing--80);padding-bottom:var(--wp--preset--spacing--80)\"><div class=\"wp-block-group__inner-container is-layout-constrained wp-block-group-is-layout-constrained\">\n<h2 class=\"wp-block-heading\" style=\"padding-top:var(--wp--preset--spacing--40);padding-bottom:var(--wp--preset--spacing--40);font-size:25px;font-style:normal;font-weight:600\">What\u2019s Included?<\/h2>\n\n\n\n<ul class=\"wp-block-list\">\n<li>1x al\u00fcminyum g\u00f6mme siyah led kanal\u0131 <\/li>\n\n\n\n<li>\u2022 1x opal polycarbonate diffuser snap-in cover<\/li>\n\n\n\n<li>\u2022 2x mounting clips for secure installation<\/li>\n\n\n\n<li>\u2022 2x end caps (1 with wire hole for cable exit, 1 solid)<\/li>\n<\/ul>\n<\/div><\/div>\n\n\n\n<div class=\"wp-block-group is-vertical is-layout-flex wp-container-core-group-is-layout-d255d7c4 wp-block-group-is-layout-flex\" style=\"padding-top:var(--wp--preset--spacing--80);padding-bottom:var(--wp--preset--spacing--80)\">\n<h2 class=\"wp-block-heading\" style=\"padding-top:var(--wp--preset--spacing--40);padding-bottom:var(--wp--preset--spacing--40);font-size:25px;font-style:normal;font-weight:600\">5mm g\u00f6mme siyah led kanal\u0131n\u0131 nerede kullanmal\u0131y\u0131m<\/h2>\n\n\n\n<ul class=\"wp-block-list\">\n<li>Mobilya ve Ah\u015fap \u0130\u015fleri: Ah\u015fap damarlar\u0131 ile tam uyum i\u00e7inde vurgulama ve i\u015f ayd\u0131nlatmas\u0131 i\u00e7in raflarda, dolaplarda ve \u00f6zel ah\u015fap i\u015flerinde kullan\u0131n.<\/li>\n\n\n\n<li>Dolap Alt\u0131 Ayd\u0131nlatma: Mutfak tezgahlar\u0131n\u0131 e\u015fit ve net bir \u015fekilde ayd\u0131nlat\u0131r, par\u0131lt\u0131 veya s\u0131cak nokta olmadan.<\/li>\n\n\n\n<li>Al\u00e7\u0131pan ve duvar: Modern g\u00f6mme duvar ve tavan \u0131\u015f\u0131klar\u0131 i\u00e7in s\u0131\u011f kanallar a\u00e7\u0131n; siyah kaplama, odan\u0131n geri kalan\u0131yla m\u00fckemmel bir \u015fekilde kar\u0131\u015f\u0131r.<\/li>\n\n\n\n<li>Perakende Sergileri: Ma\u011fazan\u0131zda profesyonel bir izlenim vermek i\u00e7in \u00fcr\u00fcnlere \u0131\u015f\u0131k odaklay\u0131n ve temiz siyah kasay\u0131 gizleyin.<\/li>\n<\/ul>\n<\/div>\n\n\n\n<div class=\"wp-block-group is-vertical is-layout-flex wp-container-core-group-is-layout-d255d7c4 wp-block-group-is-layout-flex\" style=\"padding-top:var(--wp--preset--spacing--80);padding-bottom:var(--wp--preset--spacing--80)\">\n<p>Premium al\u00fcminyum profillerimizden 8mm COB LED \u015feritleriniz i\u00e7in temiz, g\u00f6mme 5mm siyah led kanal\u0131n\u0131n fark\u0131n\u0131 deneyimleyin. Modern, enerji verimli ve ger\u00e7ekten diki\u015fsiz ayd\u0131nlatmay\u0131 evinize veya projenize g\u00fcven ve kolayl\u0131kla getirin.<\/p>\n\n\n\n<ul class=\"wp-block-list\">\n<li><a href=\"https:\/\/tangooled.com\/tr\/urun\/black-led-diffuser-aluminum-channel-for-12mm-tape-lights\/\"><mark style=\"background-color:rgba(0, 0, 0, 0)\" class=\"has-inline-color has-vivid-red-color\">12 mm bant i\u015f\u0131klar\u0131 i\u00e7in siyah LED dif\u00fcz\u00f6r al\u00fcminyum kanal\u0131<\/mark><\/a><\/li>\n\n\n\n<li><a href=\"https:\/\/tangooled.com\/tr\/urun\/surface-mount-led-profile-with-frosted-diffuser-for-10mm-rope-lights\/\"><mark style=\"background-color:rgba(0, 0, 0, 0)\" class=\"has-inline-color has-vivid-red-color\">10 mm kablo \u0131\u015f\u0131klar\u0131 i\u00e7in frosted dif\u00fcz\u00f6rl\u00fc y\u00fczey montaj LED profili<\/mark><\/a><\/li>\n<\/ul>\n<\/div>\n\n\n\n<p><\/p>","protected":false},"featured_media":41140,"template":"","meta":{"_acf_changed":true,"_seopress_robots_primary_cat":"none","_seopress_titles_title":"Black 5mm Recessed LED Channel for 8mm COB Strips | TANGOOLED","_seopress_titles_desc":"Achieve a sleek, dot-free look with our black 5mm recessed LED channel. Specifically designed for 8mm COB strips, its ultra-narrow flange profile provides a seamless linear light effect in modern interiors.","_seopress_robots_index":""},"pcb-width":[228],"product-cat":[193],"class_list":{"0":"post-34947","1":"product","2":"type-product","3":"status-publish","4":"has-post-thumbnail","6":"pcb-width-6-12mm","7":"product-cat-recessed-profile"},"acf":[],"_links":{"self":[{"href":"https:\/\/tangooled.com\/tr\/wp-json\/wp\/v2\/product\/34947","targetHints":{"allow":["GET"]}}],"collection":[{"href":"https:\/\/tangooled.com\/tr\/wp-json\/wp\/v2\/product"}],"about":[{"href":"https:\/\/tangooled.com\/tr\/wp-json\/wp\/v2\/types\/product"}],"wp:featuredmedia":[{"embeddable":true,"href":"https:\/\/tangooled.com\/tr\/wp-json\/wp\/v2\/media\/41140"}],"wp:attachment":[{"href":"https:\/\/tangooled.com\/tr\/wp-json\/wp\/v2\/media?parent=34947"}],"wp:term":[{"taxonomy":"pcb-width","embeddable":true,"href":"https:\/\/tangooled.com\/tr\/wp-json\/wp\/v2\/pcb-width?post=34947"},{"taxonomy":"product-cat","embeddable":true,"href":"https:\/\/tangooled.com\/tr\/wp-json\/wp\/v2\/product-cat?post=34947"}],"curies":[{"name":"wp","href":"https:\/\/api.w.org\/{rel}","templated":true}]}}