{"id":34942,"date":"2025-07-01T01:37:31","date_gmt":"2025-07-01T09:37:31","guid":{"rendered":"https:\/\/tangooled.com\/?post_type=product&#038;p=34942"},"modified":"2026-02-02T22:21:03","modified_gmt":"2026-02-03T06:21:03","slug":"ultra-shallow-recessed-led-profile-15x6mm","status":"publish","type":"product","link":"https:\/\/tangooled.com\/tr\/urun\/ultra-shallow-recessed-led-profile-15x6mm\/","title":{"rendered":"15x6mm ultra s\u0131\u011f yerle\u015fik LED al\u00fcminyum profili"},"content":{"rendered":"<div class=\"wp-block-group\" style=\"padding-top:var(--wp--preset--spacing--80);padding-bottom:var(--wp--preset--spacing--80)\"><div class=\"wp-block-group__inner-container is-layout-constrained wp-block-group-is-layout-constrained\">\n<p>15x6mm ultra s\u0131\u011f yerle\u015fik LED profilimiz y\u00fcksek kaliteli g\u00fcm\u00fc\u015f anodize al\u00fcminyumdan yap\u0131lm\u0131\u015ft\u0131r ve i\u00e7 geni\u015fli\u011fi 11.2mm\u2019dir. Mobilyalara, dolaplara ve daha fazlas\u0131na entegre edilebilir, bu da 8mm veya 10mm LED \u015ferit lambalar\u0131 i\u00e7in m\u00fckemmel hale getirir.<\/p>\n\n\n\n<p>The shallow LED aluminum profile, featuring an opal diffuser, ensures that the light is evenly distributed and the heat is spread evenly. You may get aluminum channels in silver, white, and black, so you can match them perfectly with your home&#8217;s decor.<\/p>\n\n\n\n<p>Bu ultra ince LED profili, u\u00e7 kapaklar ve paslanmaz \u00e7elik montaj klipleri ile birlikte gelir. U\u00e7 kapaklar LED \u015ferit lambas\u0131 \u00fczerindeki toz ve kal\u0131nt\u0131lar\u0131 uzak tutar ve \u0131\u015f\u0131\u011f\u0131n d\u00fczg\u00fcn bir ba\u011flant\u0131 i\u00e7in LED g\u00fc\u00e7 kayna\u011f\u0131na ba\u011flanmas\u0131na izin verir. Montaj klipleri al\u00fcminyum kanal\u0131 kolay ve g\u00fcvenli bir \u015fekilde yerle\u015ftirmek i\u00e7in kullan\u0131\u015fl\u0131d\u0131r.<\/p>\n<\/div><\/div>\n\n\n\n<div class=\"wp-block-group has-background\" style=\"background-color:#f1f1f1;padding-top:var(--wp--preset--spacing--80);padding-bottom:var(--wp--preset--spacing--80)\"><div class=\"wp-block-group__inner-container is-layout-constrained wp-block-group-is-layout-constrained\">\n<div class=\"wp-block-group\"><div class=\"wp-block-group__inner-container is-layout-constrained wp-block-group-is-layout-constrained\">\n<h2 class=\"wp-block-heading\" style=\"padding-top:var(--wp--preset--spacing--40);padding-bottom:var(--wp--preset--spacing--40);font-size:25px;font-style:normal;font-weight:600;text-transform:capitalize\">Neden 15x6mm ultra s\u0131\u011f yerle\u015fik LED al\u00fcminyum profilimizi se\u00e7melisiniz?<\/h2>\n\n\n\n<ul class=\"wp-block-list\">\n<li>T\u00fcm 10mm geni\u015fli\u011findeki LED \u015feritlerle uyumlu, y\u00fcksek yo\u011funluklu, COB LED \u015feritleri ve SMD 5050, 2835 bantlar\u0131 dahil.<\/li>\n\n\n\n<li>6063-T5 anodize al\u00fcminyumdan yap\u0131lm\u0131\u015ft\u0131r, LED'lerinizi serin tutan harika bir \u0131s\u0131 giderici.<\/li>\n\n\n\n<li>P\u00fcr\u00fczl\u00fc veya opal polikarbonat dif\u00fcz\u00f6r ile birlikte gelir, noktas\u0131z, d\u00fczg\u00fcn bir \u0131\u015f\u0131k sa\u011flar.<\/li>\n\n\n\n<li>Includes mounting clips, end caps, and diffuser \u2014 a full kit ready to install.<\/li>\n\n\n\n<li>15mm geni\u015fli\u011findeki bir yerle\u015fik kanala kolayca s\u0131\u011far ve yaln\u0131zca 6mm derinlikte, d\u00fcz montaj g\u00f6r\u00fcn\u00fcm\u00fc sa\u011flar.<\/li>\n<\/ul>\n<\/div><\/div>\n<\/div><\/div>\n\n\n\n<div class=\"wp-block-group\" style=\"padding-top:var(--wp--preset--spacing--60);padding-bottom:var(--wp--preset--spacing--60)\"><div class=\"wp-block-group__inner-container is-layout-constrained wp-block-group-is-layout-constrained\">\n<div class=\"wp-block-media-text has-media-on-the-right is-stacked-on-mobile\"><div class=\"wp-block-media-text__content\">\n<h2 class=\"wp-block-heading\" style=\"padding-top:var(--wp--preset--spacing--40);padding-bottom:var(--wp--preset--spacing--40);font-size:25px;font-style:normal;font-weight:600;text-transform:capitalize\">Nas\u0131l Montaj Yap\u0131l\u0131r<\/h2>\n\n\n\n<ul class=\"wp-block-list\">\n<li>Ayd\u0131nlatma tasar\u0131m\u0131n\u0131z\u0131n d\u00fczenini izleyin ve ah\u015fap dolap veya tavanda 15.2x6mm geni\u015fli\u011finde bir oluk kesin.<\/li>\n\n\n\n<li>Kanal\u0131 yerinde tutmak i\u00e7in vidalar veya yap\u0131\u015fkan bant kullan\u0131n.<\/li>\n\n\n\n<li>LED \u015ferit lamban\u0131z\u0131 kanala yerle\u015ftirin ve bir LED s\u00fcr\u00fcc\u00fcs\u00fcne tak\u0131n.<\/li>\n\n\n\n<li>Dif\u00fcz\u00f6r\u00fc yerine oturtun ve her iki tarafa u\u00e7 kapaklar\u0131 sabitleyin.<\/li>\n<\/ul>\n<\/div><figure class=\"wp-block-media-text__media\"><img loading=\"lazy\" decoding=\"async\" width=\"500\" height=\"500\" src=\"https:\/\/tangooled.com\/wp-content\/uploads\/2025\/07\/rp03-ins.webp\" alt=\"recessed 15x6mm led strip aluminum profile for 10mm strips\" class=\"wp-image-40593 size-full\" srcset=\"https:\/\/tangooled.com\/wp-content\/uploads\/2025\/07\/rp03-ins.webp 500w, https:\/\/tangooled.com\/wp-content\/uploads\/2025\/07\/rp03-ins-300x300.webp 300w, https:\/\/tangooled.com\/wp-content\/uploads\/2025\/07\/rp03-ins-150x150.webp 150w\" sizes=\"auto, (max-width: 500px) 100vw, 500px\" \/><\/figure><\/div>\n<\/div><\/div>\n\n\n\n<div class=\"wp-block-group has-background\" style=\"background-color:#f1f1f1;padding-top:var(--wp--preset--spacing--80);padding-bottom:var(--wp--preset--spacing--80)\"><div class=\"wp-block-group__inner-container is-layout-constrained wp-block-group-is-layout-constrained\">\n<h2 class=\"wp-block-heading\" style=\"padding-top:var(--wp--preset--spacing--40);padding-bottom:var(--wp--preset--spacing--40);font-size:25px;font-style:normal;font-weight:600;text-transform:capitalize\">Kittin i\u00e7inde neler var?<\/h2>\n\n\n\n<ul class=\"wp-block-list\">\n<li>1x Al\u00fcminyum Kanal (se\u00e7ti\u011finiz uzunlukta kesilmi\u015f)<\/li>\n\n\n\n<li>1x P\u00fcr\u00fczl\u00fc Polikarbonat Dif\u00fcz\u00f6r (yerine oturtma)<\/li>\n\n\n\n<li>2x U\u00e7 Kapak (birer kablo deli\u011fi olan ve sa\u011flam olan)<\/li>\n<\/ul>\n<\/div><\/div>\n\n\n\n<div class=\"wp-block-group\" style=\"padding-top:var(--wp--preset--spacing--80);padding-bottom:var(--wp--preset--spacing--80)\"><div class=\"wp-block-group__inner-container is-layout-constrained wp-block-group-is-layout-constrained\">\n<h2 class=\"wp-block-heading\" style=\"padding-top:var(--wp--preset--spacing--40);padding-bottom:var(--wp--preset--spacing--40);font-size:25px;font-style:normal;font-weight:600;text-transform:capitalize\">Pop\u00fcler Kullan\u0131m Senaryolar\u0131<\/h2>\n\n\n\n<ul class=\"wp-block-list\">\n<li>Alt-Dolap ve Mutfak Ayd\u0131nlatmas\u0131: Bu t\u00fcr ayd\u0131nlatma, tezgah y\u00fczeylerini g\u00f6lge olu\u015fturmadan ayd\u0131nlat\u0131r.<\/li>\n\n\n\n<li>K\u0131yafet Dolaplar\u0131 &amp; G\u00f6mlekler: Karanl\u0131k alanlar\u0131 \u015f\u0131k bir \u015fekilde ayd\u0131nlat\u0131n.<\/li>\n\n\n\n<li>Kitap Raf\u0131 &amp; Perakende Sergi Ayd\u0131nlatmas\u0131: Nesnelere profesyonel bir g\u00f6r\u00fcn\u00fcm kazand\u0131rmak i\u00e7in direkt \u0131\u015f\u0131k kullan\u0131n.<\/li>\n\n\n\n<li>Mimari Vurgular: Duvarlara veya tavana entegre edilerek g\u00fczel bir ortam \u0131\u015f\u0131\u011f\u0131 ekler.<\/li>\n<\/ul>\n<\/div><\/div>\n\n\n\n<div class=\"wp-block-group has-background\" style=\"background-color:#f1f1f1f2;padding-top:var(--wp--preset--spacing--80);padding-bottom:var(--wp--preset--spacing--80)\"><div class=\"wp-block-group__inner-container is-layout-constrained wp-block-group-is-layout-constrained\">\n<h2 class=\"wp-block-heading\" style=\"font-size:25px;font-style:normal;font-weight:600;text-transform:capitalize\">Bu ultra s\u0131\u011f yerle\u015fik LED kanal\u0131n\u0131 \u00f6zel k\u0131lan nedir?<\/h2>\n\n\n\n<ul class=\"wp-block-list\">\n<li>G\u00fc\u00e7l\u00fc s\u0131cakl\u0131k y\u00f6netimi ve korunmas\u0131: Al\u00fcminyum ekstr\u00fczyonumuz LED \u015feridinizi serin tutar ve \u00f6mr\u00fcn\u00fc uzat\u0131r. Polikarbonat dif\u00fcz\u00f6r, LED'leri toz ve hasardan korur. Bu, nesnelerin zamanla sararmas\u0131n\u0131 veya solmas\u0131n\u0131 \u00f6nler.<\/li>\n\n\n\n<li>P\u00fcr\u00fczs\u00fcz, Noktas\u0131z Ayd\u0131nlatma: P\u00fcr\u00fczl\u00fc dif\u00fcz\u00f6r ve COB LED \u015feritlerle uyumlu olmas\u0131n\u0131n avantaj\u0131yla, \u0131\u015f\u0131\u011f\u0131n\u0131z parlak ve kesintisiz olacakt\u0131r. \u00c7irkin noktalar veya yan\u0131p s\u00f6nme yok! G\u00f6rev ayd\u0131nlatmas\u0131, raflar ve vitrinler i\u00e7in harika.<\/li>\n\n\n\n<li>Slim, D\u00fcz ve Kurulumu Kolay: Profil 6mm'lik ince bir odaya s\u0131\u011far. Modern bir ayd\u0131nlatma g\u00f6r\u00fcn\u00fcm\u00fc i\u00e7in duvar levhan\u0131za veya mobilya oyan\u0131za iterek yerle\u015ftirin. Y\u00fczeyde kaba \u0131\u015f\u0131klar yok. Kolay kurulum i\u00e7in g\u00fc\u00e7l\u00fc bir yap\u0131\u015ft\u0131r\u0131c\u0131 kullan\u0131n.<\/li>\n\n\n\n<li>Kesilebilir Uzunluk:<\/li>\n\n\n\n<li>Herhangi bir alan i\u00e7in, profili kesmek i\u00e7in ince di\u015fli bir testere kullan\u0131n. Bu, mutfak dolaplar\u0131ndan mimari ni\u015f ayd\u0131nlatmalar\u0131na kadar her yere s\u0131\u011far.<\/li>\n<\/ul>\n<\/div><\/div>\n\n\n\n<div class=\"wp-block-group\" style=\"padding-top:var(--wp--preset--spacing--80);padding-bottom:var(--wp--preset--spacing--80)\"><div class=\"wp-block-group__inner-container is-layout-constrained wp-block-group-is-layout-constrained\">\n<h2 class=\"wp-block-heading\" style=\"padding-top:0;padding-bottom:0;font-size:25px;font-style:normal;font-weight:600;text-transform:capitalize\">daha fazla bilgi i\u00e7in, bu ilgili \u00fcr\u00fcnleri ke\u015ffedin<\/h2>\n\n\n\n<ul class=\"wp-block-list\">\n<li><a href=\"https:\/\/tangooled.com\/tr\/urun\/led-light-diffuser-channel-aluminum-15x12mm-for-10mm-led-strips\/\"><mark style=\"background-color:rgba(0, 0, 0, 0)\" class=\"has-inline-color has-vivid-red-color\">10mm LED \u015ferit \u0131\u015f\u0131k i\u00e7in 25x6mm d\u00fc\u015f\u00fck profilli LED \u015ferit kanal\u0131<\/mark><\/a><\/li>\n\n\n\n<li><a href=\"https:\/\/tangooled.com\/tr\/urun\/25x6mm-low-profile-led-strip-channel-for-10mm-led-strip-light\/\"><mark style=\"background-color:rgba(0, 0, 0, 0)\" class=\"has-inline-color has-vivid-red-color\">10mm LED \u015feritler i\u00e7in 15x12mm LED \u0131\u015f\u0131k da\u011f\u0131t\u0131c\u0131 kanal\u0131 al\u00fcminyum<\/mark><\/a><\/li>\n\n\n\n<li><mark style=\"background-color:rgba(0, 0, 0, 0)\" class=\"has-inline-color has-vivid-red-color\"><a href=\"https:\/\/tangooled.com\/tr\/urun\/recessed-5mm-black-led-channel-for-8mm-cob-strips\/\">8mm cob \u015feritleri i\u00e7in yerle\u015fik 5mm siyah LED kanal\u0131<\/a><\/mark><\/li>\n<\/ul>\n<\/div><\/div>\n\n\n\n<p><\/p>","protected":false},"featured_media":14384,"template":"","meta":{"_acf_changed":true,"_seopress_robots_primary_cat":"none","_seopress_titles_title":"15x6mm Ultra Shallow Recessed LED Profile | Slim Aluminum Channel | TANGOOLED","_seopress_titles_desc":"At only 6mm deep, our 15x6mm ultra shallow recessed LED profile is perfect for thin surfaces and furniture. Features a flange design for easy, flush-mount installation in shallow cutouts.","_seopress_robots_index":""},"pcb-width":[228],"product-cat":[193],"class_list":{"0":"post-34942","1":"product","2":"type-product","3":"status-publish","4":"has-post-thumbnail","6":"pcb-width-6-12mm","7":"product-cat-recessed-profile"},"acf":[],"_links":{"self":[{"href":"https:\/\/tangooled.com\/tr\/wp-json\/wp\/v2\/product\/34942","targetHints":{"allow":["GET"]}}],"collection":[{"href":"https:\/\/tangooled.com\/tr\/wp-json\/wp\/v2\/product"}],"about":[{"href":"https:\/\/tangooled.com\/tr\/wp-json\/wp\/v2\/types\/product"}],"wp:featuredmedia":[{"embeddable":true,"href":"https:\/\/tangooled.com\/tr\/wp-json\/wp\/v2\/media\/14384"}],"wp:attachment":[{"href":"https:\/\/tangooled.com\/tr\/wp-json\/wp\/v2\/media?parent=34942"}],"wp:term":[{"taxonomy":"pcb-width","embeddable":true,"href":"https:\/\/tangooled.com\/tr\/wp-json\/wp\/v2\/pcb-width?post=34942"},{"taxonomy":"product-cat","embeddable":true,"href":"https:\/\/tangooled.com\/tr\/wp-json\/wp\/v2\/product-cat?post=34942"}],"curies":[{"name":"wp","href":"https:\/\/api.w.org\/{rel}","templated":true}]}}