{"id":34939,"date":"2025-07-01T01:34:20","date_gmt":"2025-07-01T09:34:20","guid":{"rendered":"https:\/\/tangooled.com\/?post_type=product&#038;p=34939"},"modified":"2026-02-02T22:25:27","modified_gmt":"2026-02-03T06:25:27","slug":"17x15mm-deep-recessed-led-strip-channel","status":"publish","type":"product","link":"https:\/\/tangooled.com\/tr\/urun\/17x15mm-deep-recessed-led-strip-channel\/","title":{"rendered":"17x15mm derin g\u00f6m\u00fcl\u00fc LED \u015ferit ayd\u0131nlatma kanal\u0131"},"content":{"rendered":"<div class=\"wp-block-group is-vertical is-layout-flex wp-container-core-group-is-layout-d255d7c4 wp-block-group-is-layout-flex\" style=\"padding-top:var(--wp--preset--spacing--80);padding-bottom:var(--wp--preset--spacing--80)\">\n<p>17x15mm derin g\u00f6m\u00fcl\u00fc LED \u015ferit ayd\u0131nlatma kanal\u0131m\u0131z 10mm bant \u0131\u015f\u0131klar\u0131 i\u00e7in tasarlanm\u0131\u015ft\u0131r. Duvarlara, tavanlara, mobilyalara veya dolaplara entegre edilmi\u015f 17.2mm geni\u015fli\u011finde ve 13mm derinli\u011finde oluklara uyum sa\u011flar.<\/p>\n\n\n\n<p>Flanjl\u0131 kanal, 8mm, 10mm ve 12mm LED bantlar\u0131 ve COB LED \u015feritleri dahil olmak \u00fczere farkl\u0131 LED \u015feritlerle \u00e7al\u0131\u015f\u0131r. Kolay kurulum i\u00e7in u\u00e7 kapaklar\u0131 ve montaj klipleri i\u00e7erir.<\/p>\n\n\n\n<p>Bu g\u00f6m\u00fcl\u00fc 17x15mm derin LED al\u00fcminyum kanal\u0131, profesyonel, temiz ve kesintisiz ayd\u0131nlatma sa\u011flar; al\u00e7\u0131 levha, ah\u015fap veya ilave yap\u0131larla d\u00fcz bir \u015fekilde uyumlu \u015fekilde entegre edilir.<\/p>\n<\/div>\n\n\n\n<div class=\"wp-block-group has-background is-vertical is-layout-flex wp-container-core-group-is-layout-d255d7c4 wp-block-group-is-layout-flex\" style=\"background-color:#f1f1f1;padding-top:var(--wp--preset--spacing--80);padding-bottom:var(--wp--preset--spacing--80)\">\n<div class=\"wp-block-group\" style=\"padding-top:var(--wp--preset--spacing--80);padding-bottom:var(--wp--preset--spacing--80)\"><div class=\"wp-block-group__inner-container is-layout-constrained wp-block-group-is-layout-constrained\">\n<h2 class=\"wp-block-heading\" style=\"padding-top:var(--wp--preset--spacing--40);padding-bottom:var(--wp--preset--spacing--40);font-size:25px;font-style:normal;font-weight:600;text-transform:capitalize\">Neden 17x15mm derin g\u00f6m\u00fcl\u00fc kanal\u0131m\u0131z\u0131 se\u00e7melisiniz?<\/h2>\n\n\n\n<p style=\"padding-right:var(--wp--preset--spacing--50);padding-left:var(--wp--preset--spacing--50)\">10mm LED bant \u0131\u015f\u0131klar\u0131 i\u00e7in tasarlanm\u0131\u015f 17x15mm derin g\u00f6m\u00fcl\u00fc kanal\u0131m\u0131z y\u00fcksek kaliteli malzemelerden yap\u0131lm\u0131\u015ft\u0131r ve ayd\u0131nlatma projelerinizi hayata ge\u00e7irmenizi kolayla\u015ft\u0131ran pratik bir tasar\u0131ma sahiptir:<\/p>\n\n\n\n<ul class=\"wp-block-list\">\n<li>Duvar veya mobilya i\u00e7inde LED bant\u0131n\u0131z\u0131 gizleyen bir g\u00f6mme LED \u015ferit konut.<\/li>\n\n\n\n<li>Profesyonel \u0131s\u0131 da\u011f\u0131l\u0131m\u0131 ve uzun LED bant \u00f6mr\u00fc i\u00e7in anodize al\u00fcminyumdan yap\u0131lm\u0131\u015ft\u0131r.<\/li>\n\n\n\n<li>I\u015f\u0131\u011f\u0131 yumu\u015fak ve noktas\u0131z hale getiren, s\u0131cak noktalar olmadan opal polikarbonat dif\u00fcz\u00f6rle birlikte gelir.<\/li>\n\n\n\n<li>D\u00fczg\u00fcn g\u00f6r\u00fcnmesi i\u00e7in yerinde tutmak \u00fczere montaj klipleri ve u\u00e7 kapaklar\u0131 ile birlikte gelir.<\/li>\n\n\n\n<li>SMD 5050 LED'ler ve noktas\u0131z COB LED \u015ferit \u0131\u015f\u0131klar\u0131 gibi 10mm LED bant \u0131\u015f\u0131\u011f\u0131 geni\u015flikleri i\u00e7in \u00f6zel olarak tasarlanm\u0131\u015ft\u0131r.<\/li>\n\n\n\n<li>Mutfaklar, dolaplar, tavanlar ve ma\u011faza sergileri i\u00e7in \u00f6zel ayd\u0131nlatma olu\u015fturmak i\u00e7in harika.<\/li>\n<\/ul>\n<\/div><\/div>\n<\/div>\n\n\n\n<div class=\"wp-block-group\" style=\"padding-top:var(--wp--preset--spacing--80);padding-bottom:var(--wp--preset--spacing--80)\"><div class=\"wp-block-group__inner-container is-layout-constrained wp-block-group-is-layout-constrained\">\n<div class=\"wp-block-media-text has-media-on-the-right is-stacked-on-mobile\"><div class=\"wp-block-media-text__content\">\n<h2 class=\"wp-block-heading\" style=\"padding-top:var(--wp--preset--spacing--40);padding-bottom:var(--wp--preset--spacing--40);font-size:25px;font-style:normal;font-weight:600;text-transform:capitalize\">Al\u00e7\u0131 levha veya ah\u015fapta nas\u0131l kurulur  <\/h2>\n\n\n\n<ul class=\"wp-block-list\">\n<li>Ayd\u0131nlatma tasar\u0131m\u0131n\u0131z\u0131n d\u00fczenini izleyin ve al\u00e7\u0131 levha veya ah\u015fapta 17x13mm bir oluk kesin.<\/li>\n\n\n\n<li>Kanal\u0131 yerinde tutmak i\u00e7in vidalar, yap\u0131\u015ft\u0131r\u0131c\u0131 veya montaj klipleri kullan\u0131n.<\/li>\n\n\n\n<li>(Opsiyonel) P\u00fcr\u00fczs\u00fcz ve d\u00fcz bir y\u00fczey finisaj\u0131 i\u00e7in flanj\u0131n \u00fczerine derz macunu veya al\u00e7\u0131 ile kaplay\u0131n.<\/li>\n\n\n\n<li>10mm geni\u015fli\u011findeki LED bant\u0131n\u0131z\u0131 kanala yerle\u015ftirin ve onunla uyumlu bir LED s\u00fcr\u00fcc\u00fc veya dimlenebilir LED kayna\u011f\u0131na ba\u011flay\u0131n.<\/li>\n\n\n\n<li>I\u015f\u0131\u011f\u0131 yumu\u015fatmak ve LED \u015feridi korumak i\u00e7in opal dif\u00fcz\u00f6r kapa\u011f\u0131n\u0131 yerine oturtun.<\/li>\n<\/ul>\n<\/div><figure class=\"wp-block-media-text__media\"><img loading=\"lazy\" decoding=\"async\" width=\"500\" height=\"500\" src=\"https:\/\/tangooled.com\/wp-content\/uploads\/2025\/07\/rp02-ins.webp\" alt=\"recessed led strip lighting channel 17x15mm for 10mm tape lights\" class=\"wp-image-40353 size-full\" srcset=\"https:\/\/tangooled.com\/wp-content\/uploads\/2025\/07\/rp02-ins.webp 500w, https:\/\/tangooled.com\/wp-content\/uploads\/2025\/07\/rp02-ins-300x300.webp 300w, https:\/\/tangooled.com\/wp-content\/uploads\/2025\/07\/rp02-ins-150x150.webp 150w\" sizes=\"auto, (max-width: 500px) 100vw, 500px\" \/><\/figure><\/div>\n<\/div><\/div>\n\n\n\n<div class=\"wp-block-group has-background\" style=\"background-color:#f1f1f2;padding-top:var(--wp--preset--spacing--80);padding-bottom:var(--wp--preset--spacing--80)\"><div class=\"wp-block-group__inner-container is-layout-constrained wp-block-group-is-layout-constrained\">\n<h2 class=\"wp-block-heading\" style=\"padding-top:var(--wp--preset--spacing--40);padding-bottom:var(--wp--preset--spacing--40);font-size:25px;font-style:normal;font-weight:600;text-transform:capitalize\">Recessed LED Ayd\u0131nlatma Kanal\u0131 17x15mm i\u00e7in \u0130deal Kullan\u0131mlar<\/h2>\n\n\n\n<ul class=\"wp-block-list\">\n<li>Perakende vitrin ayd\u0131nlatmas\u0131: M\u00fc\u015fteri dikkatini \u00e7eken g\u00f6z al\u0131c\u0131 sergiler olu\u015fturur.<\/li>\n<\/ul>\n\n\n\n<ul class=\"wp-block-list\">\n<li>Mutfak alt\u0131 dolap ayd\u0131nlatmas\u0131: Tezgahlar\u0131n\u0131z\u0131 ayd\u0131nlat\u0131n, yemek yapmay\u0131 ve haz\u0131rl\u0131k i\u015flerini kolayla\u015ft\u0131r\u0131n.<\/li>\n<\/ul>\n\n\n\n<ul class=\"wp-block-list\">\n<li>Gard\u0131rop ve dolap ayd\u0131nlatmas\u0131: Daha iyi g\u00f6r\u00fcn\u00fcrl\u00fck ve d\u00fczenleme i\u00e7in alan\u0131 ayd\u0131nlat\u0131n.<\/li>\n<\/ul>\n\n\n\n<ul class=\"wp-block-list\">\n<li>Konut ayd\u0131nlatmas\u0131: Oturma odalar\u0131 ve yatak odalar\u0131nda temiz ak\u015fam \u0131\u015f\u0131klar\u0131 olu\u015fturur.<\/li>\n<\/ul>\n\n\n\n<ul class=\"wp-block-list\">\n<li>Ticari alan entegrasyonu: Ofisler, lobiler ve sergi salonlar\u0131 i\u00e7in \u00e7ok y\u00f6nl\u00fc bir ayd\u0131nlatma se\u00e7ene\u011fi.<\/li>\n<\/ul>\n\n\n\n<ul class=\"wp-block-list\">\n<li>Architectural feature enhancement: Highlights a building&#8217;s unique and interesting.<\/li>\n<\/ul>\n<\/div><\/div>\n\n\n\n<div class=\"wp-block-group\" style=\"padding-top:var(--wp--preset--spacing--80);padding-bottom:var(--wp--preset--spacing--80)\"><div class=\"wp-block-group__inner-container is-layout-constrained wp-block-group-is-layout-constrained\">\n<h2 class=\"wp-block-heading\" style=\"padding-top:var(--wp--preset--spacing--40);padding-bottom:var(--wp--preset--spacing--40);font-size:25px;font-style:normal;font-weight:600\">\u0130lgili \u00fcr\u00fcnler<\/h2>\n\n\n\n<ul class=\"wp-block-list\">\n<li>G\u00f6z at\u0131n <a href=\"https:\/\/tangooled.com\/tr\/urun\/black-led-profile-with-black-diffuser-for-10mm-led-strip-light\/\"><mark style=\"background-color:rgba(0, 0, 0, 0)\" class=\"has-inline-color has-vivid-red-color\">10mm LED \u015ferit \u0131\u015f\u0131k i\u00e7in siyah dif\u00fcz\u00f6rl\u00fc siyah LED profili<\/mark><\/a> alternatif y\u00fczey finisajlar\u0131 i\u00e7in.<\/li>\n\n\n\n<li>Y\u00fczey montaj \u00e7\u00f6z\u00fcm\u00fc mi ar\u0131yorsunuz? Bizim <a href=\"https:\/\/tangooled.com\/tr\/urun\/surface-mount-led-profile-with-frosted-diffuser-for-10mm-rope-lights\/\"><mark style=\"background-color:rgba(0, 0, 0, 0)\" class=\"has-inline-color has-vivid-red-color\">10 mm iplikler i\u00e7in mat dif\u00f6re sahip y\u00fczeye montaj LED profili<\/mark><\/a>.<\/li>\n\n\n\n<li>slim se\u00e7eneklerle ke\u015ffedin <mark style=\"background-color:rgba(0, 0, 0, 0)\" class=\"has-inline-color has-vivid-red-color\"><a href=\"https:\/\/tangooled.com\/tr\/urun\/led-light-diffuser-channel-aluminum-15x12mm-for-10mm-led-strips\/\">10mm LED \u015feritler i\u00e7in 15x12mm LED \u0131\u015f\u0131k da\u011f\u0131t\u0131c\u0131 kanal\u0131 al\u00fcminyum<\/a><\/mark>.<\/li>\n<\/ul>\n\n\n\n<p><\/p>\n<\/div><\/div>\n\n\n\n<div class=\"wp-block-group has-background\" style=\"background-color:#f1f1f2;padding-top:var(--wp--preset--spacing--80);padding-bottom:var(--wp--preset--spacing--80)\"><div class=\"wp-block-group__inner-container is-layout-constrained wp-block-group-is-layout-constrained\">\n<h2 class=\"wp-block-heading\" style=\"padding-top:var(--wp--preset--spacing--40);padding-bottom:var(--wp--preset--spacing--40);font-size:25px;font-style:normal;font-weight:600;text-transform:capitalize\">Bug\u00fcn 17x15mm derin g\u00f6m\u00fcl\u00fc LED kanal\u0131n\u0131z\u0131 sat\u0131n al\u0131n!<\/h2>\n\n\n\n<p style=\"padding-right:var(--wp--preset--spacing--50);padding-left:var(--wp--preset--spacing--50)\">Build clean, bright, and professional architectural LED profiles with our recessed LED strip lighting channel 17x15mm for 10mm tape lights. Perfect for indoor recessed linear lighting fixture projects, it\u2019s easy to install and delivers a dot-free, high CRI lighting experience wherever you need it. For more lighting accessories and aluminum profile options, browse our collection of <a href=\"https:\/\/tangooled.com\/tr\/urun\/led-strip-light-channel-aluminum-profile-with-diffused-cover-6mm-height\/\"><mark style=\"background-color:rgba(0, 0, 0, 0)\" class=\"has-inline-color has-vivid-red-color\">LED \u015ferit \u0131\u015f\u0131k kanallar\u0131<\/mark><\/a> ve <a href=\"https:\/\/tangooled.com\/tr\/urun\/45-degree-corner-led-aluminum-channel-for-10mm-led-strips\/\"><mark style=\"background-color:rgba(0, 0, 0, 0)\" class=\"has-inline-color has-vivid-red-color\">k\u00f6\u015fe LED ekstr\u00fczyonlar\u0131<\/mark><\/a> Tangooled'de.<\/p>\n\n\n\n<p><\/p>\n<\/div><\/div>","protected":false},"featured_media":14390,"template":"","meta":{"_acf_changed":true,"_seopress_robots_primary_cat":"none","_seopress_titles_title":"17x15mm Deep Recessed LED Channel Aluminum Profile | TANGOOLED","_seopress_titles_desc":"The 17x15mm deep recessed LED channel is designed for a flawless, dot-free lighting effect. Its extra depth provides superior heat dissipation and hides LED spots for a professional linear finish.","_seopress_robots_index":""},"pcb-width":[228],"product-cat":[193],"class_list":{"0":"post-34939","1":"product","2":"type-product","3":"status-publish","4":"has-post-thumbnail","6":"pcb-width-6-12mm","7":"product-cat-recessed-profile"},"acf":[],"_links":{"self":[{"href":"https:\/\/tangooled.com\/tr\/wp-json\/wp\/v2\/product\/34939","targetHints":{"allow":["GET"]}}],"collection":[{"href":"https:\/\/tangooled.com\/tr\/wp-json\/wp\/v2\/product"}],"about":[{"href":"https:\/\/tangooled.com\/tr\/wp-json\/wp\/v2\/types\/product"}],"wp:featuredmedia":[{"embeddable":true,"href":"https:\/\/tangooled.com\/tr\/wp-json\/wp\/v2\/media\/14390"}],"wp:attachment":[{"href":"https:\/\/tangooled.com\/tr\/wp-json\/wp\/v2\/media?parent=34939"}],"wp:term":[{"taxonomy":"pcb-width","embeddable":true,"href":"https:\/\/tangooled.com\/tr\/wp-json\/wp\/v2\/pcb-width?post=34939"},{"taxonomy":"product-cat","embeddable":true,"href":"https:\/\/tangooled.com\/tr\/wp-json\/wp\/v2\/product-cat?post=34939"}],"curies":[{"name":"wp","href":"https:\/\/api.w.org\/{rel}","templated":true}]}}