{"id":34937,"date":"2025-07-01T00:43:01","date_gmt":"2025-07-01T08:43:01","guid":{"rendered":"https:\/\/tangooled.com\/?post_type=product&#038;p=34937"},"modified":"2026-02-02T22:25:45","modified_gmt":"2026-02-03T06:25:45","slug":"recessed-led-aluminum-profile-17x8mm-for-strip-lighting","status":"publish","type":"product","link":"https:\/\/tangooled.com\/tr\/urun\/recessed-led-aluminum-profile-17x8mm-for-strip-lighting\/","title":{"rendered":"LED \u015ferit ayd\u0131nlatma i\u00e7in 17x8mm g\u00f6mme al\u00fcminyum profil"},"content":{"rendered":"<div class=\"wp-block-group\" style=\"padding-top:var(--wp--preset--spacing--80);padding-bottom:var(--wp--preset--spacing--80)\"><div class=\"wp-block-group__inner-container is-layout-constrained wp-block-group-is-layout-constrained\">\n<p>LED \u015ferit ayd\u0131nlatma i\u00e7in tasarlanm\u0131\u015f 17x8mm g\u00f6mme al\u00fcminyum profilimiz, duvarlara, tavanlara, mobilyalara veya dolaplara entegre edilecek \u015fekilde tasarlanm\u0131\u015ft\u0131r. Al\u00fcminyum kasa, yayg\u0131n 8mm, 10mm ve 12mm LED bantlar ve COB LED \u015ferit uyumlu \u00fcr\u00fcnler dahil olmak \u00fczere geni\u015f bir LED \u015ferit geni\u015fli\u011fi yelpazesine uyum sa\u011flar. 17mm geni\u015fli\u011finde ve 8mm derinli\u011finde oluklara yerle\u015ftirildi\u011finde, profesyonel, noktas\u0131z mimari ayd\u0131nlatma g\u00f6r\u00fcn\u00fcm\u00fc sa\u011flar.<\/p>\n\n\n\n<p>Anodize al\u00fcminyum g\u00f6vde, LED'lerin so\u011fuk kalmas\u0131n\u0131 sa\u011flayan ve \u00f6mr\u00fcn\u00fc uzatan harika bir LED \u0131s\u0131 sarg\u0131s\u0131d\u0131r. Dahil edilen opal dif\u00fcz\u00f6r, LED noktalar\u0131n\u0131 gizler, b\u00f6ylece her alanda daha temiz g\u00f6r\u00fcnmesini sa\u011flayan yumu\u015fak bir par\u0131lt\u0131 ile e\u015fit \u0131\u015f\u0131k al\u0131rs\u0131n\u0131z.<\/p>\n<\/div><\/div>\n\n\n\n<div class=\"wp-block-group has-background\" style=\"background-color:#f1f1f1;padding-top:var(--wp--preset--spacing--80);padding-bottom:var(--wp--preset--spacing--80)\"><div class=\"wp-block-group__inner-container is-layout-constrained wp-block-group-is-layout-constrained\">\n<div class=\"wp-block-group is-vertical is-layout-flex wp-container-core-group-is-layout-8cf370e7 wp-block-group-is-layout-flex\">\n<h2 class=\"wp-block-heading\" style=\"padding-top:var(--wp--preset--spacing--40);padding-bottom:var(--wp--preset--spacing--40);font-size:25px;font-style:normal;font-weight:600;text-transform:capitalize\">Neden bu 17x8mm G\u00f6mme LED profilini se\u00e7melisiniz?<\/h2>\n\n\n\n<ul class=\"wp-block-list\">\n<li>Flush mount LED channel \u2013 for neat, low-profile install.<\/li>\n\n\n\n<li>Trimless lighting solution \u2013 perfect for drywall, furniture lighting integration, and kitchen cabinet accents.<\/li>\n\n\n\n<li>Strong heat sink \u2013 aluminum keeps LED tapes cool to avoid burnout.<\/li>\n\n\n\n<li>Noktas\u0131z ayd\u0131nlatma - \u0131\u015f\u0131\u011f\u0131 p\u00fcr\u00fczs\u00fcz ve e\u015fit hale getiren mat dif\u00fcz\u00f6r ile, s\u0131cak noktalar olmadan.<\/li>\n\n\n\n<li>Protection \u2013 shields LED strips from dust, moisture, and damage.<\/li>\n\n\n\n<li>Easy to cut and install \u2013 use mounting clips or adhesive to fix in place.<\/li>\n<\/ul>\n<\/div>\n<\/div><\/div>\n\n\n\n<div class=\"wp-block-group is-vertical is-layout-flex wp-container-core-group-is-layout-d255d7c4 wp-block-group-is-layout-flex\" style=\"padding-top:var(--wp--preset--spacing--80);padding-bottom:var(--wp--preset--spacing--80)\">\n<div class=\"wp-block-group\" style=\"padding-top:var(--wp--preset--spacing--60);padding-right:0;padding-bottom:var(--wp--preset--spacing--60);padding-left:0\"><div class=\"wp-block-group__inner-container is-layout-constrained wp-container-core-group-is-layout-c4900166 wp-block-group-is-layout-constrained\">\n<div class=\"wp-block-media-text has-media-on-the-right is-stacked-on-mobile\"><div class=\"wp-block-media-text__content\">\n<h2 class=\"wp-block-heading\" style=\"padding-top:var(--wp--preset--spacing--40);padding-bottom:var(--wp--preset--spacing--40);font-size:25px;text-transform:capitalize\">17x8mm g\u00f6mme al\u00fcminyum kanal\u0131 nas\u0131l kurulur<\/h2>\n\n\n\n<ul class=\"wp-block-list\">\n<li>Profilin i\u00e7ine s\u0131\u011facak \u015fekilde al\u00e7\u0131pan, ah\u015fap veya MDF'de bir oluk kesin (yakla\u015f\u0131k 17.5mm geni\u015flik x 8mm derinlik).<\/li>\n\n\n\n<li>Al\u00fcminyum profilini sa\u011flanan montaj klipsleri veya g\u00fc\u00e7l\u00fc in\u015faat yap\u0131\u015ft\u0131r\u0131c\u0131s\u0131 ile sabitleyin.<\/li>\n\n\n\n<li>LED \u015feridini kanalin i\u00e7ine yerle\u015ftirin, bant i\u00e7 geni\u015fli\u011fine (~12mm) uydu\u011fundan emin olun.<\/li>\n\n\n\n<li>E\u015fit, yumu\u015fak \u0131\u015f\u0131k i\u00e7in opal dif\u00fcz\u00f6r kapa\u011f\u0131n\u0131 yerine oturtun.<\/li>\n\n\n\n<li>U\u00e7 kapaklar\u0131 ekleyerek u\u00e7lar\u0131 d\u00fczg\u00fcnce kapat\u0131n (bir u\u00e7 kapak g\u00fc\u00e7 beslemesi i\u00e7in bir tel deli\u011fi ile).<\/li>\n<\/ul>\n<\/div><figure class=\"wp-block-media-text__media\"><img loading=\"lazy\" decoding=\"async\" width=\"500\" height=\"500\" src=\"https:\/\/tangooled.com\/wp-content\/uploads\/2025\/07\/rp01-ins.webp\" alt=\"recessed aluminum profile 17x8mm for led strip lighting\" class=\"wp-image-40336 size-full\" srcset=\"https:\/\/tangooled.com\/wp-content\/uploads\/2025\/07\/rp01-ins.webp 500w, https:\/\/tangooled.com\/wp-content\/uploads\/2025\/07\/rp01-ins-300x300.webp 300w, https:\/\/tangooled.com\/wp-content\/uploads\/2025\/07\/rp01-ins-150x150.webp 150w\" sizes=\"auto, (max-width: 500px) 100vw, 500px\" \/><\/figure><\/div>\n<\/div><\/div>\n\n\n\n<hr class=\"wp-block-separator has-alpha-channel-opacity\"\/>\n<\/div>\n\n\n\n<div class=\"wp-block-group has-background\" style=\"background-color:#f1f1f1;padding-top:var(--wp--preset--spacing--50);padding-bottom:var(--wp--preset--spacing--50)\"><div class=\"wp-block-group__inner-container is-layout-constrained wp-block-group-is-layout-constrained\">\n<h2 class=\"wp-block-heading\" style=\"padding-top:var(--wp--preset--spacing--40);padding-bottom:var(--wp--preset--spacing--40);font-size:25px;font-style:normal;font-weight:600\">Dahil Olan Aksesuarlar<\/h2>\n\n\n\n<ul class=\"wp-block-list\">\n<li>Anodize al\u00fcminyum kanal<\/li>\n\n\n\n<li>Mat (opal) dif\u00fcz\u00f6r<\/li>\n\n\n\n<li>Montaj klipsleri (metrekare ba\u015f\u0131na 2 veya daha fazla)<\/li>\n\n\n\n<li>U\u00e7 kapaklar\u0131 (bir d\u00fcz, bir tel deli\u011fi olan)<\/li>\n<\/ul>\n<\/div><\/div>\n\n\n\n<div class=\"wp-block-group\" style=\"padding-top:var(--wp--preset--spacing--80);padding-bottom:var(--wp--preset--spacing--80)\"><div class=\"wp-block-group__inner-container is-layout-constrained wp-block-group-is-layout-constrained\">\n<h2 class=\"wp-block-heading\" style=\"font-size:25px;font-style:normal;font-weight:600;text-transform:capitalize\">Nerelerde kullanabilirsiniz? Yayg\u0131n kullan\u0131m \u015fekiller<\/h2>\n\n\n\n<ul class=\"wp-block-list\">\n<li>Mutfaklar: Dolap alt\u0131 ayd\u0131nlatma, \u00e7ekmece ayd\u0131nlatmas\u0131, kiler raflar\u0131.<\/li>\n\n\n\n<li>Oturma Odalar\u0131: Tavan, kitap raflar\u0131 ve merdivenler i\u00e7in ayd\u0131nlatma.<\/li>\n\n\n\n<li>Ticari Mekanlar: Perakende vitrinleri, ofis vurgu ayd\u0131nlatmas\u0131 ve otel resepsiyonu.<\/li>\n\n\n\n<li>\u00d6zel Mobilyalar: Komodin, sergi alanlar\u0131 ve k\u0131yafet odalar\u0131nda g\u00f6mme ayd\u0131nlatma.<\/li>\n<\/ul>\n\n\n\n<p style=\"padding-right:var(--wp--preset--spacing--50);padding-left:var(--wp--preset--spacing--50)\">Mimari profil \u00e7\u00f6z\u00fcmleri hakk\u0131nda daha fazla fikir i\u00e7in, bak\u0131n <a href=\"https:\/\/tangooled.com\/tr\/urun\/trimless-drywall-led-channel-for-15mm-led-strip-lights\/\"><mark style=\"background-color:rgba(0, 0, 0, 0)\" class=\"has-inline-color has-vivid-red-color\">15mm LED \u015ferit lambalar\u0131 i\u00e7in s\u0131ras\u0131z al\u00e7\u0131pan LED kanal\u0131<\/mark><em><mark style=\"background-color:rgba(0, 0, 0, 0)\" class=\"has-inline-color has-vivid-red-color\"><\/mark><\/em><\/a>veya se\u00e7imimize g\u00f6z at\u0131n <mark style=\"background-color:rgba(0, 0, 0, 0)\" class=\"has-inline-color has-vivid-red-color\"><a href=\"https:\/\/tangooled.com\/tr\/urun\/surface-mount-led-profile-with-frosted-diffuser-for-10mm-rope-lights\/\">10 mm iplikler i\u00e7in mat dif\u00f6re sahip y\u00fczeye montaj LED profili<\/a><\/mark><\/p>\n<\/div><\/div>\n\n\n\n<div class=\"wp-block-group has-background\" style=\"background-color:#f1f1f2;padding-top:var(--wp--preset--spacing--80);padding-bottom:var(--wp--preset--spacing--80)\"><div class=\"wp-block-group__inner-container is-layout-constrained wp-block-group-is-layout-constrained\">\n<h2 class=\"wp-block-heading\" style=\"padding-top:var(--wp--preset--spacing--40);padding-bottom:var(--wp--preset--spacing--40);font-size:25px;font-style:normal;font-weight:600;text-transform:capitalize\">M\u00fc\u015fterilerimiz Neden Bu Profili Se\u00e7iyor<\/h2>\n\n\n\n<p style=\"padding-right:var(--wp--preset--spacing--50);padding-left:var(--wp--preset--spacing--50)\">Bu g\u00f6mme al\u00fcminyum profili, gizli lineer ayd\u0131nlatma yapmay\u0131 kolayla\u015ft\u0131r\u0131yor. \u0130nce boyut ve flush montaj uyumu, duvarlar veya ah\u015fap ile m\u00fckemmel bir \u015fekilde entegre edilmi\u015f d\u00fc\u015f\u00fck profilli bir kanal sa\u011flar. Profesyonel y\u00fczey biti\u015fi ve sa\u011flam al\u00fcminyum profil, plastik profillerin aksine hasar\u0131 \u00f6nler ve \u0131s\u0131nmay\u0131 azalt\u0131r.<\/p>\n\n\n\n<p style=\"padding-right:var(--wp--preset--spacing--50);padding-left:var(--wp--preset--spacing--50)\">With the included opal diffuser, your LED strip light shines softly without glaring dots or uneven shadows. Perfect for furniture lighting integration, bookshelf lighting, or wardrobe lighting \u2014 even in high-use areas such as kitchens and retail displays.<\/p>\n\n\n\n<p style=\"padding-right:var(--wp--preset--spacing--50);padding-left:var(--wp--preset--spacing--50)\">M\u00fc\u015fteriler ayr\u0131ca bu profilleri, LED kurulumlar\u0131n\u0131n kontrol\u00fcn\u00fc ve \u00f6mr\u00fcn\u00fc uzatan dim edilebilir g\u00fc\u00e7 kaynaklar\u0131 ve LED s\u00fcr\u00fcc\u00fclerle birlikte sat\u0131n al\u0131yor. Uyumluluk aksesuarlar\u0131n\u0131 ke\u015ffedin, \u00f6rne\u011fin <mark style=\"background-color:rgba(0, 0, 0, 0)\" class=\"has-inline-color has-vivid-red-color\"><a href=\"https:\/\/tangooled.com\/tr\/urun\/black-led-profile-with-black-diffuser-for-10mm-led-strip-light\/\">10mm LED \u015ferit \u0131\u015f\u0131k i\u00e7in siyah dif\u00fcz\u00f6rl\u00fc siyah LED profili<\/a><em> <\/em><\/mark>veya g\u00f6z at\u0131n <a href=\"https:\/\/tangooled.com\/tr\/urun\/17mm-led-strip-light-aluminum-channel-for-surface-mounting\/\"><mark style=\"background-color:rgba(0, 0, 0, 0)\" class=\"has-inline-color has-vivid-red-color\">y\u00fczeye montaj i\u00e7in 17mm LED \u015ferit \u0131\u015f\u0131k al\u00fcminyum kanal\u0131<\/mark><\/a> y\u00fczeye montaj alternatifleri i\u00e7in.<\/p>\n<\/div><\/div>\n\n\n\n<p><\/p>","protected":false},"featured_media":14394,"template":"","meta":{"_acf_changed":true,"_seopress_robots_primary_cat":"none","_seopress_titles_title":"17x8mm Recessed LED Profile Aluminum Channel | TANGOOLED","_seopress_titles_desc":"Buy professional 17x8mm recessed LED profile featuring a slim design. Ideal for 10mm-12mm LED strips, this aluminum channel hides cutout edges for a perfect flush-mount finish.","_seopress_robots_index":""},"pcb-width":[228],"product-cat":[193],"class_list":{"0":"post-34937","1":"product","2":"type-product","3":"status-publish","4":"has-post-thumbnail","6":"pcb-width-6-12mm","7":"product-cat-recessed-profile"},"acf":[],"_links":{"self":[{"href":"https:\/\/tangooled.com\/tr\/wp-json\/wp\/v2\/product\/34937","targetHints":{"allow":["GET"]}}],"collection":[{"href":"https:\/\/tangooled.com\/tr\/wp-json\/wp\/v2\/product"}],"about":[{"href":"https:\/\/tangooled.com\/tr\/wp-json\/wp\/v2\/types\/product"}],"wp:featuredmedia":[{"embeddable":true,"href":"https:\/\/tangooled.com\/tr\/wp-json\/wp\/v2\/media\/14394"}],"wp:attachment":[{"href":"https:\/\/tangooled.com\/tr\/wp-json\/wp\/v2\/media?parent=34937"}],"wp:term":[{"taxonomy":"pcb-width","embeddable":true,"href":"https:\/\/tangooled.com\/tr\/wp-json\/wp\/v2\/pcb-width?post=34937"},{"taxonomy":"product-cat","embeddable":true,"href":"https:\/\/tangooled.com\/tr\/wp-json\/wp\/v2\/product-cat?post=34937"}],"curies":[{"name":"wp","href":"https:\/\/api.w.org\/{rel}","templated":true}]}}