{"id":34933,"date":"2025-06-30T23:58:39","date_gmt":"2025-07-01T07:58:39","guid":{"rendered":"https:\/\/tangooled.com\/?post_type=product&#038;p=34933"},"modified":"2026-02-02T22:29:28","modified_gmt":"2026-02-03T06:29:28","slug":"recessed-triple-row-led-strip-light-channel-with-diffusers","status":"publish","type":"product","link":"https:\/\/tangooled.com\/tr\/urun\/recessed-triple-row-led-strip-light-channel-with-diffusers\/","title":{"rendered":"dif\u00fcz\u00f6rl\u00fc yerle\u015fik \u00fc\u00e7 s\u0131ra led \u015ferit \u0131\u015f\u0131k kanal\u0131"},"content":{"rendered":"<div class=\"wp-block-group is-vertical is-layout-flex wp-container-core-group-is-layout-d255d7c4 wp-block-group-is-layout-flex\" style=\"padding-top:var(--wp--preset--spacing--80);padding-bottom:var(--wp--preset--spacing--80)\">\n<p>Yerle\u015fik \u00fc\u00e7 s\u0131ra LED kanal\u0131m\u0131z RPT01, harika, e\u015fit bir \u0131\u015f\u0131k elde etmenize yard\u0131mc\u0131 olacakt\u0131r. Bu kanalda, her biri 11.2 mm geni\u015fli\u011finde olan, bir LED \u015feridi ve bir dif\u00fcz\u00f6r tutabilen \u00fc\u00e7 ba\u011f\u0131ms\u0131z i\u00e7 kanal bulunmaktad\u0131r. Bu sayede \u0131\u015f\u0131\u011f\u0131 \u00e7e\u015fitli \u015fekillerde ayarlayabilir ve \u00e7ok fazla \u0131\u015f\u0131k alabilirsiniz.<br>D\u0131\u015f boyutlar&nbsp;48.7mm (d\u0131\u015f geni\u015flik) ve 8.4mm (toplam y\u00fckseklik) dir. Profil, m\u00fckemmel \u0131s\u0131 da\u011f\u0131l\u0131m\u0131 sa\u011flayan sa\u011flam, ekstr\u00fcde edilmi\u015f 6063-T5 al\u00fcminyum ala\u015f\u0131m\u0131ndan yap\u0131lm\u0131\u015ft\u0131r. Beraberinde gelen y\u00fcksek kaliteli PC (Polikarbonat) dif\u00fcz\u00f6rler, \u0131\u015f\u0131\u011f\u0131n e\u015fit \u015fekilde da\u011f\u0131lmas\u0131n\u0131 ve hi\u00e7bir nokta olmadan sa\u011flanmas\u0131n\u0131 sa\u011flar. Sistemi vidalayarak kolayca kurabilirsiniz; t\u00fcm gerekli u\u00e7 kapaklar\u0131yla birlikte gelir.<br>Bu \u00fc\u00e7 s\u0131ra kanal, i\u00e7 mekan kullan\u0131m\u0131 i\u00e7in uygundur ve yerle\u015fik bir kayna\u011f\u0131n m\u00fcmk\u00fcn oldu\u011funca \u00e7ok \u0131\u015f\u0131k yaymas\u0131 gereken uygulamalar i\u00e7in idealdir. \u00d6rnekler aras\u0131nda mutfaklarda veya banyolarda genel ayd\u0131nlatma, derin dolap ayd\u0131nlatmas\u0131 veya y\u00fcksek tavanl\u0131 ma\u011fazalar ve ofisler i\u00e7in ticari ayd\u0131nlatma bulunmaktad\u0131r.<\/p>\n<\/div>\n\n\n\n<div class=\"wp-block-group has-background is-vertical is-layout-flex wp-container-core-group-is-layout-d255d7c4 wp-block-group-is-layout-flex\" style=\"background-color:#f1f1f1;padding-top:var(--wp--preset--spacing--80);padding-bottom:var(--wp--preset--spacing--80)\">\n<div class=\"wp-block-group is-vertical is-layout-flex wp-container-core-group-is-layout-8cf370e7 wp-block-group-is-layout-flex\">\n<h2 class=\"wp-block-heading\" style=\"padding-top:var(--wp--preset--spacing--40);padding-bottom:var(--wp--preset--spacing--40);font-size:25px;font-style:normal;font-weight:600;text-transform:capitalize\">Neden Yerle\u015fik \u00dc\u00e7 S\u0131ra LED Kanal\u0131m\u0131z\u0131 Se\u00e7melisiniz?<\/h2>\n\n\n\n<ul class=\"wp-block-list\">\n<li>Parlak ve g\u00fc\u00e7l\u00fc: \u00dc\u00e7 LED \u015feridi tutabilir; bu da hem genel hem de g\u00f6rev ayd\u0131nlatmas\u0131 i\u00e7in sizi parlak, e\u015fit bir \u0131\u015f\u0131k ile besler.<\/li>\n\n\n\n<li>Temiz ve D\u00fcz G\u00f6r\u00fcn\u00fcm: Dif\u00fcz\u00f6rl\u00fc yerle\u015fik \u00fc\u00e7 s\u0131ra LED \u015ferit \u0131\u015f\u0131k kanal\u0131, al\u00e7\u0131pan veya tavana d\u00fcz bir \u015fekilde oturur ve odan\u0131za temiz bir g\u00f6r\u00fcn\u00fcm kazand\u0131r\u0131r.<\/li>\n\n\n\n<li>Dayan\u0131kl\u0131 Malzeme: Kanal\u0131 yapmak i\u00e7in kullan\u0131lan al\u00fcminyum, LED \u015feritlerinizi serin ve g\u00fcvende tutacak kadar sa\u011flamd\u0131r.<\/li>\n\n\n\n<li>Yumu\u015fak I\u015f\u0131k: Dif\u00fcz\u00f6r kanal\u0131 \u0131\u015f\u0131\u011f\u0131 yumu\u015fatarak sert noktalar\u0131 ve s\u0131cak noktalar\u0131 ortadan kald\u0131r\u0131r; bu da ayd\u0131nlatman\u0131n g\u00fczel ve e\u015fit g\u00f6r\u00fcnmesini sa\u011flar.<\/li>\n<\/ul>\n<\/div>\n<\/div>\n\n\n\n<div class=\"wp-block-group\" style=\"padding-top:var(--wp--preset--spacing--60);padding-bottom:var(--wp--preset--spacing--60)\"><div class=\"wp-block-group__inner-container is-layout-constrained wp-block-group-is-layout-constrained\">\n<div class=\"wp-block-media-text has-media-on-the-right is-stacked-on-mobile\"><div class=\"wp-block-media-text__content\">\n<h2 class=\"wp-block-heading\" style=\"padding-top:var(--wp--preset--spacing--40);padding-bottom:var(--wp--preset--spacing--40);font-size:25px;font-style:normal;font-weight:600;text-transform:capitalize\">Nas\u0131l Kullan\u0131l\u0131r?<\/h2>\n\n\n\n<ul class=\"wp-block-list\">\n<li>\u00dc\u00e7 s\u0131ra LED kanal\u0131n\u0131 do\u011fru uzunlukta kesin.<\/li>\n\n\n\n<li>Bunu al\u00e7\u0131pan, tavana veya ba\u015fka herhangi bir d\u00fcz y\u00fczeye d\u00fcz bir \u015fekilde yerle\u015ftirin.<\/li>\n\n\n\n<li>LED \u015ferit \u0131\u015f\u0131klar\u0131n\u0131z\u0131 kanala yerle\u015ftirin.<\/li>\n\n\n\n<li>Yumu\u015fak \u0131\u015f\u0131k olu\u015fturmak ve s\u0131cak noktalar\u0131 gizlemek i\u00e7in dif\u00fcz\u00f6r kapa\u011f\u0131n\u0131 tak\u0131n.<\/li>\n\n\n\n<li>Her \u015feyi yerinde tutmak i\u00e7in yap\u0131\u015fkan bant ve u\u00e7 kapaklar\u0131 kullanarak g\u00fczel bir biti\u015f elde edin.<\/li>\n<\/ul>\n<\/div><figure class=\"wp-block-media-text__media\"><img loading=\"lazy\" decoding=\"async\" width=\"500\" height=\"500\" src=\"https:\/\/tangooled.com\/wp-content\/uploads\/2025\/06\/rpt01-ins.webp\" alt=\"dif\u00fcz\u00f6rl\u00fc yerle\u015fik \u00fc\u00e7 s\u0131ra led \u015ferit \u0131\u015f\u0131k kanal\u0131\" class=\"wp-image-41819 size-full\" srcset=\"https:\/\/tangooled.com\/wp-content\/uploads\/2025\/06\/rpt01-ins.webp 500w, https:\/\/tangooled.com\/wp-content\/uploads\/2025\/06\/rpt01-ins-300x300.webp 300w, https:\/\/tangooled.com\/wp-content\/uploads\/2025\/06\/rpt01-ins-150x150.webp 150w\" sizes=\"auto, (max-width: 500px) 100vw, 500px\" \/><\/figure><\/div>\n<\/div><\/div>\n\n\n\n<div class=\"wp-block-group has-background\" style=\"background-color:#f1f1f1;padding-top:var(--wp--preset--spacing--80);padding-bottom:var(--wp--preset--spacing--80)\"><div class=\"wp-block-group__inner-container is-layout-constrained wp-block-group-is-layout-constrained\">\n<h2 class=\"wp-block-heading\" style=\"padding-top:var(--wp--preset--spacing--40);padding-bottom:var(--wp--preset--spacing--40);font-size:25px;font-style:normal;font-weight:600;text-transform:capitalize\">Bir\u00e7ok Alan ve Kullan\u0131m i\u00e7in M\u00fckemmel<\/h2>\n\n\n\n<p style=\"padding-right:var(--wp--preset--spacing--50);padding-left:var(--wp--preset--spacing--50)\">Dif\u00fcz\u00f6rl\u00fc yerle\u015fik \u00fc\u00e7 s\u0131ra LED \u015ferit \u0131\u015f\u0131k kanal\u0131, odalar\u0131n\u0131za yeni ve parlak bir g\u00f6r\u00fcn\u00fcm kazand\u0131racak. \u0130\u015fte iyi \u00e7al\u0131\u015ft\u0131\u011f\u0131 alanlar:<\/p>\n\n\n\n<ul class=\"wp-block-list\">\n<li>Oturma odalar\u0131 ve yatak odalar\u0131 (genel ayd\u0131nlatma ve vurgular)<\/li>\n\n\n\n<li>Mutfaklar, kilerler ve dolaplardaki i\u015f ayd\u0131nlatmas\u0131 ve alt ayd\u0131nlatma<\/li>\n\n\n\n<li>Ticari alanlar, \u00f6rne\u011fin ma\u011fazalar ve ofisler, tavan ayd\u0131nlatmalar\u0131n\u0131n hepsinin ayn\u0131 renkte oldu\u011fu yerler<\/li>\n\n\n\n<li>Mobilyalar, dolaplar ve raflar (\u00f6zel ayd\u0131nlatma ile entegre)<\/li>\n\n\n\n<li>Bina par\u00e7alar\u0131, duvarlar ve ni\u015fler dahil, \u0131\u015f\u0131k hatlar\u0131n\u0131 d\u00fczg\u00fcn ve e\u015fit hale getiren<\/li>\n<\/ul>\n<\/div><\/div>\n\n\n\n<div class=\"wp-block-group\" style=\"padding-top:var(--wp--preset--spacing--80);padding-bottom:var(--wp--preset--spacing--80)\"><div class=\"wp-block-group__inner-container is-layout-constrained wp-block-group-is-layout-constrained\">\n<p style=\"font-size:20px\">Bu kanal\u0131n di\u011fer profillerle kar\u015f\u0131la\u015ft\u0131rmas\u0131na g\u00f6z at\u0131n, \u00f6rne\u011fin <mark style=\"background-color:rgba(0, 0, 0, 0)\" class=\"has-inline-color has-vivid-red-color\"><a href=\"https:\/\/tangooled.com\/tr\/urun\/black-led-profile-with-black-diffuser-for-10mm-led-strip-light\/\">10 mm LED \u015ferit \u0131\u015f\u0131k i\u00e7in siyah dif\u00fcz\u00f6rl\u00fc siyah LED profili<\/a> <\/mark>veya<a href=\"https:\/\/tangooled.com\/tr\/urun\/led-strip-light-channel-aluminum-profile-with-diffused-cover-6mm-height\/\"><mark style=\"background-color:rgba(0, 0, 0, 0)\" class=\"has-inline-color has-vivid-red-color\"> Dif\u00fcz\u00f6r kapakl\u0131 6 mm y\u00fckseklikte led \u015ferit ayd\u0131nlatma kanal\u0131 al\u00fcminyum profil<\/mark><\/a> di\u011fer ayd\u0131nlatma stilleri i\u00e7in.<\/p>\n<\/div><\/div>\n\n\n\n<div class=\"wp-block-group has-background\" style=\"background-color:#f1f1f1;padding-top:var(--wp--preset--spacing--80);padding-bottom:var(--wp--preset--spacing--80)\"><div class=\"wp-block-group__inner-container is-layout-constrained wp-block-group-is-layout-constrained\">\n<h2 class=\"wp-block-heading\" style=\"padding-top:var(--wp--preset--spacing--40);padding-bottom:var(--wp--preset--spacing--40);font-size:25px;font-style:normal;font-weight:600;text-transform:capitalize\">Ayr\u0131ca Bu \u0130lgili \u00dcr\u00fcnlere G\u00f6z At\u0131n<\/h2>\n\n\n\n<ul class=\"wp-block-list\">\n<li>Siyah LED profiller istiyorsan\u0131z, deneyin <a href=\"https:\/\/tangooled.com\/tr\/urun\/black-led-diffuser-aluminum-channel-for-12mm-tape-lights\/\"><mark style=\"background-color:rgba(0, 0, 0, 0)\" class=\"has-inline-color has-vivid-red-color\">12mm \u015ferit lambalar i\u00e7in siyah led dif\u00fcz\u00f6r al\u00fcminyum kanal<\/mark><\/a><\/li>\n\n\n\n<li>E\u011fer profili bir y\u00fczeye kurmak istiyorsan\u0131z, bak\u0131n <a href=\"https:\/\/tangooled.com\/tr\/urun\/surface-mount-led-profile-with-frosted-diffuser-for-10mm-rope-lights\/\"><mark style=\"background-color:rgba(0, 0, 0, 0)\" class=\"has-inline-color has-vivid-red-color\">buzlu dif\u00fcz\u00f6rl\u00fc U \u015fekli y\u00fczey montaj LED profili<\/mark><\/a><\/li>\n\n\n\n<li>Daha ince bir \u015ferit mi laz\u0131m? \u015euna bak\u0131n <a href=\"https:\/\/tangooled.com\/tr\/urun\/25x6mm-low-profile-led-strip-channel-for-10mm-led-strip-light\/\"><mark style=\"background-color:rgba(0, 0, 0, 0)\" class=\"has-inline-color has-vivid-red-color\">10 mm LED \u015ferit \u0131\u015f\u0131k i\u00e7in al\u00e7ak profilli LED kanal<\/mark><\/a> <\/li>\n<\/ul>\n<\/div><\/div>\n\n\n\n<p><\/p>","protected":false},"featured_media":14317,"template":"","meta":{"_acf_changed":true,"_seopress_robots_primary_cat":"none","_seopress_titles_title":"Recessed Triple Row LED Channel | High Output Lighting | TANGOOLED","_seopress_titles_desc":"Source the RPT01 recessed triple row LED channel. Professional aluminum profile designed for triple row strips to achieve high-lumen, uniform lighting in commercial projects.","_seopress_robots_index":""},"pcb-width":[228],"product-cat":[193],"class_list":{"0":"post-34933","1":"product","2":"type-product","3":"status-publish","4":"has-post-thumbnail","6":"pcb-width-6-12mm","7":"product-cat-recessed-profile"},"acf":[],"_links":{"self":[{"href":"https:\/\/tangooled.com\/tr\/wp-json\/wp\/v2\/product\/34933","targetHints":{"allow":["GET"]}}],"collection":[{"href":"https:\/\/tangooled.com\/tr\/wp-json\/wp\/v2\/product"}],"about":[{"href":"https:\/\/tangooled.com\/tr\/wp-json\/wp\/v2\/types\/product"}],"wp:featuredmedia":[{"embeddable":true,"href":"https:\/\/tangooled.com\/tr\/wp-json\/wp\/v2\/media\/14317"}],"wp:attachment":[{"href":"https:\/\/tangooled.com\/tr\/wp-json\/wp\/v2\/media?parent=34933"}],"wp:term":[{"taxonomy":"pcb-width","embeddable":true,"href":"https:\/\/tangooled.com\/tr\/wp-json\/wp\/v2\/pcb-width?post=34933"},{"taxonomy":"product-cat","embeddable":true,"href":"https:\/\/tangooled.com\/tr\/wp-json\/wp\/v2\/product-cat?post=34933"}],"curies":[{"name":"wp","href":"https:\/\/api.w.org\/{rel}","templated":true}]}}