{"id":34906,"date":"2025-06-30T22:41:00","date_gmt":"2025-07-01T06:41:00","guid":{"rendered":"https:\/\/tangooled.com\/?post_type=product&#038;p=34906"},"modified":"2026-02-02T02:19:16","modified_gmt":"2026-02-02T10:19:16","slug":"30x30mm-corner-mount-black-led-profile-v-channel","status":"publish","type":"product","link":"https:\/\/tangooled.com\/tr\/urun\/30x30mm-corner-mount-black-led-profile-v-channel\/","title":{"rendered":"k\u00f6\u015fe montaj siyah led profili al\u00fcminyum v kanal\u0131 30x30mm"},"content":{"rendered":"<div class=\"wp-block-group is-vertical is-layout-flex wp-container-core-group-is-layout-d255d7c4 wp-block-group-is-layout-flex\" style=\"padding-top:var(--wp--preset--spacing--80);padding-bottom:var(--wp--preset--spacing--80)\">\n<p>K\u00f6\u015fe montaj siyah led profilimiz 30x30mm kanal&nbsp;ortam\u0131n\u0131z\u0131&nbsp;daha ayd\u0131nl\u0131k hale getirecek. Bu siyah al\u00fcminyum&nbsp;V-kanal\u0131, LED \u015feritlerini k\u00f6\u015felere ve odalar\u0131n s\u0131n\u0131rlar\u0131na ak\u0131ll\u0131 ve d\u00fczenli bir \u015fekilde yerle\u015ftirmek i\u00e7in m\u00fckemmeldir. Bu profil, 20.2mm geni\u015fli\u011finde LED \u015feritlerini ta\u015f\u0131yabilen g\u00fc\u00e7l\u00fc ve dayan\u0131kl\u0131 bir kasa sunmaktad\u0131r. D\u0131\u015f \u00f6l\u00e7\u00fcleri 30.0mm'ye 30.0mm'dir. B\u00fcy\u00fck, e\u011fimli dif\u00fcz\u00f6r \u0131\u015f\u0131\u011f\u0131 geni\u015f bir alana yayarak mek\u00e2na&nbsp;modern, mimari bir g\u00f6r\u00fcn\u00fcm kazand\u0131r\u0131r. Bu profil, ister alt dolap ayd\u0131nlatmas\u0131, ister vitrin sergileri, ister mimari vurgular i\u00e7in olsun, p\u00fcr\u00fczs\u00fcz, \u0131\u015f\u0131ldayan bir \u0131\u015f\u0131k elde etmenize yard\u0131mc\u0131 olur ve lekelenme veya parlama olmadan arzulad\u0131\u011f\u0131n\u0131z ayd\u0131nlatmay\u0131 sa\u011flar. Montaj kolay ve g\u00fcvenlidir, genellikle profili k\u00f6\u015fe duvarlar\u0131na vidalayarak sa\u011flam bir uyum sa\u011flamak i\u00e7in yap\u0131l\u0131r.<\/p>\n<\/div>\n\n\n\n<div class=\"wp-block-group has-background is-vertical is-layout-flex wp-container-core-group-is-layout-d255d7c4 wp-block-group-is-layout-flex\" style=\"background-color:#f1f1f1;padding-top:var(--wp--preset--spacing--80);padding-bottom:var(--wp--preset--spacing--80)\">\n<div class=\"wp-block-group is-vertical is-layout-flex wp-container-core-group-is-layout-8cf370e7 wp-block-group-is-layout-flex\">\n<h2 class=\"wp-block-heading\" style=\"padding-top:var(--wp--preset--spacing--40);padding-bottom:var(--wp--preset--spacing--40);font-size:25px;font-style:normal;font-weight:600;text-transform:capitalize\">Neden K\u00f6\u015fe Montaj Siyah LED Profilimizi Se\u00e7melisiniz?<\/h2>\n\n\n\n<ul class=\"wp-block-list\">\n<li>Siyah al\u00fcminyum kasa, g\u00fc\u00e7l\u00fc ve \u015f\u0131k olup LED \u015feritlerini korur.<\/li>\n\n\n\n<li>90 derece a\u00e7\u0131larla k\u00f6\u015felere oturacak \u015fekilde tasarlanm\u0131\u015ft\u0131r.<\/li>\n\n\n\n<li>20mm geni\u015fli\u011finde veya daha dar LED \u015feritleri ile \u00e7al\u0131\u015f\u0131r.<\/li>\n\n\n\n<li>I\u015f\u0131\u011f\u0131 yumu\u015fat\u0131p e\u015fit da\u011f\u0131tan opal bir dif\u00fcz\u00f6r ile gelir.<\/li>\n\n\n\n<li>Bir ni\u015fi, dolab\u0131 veya i\u015f sergisini ayd\u0131nlatmak i\u00e7in m\u00fckemmel.<\/li>\n\n\n\n<li>Montaj\u0131 kolayla\u015ft\u0131ran vidalar ve u\u00e7 kapaklar\u0131 ile birlikte gelir.<\/li>\n<\/ul>\n<\/div>\n<\/div>\n\n\n\n<div class=\"wp-block-group is-vertical is-layout-flex wp-container-core-group-is-layout-d255d7c4 wp-block-group-is-layout-flex\" style=\"padding-top:var(--wp--preset--spacing--80);padding-bottom:var(--wp--preset--spacing--80)\">\n<hr class=\"wp-block-separator has-alpha-channel-opacity\"\/>\n\n\n\n<div class=\"wp-block-media-text has-media-on-the-right is-stacked-on-mobile\" style=\"grid-template-columns:auto 40%\"><div class=\"wp-block-media-text__content\">\n<h2 class=\"wp-block-heading\" style=\"padding-top:var(--wp--preset--spacing--40);padding-bottom:var(--wp--preset--spacing--40);font-size:25px;font-style:normal;font-weight:600;text-transform:capitalize\">Kolayca Nas\u0131l Montaj Yap\u0131l\u0131r<\/h2>\n\n\n\n<ul class=\"wp-block-list\">\n<li>Bu kanal\u0131 k\u00f6\u015feye sabitlemek i\u00e7in vidalar kullan\u0131n.<\/li>\n\n\n\n<li>LED \u015feridi kanala yerle\u015ftirin.<\/li>\n\n\n\n<li>I\u015f\u0131\u011f\u0131n e\u015fit da\u011f\u0131l\u0131m\u0131n\u0131 sa\u011flamak i\u00e7in LED dif\u00fcz\u00f6re a\u015fa\u011f\u0131dan bas\u0131n.<\/li>\n\n\n\n<li>Tamamlanm\u0131\u015f g\u00f6r\u00fcnmesi i\u00e7in u\u00e7 kapaklar\u0131 tak\u0131n.<\/li>\n<\/ul>\n<\/div><figure class=\"wp-block-media-text__media\"><img loading=\"lazy\" decoding=\"async\" width=\"500\" height=\"500\" src=\"https:\/\/tangooled.com\/wp-content\/uploads\/2025\/06\/la30b-ins.webp\" alt=\"k\u00f6\u015fe montaj siyah led profili al\u00fcminyum v kanal\u0131 30x30mm\" class=\"wp-image-41964 size-full\" srcset=\"https:\/\/tangooled.com\/wp-content\/uploads\/2025\/06\/la30b-ins.webp 500w, https:\/\/tangooled.com\/wp-content\/uploads\/2025\/06\/la30b-ins-300x300.webp 300w, https:\/\/tangooled.com\/wp-content\/uploads\/2025\/06\/la30b-ins-150x150.webp 150w\" sizes=\"auto, (max-width: 500px) 100vw, 500px\" \/><\/figure><\/div>\n<\/div>\n\n\n\n<div class=\"wp-block-group has-background is-vertical is-layout-flex wp-container-core-group-is-layout-b429018a wp-block-group-is-layout-flex\" style=\"background-color:#f1f1f1f2;padding-top:var(--wp--preset--spacing--70);padding-bottom:var(--wp--preset--spacing--70)\">\n<h2 class=\"wp-block-heading\" style=\"padding-top:var(--wp--preset--spacing--40);padding-bottom:var(--wp--preset--spacing--40);font-size:25px;font-style:normal;font-weight:600\">Bu K\u00f6\u015fe Montaj Siyah LED Profil 30x30mm Nerelerde Kullan\u0131l\u0131r<\/h2>\n\n\n\n<ul class=\"wp-block-list\">\n<li>Tezgahlara ve \u00e7al\u0131\u015fma alanlar\u0131na \u0131\u015f\u0131k vermek i\u00e7in alt dolap ayd\u0131nlatmas\u0131.<\/li>\n\n\n\n<li>Daha iyi bir ortam yaratmak i\u00e7in mimari ni\u015fler ve tavan k\u00f6\u015feleri.<\/li>\n\n\n\n<li>\u00dcr\u00fcnleri m\u00fckemmel \u015fekilde ayd\u0131nlatan perakende sergileri ve vitrinler.<\/li>\n\n\n\n<li>Karanl\u0131k k\u00f6\u015fe alanlar\u0131n\u0131 ayd\u0131nlatmak i\u00e7in giysi dolaplar\u0131 ve dolaplar.<\/li>\n\n\n\n<li>Ofisler ve \u00e7al\u0131\u015fma alanlar\u0131nda net, parlamas\u0131z ayd\u0131nlatma i\u00e7in g\u00f6rev ayd\u0131nlatmas\u0131.<\/li>\n<\/ul>\n<\/div>\n\n\n\n<div class=\"wp-block-group is-vertical is-layout-flex wp-container-core-group-is-layout-d255d7c4 wp-block-group-is-layout-flex\" style=\"padding-top:var(--wp--preset--spacing--80);padding-bottom:var(--wp--preset--spacing--80)\">\n<h2 class=\"wp-block-heading\" style=\"padding-top:var(--wp--preset--spacing--40);padding-bottom:var(--wp--preset--spacing--40);font-size:25px;font-style:normal;font-weight:600;text-transform:capitalize\">\u0130lgili Profilleri Kar\u015f\u0131la\u015ft\u0131r ve Ke\u015ffet<\/h2>\n\n\n\n<p>Di\u011fer ayd\u0131nlatma ihtiya\u00e7lar\u0131 i\u00e7in bu se\u00e7enekleri kontrol edin:<\/p>\n\n\n\n<ul class=\"wp-block-list\">\n<li><a href=\"https:\/\/tangooled.com\/tr\/urun\/surface-mount-led-profile-with-frosted-diffuser-for-10mm-rope-lights\/\"><mark style=\"background-color:rgba(0, 0, 0, 0)\" class=\"has-inline-color has-vivid-red-color\">10 mm kablo \u0131\u015f\u0131klar\u0131 i\u00e7in frosted dif\u00fcz\u00f6rl\u00fc y\u00fczey montaj LED profili<\/mark><\/a><\/li>\n\n\n\n<li><a href=\"https:\/\/tangooled.com\/tr\/urun\/black-aluminum-u-channel-profile-for-10mm-led-strips\/\"><mark style=\"background-color:rgba(0, 0, 0, 0)\" class=\"has-inline-color has-vivid-red-color\">10mm LED \u015feritler i\u00e7in siyah al\u00fcminyum U kanal\u0131 profili<\/mark><\/a><\/li>\n\n\n\n<li><a href=\"https:\/\/tangooled.com\/tr\/urun\/25x14m-surface-mounted-led-light-aluminum-profile\/\"><mark style=\"background-color:rgba(0, 0, 0, 0)\" class=\"has-inline-color has-vivid-red-color\">Y\u00fczeye monte edilebilen 25x14mm LED \u0131\u015f\u0131k al\u00fcminyum profili<\/mark><\/a><\/li>\n\n\n\n<li><a href=\"https:\/\/tangooled.com\/tr\/urun\/v-shape-diffuser-corner-aluminum-led-profile-inner-20mm\/\"><mark style=\"background-color:rgba(0, 0, 0, 0)\" class=\"has-inline-color has-vivid-red-color\">V \u015eekli dif\u00fcz\u00f6r k\u00f6\u015fe al\u00fcminyum LED profili i\u00e7 20mm<\/mark><\/a><\/li>\n<\/ul>\n<\/div>\n\n\n\n<div class=\"wp-block-group\" style=\"padding-top:var(--wp--preset--spacing--80);padding-bottom:var(--wp--preset--spacing--80)\"><div class=\"wp-block-group__inner-container is-layout-constrained wp-block-group-is-layout-constrained\">\n<h2 class=\"wp-block-heading\" style=\"padding-top:var(--wp--preset--spacing--40);padding-bottom:var(--wp--preset--spacing--40);font-size:25px;font-style:normal;font-weight:600;text-transform:capitalize\">\u00d6zet: Ayd\u0131nlat\u0131c\u0131 K\u00f6\u015feler \u0130\u00e7in Tasarland\u0131<\/h2>\n\n\n\n<p>Siyah k\u00f6\u015fe LED profilimiz 30x30mm, temiz, profesyonel LED k\u00f6\u015fe ayd\u0131nlatmas\u0131 isteyen herkes i\u00e7in m\u00fckemmel bir se\u00e7imdir. Opal dif\u00fcz\u00f6r, mat siyah kaplama ve g\u00fc\u00e7l\u00fc al\u00fcminyum V kanal\u0131, hem \u015f\u0131k g\u00f6r\u00fcnmekte hem de iyi \u00e7al\u0131\u015fmaktad\u0131r. Bunu mutfaklarda, ofislerde, perakende ma\u011fazalar\u0131nda veya parlak, e\u015fit k\u00f6\u015fe ayd\u0131nlatmas\u0131n\u0131n gerekti\u011fi herhangi bir yerde kullanabilirsiniz.<\/p>\n<\/div><\/div>\n\n\n\n<p><\/p>","protected":false},"featured_media":14070,"template":"","meta":{"_acf_changed":true,"_seopress_robots_primary_cat":"none","_seopress_titles_title":"30x30mm Corner Mount Black LED Profile | V-Channel | TANGOOLED","_seopress_titles_desc":"Source the LA30B 30x30mm corner mount black led profile. Heavy-duty black aluminum V-channel for architectural corner lighting projects. Durable & sleek.","_seopress_robots_index":""},"pcb-width":[229],"product-cat":[196],"class_list":{"0":"post-34906","1":"product","2":"type-product","3":"status-publish","4":"has-post-thumbnail","6":"pcb-width-15-20mm","7":"product-cat-corner-profile"},"acf":[],"_links":{"self":[{"href":"https:\/\/tangooled.com\/tr\/wp-json\/wp\/v2\/product\/34906","targetHints":{"allow":["GET"]}}],"collection":[{"href":"https:\/\/tangooled.com\/tr\/wp-json\/wp\/v2\/product"}],"about":[{"href":"https:\/\/tangooled.com\/tr\/wp-json\/wp\/v2\/types\/product"}],"wp:featuredmedia":[{"embeddable":true,"href":"https:\/\/tangooled.com\/tr\/wp-json\/wp\/v2\/media\/14070"}],"wp:attachment":[{"href":"https:\/\/tangooled.com\/tr\/wp-json\/wp\/v2\/media?parent=34906"}],"wp:term":[{"taxonomy":"pcb-width","embeddable":true,"href":"https:\/\/tangooled.com\/tr\/wp-json\/wp\/v2\/pcb-width?post=34906"},{"taxonomy":"product-cat","embeddable":true,"href":"https:\/\/tangooled.com\/tr\/wp-json\/wp\/v2\/product-cat?post=34906"}],"curies":[{"name":"wp","href":"https:\/\/api.w.org\/{rel}","templated":true}]}}