{"id":34903,"date":"2025-06-30T22:27:09","date_gmt":"2025-07-01T06:27:09","guid":{"rendered":"https:\/\/tangooled.com\/?post_type=product&#038;p=34903"},"modified":"2026-02-02T02:18:42","modified_gmt":"2026-02-02T10:18:42","slug":"slim-corner-led-channel-for-5mm-strips-la05","status":"publish","type":"product","link":"https:\/\/tangooled.com\/tr\/urun\/slim-corner-led-channel-for-5mm-strips-la05\/","title":{"rendered":"5mm led \u015ferit lambas\u0131 i\u00e7in ince k\u00f6\u015fe led kanal\u0131 profili"},"content":{"rendered":"<div class=\"wp-block-group is-vertical is-layout-flex wp-container-core-group-is-layout-d255d7c4 wp-block-group-is-layout-flex\" style=\"padding-top:var(--wp--preset--spacing--80);padding-bottom:var(--wp--preset--spacing--80)\">\n<p>5mm LED \u015ferit \u0131\u015f\u0131klar\u0131 i\u00e7in tasarlanm\u0131\u015f ince k\u00f6\u015fe LED kanal profilimiz, ayd\u0131nlatman\u0131z\u0131 parlak ve temiz g\u00f6sterecek. Bu, LED \u015feritlerinizi koruman\u0131n ve dar alanlarda harika g\u00f6r\u00fcnmelerini sa\u011flaman\u0131n ak\u0131ll\u0131 ve kolay bir yoludur. Bu al\u00fcminyum d\u0131\u015flama d\u0131\u015far\u0131da 20.8mm geni\u015fli\u011finde ve 11.8mm y\u00fcksekli\u011findedir. \u0130\u00e7 bo\u015flu\u011fu ise 8.6mm\u2019dir. K\u00f6\u015feye iyi uyum sa\u011flayan ve \u0131\u015f\u0131\u011f\u0131 yumu\u015fak bir a\u00e7\u0131yla yayan \u015f\u0131k, kompakt bir g\u00f6r\u00fcn\u00fcme sahiptir. Bu, ince, dar ayd\u0131nlatmalar veya zarif vurgu ayd\u0131nlatmalar\u0131 i\u00e7in uygundur.<\/p>\n<\/div>\n\n\n\n<div class=\"wp-block-group has-background is-vertical is-layout-flex wp-container-core-group-is-layout-d255d7c4 wp-block-group-is-layout-flex\" style=\"background-color:#f1f1f1;padding-top:var(--wp--preset--spacing--80);padding-bottom:var(--wp--preset--spacing--80)\">\n<div class=\"wp-block-group is-vertical is-layout-flex wp-container-core-group-is-layout-8cf370e7 wp-block-group-is-layout-flex\">\n<h2 class=\"wp-block-heading\" style=\"padding-top:var(--wp--preset--spacing--40);padding-bottom:var(--wp--preset--spacing--40);font-size:25px;font-style:normal;font-weight:600;text-transform:capitalize\">Bu \u0130nce K\u00f6\u015fe LED Kanal\u0131n\u0131 Neden Se\u00e7melisiniz?<\/h2>\n\n\n\n<ul class=\"wp-block-list\">\n<li>Fits in tight spaces: This little LED channel for corners fits where bigger channels can&#8217;t.<\/li>\n\n\n\n<li>G\u00fc\u00e7l\u00fc al\u00fcminyumdan imal edilmi\u015ftir, LED \u015feritlerinizi korur ve \u0131s\u0131 da\u011f\u0131t\u0131c\u0131 i\u015flevi g\u00f6r\u00fcr.<\/li>\n\n\n\n<li>I\u015f\u0131\u011f\u0131 parlak ama yumu\u015fak yapan bu\u011fulu dif\u00fcz\u00f6r ile birlikte gelir, keskin kenar yoktur.<\/li>\n\n\n\n<li>Kolay montaj: H\u0131zl\u0131ca yapabilmeniz i\u00e7in vida ve u\u00e7 kapaklar\u0131 ile birlikte gelir.<\/li>\n\n\n\n<li>5mm LED \u015feritlerle \u00e7al\u0131\u015f\u0131r: Dar LED bantlarla g\u00fczel bir \u015fekilde uyum sa\u011flar.<\/li>\n\n\n\n<li>\u0130\u00e7 mekan i\u00e7in iyi: Evlerde ve di\u011fer yerlerde k\u00f6\u015feleri ayd\u0131nlatmak i\u00e7in harika.<\/li>\n<\/ul>\n<\/div>\n<\/div>\n\n\n\n<div class=\"wp-block-group\" style=\"padding-top:var(--wp--preset--spacing--60);padding-bottom:var(--wp--preset--spacing--60)\"><div class=\"wp-block-group__inner-container is-layout-constrained wp-block-group-is-layout-constrained\">\n<div class=\"wp-block-media-text has-media-on-the-right is-stacked-on-mobile\" style=\"grid-template-columns:auto 40%\"><div class=\"wp-block-media-text__content\">\n<h2 class=\"wp-block-heading\" style=\"padding-top:var(--wp--preset--spacing--40);padding-bottom:var(--wp--preset--spacing--40);font-size:25px;font-style:normal;font-weight:600;text-transform:capitalize\">Nas\u0131l Bir Araya Getirilir<\/h2>\n\n\n\n<ul class=\"wp-block-list\">\n<li>Kanal\u0131 k\u00f6\u015feye sabitlemek i\u00e7in vidalar\u0131 veya yap\u0131\u015ft\u0131r\u0131c\u0131y\u0131 kullan\u0131n.<\/li>\n\n\n\n<li>5mm LED \u015feridi dar kanala yerle\u015ftirin.<\/li>\n\n\n\n<li>I\u015f\u0131\u011f\u0131 yumu\u015fatmak i\u00e7in buzlu dif\u00fcz\u00f6r kapa\u011f\u0131n\u0131 tak\u0131n.<\/li>\n\n\n\n<li>Kenarlar\u0131 g\u00fczel g\u00f6r\u00fcnmesi i\u00e7in u\u00e7 kapaklar\u0131 tak\u0131n.<\/li>\n<\/ul>\n<\/div><figure class=\"wp-block-media-text__media\"><img loading=\"lazy\" decoding=\"async\" width=\"500\" height=\"500\" src=\"https:\/\/tangooled.com\/wp-content\/uploads\/2025\/06\/la05-ins.webp\" alt=\"5mm led \u015ferit lambas\u0131 i\u00e7in ince k\u00f6\u015fe led kanal\u0131 profili\" class=\"wp-image-41944 size-full\" srcset=\"https:\/\/tangooled.com\/wp-content\/uploads\/2025\/06\/la05-ins.webp 500w, https:\/\/tangooled.com\/wp-content\/uploads\/2025\/06\/la05-ins-300x300.webp 300w, https:\/\/tangooled.com\/wp-content\/uploads\/2025\/06\/la05-ins-150x150.webp 150w\" sizes=\"auto, (max-width: 500px) 100vw, 500px\" \/><\/figure><\/div>\n<\/div><\/div>\n\n\n\n<div class=\"wp-block-group has-background is-vertical is-layout-flex wp-container-core-group-is-layout-b429018a wp-block-group-is-layout-flex\" style=\"background-color:#f1f1f1f2;padding-top:var(--wp--preset--spacing--70);padding-bottom:var(--wp--preset--spacing--70)\">\n<h2 class=\"wp-block-heading\" style=\"padding-top:var(--wp--preset--spacing--40);padding-bottom:var(--wp--preset--spacing--40);font-size:25px;font-style:normal;font-weight:600;text-transform:capitalize\">\u0130nce K\u00f6\u015fe LED Kanal\u0131m\u0131z\u0131 Nerelerde Kullanabilirsiniz?<\/h2>\n\n\n\n<p>Bu k\u00fc\u00e7\u00fck \u015fekil, k\u00f6\u015felerde temiz \u0131\u015f\u0131k gerektiren bir\u00e7ok projede m\u00fckemmeldir, \u00f6rne\u011fin:<\/p>\n\n\n\n<ul class=\"wp-block-list\">\n<li>Mutfak veya i\u015fyerlerinde dolaplar\u0131n alt\u0131ndaki ayd\u0131nlatmalar<\/li>\n\n\n\n<li>D\u00fckkanlardaki vitrin ayd\u0131nlatmalar\u0131&nbsp;<\/li>\n\n\n\n<li>Kolay eri\u015fim i\u00e7in dolap ve gard\u0131roplarda ayd\u0131nlatma<\/li>\n\n\n\n<li>Bir raf\u0131n kenar\u0131nda dolayl\u0131 ayd\u0131nlatma<\/li>\n<\/ul>\n<\/div>\n\n\n\n<div class=\"wp-block-group is-vertical is-layout-flex wp-container-core-group-is-layout-d255d7c4 wp-block-group-is-layout-flex\" style=\"padding-top:var(--wp--preset--spacing--80);padding-bottom:var(--wp--preset--spacing--80)\">\n<h2 class=\"wp-block-heading\" style=\"padding-top:var(--wp--preset--spacing--40);padding-bottom:var(--wp--preset--spacing--40);font-size:25px;font-style:normal;font-weight:600;text-transform:capitalize\">\u0130lgili \u00dcr\u00fcnler Hakk\u0131nda Daha Fazla Bilgi Edinin<\/h2>\n\n\n\n<ul class=\"wp-block-list\">\n<li>Our black led profile with black diffuser for 10mm led strip light \u2014 a great choice for wider LED tapes.<\/li>\n\n\n\n<li>D\u00fc\u015f\u00fck profilli kurulumlar i\u00e7in 6mm y\u00fckseklikte dif\u00fcz\u00f6r kapakl\u0131 LED \u015ferit \u0131\u015f\u0131\u011f\u0131 kanal\u0131 al\u00fcminyum profili.<\/li>\n\n\n\n<li>5mm led \u015feritler i\u00e7in 8x9mm led profili al\u00fcminyum kanal sert bar\u0131 deneyin, biraz farkl\u0131 bir boyut ve \u00f6zellik seti i\u00e7in.<\/li>\n<\/ul>\n<\/div>\n\n\n\n<div class=\"wp-block-group has-background\" style=\"background-color:#f1f1f1;padding-top:var(--wp--preset--spacing--80);padding-bottom:var(--wp--preset--spacing--80)\"><div class=\"wp-block-group__inner-container is-layout-constrained wp-block-group-is-layout-constrained\">\n<h2 class=\"wp-block-heading\" style=\"padding-top:var(--wp--preset--spacing--40);padding-bottom:var(--wp--preset--spacing--40);font-size:25px;font-style:normal;font-weight:600;text-transform:capitalize\">\u00d6zet<\/h2>\n\n\n\n<p style=\"padding-right:var(--wp--preset--spacing--50);padding-left:var(--wp--preset--spacing--50)\">5mm LED \u015ferit \u0131\u015f\u0131klar\u0131 i\u00e7in tasarlanm\u0131\u015f ince k\u00f6\u015fe LED kanal profili, dar LED \u015feritlerinizi koruman\u0131n ve sergilemenin yararl\u0131 ve \u00e7ekici bir y\u00f6ntemidir. Sert k\u00f6\u015feleri temiz, sade bir tasar\u0131m ve sa\u011flam bir yap\u0131 ile s\u0131cak, parlayan kenarlara d\u00f6n\u00fc\u015ft\u00fcr\u00fcr. Bunu, mutfaklar ve sergi dolaplar\u0131 gibi kaliteli i\u00e7 mek\u00e2n k\u00f6\u015fe ayd\u0131nlatmalar\u0131nda g\u00fczel, e\u015fit \u0131\u015f\u0131k almak i\u00e7in kullan\u0131n.<\/p>\n<\/div><\/div>\n\n\n\n<p><\/p>","protected":false},"featured_media":14066,"template":"","meta":{"_acf_changed":true,"_seopress_robots_primary_cat":"none","_seopress_titles_title":"Slim Corner LED Channel for 5mm Strips LA05 | TANGOOLED","_seopress_titles_desc":"TANGOO's ultra-slim corner LED channel (LA05) specifically designed for 5mm LED strips. Ideal for minimalist lighting in tight spaces.","_seopress_robots_index":""},"pcb-width":[228],"product-cat":[196],"class_list":{"0":"post-34903","1":"product","2":"type-product","3":"status-publish","4":"has-post-thumbnail","6":"pcb-width-6-12mm","7":"product-cat-corner-profile"},"acf":[],"_links":{"self":[{"href":"https:\/\/tangooled.com\/tr\/wp-json\/wp\/v2\/product\/34903","targetHints":{"allow":["GET"]}}],"collection":[{"href":"https:\/\/tangooled.com\/tr\/wp-json\/wp\/v2\/product"}],"about":[{"href":"https:\/\/tangooled.com\/tr\/wp-json\/wp\/v2\/types\/product"}],"wp:featuredmedia":[{"embeddable":true,"href":"https:\/\/tangooled.com\/tr\/wp-json\/wp\/v2\/media\/14066"}],"wp:attachment":[{"href":"https:\/\/tangooled.com\/tr\/wp-json\/wp\/v2\/media?parent=34903"}],"wp:term":[{"taxonomy":"pcb-width","embeddable":true,"href":"https:\/\/tangooled.com\/tr\/wp-json\/wp\/v2\/pcb-width?post=34903"},{"taxonomy":"product-cat","embeddable":true,"href":"https:\/\/tangooled.com\/tr\/wp-json\/wp\/v2\/product-cat?post=34903"}],"curies":[{"name":"wp","href":"https:\/\/api.w.org\/{rel}","templated":true}]}}