{"id":34901,"date":"2025-06-30T22:24:57","date_gmt":"2025-07-01T06:24:57","guid":{"rendered":"https:\/\/tangooled.com\/?post_type=product&#038;p=34901"},"modified":"2026-02-02T22:26:04","modified_gmt":"2026-02-03T06:26:04","slug":"45-degree-corner-led-aluminum-channel","status":"publish","type":"product","link":"https:\/\/tangooled.com\/tr\/urun\/45-degree-corner-led-aluminum-channel\/","title":{"rendered":"10mm LED \u015eeritler i\u00e7in 45 derece k\u00f6\u015fe al\u00fcminyum kanal\u0131"},"content":{"rendered":"<div class=\"wp-block-group is-vertical is-layout-flex wp-container-core-group-is-layout-d255d7c4 wp-block-group-is-layout-flex\" style=\"padding-top:var(--wp--preset--spacing--80);padding-bottom:var(--wp--preset--spacing--80)\">\n<p>Our 45-degree corner LED channel is designed for 10mm LED strips and will enhance your lighting project. This V-shaped aluminum channel fits nicely in any corner and provides smooth, even light while keeping your LED lights safe and cool. This corner channel measures 19.0mm by 19.0mm on the outside and 11.2mm on the inside. It gives you clean, brilliant light exactly where you want it, whether you&#8217;re lighting up a corner of the kitchen, a wardrobe, or a display case. The installation is safe and easy. First, use screws to attach the mounting clips to the surface. Then, snap the profile into the secured clips.<\/p>\n<\/div>\n\n\n\n<div class=\"wp-block-group has-background is-vertical is-layout-flex wp-container-core-group-is-layout-d255d7c4 wp-block-group-is-layout-flex\" style=\"background-color:#f1f1f1;padding-top:var(--wp--preset--spacing--80);padding-bottom:var(--wp--preset--spacing--80)\">\n<div class=\"wp-block-group is-vertical is-layout-flex wp-container-core-group-is-layout-8cf370e7 wp-block-group-is-layout-flex\">\n<h2 class=\"wp-block-heading\" style=\"padding-top:var(--wp--preset--spacing--40);padding-bottom:var(--wp--preset--spacing--40);font-size:25px;font-style:normal;font-weight:600;text-transform:capitalize\">Neden 45 Derece K\u00f6\u015fe LED Al\u00fcminyum Kanal\u0131m\u0131z\u0131 Se\u00e7melisiniz?<\/h2>\n\n\n\n<ul class=\"wp-block-list\">\n<li>45 derecelik a\u00e7\u0131 i\u00e7in m\u00fckemmel tasar\u0131m: A\u00e7\u0131l\u0131 LED ekstr\u00fczyonumuz, herhangi bir 90 derecelik k\u00f6\u015fede net, keskin bir \u0131\u015f\u0131k hatt\u0131 olu\u015fturur. V \u015feklindeki al\u00fcminyum kanal, \u0131\u015f\u0131k huzmesini tam 45 dereceye y\u00f6nlendirir, bu da tavan ayd\u0131nlatmas\u0131 ve dolap alt\u0131 ayd\u0131nlatmas\u0131 i\u00e7in idealdir.<\/li>\n\n\n\n<li>Frosted Cover for Smooth Light Diffusion: The frosted diffuser cover that comes with it gets rid of the &#8220;dotted&#8221; aspect that uncovered strip lights have. This makes the light strip diffuser look dotless, which gives every space a soft glow.<\/li>\n\n\n\n<li>G\u00fc\u00e7l\u00fc ve uzun \u00f6m\u00fcrl\u00fc koruma: LED \u015feritlerimiz i\u00e7in g\u00fc\u00e7l\u00fc al\u00fcminyum profil, de\u011ferli LED \u015feritlerinizi toz, nem ve fiziksel hasarlardan korur. Bu, \u0131\u015f\u0131\u011f\u0131n parlamas\u0131n\u0131 kaybetmeden uzun s\u00fcre dayanmas\u0131n\u0131 sa\u011flar.<\/li>\n\n\n\n<li>Tam Montaj Kiti: Her kutu montaj klipsleri, u\u00e7 kapaklar (kablo delikleri olan ve olmayan) ve LED kanal i\u00e7in opal lens ile gelir. Bu, h\u0131zl\u0131 ve kolay bir \u015fekilde kurulum i\u00e7in ihtiyac\u0131n\u0131z olan her \u015feydir.<\/li>\n<\/ul>\n<\/div>\n<\/div>\n\n\n\n<div class=\"wp-block-group\" style=\"padding-top:var(--wp--preset--spacing--60);padding-bottom:var(--wp--preset--spacing--60)\"><div class=\"wp-block-group__inner-container is-layout-constrained wp-block-group-is-layout-constrained\">\n<div class=\"wp-block-media-text has-media-on-the-right is-stacked-on-mobile\" style=\"grid-template-columns:auto 40%\"><div class=\"wp-block-media-text__content\">\n<h2 class=\"wp-block-heading\" style=\"padding-top:var(--wp--preset--spacing--40);padding-bottom:var(--wp--preset--spacing--40);font-size:25px;font-style:normal;font-weight:600;text-transform:capitalize\">Nas\u0131l Tak\u0131l\u0131r?<\/h2>\n\n\n\n<ul class=\"wp-block-list\">\n<li>I\u015f\u0131\u011f\u0131n gitmesini istedi\u011finiz i\u00e7 k\u00f6\u015fe \u00fczerine klipsleri yerle\u015ftirin.<\/li>\n\n\n\n<li>Al\u00fcminyum kanal\u0131n klipslere s\u0131k\u0131ca oturdu\u011fundan emin olun.<\/li>\n\n\n\n<li>10mm LED \u015feridinizi kanal\u0131n i\u00e7ine yerle\u015ftirin, b\u00f6ylece m\u00fckemmel bir uyum sa\u011flans\u0131n.<\/li>\n\n\n\n<li>Mat dif\u00fcz\u00f6r kapa\u011f\u0131n\u0131 \u00fcst\u00fcne koyun ve u\u00e7 kapaklarla d\u00fczenli bir g\u00f6r\u00fcn\u00fcm elde edin.<\/li>\n<\/ul>\n<\/div><figure class=\"wp-block-media-text__media\"><img loading=\"lazy\" decoding=\"async\" width=\"500\" height=\"500\" src=\"https:\/\/tangooled.com\/wp-content\/uploads\/2025\/06\/ila04-ins.webp\" alt=\"45 degree corner led aluminum channel for 10mm led strips\" class=\"wp-image-41941 size-full\" srcset=\"https:\/\/tangooled.com\/wp-content\/uploads\/2025\/06\/ila04-ins.webp 500w, https:\/\/tangooled.com\/wp-content\/uploads\/2025\/06\/ila04-ins-300x300.webp 300w, https:\/\/tangooled.com\/wp-content\/uploads\/2025\/06\/ila04-ins-150x150.webp 150w\" sizes=\"auto, (max-width: 500px) 100vw, 500px\" \/><\/figure><\/div>\n<\/div><\/div>\n\n\n\n<div class=\"wp-block-group has-background\" style=\"background-color:#f1f1f1;padding-top:var(--wp--preset--spacing--80);padding-bottom:var(--wp--preset--spacing--80)\"><div class=\"wp-block-group__inner-container is-layout-constrained wp-block-group-is-layout-constrained\">\n<h2 class=\"wp-block-heading\" style=\"padding-top:var(--wp--preset--spacing--40);padding-bottom:var(--wp--preset--spacing--40);font-size:25px;font-style:normal;font-weight:600;text-transform:capitalize\">what&#8217;s in the box?<\/h2>\n\n\n\n<ul class=\"wp-block-list\">\n<li>Bir anodize al\u00fcminyum kanal<\/li>\n\n\n\n<li>Bir opal dif\u00fcz\u00f6r kapa\u011f\u0131<\/li>\n\n\n\n<li>Her metreye iki montaj klipsi<\/li>\n\n\n\n<li>\u0130ki u\u00e7 kapa\u011f\u0131 (bir kapal\u0131 ve biri kablo i\u00e7in delikli)<\/li>\n<\/ul>\n<\/div><\/div>\n\n\n\n<div class=\"wp-block-group\" style=\"padding-top:var(--wp--preset--spacing--80);padding-bottom:var(--wp--preset--spacing--80)\"><div class=\"wp-block-group__inner-container is-layout-constrained wp-block-group-is-layout-constrained\">\n<h2 class=\"wp-block-heading\" style=\"padding-top:var(--wp--preset--spacing--40);padding-bottom:var(--wp--preset--spacing--40);font-size:25px;font-style:normal;font-weight:600;text-transform:capitalize\">Yayg\u0131n Kullan\u0131m \u015eekilleri<\/h2>\n\n\n\n<ul class=\"wp-block-list\">\n<li>Dolap ve Tezgah Alt\u0131 Ayd\u0131nlatmas\u0131: Mutfak k\u00f6\u015felerinde ve tezgah altlar\u0131nda odaklanm\u0131\u015f g\u00f6rev ayd\u0131nlatmas\u0131 sa\u011flamak i\u00e7in m\u00fckemmel bir \u015fekilde parlak, parlama yapmayan \u0131\u015f\u0131klar kurmak i\u00e7in harika.<\/li>\n\n\n\n<li>Tavan ve Merdiven Ayd\u0131nlatmas\u0131: Tavan ayd\u0131nlatma kanal\u0131 tasar\u0131mlar\u0131 ve g\u00fcvenlik ile stil i\u00e7in a\u00e7\u0131l\u0131 LED \u015ferit dif\u00fcz\u00f6r ile merdiven \u0131\u015f\u0131klar\u0131 i\u00e7in \u00f6zel olarak uyarlanm\u0131\u015ft\u0131r.<\/li>\n\n\n\n<li>Lighting for Displays and Shelves: Use beautiful display case lighting that doesn&#8217;t create hotspots or harsh glare to draw attention to your products or decor.<\/li>\n\n\n\n<li>Dolap ve Gard\u0131roplar i\u00e7in Ayd\u0131nlatma: Lineer LED ayd\u0131nlatma armat\u00fcr\u00fc etkisiyle temiz ve entegre ayd\u0131nlatma, g\u00f6lgelerde bo\u015fluk b\u0131rakmaz.<\/li>\n<\/ul>\n<\/div><\/div>\n\n\n\n<div class=\"wp-block-group has-background\" style=\"background-color:#f1f1f1;padding-top:var(--wp--preset--spacing--80);padding-bottom:var(--wp--preset--spacing--80)\"><div class=\"wp-block-group__inner-container is-layout-constrained wp-block-group-is-layout-constrained\">\n<h2 class=\"wp-block-heading\" style=\"padding-top:var(--wp--preset--spacing--40);padding-bottom:var(--wp--preset--spacing--40);font-size:25px;font-style:normal;font-weight:600;text-transform:capitalize\">\u00c7al\u0131\u015fan LED \u015eeritler<\/h2>\n\n\n\n<p>Bu 45 derecelik k\u00f6\u015fe LED kanal\u0131 a\u015fa\u011f\u0131dakilerle \u00e7al\u0131\u015f\u0131r:<\/p>\n\n\n\n<ul class=\"wp-block-list\">\n<li>SMD 5050, SMD 2835, SMD 3528 ve SMD 5630 \u015feritleri<\/li>\n\n\n\n<li>Philips Hue Lightstrip gibi tan\u0131nm\u0131\u015f markalar<\/li>\n\n\n\n<li>PCB'si 10mm'den geni\u015f olmayan LED \u015feritleri<\/li>\n<\/ul>\n\n\n\n<p>Ayd\u0131nlatma projenizi tamamlamak i\u00e7in daha fazla ayd\u0131nlatma \u00e7\u00f6z\u00fcm\u00fc ke\u015ffedin. <a href=\"https:\/\/tangooled.com\/tr\/urun\/led-strip-light-channel-aluminum-profile-with-diffused-cover-6mm-height\/\"><mark style=\"background-color:rgba(0, 0, 0, 0)\" class=\"has-inline-color has-vivid-red-color\">Dif\u00fcz\u00f6r Kapakl\u0131 6mm Y\u00fckseklikteki LED \u015eerit I\u015f\u0131k Kanal\u0131 Al\u00fcminyum Profili<\/mark><\/a> ve <mark style=\"background-color:rgba(0, 0, 0, 0)\" class=\"has-inline-color has-vivid-red-color\"><a href=\"https:\/\/tangooled.com\/tr\/urun\/led-diffuser-aluminum-profile-for-for-12mm-led-strip-lighting\/\">12 mm \u015eerit I\u015f\u0131klar i\u00e7in Siyah LED Dif\u00fcz\u00f6r Al\u00fcminyum Kanal<\/a> <\/mark>to complete your lighting project.<\/p>\n<\/div><\/div>\n\n\n\n<p><\/p>","protected":false},"featured_media":14035,"template":"","meta":{"_acf_changed":false,"_seopress_robots_primary_cat":"none","_seopress_titles_title":"45 Degree Corner LED Channel for 10mm Strips | TANGOOLED","_seopress_titles_desc":"Professional 45 degree corner LED channel (ILA04) for 10mm strips. Angled aluminum extrusion designed for perfect under-cabinet & shelf lighting.","_seopress_robots_index":""},"pcb-width":[228],"product-cat":[196],"class_list":{"0":"post-34901","1":"product","2":"type-product","3":"status-publish","4":"has-post-thumbnail","6":"pcb-width-6-12mm","7":"product-cat-corner-profile"},"acf":[],"_links":{"self":[{"href":"https:\/\/tangooled.com\/tr\/wp-json\/wp\/v2\/product\/34901","targetHints":{"allow":["GET"]}}],"collection":[{"href":"https:\/\/tangooled.com\/tr\/wp-json\/wp\/v2\/product"}],"about":[{"href":"https:\/\/tangooled.com\/tr\/wp-json\/wp\/v2\/types\/product"}],"wp:featuredmedia":[{"embeddable":true,"href":"https:\/\/tangooled.com\/tr\/wp-json\/wp\/v2\/media\/14035"}],"wp:attachment":[{"href":"https:\/\/tangooled.com\/tr\/wp-json\/wp\/v2\/media?parent=34901"}],"wp:term":[{"taxonomy":"pcb-width","embeddable":true,"href":"https:\/\/tangooled.com\/tr\/wp-json\/wp\/v2\/pcb-width?post=34901"},{"taxonomy":"product-cat","embeddable":true,"href":"https:\/\/tangooled.com\/tr\/wp-json\/wp\/v2\/product-cat?post=34901"}],"curies":[{"name":"wp","href":"https:\/\/api.w.org\/{rel}","templated":true}]}}