{"id":34899,"date":"2025-06-30T22:21:50","date_gmt":"2025-07-01T06:21:50","guid":{"rendered":"https:\/\/tangooled.com\/?post_type=product&#038;p=34899"},"modified":"2026-02-02T02:17:44","modified_gmt":"2026-02-02T10:17:44","slug":"19x19mm-corner-mount-led-aluminum-profile-inner-width-11mm","status":"publish","type":"product","link":"https:\/\/tangooled.com\/tr\/urun\/19x19mm-corner-mount-led-aluminum-profile-inner-width-11mm\/","title":{"rendered":"19x19mm k\u00f6\u015fe montaj led al\u00fcminyum profili i\u00e7 geni\u015flik 11mm"},"content":{"rendered":"<div class=\"wp-block-group is-vertical is-layout-flex wp-container-core-group-is-layout-d255d7c4 wp-block-group-is-layout-flex\" style=\"padding-top:var(--wp--preset--spacing--80);padding-bottom:var(--wp--preset--spacing--80)\">\n<p>K\u00f6\u015felere ak\u0131ll\u0131ca LED \u0131\u015f\u0131k yerle\u015ftirmek mi istiyorsunuz? 19x19mm k\u00f6\u015fe montaj LED profili ideal bir boyuttad\u0131r! Bu al\u00fcminyum profil, 90 derece k\u00f6\u015felere (ya da 45 derece a\u00e7\u0131 \u0131\u015f\u0131k \u00e7\u0131k\u0131\u015f\u0131) m\u00fckemmel bir \u015fekilde uyum sa\u011flamak \u00fczere tasarlanm\u0131\u015ft\u0131r, bu da LED \u015feritlerinizi \u015f\u0131k ve haval\u0131 g\u00f6sterecektir. Profilin i\u00e7 geni\u015fli\u011fi 11mm'dir ve bu, \u00e7o\u011fu dar, parlak LED \u015feritleri i\u00e7in m\u00fckemmeldir. Bu profil, evinizin veya i\u015f yerinizin k\u00f6\u015felerinde harika, p\u00fcr\u00fczs\u00fcz ve e\u015fit ayd\u0131nlatma elde etmenize yard\u0131mc\u0131 olur.<\/p>\n<\/div>\n\n\n\n<div class=\"wp-block-group has-background is-vertical is-layout-flex wp-container-core-group-is-layout-d255d7c4 wp-block-group-is-layout-flex\" style=\"background-color:#f1f1f1;padding-top:var(--wp--preset--spacing--80);padding-bottom:var(--wp--preset--spacing--80)\">\n<div class=\"wp-block-group is-vertical is-layout-flex wp-container-core-group-is-layout-8cf370e7 wp-block-group-is-layout-flex\">\n<h2 class=\"wp-block-heading\" style=\"padding-top:var(--wp--preset--spacing--40);padding-bottom:var(--wp--preset--spacing--40);font-size:25px;font-style:normal;font-weight:600;text-transform:capitalize\">Neden Bu 19x19mm K\u00f6\u015fe Montaj LED Profilini Se\u00e7melisiniz?<\/h2>\n\n\n\n<ul class=\"wp-block-list\">\n<li>Sa\u011flam ve hafif: Uzun \u00f6m\u00fcrl\u00fc al\u00fcminyumdan (6063 Havac\u0131l\u0131k Al\u00fcminumu) yap\u0131lm\u0131\u015ft\u0131r.<\/li>\n\n\n\n<li>11mm geni\u015fli\u011finde LED \u015feritler ile uyumludur, bu da bir\u00e7ok yayg\u0131n LED t\u00fcr\u00fcn\u00fc kapsar.<\/li>\n\n\n\n<li>\u0130yi bir \u0131s\u0131 emici: Bu, LED \u015feritlerinizi so\u011fuk tutar, bu da onlar\u0131n daha uzun \u00f6m\u00fcrl\u00fc olmas\u0131n\u0131 sa\u011flar.<\/li>\n\n\n\n<li>\u015eeffaf veya donuk kapak: I\u015f\u0131\u011f\u0131n yumu\u015fak veya net olmas\u0131n\u0131 sa\u011flamak i\u00e7in bir kapak se\u00e7ebilirsiniz.<\/li>\n\n\n\n<li>Kolay montaj: K\u00f6\u015felere tam oturur ve net, keskin \u0131\u015f\u0131k hatlar\u0131 olu\u015fturur.<\/li>\n\n\n\n<li>\u0130\u00e7 mekanlarda iyi \u00e7al\u0131\u015f\u0131r: Mutfaklarda, banyolarda, raflarda ve dolaplarda kullan\u0131n.<\/li>\n<\/ul>\n<\/div>\n<\/div>\n\n\n\n<div class=\"wp-block-group\" style=\"padding-top:var(--wp--preset--spacing--60);padding-bottom:var(--wp--preset--spacing--60)\"><div class=\"wp-block-group__inner-container is-layout-constrained wp-block-group-is-layout-constrained\">\n<div class=\"wp-block-media-text has-media-on-the-right is-stacked-on-mobile\" style=\"grid-template-columns:auto 40%\"><div class=\"wp-block-media-text__content\">\n<h2 class=\"wp-block-heading\" style=\"padding-top:var(--wp--preset--spacing--40);padding-bottom:var(--wp--preset--spacing--40);font-size:25px;font-style:normal;font-weight:600;text-transform:capitalize\">Kurulumu ve kullan\u0131m\u0131 basit<\/h2>\n\n\n\n<ul class=\"wp-block-list\">\n<li>K\u00f6\u015feye 45 derece a\u00e7\u0131yla yerle\u015ftirin.<\/li>\n\n\n\n<li>LED \u015feridinizi kanal\u0131n i\u00e7ine yerle\u015ftirin.<\/li>\n\n\n\n<li>Se\u00e7ti\u011finiz dif\u00fczyon kapa\u011f\u0131n\u0131 tak\u0131n.<\/li>\n\n\n\n<li>Yerinde tutmak i\u00e7in vidalar veya montaj klipleri kullan\u0131n.<\/li>\n<\/ul>\n<\/div><figure class=\"wp-block-media-text__media\"><img loading=\"lazy\" decoding=\"async\" width=\"500\" height=\"500\" src=\"https:\/\/tangooled.com\/wp-content\/uploads\/2025\/06\/la04-ins.webp\" alt=\"19x19mm k\u00f6\u015fe montaj led al\u00fcminyum profili i\u00e7 geni\u015flik 11mm\" class=\"wp-image-41957 size-full\" srcset=\"https:\/\/tangooled.com\/wp-content\/uploads\/2025\/06\/la04-ins.webp 500w, https:\/\/tangooled.com\/wp-content\/uploads\/2025\/06\/la04-ins-300x300.webp 300w, https:\/\/tangooled.com\/wp-content\/uploads\/2025\/06\/la04-ins-150x150.webp 150w\" sizes=\"auto, (max-width: 500px) 100vw, 500px\" \/><\/figure><\/div>\n<\/div><\/div>\n\n\n\n<div class=\"wp-block-group has-background is-vertical is-layout-flex wp-container-core-group-is-layout-b429018a wp-block-group-is-layout-flex\" style=\"background-color:#f1f1f1f2;padding-top:var(--wp--preset--spacing--70);padding-bottom:var(--wp--preset--spacing--70)\">\n<h2 class=\"wp-block-heading\" style=\"padding-top:var(--wp--preset--spacing--40);padding-bottom:var(--wp--preset--spacing--40);font-size:25px;font-style:normal;font-weight:600\">Ne i\u00e7in kullanabilirsiniz?<\/h2>\n\n\n\n<p>Bir\u00e7ok yerde iyi \u00e7al\u0131\u015f\u0131r, \u00f6rne\u011fin:<\/p>\n\n\n\n<ul class=\"wp-block-list\">\n<li>Evlerin k\u00f6\u015feleri: dolaplar\u0131n alt\u0131nda, dolaplarda veya raflarda.<\/li>\n\n\n\n<li>Ma\u011fazalar: \u00dcr\u00fcnlerinizi sergilemek i\u00e7in parlak k\u00f6\u015fe ayd\u0131nlatmas\u0131 kullan\u0131n.<\/li>\n\n\n\n<li>Ofisler: K\u00f6\u015feleri ayd\u0131nlatmak i\u00e7in temiz \u0131\u015f\u0131k kullan\u0131n.<\/li>\n\n\n\n<li>Oteller ve restoranlar: Odalar\u0131n \u015f\u0131k ve rahat g\u00f6r\u00fcnmesini sa\u011flay\u0131n.<\/li>\n<\/ul>\n<\/div>\n\n\n\n<div class=\"wp-block-group\" style=\"padding-top:var(--wp--preset--spacing--80);padding-bottom:var(--wp--preset--spacing--80)\"><div class=\"wp-block-group__inner-container is-layout-constrained wp-block-group-is-layout-constrained\">\n<h2 class=\"wp-block-heading\" style=\"padding-top:var(--wp--preset--spacing--40);padding-bottom:var(--wp--preset--spacing--40);font-size:25px;font-style:normal;font-weight:600;text-transform:capitalize\">\u0130lgilendi\u011finiz \u0130lgili Profiller<\/h2>\n\n\n\n<ul class=\"wp-block-list\">\n<li><a href=\"https:\/\/tangooled.com\/tr\/urun\/black-led-diffuser-aluminum-channel-for-12mm-tape-lights\/\"><mark style=\"background-color:rgba(0, 0, 0, 0)\" class=\"has-inline-color has-vivid-red-color\">12 mm bant i\u015f\u0131klar\u0131 i\u00e7in siyah LED dif\u00fcz\u00f6r al\u00fcminyum kanal\u0131<\/mark><\/a> \u2014 For wider LED strips.<\/li>\n\n\n\n<li><a href=\"https:\/\/tangooled.com\/tr\/urun\/17mm-led-strip-light-aluminum-channel-for-surface-mounting\/\"><mark style=\"background-color:rgba(0, 0, 0, 0)\" class=\"has-inline-color has-vivid-red-color\">Y\u00fczey montaj i\u00e7in 17 mm LED \u015ferit \u0131\u015f\u0131k al\u00fcminyum kanal\u0131<\/mark> <\/a>\u2014 Slim surface mount option.<\/li>\n\n\n\n<li><a href=\"https:\/\/tangooled.com\/tr\/urun\/45-degree-corner-led-aluminum-channel-for-10mm-led-strips\/\"><mark style=\"background-color:rgba(0, 0, 0, 0)\" class=\"has-inline-color has-vivid-red-color\">10mm LED \u015feritler i\u00e7in 45 derece k\u00f6\u015fe al\u00fcminyum kanal\u0131<\/mark><\/a> \u2014 Slightly narrower but similar style.<\/li>\n<\/ul>\n\n\n\n<p>This 19x19mm corner LED profile is made\u00a0for 45-degree angles and can hold\u00a0strips up to 11mm wide. It delivers a seamless, dot-free glow. This is a wonderful choice for hotels, stores, and homes who desire bright, professional lighting. This profile provides you with a look that is both sleek and brilliant, making it perfect for corners that want both beauty and quality.<\/p>\n<\/div><\/div>\n\n\n\n<div class=\"wp-block-group has-background\" style=\"background-color:#f1f1f1;padding-top:var(--wp--preset--spacing--80);padding-bottom:var(--wp--preset--spacing--80)\"><div class=\"wp-block-group__inner-container is-layout-constrained wp-block-group-is-layout-constrained\">\n<h2 class=\"wp-block-heading\" style=\"padding-top:var(--wp--preset--spacing--40);padding-bottom:var(--wp--preset--spacing--40);font-size:25px;font-style:normal;font-weight:600;text-transform:capitalize\">\u00f6zet<\/h2>\n\n\n\n<p style=\"padding-right:var(--wp--preset--spacing--50);padding-left:var(--wp--preset--spacing--50)\">This 19x19mm corner LED profile is made\u00a0for 45-degree angles and can hold\u00a0strips up to 11mm wide. It delivers a seamless, dot-free glow. This is a wonderful choice for hotels, stores, and homes that desire bright, professional lighting. This profile provides you with a look that is both sleek and brilliant, making it perfect for corners that want both beauty and quality.<\/p>\n<\/div><\/div>","protected":false},"featured_media":14061,"template":"","meta":{"_acf_changed":true,"_seopress_robots_primary_cat":"none","_seopress_titles_title":"19x19mm Corner Mount LED Profile | 11mm Inner Width | TANGOOLED","_seopress_titles_desc":"19x19mm corner mount LED profile (LA04) with 11mm inner width. Durable aluminum housing for precise 90-degree corner lighting projects.","_seopress_robots_index":""},"pcb-width":[228],"product-cat":[196],"class_list":{"0":"post-34899","1":"product","2":"type-product","3":"status-publish","4":"has-post-thumbnail","6":"pcb-width-6-12mm","7":"product-cat-corner-profile"},"acf":[],"_links":{"self":[{"href":"https:\/\/tangooled.com\/tr\/wp-json\/wp\/v2\/product\/34899","targetHints":{"allow":["GET"]}}],"collection":[{"href":"https:\/\/tangooled.com\/tr\/wp-json\/wp\/v2\/product"}],"about":[{"href":"https:\/\/tangooled.com\/tr\/wp-json\/wp\/v2\/types\/product"}],"wp:featuredmedia":[{"embeddable":true,"href":"https:\/\/tangooled.com\/tr\/wp-json\/wp\/v2\/media\/14061"}],"wp:attachment":[{"href":"https:\/\/tangooled.com\/tr\/wp-json\/wp\/v2\/media?parent=34899"}],"wp:term":[{"taxonomy":"pcb-width","embeddable":true,"href":"https:\/\/tangooled.com\/tr\/wp-json\/wp\/v2\/pcb-width?post=34899"},{"taxonomy":"product-cat","embeddable":true,"href":"https:\/\/tangooled.com\/tr\/wp-json\/wp\/v2\/product-cat?post=34899"}],"curies":[{"name":"wp","href":"https:\/\/api.w.org\/{rel}","templated":true}]}}