{"id":34898,"date":"2025-06-30T22:19:00","date_gmt":"2025-07-01T06:19:00","guid":{"rendered":"https:\/\/tangooled.com\/?post_type=product&#038;p=34898"},"modified":"2026-02-02T02:17:08","modified_gmt":"2026-02-02T10:17:08","slug":"18x18mm-led-strip-corner-profile-for-12mm-led-strips","status":"publish","type":"product","link":"https:\/\/tangooled.com\/tr\/urun\/18x18mm-led-strip-corner-profile-for-12mm-led-strips\/","title":{"rendered":"12mm LED \u015feritler i\u00e7in 18x18mm k\u00f6\u015fe profili"},"content":{"rendered":"<div class=\"wp-block-group is-vertical is-layout-flex wp-container-core-group-is-layout-d255d7c4 wp-block-group-is-layout-flex\" style=\"padding-top:var(--wp--preset--spacing--80);padding-bottom:var(--wp--preset--spacing--80)\">\n<p>The 18x18mm LED strip corner profile is an excellent way to light up corners in a tidy and sturdy way. This robust profile is 18.4mm by 18.4mm on the exterior and fits perfectly into 90-degree angles. It fits 12mm LED strips perfectly within, making it an outstanding option for neat, built-in corner lighting. This profile protects your LED lights and helps them live longer by letting heat escape freely. It&#8217;s simple and safe to set up. First, use screws to attach the mounting clips to the corner. After that, the profile fits tightly into the clips that are already there.<\/p>\n<\/div>\n\n\n\n<div class=\"wp-block-group has-background is-vertical is-layout-flex wp-container-core-group-is-layout-d255d7c4 wp-block-group-is-layout-flex\" style=\"background-color:#f1f1f1;padding-top:var(--wp--preset--spacing--80);padding-bottom:var(--wp--preset--spacing--80)\">\n<div class=\"wp-block-group is-vertical is-layout-flex wp-container-core-group-is-layout-8cf370e7 wp-block-group-is-layout-flex\">\n<h2 class=\"wp-block-heading\" style=\"padding-top:var(--wp--preset--spacing--40);padding-bottom:var(--wp--preset--spacing--40);font-size:25px;font-style:normal;font-weight:600;text-transform:capitalize\">Neden Bu 18x18mm LED \u015eerit K\u00f6\u015fe Profilini Se\u00e7melisiniz?<\/h2>\n\n\n\n<ul class=\"wp-block-list\">\n<li>12mm LED \u015feritlerle uyumludur: Bu, RGB, RGBW, COB ve rijit \u015feritler gibi bir\u00e7ok LED \u015ferit \u0131\u015f\u0131\u011f\u0131yla \u00e7al\u0131\u015f\u0131r.<\/li>\n\n\n\n<li>Sa\u011flam yap\u0131: LED \u015feritleri so\u011futmay\u0131 sa\u011flayan ve paslanmaya dayan\u0131kl\u0131, y\u00fcksek kaliteli anodize al\u00fcminyum 6063-T5'dan yap\u0131lm\u0131\u015ft\u0131r.<\/li>\n\n\n\n<li>D\u00fczg\u00fcn \u0131\u015f\u0131k: Buzlu opal dif\u00fcz\u00f6r, \u0131\u015f\u0131k lekelerini durdurur ve \u0131\u015f\u0131\u011f\u0131 e\u015fit ve yumu\u015fak bir \u015fekilde yayar.<\/li>\n\n\n\n<li>It comes with end caps, a diffuser cover, and mounting clips, so it&#8217;s easy to put together.<\/li>\n<\/ul>\n<\/div>\n<\/div>\n\n\n\n<div class=\"wp-block-group is-vertical is-layout-flex wp-container-core-group-is-layout-d255d7c4 wp-block-group-is-layout-flex\" style=\"padding-top:var(--wp--preset--spacing--80);padding-bottom:var(--wp--preset--spacing--80)\">\n<hr class=\"wp-block-separator has-alpha-channel-opacity\"\/>\n\n\n\n<div class=\"wp-block-media-text has-media-on-the-right is-stacked-on-mobile\" style=\"grid-template-columns:auto 40%\"><div class=\"wp-block-media-text__content\">\n<h2 class=\"wp-block-heading\" style=\"padding-top:var(--wp--preset--spacing--40);padding-bottom:var(--wp--preset--spacing--40);font-size:25px;font-style:normal;font-weight:600;text-transform:capitalize\">kanal\u0131 nas\u0131l kurar\u0131m<\/h2>\n\n\n\n<ul class=\"wp-block-list\">\n<li>K\u00f6\u015felerde s\u0131k\u0131ca tutmas\u0131 i\u00e7in montaj klipslerini kullan\u0131n.<\/li>\n\n\n\n<li>Ekstr\u00fczyonu yerinize uyacak \u015fekilde kesin.<\/li>\n\n\n\n<li>LED \u015feridi i\u00e7eri yap\u0131\u015ft\u0131r\u0131n.<\/li>\n\n\n\n<li>I\u015f\u0131\u011f\u0131 yumu\u015fatmak i\u00e7in, k\u0131vr\u0131ml\u0131 dif\u00fcz\u00f6r\u00fc tak\u0131n.<\/li>\n\n\n\n<li>Kablolar\u0131 korumak ve g\u00fczel g\u00f6r\u00fcnmesini sa\u011flamak i\u00e7in u\u00e7 kapaklar\u0131 kullan\u0131n<\/li>\n<\/ul>\n<\/div><figure class=\"wp-block-media-text__media\"><img loading=\"lazy\" decoding=\"async\" width=\"500\" height=\"500\" src=\"https:\/\/tangooled.com\/wp-content\/uploads\/2025\/06\/la03-ins.webp\" alt=\"18x18mm led strip corner profile for 12mm led strips\" class=\"wp-image-41953 size-full\" srcset=\"https:\/\/tangooled.com\/wp-content\/uploads\/2025\/06\/la03-ins.webp 500w, https:\/\/tangooled.com\/wp-content\/uploads\/2025\/06\/la03-ins-300x300.webp 300w, https:\/\/tangooled.com\/wp-content\/uploads\/2025\/06\/la03-ins-150x150.webp 150w\" sizes=\"auto, (max-width: 500px) 100vw, 500px\" \/><\/figure><\/div>\n<\/div>\n\n\n\n<div class=\"wp-block-group has-background is-vertical is-layout-flex wp-container-core-group-is-layout-b429018a wp-block-group-is-layout-flex\" style=\"background-color:#f1f1f1f2;padding-top:var(--wp--preset--spacing--70);padding-bottom:var(--wp--preset--spacing--70)\">\n<h2 class=\"wp-block-heading\" style=\"padding-top:var(--wp--preset--spacing--40);padding-bottom:var(--wp--preset--spacing--40);font-size:25px;font-style:normal;font-weight:600;text-transform:capitalize\">kutunun i\u00e7inde ne var?<\/h2>\n\n\n\n<ul class=\"wp-block-list\">\n<li>1x Al\u00fcminyum Kanal (sat\u0131n ald\u0131\u011f\u0131n\u0131z uzunluk)<\/li>\n\n\n\n<li>1x Opal Dif\u00fcz\u00f6r Kapa\u011f\u0131<\/li>\n\n\n\n<li>Yerinde tutmak i\u00e7in 2 montaj klipsi<\/li>\n\n\n\n<li>Bir kat\u0131 ve bir tel i\u00e7in delikli iki u\u00e7 kapa\u011f\u0131<\/li>\n<\/ul>\n<\/div>\n\n\n\n<div class=\"wp-block-group is-vertical is-layout-flex wp-container-core-group-is-layout-d255d7c4 wp-block-group-is-layout-flex\" style=\"padding-top:var(--wp--preset--spacing--80);padding-bottom:var(--wp--preset--spacing--80)\">\n<h2 class=\"wp-block-heading\" style=\"padding-top:var(--wp--preset--spacing--40);padding-bottom:var(--wp--preset--spacing--40);font-size:25px;font-style:normal;font-weight:600;text-transform:capitalize\">18x18mm LED \u015eerit K\u00f6\u015fe Profilimiz i\u00e7in Yayg\u0131n Kullan\u0131mlar<\/h2>\n\n\n\n<ul class=\"wp-block-list\">\n<li>Mutfak ayd\u0131nlatmas\u0131: Tezgahlar\u0131n alt\u0131nda veya k\u00f6\u015fe raflar\u0131nda yerle\u015ftirin. Okuma ve yemek yapma i\u00e7in sabit \u0131\u015f\u0131k ile tezgahlar\u0131 daha parlak hale getirir.<\/li>\n\n\n\n<li>Mimari \u0131\u015f\u0131k \u015feridi: Tavan veya duvar k\u00f6\u015felerinde g\u00fczel \u0131\u015f\u0131k \u00e7izgileri olu\u015fturur. Herhangi bir oday\u0131 daha iyi g\u00f6sterir ve daha s\u0131cak hissettirir.<\/li>\n\n\n\n<li>Perakende te\u015fhir vitrinleri: \u00dcr\u00fcnleri \u00f6ne \u00e7\u0131karmak ve dikkat \u00e7ekmek i\u00e7in \u015f\u0131k k\u00f6\u015fe \u0131\u015f\u0131k \u015feritleri kullan\u0131n.<\/li>\n\n\n\n<li>Mobilya ve merdivenler: Gard\u0131roplara, kitapl\u0131klara ve merdiven kenarlar\u0131na ekleyin. Dayan\u0131kl\u0131 \u0131\u015f\u0131klarla zarafet ve g\u00fcvenlik ekler.<\/li>\n<\/ul>\n<\/div>\n\n\n\n<p>Daha fazla ayd\u0131nlatma profili se\u00e7ene\u011fi ve DIY k\u0131lavuzlar\u0131 i\u00e7in koleksiyonumuza g\u00f6z at\u0131n: <a href=\"https:\/\/tangooled.com\/tr\/urun\/black-led-profile-with-black-diffuser-for-10mm-led-strip-light\/\"><mark style=\"background-color:rgba(0, 0, 0, 0)\" class=\"has-inline-color has-vivid-red-color\">10mm LED \u015ferit \u0131\u015f\u0131\u011f\u0131 i\u00e7in siyah dif\u00fcz\u00f6rl\u00fc siyah LED profili<\/mark><\/a>, <a href=\"https:\/\/tangooled.com\/tr\/urun\/led-strip-light-channel-aluminum-profile-with-diffused-cover-6mm-height\/\"><mark style=\"background-color:rgba(0, 0, 0, 0)\" class=\"has-inline-color has-vivid-red-color\">Dif\u00fcz\u00f6r kapakl\u0131 6mm y\u00fckseklikteki LED \u015ferit \u0131\u015f\u0131k kanal\u0131 al\u00fcminyum profil<\/mark><\/a>, <a href=\"https:\/\/tangooled.com\/tr\/urun\/surface-mount-led-profile-with-frosted-diffuser-for-10mm-rope-lights\/\"><mark style=\"background-color:rgba(0, 0, 0, 0)\" class=\"has-inline-color has-vivid-red-color\">10 mm kablo \u0131\u015f\u0131klar\u0131 i\u00e7in frosted dif\u00fcz\u00f6rl\u00fc y\u00fczey montaj LED profili<\/mark><\/a>. <\/p>\n\n\n\n<p>Bu 18x18mm LED \u015ferit k\u00f6\u015fe profili, k\u00f6\u015felere \u0131\u015f\u0131k yayman\u0131n d\u00fczenli, kolay ve kal\u0131c\u0131 bir yolunu sunar. Alan\u0131n\u0131z\u0131 daha parlak ve g\u00fcvenli hale getirin, en iyi noktalar\u0131n\u0131z\u0131 sergileyen yumu\u015fak bir par\u0131lt\u0131yla.<\/p>","protected":false},"featured_media":14054,"template":"","meta":{"_acf_changed":true,"_seopress_robots_primary_cat":"none","_seopress_titles_title":"18x18mm LED Strip Corner Profile | Rigid Aluminum Channel | TANGOOLED","_seopress_titles_desc":"Premium 18x18mm LED strip corner profile (LA03) for 12mm strips. Durable aluminum corner channel for wide-angle lighting and heat dissipation.","_seopress_robots_index":""},"pcb-width":[228],"product-cat":[196],"class_list":{"0":"post-34898","1":"product","2":"type-product","3":"status-publish","4":"has-post-thumbnail","6":"pcb-width-6-12mm","7":"product-cat-corner-profile"},"acf":[],"_links":{"self":[{"href":"https:\/\/tangooled.com\/tr\/wp-json\/wp\/v2\/product\/34898","targetHints":{"allow":["GET"]}}],"collection":[{"href":"https:\/\/tangooled.com\/tr\/wp-json\/wp\/v2\/product"}],"about":[{"href":"https:\/\/tangooled.com\/tr\/wp-json\/wp\/v2\/types\/product"}],"wp:featuredmedia":[{"embeddable":true,"href":"https:\/\/tangooled.com\/tr\/wp-json\/wp\/v2\/media\/14054"}],"wp:attachment":[{"href":"https:\/\/tangooled.com\/tr\/wp-json\/wp\/v2\/media?parent=34898"}],"wp:term":[{"taxonomy":"pcb-width","embeddable":true,"href":"https:\/\/tangooled.com\/tr\/wp-json\/wp\/v2\/pcb-width?post=34898"},{"taxonomy":"product-cat","embeddable":true,"href":"https:\/\/tangooled.com\/tr\/wp-json\/wp\/v2\/product-cat?post=34898"}],"curies":[{"name":"wp","href":"https:\/\/api.w.org\/{rel}","templated":true}]}}