{"id":34896,"date":"2025-06-30T22:15:55","date_gmt":"2025-07-01T06:15:55","guid":{"rendered":"https:\/\/tangooled.com\/?post_type=product&#038;p=34896"},"modified":"2026-02-02T02:16:21","modified_gmt":"2026-02-02T10:16:21","slug":"16x16mm-led-corner-extrusion-curved-diffuser","status":"publish","type":"product","link":"https:\/\/tangooled.com\/tr\/urun\/16x16mm-led-corner-extrusion-curved-diffuser\/","title":{"rendered":"K\u0131vr\u0131ml\u0131 dif\u00fcz\u00f6r 16x16mm LED k\u00f6\u015fe ekstr\u00fczyonu i\u00e7in 10mm LED \u015feritler"},"content":{"rendered":"<div class=\"wp-block-group is-vertical is-layout-flex wp-container-core-group-is-layout-d255d7c4 wp-block-group-is-layout-flex\" style=\"padding-top:var(--wp--preset--spacing--80);padding-bottom:var(--wp--preset--spacing--80)\">\n<p>16x16mm LED k\u00f6\u015fe ekstr\u00fczyonumuz, 10mm LED \u015feritler i\u00e7in m\u00fckemmeldir. Temiz, yumu\u015fak ve g\u00fcvenli \u0131\u015f\u0131k verir. Bu profil d\u0131\u015ftan 16.2mm x 16.2mm boyutlar\u0131ndad\u0131r ve herhangi bir 90 derece a\u00e7\u0131da g\u00f6r\u00fcnmez, g\u00f6mme bir \u00e7\u00f6z\u00fcm sunar. Tasar\u0131m, alanlar\u0131n\u0131z\u0131 \u015f\u0131k ve modern g\u00f6r\u00fcn\u00fcrken, sert par\u0131lt\u0131 veya lekeler olmadan \u0131\u015f\u0131k sa\u011flar. Kurulum h\u0131zl\u0131 ve kolayd\u0131r. \u0130lk olarak, montaj klipslerini y\u00fczeye kal\u0131c\u0131 olarak ba\u011flamak i\u00e7in vidalar\u0131 kullan\u0131n. Ard\u0131ndan, al\u00fcminyum profili sabit klipslere yerle\u015ftirin.<\/p>\n<\/div>\n\n\n\n<div class=\"wp-block-group has-background is-vertical is-layout-flex wp-container-core-group-is-layout-d255d7c4 wp-block-group-is-layout-flex\" style=\"background-color:#f1f1f1;padding-top:var(--wp--preset--spacing--80);padding-bottom:var(--wp--preset--spacing--80)\">\n<div class=\"wp-block-group is-vertical is-layout-flex wp-container-core-group-is-layout-8cf370e7 wp-block-group-is-layout-flex\">\n<h2 class=\"wp-block-heading\" style=\"padding-top:var(--wp--preset--spacing--40);padding-bottom:var(--wp--preset--spacing--40);font-size:25px;font-style:normal;font-weight:600;text-transform:capitalize\">Neden 16x16mm LED K\u00f6\u015fe Ekstr\u00fczyonumuzu Se\u00e7melisiniz?<\/h2>\n\n\n\n<ul class=\"wp-block-list\">\n<li>M\u00fckemmel boyut: 16mm x 16mm k\u00f6\u015felerde m\u00fckemmel \u015fekilde oturur.<\/li>\n\n\n\n<li>Works with LED strips that are 10mm wide\u2014no loose fits.<\/li>\n\n\n\n<li>K\u0131vr\u0131ml\u0131 dif\u00fcz\u00f6r, \u0131\u015f\u0131\u011f\u0131 nazik ve e\u015fit hale getirir, parlak noktalar yoktur.<\/li>\n\n\n\n<li>LED'leri serin tutmak i\u00e7in y\u00fcksek kaliteli, sa\u011flam al\u00fcminyumdan yap\u0131lm\u0131\u015ft\u0131r.<\/li>\n\n\n\n<li>LED \u015feritleri tozdan ve darbelere kar\u015f\u0131 korur.<\/li>\n\n\n\n<li>Montaj klipsleri&nbsp;ve kurulumunu kolayla\u015ft\u0131ran u\u00e7 kapaklar\u0131 ile birlikte gelir.<\/li>\n\n\n\n<li>Temiz bir g\u00f6r\u00fcn\u00fcm i\u00e7in g\u00fcm\u00fc\u015f veya siyah olarak gelir.<\/li>\n<\/ul>\n<\/div>\n<\/div>\n\n\n\n<div class=\"wp-block-group\" style=\"padding-top:var(--wp--preset--spacing--60);padding-bottom:var(--wp--preset--spacing--60)\"><div class=\"wp-block-group__inner-container is-layout-constrained wp-block-group-is-layout-constrained\">\n<div class=\"wp-block-media-text has-media-on-the-right is-stacked-on-mobile\" style=\"grid-template-columns:auto 40%\"><div class=\"wp-block-media-text__content\">\n<h2 class=\"wp-block-heading\" style=\"padding-top:var(--wp--preset--spacing--40);padding-bottom:var(--wp--preset--spacing--40);font-size:25px;font-style:normal;font-weight:600;text-transform:capitalize\">Kurulum \u0130pu\u00e7lar\u0131<\/h2>\n\n\n\n<ul class=\"wp-block-list\">\n<li>K\u00f6\u015felerde s\u0131k\u0131 durmas\u0131 i\u00e7in montaj klipslerini kullan\u0131n.<\/li>\n\n\n\n<li>Ekstr\u00fczyonu yerinize uyacak \u015fekilde kesin.<\/li>\n\n\n\n<li>10mm LED \u015feridinizi yerle\u015ftirin.<\/li>\n\n\n\n<li>I\u015f\u0131\u011f\u0131 yumu\u015fatmak i\u00e7in, k\u0131vr\u0131ml\u0131 dif\u00fcz\u00f6r\u00fc tak\u0131n.<\/li>\n\n\n\n<li>Kablolar\u0131 korumak ve \u015f\u0131k g\u00f6r\u00fcnmelerini sa\u011flamak i\u00e7in u\u00e7 kapaklar\u0131n\u0131 kullan\u0131n.<\/li>\n<\/ul>\n<\/div><figure class=\"wp-block-media-text__media\"><img loading=\"lazy\" decoding=\"async\" width=\"500\" height=\"500\" src=\"https:\/\/tangooled.com\/wp-content\/uploads\/2025\/06\/la02-ins.webp\" alt=\"curved diffuser led corner extrusion 16x16mm for 10mm led strips\" class=\"wp-image-41950 size-full\" srcset=\"https:\/\/tangooled.com\/wp-content\/uploads\/2025\/06\/la02-ins.webp 500w, https:\/\/tangooled.com\/wp-content\/uploads\/2025\/06\/la02-ins-300x300.webp 300w, https:\/\/tangooled.com\/wp-content\/uploads\/2025\/06\/la02-ins-150x150.webp 150w\" sizes=\"auto, (max-width: 500px) 100vw, 500px\" \/><\/figure><\/div>\n<\/div><\/div>\n\n\n\n<div class=\"wp-block-group has-background is-vertical is-layout-flex wp-container-core-group-is-layout-b429018a wp-block-group-is-layout-flex\" style=\"background-color:#f1f1f1f2;padding-top:var(--wp--preset--spacing--70);padding-bottom:var(--wp--preset--spacing--70)\">\n<h2 class=\"wp-block-heading\" style=\"padding-top:var(--wp--preset--spacing--40);padding-bottom:var(--wp--preset--spacing--40);font-size:25px;font-style:normal;font-weight:600\">Bir\u00e7ok yerde Kullan\u0131m Kolayl\u0131\u011f\u0131<\/h2>\n\n\n\n<p>16x16mm LED k\u00f6\u015fe ekstr\u00fczyonumuzu bir\u00e7ok farkl\u0131 \u015fekilde kullanabilirsiniz:<\/p>\n\n\n\n<ul class=\"wp-block-list\">\n<li>Evde ayd\u0131nlatma: Mutfak dolaplar\u0131n\u0131n alt\u0131nda yumu\u015fak \u0131\u015f\u0131k. Yatak odalar\u0131 ve oturma alanlar\u0131nda ni\u015f ayd\u0131nlatma.<\/li>\n\n\n\n<li>K\u0131yafet odalar\u0131 ve dolaplar: K\u0131yafet odalar\u0131 ve raflar i\u00e7inde parlak, e\u015fit \u0131\u015f\u0131k.<\/li>\n\n\n\n<li>D\u00fckkanlar ve Sergiler: Dikkat \u00e7ekmek i\u00e7in parlak, sabit \u0131\u015f\u0131k kullan\u0131n.<\/li>\n\n\n\n<li>Ofisler ve Kamu Alanlar\u0131: Koridorlar\u0131, ofisleri ve resepsiyon alanlar\u0131n\u0131 daha iyi g\u00f6sterin.<\/li>\n\n\n\n<li>Mimari \u00d6zellikler: K\u00f6\u015felerde haval\u0131 dolayl\u0131 ayd\u0131nlatma efektleri olu\u015fturun.<\/li>\n<\/ul>\n<\/div>\n\n\n\n<div class=\"wp-block-group is-vertical is-layout-flex wp-container-core-group-is-layout-d255d7c4 wp-block-group-is-layout-flex\" style=\"padding-top:var(--wp--preset--spacing--80);padding-bottom:var(--wp--preset--spacing--80)\">\n<h2 class=\"wp-block-heading\" style=\"padding-top:var(--wp--preset--spacing--40);padding-bottom:var(--wp--preset--spacing--40);font-size:25px;font-style:normal;font-weight:600;text-transform:capitalize\">Di\u011fer Se\u00e7eneklerle Kar\u015f\u0131la\u015ft\u0131r\u0131n<\/h2>\n\n\n\n<ul class=\"wp-block-list\">\n<li>10mm LED \u015ferit \u0131\u015f\u0131\u011f\u0131 i\u00e7in siyah dif\u00fcz\u00f6rl\u00fc siyah LED profili i\u00e7in, bunu g\u00f6r\u00fcn <a href=\"https:\/\/tangooled.com\/tr\/urun\/black-led-profile-with-black-diffuser-for-10mm-led-strip-light\/\"><mark style=\"background-color:rgba(0, 0, 0, 0)\" class=\"has-inline-color has-vivid-red-color\">sayfa<\/mark><\/a><\/li>\n\n\n\n<li>10mm ip \u0131\u015f\u0131klar\u0131 i\u00e7in buzlu dif\u00fcz\u00f6rl\u00fc y\u00fczeye montaj LED profili i\u00e7in kontrol edin <a href=\"https:\/\/tangooled.com\/tr\/urun\/surface-mount-led-profile-with-frosted-diffuser-for-10mm-rope-lights\/\"><mark style=\"background-color:rgba(0, 0, 0, 0)\" class=\"has-inline-color has-vivid-red-color\">burada<\/mark><\/a>.<\/li>\n\n\n\n<li>Daha fazla k\u00f6\u015fe stiline mi ihtiyac\u0131n\u0131z var? G\u00f6z at\u0131n <a href=\"https:\/\/tangooled.com\/tr\/urun\/45-degree-corner-led-aluminum-channel-for-10mm-led-strips\/\"><mark style=\"background-color:rgba(0, 0, 0, 0)\" class=\"has-inline-color has-vivid-red-color\">10mm LED \u015feritler i\u00e7in 45 derece k\u00f6\u015fe al\u00fcminyum kanal\u0131<\/mark><\/a>.<\/li>\n<\/ul>\n\n\n\n<p>K\u00f6\u015felerinizi en iyi 16x16mm LED k\u00f6\u015fe ekstr\u00fczyonu ile nazik ve parlak bir \u015fekilde parlat\u0131n. Kolay kurulum. G\u00fczel \u0131\u015f\u0131k!<\/p>\n<\/div>\n\n\n\n<p><\/p>","protected":false},"featured_media":14043,"template":"","meta":{"_acf_changed":true,"_seopress_robots_primary_cat":"none","_seopress_titles_title":"16x16mm LED Corner Extrusion with Curved Diffuser | TANGOOLED","_seopress_titles_desc":"16x16mm LED corner extrusion (LA02) with a curved diffuser for 10mm strips, offering smooth corner lighting and heat dissipation. Buy it from TANGOOLED now.","_seopress_robots_index":""},"pcb-width":[228],"product-cat":[196],"class_list":{"0":"post-34896","1":"product","2":"type-product","3":"status-publish","4":"has-post-thumbnail","6":"pcb-width-6-12mm","7":"product-cat-corner-profile"},"acf":[],"_links":{"self":[{"href":"https:\/\/tangooled.com\/tr\/wp-json\/wp\/v2\/product\/34896","targetHints":{"allow":["GET"]}}],"collection":[{"href":"https:\/\/tangooled.com\/tr\/wp-json\/wp\/v2\/product"}],"about":[{"href":"https:\/\/tangooled.com\/tr\/wp-json\/wp\/v2\/types\/product"}],"wp:featuredmedia":[{"embeddable":true,"href":"https:\/\/tangooled.com\/tr\/wp-json\/wp\/v2\/media\/14043"}],"wp:attachment":[{"href":"https:\/\/tangooled.com\/tr\/wp-json\/wp\/v2\/media?parent=34896"}],"wp:term":[{"taxonomy":"pcb-width","embeddable":true,"href":"https:\/\/tangooled.com\/tr\/wp-json\/wp\/v2\/pcb-width?post=34896"},{"taxonomy":"product-cat","embeddable":true,"href":"https:\/\/tangooled.com\/tr\/wp-json\/wp\/v2\/product-cat?post=34896"}],"curies":[{"name":"wp","href":"https:\/\/api.w.org\/{rel}","templated":true}]}}