{"id":34893,"date":"2025-06-30T22:14:01","date_gmt":"2025-07-01T06:14:01","guid":{"rendered":"https:\/\/tangooled.com\/?post_type=product&#038;p=34893"},"modified":"2026-02-02T02:15:56","modified_gmt":"2026-02-02T10:15:56","slug":"corner-mount-right-angle-diffuser-aluminum-led-extrusion-profile-inner-12mm","status":"publish","type":"product","link":"https:\/\/tangooled.com\/tr\/urun\/corner-mount-right-angle-diffuser-aluminum-led-extrusion-profile-inner-12mm\/","title":{"rendered":"k\u00f6\u015fe montaj\u0131 dik a\u00e7\u0131l\u0131 dif\u00fcz\u00f6r al\u00fcminyum LED profili i\u00e7 12mm"},"content":{"rendered":"<div class=\"wp-block-group is-vertical is-layout-flex wp-container-core-group-is-layout-d255d7c4 wp-block-group-is-layout-flex\" style=\"padding-top:var(--wp--preset--spacing--80);padding-bottom:var(--wp--preset--spacing--80)\">\n<p>K\u00f6\u015fe montaj\u0131 dik a\u00e7\u0131l\u0131 dif\u00fcz\u00f6r LED profili, evinizin veya ma\u011fazan\u0131z\u0131n k\u00f6\u015felerini ayd\u0131nlatman\u0131n en iyi yoludur. Bu profil, 90 derece olan k\u00f6\u015felere iyi bir \u015fekilde oturur. D\u0131\u015far\u0131da 16.2mm x 16.2mm boyutlar\u0131ndad\u0131r ve i\u00e7eride 12.2mm geni\u015fli\u011finde LED \u015feritleri tutabilir.<\/p>\n\n\n\n<p>The strong aluminum profile makes sure that heat escapes rapidly, and the diffuser cover spreads the light evenly and softly, getting rid of spots and rough edges for a bright, smooth light. It&#8217;s quick and safe to set up. First, use screws to attach the clips to the surface. After that, just snap the profile into the clips that are already there.<\/p>\n<\/div>\n\n\n\n<div class=\"wp-block-group has-background is-vertical is-layout-flex wp-container-core-group-is-layout-d255d7c4 wp-block-group-is-layout-flex\" style=\"background-color:#f1f1f1;padding-top:var(--wp--preset--spacing--80);padding-bottom:var(--wp--preset--spacing--80)\">\n<div class=\"wp-block-group is-vertical is-layout-flex wp-container-core-group-is-layout-8cf370e7 wp-block-group-is-layout-flex\">\n<h2 class=\"wp-block-heading\" style=\"padding-top:var(--wp--preset--spacing--40);padding-bottom:var(--wp--preset--spacing--40);font-size:25px;font-style:normal;font-weight:600;text-transform:capitalize\">Neden Bu K\u00f6\u015fe Montaj\u0131 Dik A\u00e7\u0131l\u0131 Dif\u00fcz\u00f6r LED Profilini Se\u00e7melisiniz?<\/h2>\n\n\n\n<ul class=\"wp-block-list\">\n<li>V \u015fekli, 90 derece olan k\u00f6\u015felere m\u00fckemmel bir \u015fekilde oturdu\u011fu i\u00e7in mutfaklarda, dolaplarda, raflarda, perakende vitrinlerinde ve daha fazlas\u0131nda kullan\u0131labilir.<\/li>\n\n\n\n<li>Lekesiz, Sadece Yumu\u015fak I\u015f\u0131k: Opak dif\u00fcz\u00f6r, LED noktalar\u0131n\u0131 ortadan kald\u0131rarak \u0131\u015f\u0131\u011f\u0131n p\u00fcr\u00fczs\u00fcz ve temiz g\u00f6r\u00fcnmesini sa\u011flar.<\/li>\n\n\n\n<li>Daha Uzun LED \u00d6mr\u00fc: Anodize al\u00fcminyum, LED \u015feridini so\u011futarak \u00f6mr\u00fcn\u00fc uzat\u0131r.<\/li>\n\n\n\n<li>12mm geni\u015flikte veya daha dar olan SMD 5050, 3528 ve 2835 bant \u0131\u015f\u0131klar\u0131 gibi \u00e7o\u011fu LED \u015feridi ile uyumludur.<\/li>\n\n\n\n<li>Kurulumu Kolay: Montaj klipleri ve \u00fczerine tak\u0131lan bir dif\u00fcz\u00f6r ile gelir, b\u00f6ylece h\u0131zl\u0131 bir \u015fekilde kurulabilir.<\/li>\n<\/ul>\n<\/div>\n<\/div>\n\n\n\n<div class=\"wp-block-group\" style=\"padding-top:var(--wp--preset--spacing--60);padding-bottom:var(--wp--preset--spacing--60)\"><div class=\"wp-block-group__inner-container is-layout-constrained wp-block-group-is-layout-constrained\">\n<div class=\"wp-block-media-text has-media-on-the-right is-stacked-on-mobile\" style=\"grid-template-columns:auto 40%\"><div class=\"wp-block-media-text__content\">\n<h2 class=\"wp-block-heading\" style=\"padding-top:var(--wp--preset--spacing--40);padding-bottom:var(--wp--preset--spacing--40);font-size:25px;font-style:normal;font-weight:600;text-transform:capitalize\">Kurulum Nas\u0131l Yap\u0131l\u0131r<\/h2>\n\n\n\n<ul class=\"wp-block-list\">\n<li>Duvarlar\u0131n\u0131z\u0131n k\u00f6\u015felerine klipsleri yerle\u015ftirin.<\/li>\n\n\n\n<li>Profili klipslere s\u0131k\u0131ca yerle\u015ftirin.<\/li>\n\n\n\n<li>LED \u015feridinizi kanala yap\u0131\u015ft\u0131r\u0131n.<\/li>\n\n\n\n<li>Dif\u00fcz\u00f6r kapa\u011f\u0131n\u0131 profiline yerle\u015ftirin.<\/li>\n\n\n\n<li>Harika g\u00f6r\u00fcnmesi i\u00e7in u\u00e7 kapaklar\u0131 ekleyin.<\/li>\n<\/ul>\n<\/div><figure class=\"wp-block-media-text__media\"><img loading=\"lazy\" decoding=\"async\" width=\"500\" height=\"500\" src=\"https:\/\/tangooled.com\/wp-content\/uploads\/2025\/06\/la01-ins.webp\" alt=\"corner mount right angle diffuser aluminum led extrusion profile inner 12mm\" class=\"wp-image-41946 size-full\" srcset=\"https:\/\/tangooled.com\/wp-content\/uploads\/2025\/06\/la01-ins.webp 500w, https:\/\/tangooled.com\/wp-content\/uploads\/2025\/06\/la01-ins-300x300.webp 300w, https:\/\/tangooled.com\/wp-content\/uploads\/2025\/06\/la01-ins-150x150.webp 150w\" sizes=\"auto, (max-width: 500px) 100vw, 500px\" \/><\/figure><\/div>\n<\/div><\/div>\n\n\n\n<div class=\"wp-block-group has-background is-vertical is-layout-flex wp-container-core-group-is-layout-b429018a wp-block-group-is-layout-flex\" style=\"background-color:#f1f1f1f2;padding-top:var(--wp--preset--spacing--70);padding-bottom:var(--wp--preset--spacing--70)\">\n<h2 class=\"wp-block-heading\" style=\"padding-top:var(--wp--preset--spacing--40);padding-bottom:var(--wp--preset--spacing--40);font-size:25px;font-style:normal;font-weight:600\">Nerelerde Kullanabilirsiniz?<\/h2>\n\n\n\n<p>Bu k\u00f6\u015fe montajl\u0131 dik a\u00e7\u0131l\u0131 dif\u00fcz\u00f6r LED profilini bir\u00e7ok yerde kullanabilirsiniz. \u015eunlar i\u00e7in deneyin:<\/p>\n\n\n\n<ul class=\"wp-block-list\">\n<li>Mutfak tezgahlar\u0131 ve dolaplar\u0131n alt\u0131<\/li>\n\n\n\n<li>Duvar k\u00f6\u015feleri ve tavanlar i\u00e7in s\u0131cak atmosfer ayd\u0131nlatmas\u0131<\/li>\n\n\n\n<li>D\u00fckkanlarda veya evlerde raf ayd\u0131nlatmalar\u0131<\/li>\n\n\n\n<li>Sergi vitrinleri ve dolaplar<\/li>\n<\/ul>\n<\/div>\n\n\n\n<div class=\"wp-block-group is-vertical is-layout-flex wp-container-core-group-is-layout-d255d7c4 wp-block-group-is-layout-flex\" style=\"padding-top:var(--wp--preset--spacing--80);padding-bottom:var(--wp--preset--spacing--80)\">\n<h2 class=\"wp-block-heading\" style=\"padding-top:var(--wp--preset--spacing--40);padding-bottom:var(--wp--preset--spacing--40);font-size:25px;font-style:normal;font-weight:600;text-transform:capitalize\">Kutu \u0130\u00e7inde<\/h2>\n\n\n\n<p>H\u0131zl\u0131 bir \u015fekilde monte etmek i\u00e7in ihtiya\u00e7 duydu\u011funuz her \u015feyi al\u0131rs\u0131n\u0131z:<\/p>\n\n\n\n<ul class=\"wp-block-list\">\n<li>V \u015feklinde bir al\u00fcminyum kanal<\/li>\n\n\n\n<li>Mat dif\u00fcz\u00f6r kapa\u011f\u0131<\/li>\n\n\n\n<li>Her metreye iki montaj klipsi<\/li>\n\n\n\n<li>\u0130ki u\u00e7 kapa\u011f\u0131 (bir kapal\u0131 ve biri kablo i\u00e7in delikli)<\/li>\n<\/ul>\n<\/div>\n\n\n\n<div class=\"wp-block-group has-background\" style=\"background-color:#f1f1f1;padding-top:var(--wp--preset--spacing--80);padding-bottom:var(--wp--preset--spacing--80)\"><div class=\"wp-block-group__inner-container is-layout-constrained wp-block-group-is-layout-constrained\">\n<h2 class=\"wp-block-heading\" style=\"padding-top:var(--wp--preset--spacing--40);padding-bottom:var(--wp--preset--spacing--40);font-size:25px;font-style:normal;font-weight:600;text-transform:capitalize\">Sonu\u00e7: K\u00f6\u015fe I\u015f\u0131k \u00c7\u00f6z\u00fcm\u00fcn\u00fcz<\/h2>\n\n\n\n<p style=\"padding-right:var(--wp--preset--spacing--50);padding-left:var(--wp--preset--spacing--50)\">E\u011fer k\u00f6\u015felerde parlak \u0131\u015f\u0131k istiyorsan\u0131z, bu k\u00f6\u015fe montaj\u0131 dik a\u00e7\u0131l\u0131 dif\u00fcz\u00f6r LED profili ak\u0131ll\u0131 ve basit bir yoldur. LED'inizi g\u00fcvenli bir \u015fekilde tutar ve \u0131\u015f\u0131\u011f\u0131n\u0131z\u0131n lekeli de\u011fil, yumu\u015fak g\u00f6r\u00fcnmesini sa\u011flar. Al\u00fcminyum kanal so\u011fuk ve dayan\u0131kl\u0131d\u0131r. Herhangi bir DIY veya profesyonel montajc\u0131 i\u00e7in kurulumu kolayd\u0131r. Projeniz i\u00e7in m\u00fckemmel uyum sa\u011flamak \u00fczere di\u011fer LED profilleri hakk\u0131nda daha fazla bilgi edinin: <\/p>\n\n\n\n<ul class=\"wp-block-list\">\n<li>Ke\u015ffedin <a href=\"https:\/\/tangooled.com\/tr\/urun\/black-led-diffuser-aluminum-channel-for-12mm-tape-lights\/\"><mark style=\"background-color:rgba(0, 0, 0, 0)\" class=\"has-inline-color has-vivid-red-color\">12mm bant \u0131\u015f\u0131klar\u0131 i\u00e7in siyah LED dif\u00fcz\u00f6r al\u00fcminyum profili<\/mark> <\/a>\u015f\u0131k bir g\u00f6r\u00fcn\u00fcm i\u00e7in.<\/li>\n\n\n\n<li>G\u00f6z at\u0131n <a href=\"https:\/\/tangooled.com\/tr\/urun\/18x18mm-led-strip-corner-profile-for-12mm-led-strips\/\"><mark style=\"background-color:rgba(0, 0, 0, 0)\" class=\"has-inline-color has-vivid-red-color\">18x18mm LED \u015ferit k\u00f6\u015fe profili<\/mark><\/a> daha b\u00fcy\u00fck bir profil istiyorsan\u0131z.<\/li>\n\n\n\n<li>\u015eunu deneyin <a href=\"https:\/\/tangooled.com\/tr\/urun\/surface-mount-led-profile-with-frosted-diffuser-for-10mm-rope-lights\/\"><mark style=\"background-color:rgba(0, 0, 0, 0)\" class=\"has-inline-color has-vivid-red-color\">frosted dif\u00fcz\u00f6rl\u00fc y\u00fczeye monte LED profili<\/mark><\/a> daha ince \u015feritler i\u00e7in.<\/li>\n<\/ul>\n<\/div><\/div>\n\n\n\n<p><\/p>","protected":false},"featured_media":14039,"template":"","meta":{"_acf_changed":true,"_seopress_robots_primary_cat":"none","_seopress_titles_title":"Corner Mount Right Angle LED Profile with Diffuser | TANGOOLED","_seopress_titles_desc":"Corner mount right angle diffuser LED profile for 12mm strips. LED extrusion (LA01) for 90-degree corner lighting & heat dissipation. Ideal for under-cabinet and professional corner lighting.","_seopress_robots_index":""},"pcb-width":[228],"product-cat":[196],"class_list":{"0":"post-34893","1":"product","2":"type-product","3":"status-publish","4":"has-post-thumbnail","6":"pcb-width-6-12mm","7":"product-cat-corner-profile"},"acf":[],"_links":{"self":[{"href":"https:\/\/tangooled.com\/tr\/wp-json\/wp\/v2\/product\/34893","targetHints":{"allow":["GET"]}}],"collection":[{"href":"https:\/\/tangooled.com\/tr\/wp-json\/wp\/v2\/product"}],"about":[{"href":"https:\/\/tangooled.com\/tr\/wp-json\/wp\/v2\/types\/product"}],"wp:featuredmedia":[{"embeddable":true,"href":"https:\/\/tangooled.com\/tr\/wp-json\/wp\/v2\/media\/14039"}],"wp:attachment":[{"href":"https:\/\/tangooled.com\/tr\/wp-json\/wp\/v2\/media?parent=34893"}],"wp:term":[{"taxonomy":"pcb-width","embeddable":true,"href":"https:\/\/tangooled.com\/tr\/wp-json\/wp\/v2\/pcb-width?post=34893"},{"taxonomy":"product-cat","embeddable":true,"href":"https:\/\/tangooled.com\/tr\/wp-json\/wp\/v2\/product-cat?post=34893"}],"curies":[{"name":"wp","href":"https:\/\/api.w.org\/{rel}","templated":true}]}}