{"id":34888,"date":"2025-06-30T22:07:20","date_gmt":"2025-07-01T06:07:20","guid":{"rendered":"https:\/\/tangooled.com\/?post_type=product&#038;p=34888"},"modified":"2026-02-02T01:54:35","modified_gmt":"2026-02-02T09:54:35","slug":"18mm-flexible-led-profile-for-12mm-led-strips","status":"publish","type":"product","link":"https:\/\/tangooled.com\/tr\/urun\/18mm-flexible-led-profile-for-12mm-led-strips\/","title":{"rendered":"12mm LED \u015feritler i\u00e7in 18mm esnek LED profili"},"content":{"rendered":"<div class=\"wp-block-group is-vertical is-layout-flex wp-container-core-group-is-layout-d255d7c4 wp-block-group-is-layout-flex\" style=\"padding-top:var(--wp--preset--spacing--80);padding-bottom:var(--wp--preset--spacing--80)\">\n<p>This 18mm flexible LED profile is made to make lighting setups that are smooth, curved, and very brilliant. This flexible channel is made of strong, high-quality aluminum that bends easily. This makes it easy to install around corners, curves, and other circular architectural components. It is made to fit flexible LED strips that are 12mm wide. The profile features a soft, white cover (diffuser) that effectively hides the harsh, bright dots or &#8220;hotspots&#8221; from the LED strip. This makes sure that the light output is a perfectly even and diffused line. The channel also protects your LED lighting parts from dust and damage, which makes them last longer.<\/p>\n<\/div>\n\n\n\n<div class=\"wp-block-group has-background is-vertical is-layout-flex wp-container-core-group-is-layout-d255d7c4 wp-block-group-is-layout-flex\" style=\"background-color:#f1f1f1;padding-top:var(--wp--preset--spacing--80);padding-bottom:var(--wp--preset--spacing--80)\">\n<div class=\"wp-block-group is-vertical is-layout-flex wp-container-core-group-is-layout-8cf370e7 wp-block-group-is-layout-flex\">\n<h2 class=\"wp-block-heading\" style=\"padding-top:var(--wp--preset--spacing--40);padding-bottom:var(--wp--preset--spacing--40);font-size:25px;font-style:normal;font-weight:600;text-transform:capitalize\">Neden 18 mm Esnek LED Profilimizi Se\u00e7melisiniz?<\/h2>\n\n\n\n<ul class=\"wp-block-list\">\n<li>I\u015f\u0131klar\u0131n\u0131zla uyumlu \u00e7al\u0131\u015f\u0131r: Bu profil, 12 mm geni\u015fli\u011finde veya daha dar herhangi bir esnek LED \u015feridi ile uyumludur.<\/li>\n\n\n\n<li>E\u011filir ve kal\u0131r: Al\u00fcminyum sa\u011flam ama esnektir. \u0130stedi\u011finiz yerde e\u011filir ve o \u015fekilde kal\u0131r.<\/li>\n\n\n\n<li>I\u015f\u0131klar\u0131 korur: Al\u00fcminyum muhafaza, LED \u015feridinizin tozlu veya temas eden olmas\u0131n\u0131 engeller.<\/li>\n\n\n\n<li>Her ortamda g\u00fczel g\u00f6r\u00fcn\u00fcr: Odan\u0131zla uyumlu bir kaplama se\u00e7in; \u00f6rne\u011fin g\u00fcm\u00fc\u015f, siyah veya beyaz.<\/li>\n\n\n\n<li>Kurulum i\u00e7in gereken her \u015feyi, klipsler ve kapaklar gibi, ile gelir.<\/li>\n<\/ul>\n<\/div>\n<\/div>\n\n\n\n<div class=\"wp-block-group is-vertical is-layout-flex wp-container-core-group-is-layout-d255d7c4 wp-block-group-is-layout-flex\" style=\"padding-top:var(--wp--preset--spacing--80);padding-bottom:var(--wp--preset--spacing--80)\">\n<hr class=\"wp-block-separator has-alpha-channel-opacity\"\/>\n\n\n\n<div class=\"wp-block-media-text has-media-on-the-right is-stacked-on-mobile\" style=\"grid-template-columns:auto 40%\"><div class=\"wp-block-media-text__content\">\n<h2 class=\"wp-block-heading\" style=\"padding-top:var(--wp--preset--spacing--40);padding-bottom:var(--wp--preset--spacing--40);font-size:25px;font-style:normal;font-weight:600;text-transform:capitalize\">Nas\u0131l Kurulur<\/h2>\n\n\n\n<ul class=\"wp-block-list\">\n<li>Profili istedi\u011finiz forma e\u011fin.<\/li>\n\n\n\n<li>12mm LED bant\u0131n\u0131z\u0131 kanal\u0131n i\u00e7ine yerle\u015ftirin.<\/li>\n\n\n\n<li>\u00dczerine yumu\u015fak beyaz kapa\u011f\u0131 yerle\u015ftirin.<\/li>\n\n\n\n<li>Profili duvara veya tavana monte etmek i\u00e7in montaj klipslerini kullan\u0131n.<\/li>\n\n\n\n<li>Tamamlanm\u0131\u015f g\u00f6r\u00fcnmesi i\u00e7in u\u00e7 kapaklar\u0131 tak\u0131n.<\/li>\n<\/ul>\n<\/div><figure class=\"wp-block-media-text__media\"><img loading=\"lazy\" decoding=\"async\" width=\"500\" height=\"500\" src=\"https:\/\/tangooled.com\/wp-content\/uploads\/2026\/01\/bp01-ins.webp\" alt=\"bp01 ins\" class=\"wp-image-46013 size-full\" srcset=\"https:\/\/tangooled.com\/wp-content\/uploads\/2026\/01\/bp01-ins.webp 500w, https:\/\/tangooled.com\/wp-content\/uploads\/2026\/01\/bp01-ins-300x300.webp 300w, https:\/\/tangooled.com\/wp-content\/uploads\/2026\/01\/bp01-ins-150x150.webp 150w\" sizes=\"auto, (max-width: 500px) 100vw, 500px\" \/><\/figure><\/div>\n<\/div>\n\n\n\n<div class=\"wp-block-group has-background is-vertical is-layout-flex wp-container-core-group-is-layout-b429018a wp-block-group-is-layout-flex\" style=\"background-color:#f1f1f1f2;padding-top:var(--wp--preset--spacing--70);padding-bottom:var(--wp--preset--spacing--70)\">\n<h2 class=\"wp-block-heading\" style=\"padding-top:var(--wp--preset--spacing--40);padding-bottom:var(--wp--preset--spacing--40);font-size:25px;font-style:normal;font-weight:600\">Bunlar i\u00e7in E\u011flenceli Fikirler Kullan\u0131n<\/h2>\n\n\n\n<ul class=\"wp-block-list\">\n<li>K\u0131vr\u0131lan bir duvarda veya yuvarlak bir masada \u0131\u015f\u0131klar.<\/li>\n\n\n\n<li>Bir kap\u0131daki bir kavisle birlikte giden \u0131\u015f\u0131klar.<\/li>\n\n\n\n<li>Tavanda bir cove i\u00e7inde gizli olan \u0131\u015f\u0131klar.<\/li>\n\n\n\n<li>Mutfak dolaplar\u0131n\u0131z\u0131n veya raflar\u0131n\u0131z\u0131n alt\u0131nda olan \u0131\u015f\u0131klar.<\/li>\n\n\n\n<li>Bir ma\u011faza sergisi i\u00e7in haval\u0131 ve ak\u0131c\u0131 \u0131\u015f\u0131k \u015fekilleri.<\/li>\n<\/ul>\n<\/div>\n\n\n\n<div class=\"wp-block-group is-vertical is-layout-flex wp-container-core-group-is-layout-d255d7c4 wp-block-group-is-layout-flex\" style=\"padding-top:var(--wp--preset--spacing--80);padding-bottom:var(--wp--preset--spacing--80)\">\n<h2 class=\"wp-block-heading\" style=\"padding-top:var(--wp--preset--spacing--40);padding-bottom:var(--wp--preset--spacing--40);font-size:25px;font-style:normal;font-weight:600;text-transform:capitalize\">Di\u011fer \u00dcr\u00fcnlerimize G\u00f6z At\u0131n<\/h2>\n\n\n\n<p>Bu 18 mm esnek LED profili, b\u00fcy\u00fck bir ayd\u0131nlatma \u00fcr\u00fcnleri ailesinin bir par\u00e7as\u0131d\u0131r. Bunu seviyorsan\u0131z, muhtemelen \u015funlar\u0131 da seversiniz:<\/p>\n\n\n\n<ul class=\"wp-block-list\">\n<li><a href=\"https:\/\/tangooled.com\/tr\/urun\/black-led-diffuser-aluminum-channel-for-12mm-tape-lights\/\"><mark style=\"background-color:rgba(0, 0, 0, 0)\" class=\"has-inline-color has-vivid-red-color\">12 mm \u015ferit lambalar i\u00e7in siyah LED dif\u00fcz\u00f6r al\u00fcminyum kanal\u0131<\/mark> <\/a>\u00e7ok modern bir g\u00f6r\u00fcn\u00fcm i\u00e7in.<\/li>\n\n\n\n<li><a href=\"https:\/\/tangooled.com\/tr\/urun\/surface-mount-led-profile-with-frosted-diffuser-for-10mm-rope-lights\/\"><mark style=\"background-color:rgba(0, 0, 0, 0)\" class=\"has-inline-color has-vivid-red-color\">10mm kablo \u0131\u015f\u0131klar\u0131 i\u00e7in buzlu dif\u00fcz\u00f6rl\u00fc y\u00fczey montaj LED profili<\/mark><\/a> e\u011filmeyen d\u00fcz bir se\u00e7enek gerekiyorsa.<\/li>\n\n\n\n<li><a href=\"https:\/\/tangooled.com\/tr\/urun\/black-led-diffuser-aluminum-channel-for-12mm-tape-lights\/\"><mark style=\"background-color:rgba(0, 0, 0, 0)\" class=\"has-inline-color has-vivid-red-color\">12 mm bant lambalar i\u00e7in siyah LED dif\u00fcz\u00f6r al\u00fcminyum kanal\u0131<\/mark><\/a> farkl\u0131 bir g\u00f6r\u00fcn\u00fcm i\u00e7in, bu ayn\u0131 zamanda bir\u00e7ok proje i\u00e7in harika.<\/li>\n<\/ul>\n<\/div>\n\n\n\n<p><\/p>","protected":false},"featured_media":13110,"template":"","meta":{"_acf_changed":true,"_seopress_robots_primary_cat":"none","_seopress_titles_title":"Bendable 18mm Flexible LED Profile for 12mm Strip Lights | TANGOOLED","_seopress_titles_desc":"High-quality 18mm flexible LED profile designed for 12mm LED strips. Perfect for curved lighting designs, furniture, and architectural DIY projects.","_seopress_robots_index":""},"pcb-width":[228],"product-cat":[203],"class_list":{"0":"post-34888","1":"product","2":"type-product","3":"status-publish","4":"has-post-thumbnail","6":"pcb-width-6-12mm","7":"product-cat-flexible-profile"},"acf":[],"_links":{"self":[{"href":"https:\/\/tangooled.com\/tr\/wp-json\/wp\/v2\/product\/34888","targetHints":{"allow":["GET"]}}],"collection":[{"href":"https:\/\/tangooled.com\/tr\/wp-json\/wp\/v2\/product"}],"about":[{"href":"https:\/\/tangooled.com\/tr\/wp-json\/wp\/v2\/types\/product"}],"wp:featuredmedia":[{"embeddable":true,"href":"https:\/\/tangooled.com\/tr\/wp-json\/wp\/v2\/media\/13110"}],"wp:attachment":[{"href":"https:\/\/tangooled.com\/tr\/wp-json\/wp\/v2\/media?parent=34888"}],"wp:term":[{"taxonomy":"pcb-width","embeddable":true,"href":"https:\/\/tangooled.com\/tr\/wp-json\/wp\/v2\/pcb-width?post=34888"},{"taxonomy":"product-cat","embeddable":true,"href":"https:\/\/tangooled.com\/tr\/wp-json\/wp\/v2\/product-cat?post=34888"}],"curies":[{"name":"wp","href":"https:\/\/api.w.org\/{rel}","templated":true}]}}