{"id":34702,"date":"2025-06-29T23:44:22","date_gmt":"2025-06-30T07:44:22","guid":{"rendered":"https:\/\/tangooled.com\/?post_type=product&#038;p=34702"},"modified":"2026-01-29T23:50:13","modified_gmt":"2026-01-30T07:50:13","slug":"aluminum-u-channel-with-curved-led-diffuser-inner-16mm","status":"publish","type":"product","link":"https:\/\/tangooled.com\/tr\/urun\/aluminum-u-channel-with-curved-led-diffuser-inner-16mm\/","title":{"rendered":"kavisli LED dif\u00fcz\u00f6rl\u00fc al\u00fcminyum U kanal\u0131 16mm i\u00e7"},"content":{"rendered":"<div class=\"wp-block-group is-vertical is-layout-flex wp-container-core-group-is-layout-d255d7c4 wp-block-group-is-layout-flex\" style=\"padding-top:var(--wp--preset--spacing--80);padding-bottom:var(--wp--preset--spacing--80)\">\n<p>Our aluminum u channel with curved led diffuser inner 16mm is made for easy use. It has a wide 16.2mm inner width and a high-quality curved diffuser that makes sure the light is smooth and dot-free. This aluminum channel is meant to be mounted on the surface. It comes with matching end caps and mounting clips to make sure it looks professional. You can choose from silver, white, or black finishes to make sure they match your design&nbsp;exactly. It&#8217;s a safe, high-quality place to store your LED strips, whether you need it for personal or business use.<\/p>\n<\/div>\n\n\n\n<div class=\"wp-block-group has-background\" style=\"background-color:#f1f1f1;padding-top:var(--wp--preset--spacing--80);padding-bottom:var(--wp--preset--spacing--80)\"><div class=\"wp-block-group__inner-container is-layout-constrained wp-block-group-is-layout-constrained\">\n<div class=\"wp-block-group is-vertical is-layout-flex wp-container-core-group-is-layout-8cf370e7 wp-block-group-is-layout-flex\">\n<h2 class=\"wp-block-heading\" style=\"padding-top:var(--wp--preset--spacing--40);padding-bottom:var(--wp--preset--spacing--40);font-size:25px;font-style:normal;font-weight:600;text-transform:capitalize\">Neden Kavisli LED Dif\u00fcz\u00f6rl\u00fc Al\u00fcminyum U Kanal\u0131m\u0131z\u0131 Se\u00e7melisiniz?<\/h2>\n\n\n\n<ul class=\"wp-block-list\">\n<li>16 mm geni\u015fli\u011finde LED \u015feritleri ile uyumlu \u00e7al\u0131\u015f\u0131r. Bir veya iki s\u0131ra LED \u015feridi ile harika performans g\u00f6sterir.<\/li>\n\n\n\n<li>Kanal, LED'lerinizi so\u011futmas\u0131n\u0131 sa\u011flayan uzun \u00f6m\u00fcrl\u00fc 6063-T5 anodize al\u00fcminyumdan yap\u0131lm\u0131\u015ft\u0131r ve bu, LED'lerinizin \u00f6mr\u00fcn\u00fc uzat\u0131r.<\/li>\n\n\n\n<li>Kavisli kubbe dif\u00fcz\u00f6r\u00fc yumu\u015fak, noktas\u0131z \u0131\u015f\u0131k sa\u011flar ve LED'lerinizi tozdan korur.<\/li>\n\n\n\n<li>Verilen klipler ve u\u00e7 kapaklarla y\u00fczeye kolayca monte edilir.<\/li>\n\n\n\n<li>Alan\u0131n\u0131za uyum sa\u011flamak i\u00e7in g\u00fcm\u00fc\u015f, siyah ve beyaz kaplama se\u00e7enekleriyle gelir.<\/li>\n\n\n\n<li>Projenize uyacak \u015fekilde \u00f6zel uzunluklarda (1m, 2m) kesim alabilirsiniz.<\/li>\n<\/ul>\n<\/div>\n<\/div><\/div>\n\n\n\n<div class=\"wp-block-group is-vertical is-layout-flex wp-container-core-group-is-layout-d255d7c4 wp-block-group-is-layout-flex\" style=\"padding-top:var(--wp--preset--spacing--80);padding-bottom:var(--wp--preset--spacing--80)\">\n<hr class=\"wp-block-separator has-alpha-channel-opacity\"\/>\n\n\n\n<div class=\"wp-block-media-text has-media-on-the-right is-stacked-on-mobile\" style=\"grid-template-columns:auto 40%\"><div class=\"wp-block-media-text__content\">\n<h2 class=\"wp-block-heading\" style=\"padding-top:var(--wp--preset--spacing--40);padding-bottom:var(--wp--preset--spacing--40);font-size:25px;font-style:normal;font-weight:600;text-transform:capitalize\">Nas\u0131l Kurulur<\/h2>\n\n\n\n<ul class=\"wp-block-list\">\n<li>Ekstr\u00fcde al\u00fcminyum konutlar\u0131n do\u011fru boyutta kesilmesi i\u00e7in bir s\u0131y\u0131r\u0131c\u0131 testere kullan\u0131n.<\/li>\n\n\n\n<li>Al\u00fcminyum profili i\u00e7in montaj kliplerini vidalar veya yap\u0131\u015ft\u0131r\u0131c\u0131 ile y\u00fczeye sabitleyin.<\/li>\n\n\n\n<li>LED \u015ferit bant\u0131n\u0131n arka k\u0131sm\u0131n\u0131 \u00e7\u0131kar\u0131n ve al\u00fcminyum t\u00fcp\u00fcn i\u00e7ine yerle\u015ftirin.<\/li>\n\n\n\n<li>Noktas\u0131z \u0131\u015f\u0131k i\u00e7in kavisli lens dif\u00fcz\u00f6r\u00fcn\u00fc tak\u0131n.<\/li>\n\n\n\n<li>U\u00e7 kapaklar\u0131n\u0131 kullanarak kenarlar\u0131 bitirin.<\/li>\n<\/ul>\n<\/div><figure class=\"wp-block-media-text__media\"><img loading=\"lazy\" decoding=\"async\" width=\"500\" height=\"500\" src=\"https:\/\/tangooled.com\/wp-content\/uploads\/2025\/06\/lp02a-ins.webp\" alt=\"aluminum u channel with curved led diffuser inner 16mm\" class=\"wp-image-48300 size-full\" srcset=\"https:\/\/tangooled.com\/wp-content\/uploads\/2025\/06\/lp02a-ins.webp 500w, https:\/\/tangooled.com\/wp-content\/uploads\/2025\/06\/lp02a-ins-300x300.webp 300w, https:\/\/tangooled.com\/wp-content\/uploads\/2025\/06\/lp02a-ins-150x150.webp 150w\" sizes=\"auto, (max-width: 500px) 100vw, 500px\" \/><\/figure><\/div>\n<\/div>\n\n\n\n<div class=\"wp-block-group has-background is-vertical is-layout-flex wp-container-core-group-is-layout-b429018a wp-block-group-is-layout-flex\" style=\"background-color:#f1f1f1f2;padding-top:var(--wp--preset--spacing--70);padding-bottom:var(--wp--preset--spacing--70)\">\n<h2 class=\"wp-block-heading\" style=\"padding-top:var(--wp--preset--spacing--40);padding-bottom:var(--wp--preset--spacing--40);font-size:25px;font-style:normal;font-weight:600\">Nerelerde Kullanabilirsiniz?<\/h2>\n\n\n\n<p>Kavisli led dif\u00fcz\u00f6rl\u00fc al\u00fcminyum U kanal\u0131, bir\u00e7ok yere uyum sa\u011flar:<\/p>\n\n\n\n<ul class=\"wp-block-list\">\n<li>Dolap Altlar\u0131nda: Mutfaklar\u0131 ve \u00e7al\u0131\u015fma alanlar\u0131n\u0131 ayd\u0131nlatmak i\u00e7in p\u00fcr\u00fczs\u00fcz \u0131\u015f\u0131k kullan\u0131n.<\/li>\n\n\n\n<li>K\u00f6\u015fe Ayd\u0131nlatmas\u0131: Duvarlar\u0131n ve tavanlar\u0131n e\u015fit \u015fekilde parlamas\u0131n\u0131 sa\u011flay\u0131n.<\/li>\n\n\n\n<li>Dolaplar ve raflar: D\u00fcz hatlar mobilyalar\u0131n g\u00f6r\u00fcn\u00fcm\u00fcn\u00fc g\u00fczelle\u015ftirir.<\/li>\n\n\n\n<li>Perakende Sergileri: E\u015fyalara \u00e7ekici g\u00f6r\u00fcnmesi i\u00e7in e\u015fit \u0131\u015f\u0131k kullan\u0131n.<\/li>\n\n\n\n<li>Ev veya ofisiniz i\u00e7in, modern ayd\u0131nlatma armat\u00fcrleri kanallar\u0131 olu\u015fturun ve onlara \u015f\u0131k bir g\u00f6r\u00fcn\u00fcm kazand\u0131r\u0131n.<\/li>\n\n\n\n<li>Mimari Ayr\u0131nt\u0131lar: Hem profesyonel hem de dekoratif ayd\u0131nlatma i\u00e7in kullan\u0131n.<\/li>\n<\/ul>\n<\/div>\n\n\n\n<div class=\"wp-block-group is-vertical is-layout-flex wp-container-core-group-is-layout-d255d7c4 wp-block-group-is-layout-flex\" style=\"padding-top:var(--wp--preset--spacing--80);padding-bottom:var(--wp--preset--spacing--80)\">\n<h2 class=\"wp-block-heading\" style=\"padding-top:var(--wp--preset--spacing--40);padding-bottom:var(--wp--preset--spacing--40);font-size:25px;font-style:normal;font-weight:600;text-transform:capitalize\">\u0130lgili \u00dcr\u00fcnler ve Daha Fazlas\u0131 <\/h2>\n\n\n\n<ul class=\"wp-block-list\">\n<li><a href=\"https:\/\/tangooled.com\/tr\/urun\/u-shape-aluminum-channel-with-square-diffuser-inner-16mm\/\"><mark style=\"background-color:rgba(0, 0, 0, 0)\" class=\"has-inline-color has-vivid-red-color\">Kare dif\u00fcz\u00f6rl\u00fc 16 mm i\u00e7 al\u00fcminyum U kanal\u0131<\/mark><\/a><\/li>\n\n\n\n<li><a href=\"https:\/\/tangooled.com\/tr\/urun\/20x18mm-double-layer-led-channel-inner-16mm-with-curved-diffuser\/\"><mark style=\"background-color:rgba(0, 0, 0, 0)\" class=\"has-inline-color has-vivid-red-color\">Kavisli dif\u00fcz\u00f6rl\u00fc 20x18 mm \u00e7ift katmanl\u0131 LED kanal\u0131, 16 mm i\u00e7<\/mark><\/a><\/li>\n\n\n\n<li><a href=\"https:\/\/tangooled.com\/tr\/urun\/aluminum-led-strip-extrusion-diffuser-channel-for-5050-double-row-led-strip\/\"><mark style=\"background-color:rgba(0, 0, 0, 0)\" class=\"has-inline-color has-vivid-red-color\">5050 \u00e7ift s\u0131ra LED \u015feridi i\u00e7in al\u00fcminyum LED \u015ferit \u00e7\u0131k\u0131nt\u0131 dif\u00fcz\u00f6r kanal\u0131<\/mark><\/a><\/li>\n<\/ul>\n<\/div>\n\n\n\n<div class=\"wp-block-group has-background is-vertical is-layout-flex wp-container-core-group-is-layout-b429018a wp-block-group-is-layout-flex\" style=\"background-color:#f1f1f1f2;padding-top:var(--wp--preset--spacing--70);padding-bottom:var(--wp--preset--spacing--70)\">\n<p style=\"padding-right:var(--wp--preset--spacing--50);padding-left:var(--wp--preset--spacing--50)\">Bir sonraki ayd\u0131nlatma projeniz i\u00e7in en iyi lineer LED al\u00fcminyum profilini edinin. Kavisli dif\u00fcz\u00f6rl\u00fc profesyonel al\u00fcminyum \u0131s\u0131 emici, temiz, parlak ve e\u015fit \u0131\u015f\u0131k yaratman\u0131za yard\u0131mc\u0131 olmaya haz\u0131r. Tam \u00fcr\u00fcn detaylar\u0131na g\u00f6z at\u0131n ve Tangooled'dan bug\u00fcn sipari\u015f verin. <mark style=\"background-color:rgba(0, 0, 0, 0)\" class=\"has-inline-color has-vivid-red-color\"><a href=\"https:\/\/tangooled.com\/tr\/led-profiles\/\">burada<\/a><\/mark>.<\/p>\n<\/div>\n\n\n\n<p><\/p>","protected":false},"featured_media":14090,"template":"","meta":{"_acf_changed":true,"_seopress_robots_primary_cat":"none","_seopress_titles_title":"Aluminum U Channel with Curved LED Diffuser Inner 16mm | TANGOOLED","_seopress_titles_desc":"Source the aluminum U channel LP02A. Featuring an inner 16mm width and a curved LED diffuser, this profile provides professional housing for flexible LED strips.","_seopress_robots_index":""},"pcb-width":[229],"product-cat":[192],"class_list":{"0":"post-34702","1":"product","2":"type-product","3":"status-publish","4":"has-post-thumbnail","6":"pcb-width-15-20mm","7":"product-cat-surface-led-profile"},"acf":[],"_links":{"self":[{"href":"https:\/\/tangooled.com\/tr\/wp-json\/wp\/v2\/product\/34702","targetHints":{"allow":["GET"]}}],"collection":[{"href":"https:\/\/tangooled.com\/tr\/wp-json\/wp\/v2\/product"}],"about":[{"href":"https:\/\/tangooled.com\/tr\/wp-json\/wp\/v2\/types\/product"}],"wp:featuredmedia":[{"embeddable":true,"href":"https:\/\/tangooled.com\/tr\/wp-json\/wp\/v2\/media\/14090"}],"wp:attachment":[{"href":"https:\/\/tangooled.com\/tr\/wp-json\/wp\/v2\/media?parent=34702"}],"wp:term":[{"taxonomy":"pcb-width","embeddable":true,"href":"https:\/\/tangooled.com\/tr\/wp-json\/wp\/v2\/pcb-width?post=34702"},{"taxonomy":"product-cat","embeddable":true,"href":"https:\/\/tangooled.com\/tr\/wp-json\/wp\/v2\/product-cat?post=34702"}],"curies":[{"name":"wp","href":"https:\/\/api.w.org\/{rel}","templated":true}]}}