{"id":34700,"date":"2025-06-29T23:41:14","date_gmt":"2025-06-30T07:41:14","guid":{"rendered":"https:\/\/tangooled.com\/?post_type=product&#038;p=34700"},"modified":"2026-01-29T19:09:42","modified_gmt":"2026-01-30T03:09:42","slug":"u-shaped-diffuser-double-layer-aluminum-led-channel-for-strip-light","status":"publish","type":"product","link":"https:\/\/tangooled.com\/tr\/urun\/u-shaped-diffuser-double-layer-aluminum-led-channel-for-strip-light\/","title":{"rendered":"\u015eerit \u0131\u015f\u0131k i\u00e7in \u00e7ift katmanl\u0131 al\u00fcminyum LED kanal\u0131 U \u015fekli dif\u00fcz\u00f6r"},"content":{"rendered":"<div class=\"wp-block-group is-vertical is-layout-flex wp-container-core-group-is-layout-d255d7c4 wp-block-group-is-layout-flex\" style=\"padding-top:var(--wp--preset--spacing--80);padding-bottom:var(--wp--preset--spacing--80)\">\n<p>U \u015feklindeki dif\u00fcz\u00f6r \u00e7ift katmanl\u0131 al\u00fcminyum LED kanal\u0131m\u0131z ile mekanlar\u0131n\u0131z\u0131 ayd\u0131nlat\u0131n. Bu kanal, 15 mm'ye kadar geni\u015fli\u011fe sahip LED \u015feritlerini tutmak i\u00e7in tasarlanm\u0131\u015ft\u0131r. \u0130ki katmanl\u0131 bu LED kanal\u0131 20.0 mm geni\u015fli\u011finde ve 18.8 mm y\u00fcksekli\u011findedir, bu da onu \u00e7ift s\u0131ra LED \u015feritleri i\u00e7in ideal bir \u00e7\u00f6z\u00fcm haline getirir. G\u00fcvenli ve pratik montaj, ilk olarak temel kanal\u0131 montaj y\u00fczeyinize sabitlemek; ard\u0131ndan, LED \u015feritleri ve kare dif\u00fcz\u00f6r\u00fc g\u00fcvenli bir \u015fekilde tutan ikinci al\u00fcminyum profili yerine oturtmak i\u00e7in iki basit ad\u0131m i\u00e7erir.<\/p>\n<\/div>\n\n\n\n<div class=\"wp-block-group has-background is-vertical is-layout-flex wp-container-core-group-is-layout-d255d7c4 wp-block-group-is-layout-flex\" style=\"background-color:#f1f1f1;padding-top:var(--wp--preset--spacing--80);padding-bottom:var(--wp--preset--spacing--80)\">\n<div class=\"wp-block-group is-vertical is-layout-flex wp-container-core-group-is-layout-8cf370e7 wp-block-group-is-layout-flex\">\n<h2 class=\"wp-block-heading\" style=\"padding-top:var(--wp--preset--spacing--40);padding-bottom:var(--wp--preset--spacing--40);font-size:25px;font-style:normal;font-weight:600;text-transform:capitalize\">Neden U \u015feklindeki dif\u00fcz\u00f6r \u00e7ift katmanl\u0131 al\u00fcminyum LED Kanal\u0131m\u0131z\u0131 se\u00e7melisiniz?<\/h2>\n\n\n\n<ul class=\"wp-block-list\">\n<li>Boyut: 20mm geni\u015flik x 19mm y\u00fckseklik<\/li>\n\n\n\n<li>\u0130ki katmanl\u0131 tasar\u0131m: Bir al\u00fcminyum kanal sabitleme i\u00e7in ve di\u011feri LED \u015feritleri tutmak i\u00e7in<\/li>\n\n\n\n<li>Malzeme: Is\u0131 bo\u015faltma i\u00e7in iyi \u00e7al\u0131\u015fan y\u00fcksek kaliteli 6063 anodize al\u00fcminyum<\/li>\n\n\n\n<li>Dif\u00fcz\u00f6rler: D\u00fczg\u00fcn \u0131\u015f\u0131k i\u00e7in mat veya opal polikarbonat se\u00e7enekleri<\/li>\n\n\n\n<li>Tam set: \u0130ki kanal, dif\u00fcz\u00f6r ve u\u00e7 kapaklar\u0131 i\u00e7erir<\/li>\n<\/ul>\n<\/div>\n<\/div>\n\n\n\n<div class=\"wp-block-group is-vertical is-layout-flex wp-container-core-group-is-layout-d255d7c4 wp-block-group-is-layout-flex\" style=\"padding-top:var(--wp--preset--spacing--80);padding-bottom:var(--wp--preset--spacing--80)\">\n<hr class=\"wp-block-separator has-alpha-channel-opacity\"\/>\n\n\n\n<div class=\"wp-block-media-text has-media-on-the-right is-stacked-on-mobile\" style=\"grid-template-columns:auto 40%\"><div class=\"wp-block-media-text__content\">\n<h2 class=\"wp-block-heading\" style=\"padding-top:var(--wp--preset--spacing--40);padding-bottom:var(--wp--preset--spacing--40);font-size:25px;font-style:normal;font-weight:600;text-transform:capitalize\">Nerelerde Kullan\u0131l\u0131r?<\/h2>\n\n\n\n<ul class=\"wp-block-list\">\n<li>Dolap Alt\u0131 Ayd\u0131nlatma: Bu parlak, e\u015fit \u00e7ift s\u0131ra al\u00fcminyum LED kanal\u0131 mutfaklar ve \u00e7al\u0131\u015fma alanlar\u0131 i\u00e7in harikad\u0131r.<\/li>\n\n\n\n<li>Perakende ve Sergi Raflar\u0131: Bu end\u00fcstriyel LED profili g\u00fc\u00e7l\u00fc, e\u015fit bir \u0131\u015f\u0131k yayarak her \u015feyi harika g\u00f6sterir.<\/li>\n\n\n\n<li>Ofis ve at\u00f6lye alanlar\u0131: \u00c7ift s\u0131ra LED \u015feritleri i\u00e7in LED kanal\u0131 yeterince \u0131\u015f\u0131k vererek i\u015f g\u00f6revleri i\u00e7in idealdir.<\/li>\n<\/ul>\n<\/div><figure class=\"wp-block-media-text__media\"><img loading=\"lazy\" decoding=\"async\" width=\"500\" height=\"500\" src=\"https:\/\/tangooled.com\/wp-content\/uploads\/2025\/06\/lp01b-ins.webp\" alt=\"20x19mm double layer aluminum extrusion led channel\" class=\"wp-image-41915 size-full\" srcset=\"https:\/\/tangooled.com\/wp-content\/uploads\/2025\/06\/lp01b-ins.webp 500w, https:\/\/tangooled.com\/wp-content\/uploads\/2025\/06\/lp01b-ins-300x300.webp 300w, https:\/\/tangooled.com\/wp-content\/uploads\/2025\/06\/lp01b-ins-150x150.webp 150w\" sizes=\"auto, (max-width: 500px) 100vw, 500px\" \/><\/figure><\/div>\n<\/div>\n\n\n\n<div class=\"wp-block-group has-background is-vertical is-layout-flex wp-container-core-group-is-layout-b429018a wp-block-group-is-layout-flex\" style=\"background-color:#f1f1f1f2;padding-top:var(--wp--preset--spacing--70);padding-bottom:var(--wp--preset--spacing--70)\">\n<h2 class=\"wp-block-heading\" style=\"padding-top:var(--wp--preset--spacing--40);padding-bottom:var(--wp--preset--spacing--40);font-size:25px;font-style:normal;font-weight:600;text-transform:capitalize\">what&#8217;s included in a kit?<\/h2>\n\n\n\n<ul class=\"wp-block-list\">\n<li>\u0130stedi\u011finiz uzunlukta kesilmi\u015f iki al\u00fcminyum kanal<\/li>\n\n\n\n<li>Ve opal kare dif\u00fcz\u00f6r <\/li>\n\n\n\n<li>U\u00e7 kapaklar, bir tel i\u00e7in temiz ba\u011flant\u0131lar sa\u011flamak \u00fczere bir delik olanlardan biridir.<\/li>\n<\/ul>\n<\/div>\n\n\n\n<div class=\"wp-block-group is-vertical is-layout-flex wp-container-core-group-is-layout-d255d7c4 wp-block-group-is-layout-flex\" style=\"padding-top:var(--wp--preset--spacing--80);padding-bottom:var(--wp--preset--spacing--80)\">\n<h2 class=\"wp-block-heading\" style=\"padding-top:var(--wp--preset--spacing--40);padding-bottom:var(--wp--preset--spacing--40);font-size:25px;font-style:normal;font-weight:600;text-transform:capitalize\">Sonu\u00e7<\/h2>\n\n\n\n<p>Upgrade your lighting with U shaped diffuser double-layer aluminum LED channel. It\u2019s an excellent choice for anyone needing a double-layer aluminum extrusion that offers protection, cooling, and style. Explore our full range of <mark style=\"background-color:rgba(0, 0, 0, 0)\" class=\"has-inline-color has-vivid-red-color\"><a href=\"https:\/\/tangooled.com\/tr\/led-profiles\/\">al\u00fcminyum LED profilleri<\/a><\/mark><a href=\"https:\/\/tangoooled.com\/led-profiles\/\"><mark style=\"background-color:rgba(0, 0, 0, 0)\" class=\"has-inline-color has-vivid-red-color\"> <\/mark><\/a>ve projelerinizi kolayca tamamlamak i\u00e7in buradaki aksesuarlar!<\/p>\n\n\n\n<p><\/p>\n<\/div>\n\n\n\n<p><\/p>","protected":false},"featured_media":14088,"template":"","meta":{"_acf_changed":true,"_seopress_robots_primary_cat":"none","_seopress_titles_title":"U Shape Diffuser Double Layer Aluminum LED Channel | TANGOOLED","_seopress_titles_desc":"Source the double layer aluminum LED channel. Features a U shaped diffuser for 3-side glowing effects and professional thermal management for strip lights.","_seopress_robots_index":""},"pcb-width":[229],"product-cat":[192],"class_list":{"0":"post-34700","1":"product","2":"type-product","3":"status-publish","4":"has-post-thumbnail","6":"pcb-width-15-20mm","7":"product-cat-surface-led-profile"},"acf":[],"_links":{"self":[{"href":"https:\/\/tangooled.com\/tr\/wp-json\/wp\/v2\/product\/34700","targetHints":{"allow":["GET"]}}],"collection":[{"href":"https:\/\/tangooled.com\/tr\/wp-json\/wp\/v2\/product"}],"about":[{"href":"https:\/\/tangooled.com\/tr\/wp-json\/wp\/v2\/types\/product"}],"wp:featuredmedia":[{"embeddable":true,"href":"https:\/\/tangooled.com\/tr\/wp-json\/wp\/v2\/media\/14088"}],"wp:attachment":[{"href":"https:\/\/tangooled.com\/tr\/wp-json\/wp\/v2\/media?parent=34700"}],"wp:term":[{"taxonomy":"pcb-width","embeddable":true,"href":"https:\/\/tangooled.com\/tr\/wp-json\/wp\/v2\/pcb-width?post=34700"},{"taxonomy":"product-cat","embeddable":true,"href":"https:\/\/tangooled.com\/tr\/wp-json\/wp\/v2\/product-cat?post=34700"}],"curies":[{"name":"wp","href":"https:\/\/api.w.org\/{rel}","templated":true}]}}