{"id":34698,"date":"2025-06-29T23:37:27","date_gmt":"2025-06-30T07:37:27","guid":{"rendered":"https:\/\/tangooled.com\/?post_type=product&#038;p=34698"},"modified":"2026-01-29T19:06:13","modified_gmt":"2026-01-30T03:06:13","slug":"double-layer-led-channel-inner-16mm-with-curved-diffuser-lp01a","status":"publish","type":"product","link":"https:\/\/tangooled.com\/tr\/urun\/double-layer-led-channel-inner-16mm-with-curved-diffuser-lp01a\/","title":{"rendered":"k\u0131vr\u0131ml\u0131 dif\u00fcz\u00f6rl\u00fc \u00e7ift katmanl\u0131 LED kanal\u0131 i\u00e7 16mm"},"content":{"rendered":"<div class=\"wp-block-group is-vertical is-layout-flex wp-container-core-group-is-layout-d255d7c4 wp-block-group-is-layout-flex\" style=\"padding-top:var(--wp--preset--spacing--80);padding-bottom:var(--wp--preset--spacing--80)\">\n<p>Temiz, p\u00fcr\u00fczs\u00fcz bir \u0131\u015f\u0131k elde etmek i\u00e7in k\u0131vr\u0131ml\u0131 dif\u00fcz\u00f6rl\u00fc \u00e7ift katmanl\u0131 LED kanal\u0131m\u0131z\u0131 LP01A kullan\u0131n. Bu \u015f\u0131k al\u00fcminyum profil 20mm geni\u015fli\u011finde ve 18.8mm y\u00fcksekli\u011findedir ve 16mm geni\u015fli\u011fe kadar LED \u015feritlerini tutabilir. Bu, geni\u015f, \u00e7ift s\u0131ra veya y\u00fcksek kaliteli LED bantlar i\u00e7in m\u00fckemmeldir. K\u0131vr\u0131ml\u0131 dif\u00fcz\u00f6r\u00fc, modern evlerde, i\u015f yerlerinde ve vitrinlerde iyi \u00e7al\u0131\u015fan g\u00fczel, noktalar i\u00e7ermeyen bir par\u0131lt\u0131 verir. Montaj\u0131n iki a\u015famas\u0131 vard\u0131r: ilk olarak, taban kanal\u0131n\u0131 montaj y\u00fczeyine sabitleyin. \u0130kinci olarak, LED \u015feridi ve k\u0131vr\u0131ml\u0131 dif\u00fcz\u00f6r zaten tak\u0131l\u0131 olan \u00fcst kanal\u0131 sabit tabana profesyonel ve g\u00fcvenli bir biti\u015f i\u00e7in yerle\u015ftirin.<\/p>\n<\/div>\n\n\n\n<div class=\"wp-block-group has-background is-vertical is-layout-flex wp-container-core-group-is-layout-d255d7c4 wp-block-group-is-layout-flex\" style=\"background-color:#f1f1f1;padding-top:var(--wp--preset--spacing--80);padding-bottom:var(--wp--preset--spacing--80)\">\n<div class=\"wp-block-group is-vertical is-layout-flex wp-container-core-group-is-layout-8cf370e7 wp-block-group-is-layout-flex\">\n<h2 class=\"wp-block-heading\" style=\"padding-top:var(--wp--preset--spacing--40);padding-bottom:var(--wp--preset--spacing--40);font-size:25px;font-style:normal;font-weight:600;text-transform:capitalize\">Neden 20x18mm \u00c7ift Katmanl\u0131 LED Kanal\u0131m\u0131z\u0131 Se\u00e7melisiniz?<\/h2>\n\n\n\n<ul class=\"wp-block-list\">\n<li>Geni\u015f i\u00e7 kanal, Philips Hue ve COB \u015feritleri gibi 16mm geni\u015fli\u011fe kadar LED \u015feritlerini tutabilir.<\/li>\n\n\n\n<li>K\u0131vr\u0131ml\u0131 dif\u00fcz\u00f6r kapa\u011f\u0131, \u0131\u015f\u0131\u011f\u0131 e\u015fit \u015fekilde yayar, bu nedenle keskin noktalar veya s\u0131cak alanlar yoktur.<\/li>\n\n\n\n<li>\u0130ki kat anodize al\u00fcminyum, LED'lerinizi serin tutmaya yard\u0131mc\u0131 olur ve \u0131s\u0131y\u0131 iyi y\u00f6netir.<\/li>\n\n\n\n<li>G\u00fc\u00e7l\u00fc ve \u015f\u0131k profil tasar\u0131m\u0131 hem \u00e7ekici hem de dayan\u0131kl\u0131d\u0131r.<\/li>\n\n\n\n<li>Herhangi bir stile uyum sa\u011flamak i\u00e7in g\u00fcm\u00fc\u015f, siyah veya beyaz kaplamalar aras\u0131ndan se\u00e7ebilirsiniz.<\/li>\n<\/ul>\n<\/div>\n<\/div>\n\n\n\n<div class=\"wp-block-group is-vertical is-layout-flex wp-container-core-group-is-layout-d255d7c4 wp-block-group-is-layout-flex\" style=\"padding-top:var(--wp--preset--spacing--80);padding-bottom:var(--wp--preset--spacing--80)\">\n<hr class=\"wp-block-separator has-alpha-channel-opacity\"\/>\n\n\n\n<div class=\"wp-block-media-text has-media-on-the-right is-stacked-on-mobile\" style=\"grid-template-columns:auto 40%\"><div class=\"wp-block-media-text__content\">\n<h2 class=\"wp-block-heading\" style=\"padding-top:var(--wp--preset--spacing--40);padding-bottom:var(--wp--preset--spacing--40);font-size:25px;font-style:normal;font-weight:600;text-transform:capitalize\">\u00c7ift katmanl\u0131 LED kanal\u0131n\u0131 kullanman\u0131n en iyi yollar\u0131<\/h2>\n\n\n\n<ul class=\"wp-block-list\">\n<li>Mimari Kalite Lineer Ayd\u0131nlatma: Bu LED ray, geni\u015f \u00e7ift katmanl\u0131 yap\u0131s\u0131 sayesinde modern evler ve i\u015fletmeler i\u00e7in g\u00fc\u00e7l\u00fc, e\u015fit ayd\u0131nlatma talep eden m\u00fckemmel bir \u00e7\u00f6z\u00fcmd\u00fcr.<\/li>\n\n\n\n<li>Tezgah Alt\u0131 ve G\u00f6rev Ayd\u0131nlatmas\u0131: Mutfaklar\u0131 ve \u00e7al\u0131\u015fma alanlar\u0131n\u0131 noktas\u0131z bir par\u0131lt\u0131yla daha ayd\u0131nl\u0131k hale getirin.<\/li>\n\n\n\n<li>Retail and Display Shelving: Use professional lighting that won&#8217;t create bright spots to draw attention to your merchandise.<\/li>\n\n\n\n<li>\u00d6zel Koyun &amp; Duvar Y\u0131kama Ayd\u0131nlatmas\u0131: K\u0131vr\u0131ml\u0131 dif\u00fcz\u00f6r, yumu\u015fak duvar y\u0131kamalar\u0131 veya tavan koylar\u0131 yapma imkan\u0131 sa\u011flar.<\/li>\n<\/ul>\n<\/div><figure class=\"wp-block-media-text__media\"><img loading=\"lazy\" decoding=\"async\" width=\"500\" height=\"500\" src=\"https:\/\/tangooled.com\/wp-content\/uploads\/2025\/06\/lp01a-ins.webp\" alt=\"20x18mm double layer led channel inner 16mm with curved diffuser\" class=\"wp-image-41907 size-full\" srcset=\"https:\/\/tangooled.com\/wp-content\/uploads\/2025\/06\/lp01a-ins.webp 500w, https:\/\/tangooled.com\/wp-content\/uploads\/2025\/06\/lp01a-ins-300x300.webp 300w, https:\/\/tangooled.com\/wp-content\/uploads\/2025\/06\/lp01a-ins-150x150.webp 150w\" sizes=\"auto, (max-width: 500px) 100vw, 500px\" \/><\/figure><\/div>\n<\/div>\n\n\n\n<div class=\"wp-block-group has-background\" style=\"background-color:#f1f1f1;padding-top:var(--wp--preset--spacing--80);padding-bottom:var(--wp--preset--spacing--80)\"><div class=\"wp-block-group__inner-container is-layout-constrained wp-block-group-is-layout-constrained\">\n<h2 class=\"wp-block-heading\" style=\"padding-top:var(--wp--preset--spacing--40);padding-bottom:var(--wp--preset--spacing--40);font-size:25px;font-style:normal;font-weight:600;text-transform:capitalize\">Ba\u015flamak i\u00e7in Dahil Edilen Bile\u015fenler<\/h2>\n\n\n\n<ul class=\"wp-block-list\">\n<li>\u0130stedi\u011finiz uzunlu\u011fa kesilmi\u015f iki al\u00fcminyum kanal<\/li>\n\n\n\n<li>Bir opal k\u0131vr\u0131ml\u0131 dif\u00fcz\u00f6r<\/li>\n\n\n\n<li>U\u00e7 kapaklar, bir tel i\u00e7in temiz ba\u011flant\u0131lar sa\u011flamak \u00fczere bir delik olanlardan biridir.<\/li>\n<\/ul>\n<\/div><\/div>\n\n\n\n<div class=\"wp-block-group\" style=\"padding-top:var(--wp--preset--spacing--80);padding-bottom:var(--wp--preset--spacing--80)\"><div class=\"wp-block-group__inner-container is-layout-constrained wp-block-group-is-layout-constrained\">\n<h2 class=\"wp-block-heading\" style=\"padding-top:var(--wp--preset--spacing--40);padding-bottom:var(--wp--preset--spacing--40);font-size:25px;font-style:normal;font-weight:600;text-transform:capitalize\">\u00f6zet<\/h2>\n\n\n\n<p>16mm i\u00e7 kanal ve k\u0131vr\u0131ml\u0131 dif\u00fcz\u00f6r ile 20x18mm \u00e7ift katmanl\u0131 LED kanal\u0131m\u0131z, mimarlar\u0131n, tasar\u0131mc\u0131lar\u0131n ve DIY merakl\u0131lar\u0131n\u0131n ilgisini \u00e7ekiyor. Farkl\u0131 stabil kanal boyutlar\u0131 ve dif\u00fcz\u00f6r \u00e7e\u015fitlerini g\u00f6rmek i\u00e7in kontrol edin:<\/p>\n\n\n\n<ul class=\"wp-block-list\">\n<li><a href=\"https:\/\/tangooled.com\/tr\/urun\/surface-mount-led-profile-with-frosted-diffuser-for-10mm-rope-lights\/\"><mark style=\"background-color:rgba(0, 0, 0, 0)\" class=\"has-inline-color has-vivid-red-color\">10 mm kablo \u0131\u015f\u0131klar\u0131 i\u00e7in frosted dif\u00fcz\u00f6rl\u00fc y\u00fczey montaj LED profili<\/mark><\/a><\/li>\n\n\n\n<li><a href=\"https:\/\/tangooled.com\/tr\/urun\/aluminum-u-channel-with-curved-led-diffuser-inner-16mm\/\"><mark style=\"background-color:rgba(0, 0, 0, 0)\" class=\"has-inline-color has-vivid-red-color\">16mm i\u00e7 kavisli LED dif\u00fcz\u00f6rl\u00fc al\u00fcminyum U kanal\u0131<\/mark><\/a><\/li>\n\n\n\n<li><a href=\"https:\/\/tangooled.com\/tr\/urun\/20x19mm-double-layer-aluminum-extrusion-led-channel\/\"><mark style=\"background-color:rgba(0, 0, 0, 0)\" class=\"has-inline-color has-vivid-red-color\">20x19mm \u00e7ift katman al\u00fcminyum ekstr\u00fczyon LED kanal\u0131<\/mark><\/a><\/li>\n<\/ul>\n<\/div><\/div>\n\n\n\n<p><\/p>","protected":false},"featured_media":14084,"template":"","meta":{"_acf_changed":true,"_seopress_robots_primary_cat":"none","_seopress_titles_title":"Double Layer LED Channel Inner 16mm Curved Diffuser LP01A | TANGOOLED","_seopress_titles_desc":"The LP01A is a premium double layer led channel with an inner 16mm width. Featuring a sleek curved diffuser for dot-free linear lighting. Perfect for modern cabinetry and architectural accents.","_seopress_robots_index":""},"pcb-width":[229],"product-cat":[192],"class_list":{"0":"post-34698","1":"product","2":"type-product","3":"status-publish","4":"has-post-thumbnail","6":"pcb-width-15-20mm","7":"product-cat-surface-led-profile"},"acf":[],"_links":{"self":[{"href":"https:\/\/tangooled.com\/tr\/wp-json\/wp\/v2\/product\/34698","targetHints":{"allow":["GET"]}}],"collection":[{"href":"https:\/\/tangooled.com\/tr\/wp-json\/wp\/v2\/product"}],"about":[{"href":"https:\/\/tangooled.com\/tr\/wp-json\/wp\/v2\/types\/product"}],"wp:featuredmedia":[{"embeddable":true,"href":"https:\/\/tangooled.com\/tr\/wp-json\/wp\/v2\/media\/14084"}],"wp:attachment":[{"href":"https:\/\/tangooled.com\/tr\/wp-json\/wp\/v2\/media?parent=34698"}],"wp:term":[{"taxonomy":"pcb-width","embeddable":true,"href":"https:\/\/tangooled.com\/tr\/wp-json\/wp\/v2\/pcb-width?post=34698"},{"taxonomy":"product-cat","embeddable":true,"href":"https:\/\/tangooled.com\/tr\/wp-json\/wp\/v2\/product-cat?post=34698"}],"curies":[{"name":"wp","href":"https:\/\/api.w.org\/{rel}","templated":true}]}}