{"id":34686,"date":"2025-06-29T23:11:41","date_gmt":"2025-06-30T07:11:41","guid":{"rendered":"https:\/\/tangooled.com\/?post_type=product&#038;p=34686"},"modified":"2026-01-21T18:51:40","modified_gmt":"2026-01-22T02:51:40","slug":"17mm-led-strip-light-aluminum-channel-for-surface-mounting","status":"publish","type":"product","link":"https:\/\/tangooled.com\/tr\/urun\/17mm-led-strip-light-aluminum-channel-for-surface-mounting\/","title":{"rendered":"y\u00fczeye montaj i\u00e7in 17mm LED \u015ferit \u0131\u015f\u0131k al\u00fcminyum kanal\u0131"},"content":{"rendered":"<div class=\"wp-block-group is-vertical is-layout-flex wp-container-core-group-is-layout-d255d7c4 wp-block-group-is-layout-flex\" style=\"padding-top:var(--wp--preset--spacing--80);padding-bottom:var(--wp--preset--spacing--80)\">\n<p>17mm LED \u015ferit \u0131\u015f\u0131k kanal\u0131m\u0131z\u0131 kullanmak, ayd\u0131nlatma projenizin profesyonel g\u00f6r\u00fcnmesini ve zaman\u0131n testine dayanmas\u0131n\u0131 sa\u011flaman\u0131n en iyi yoludur. Bu \u015f\u0131k, y\u00fczeye montaj al\u00fcminyum profili, 12mm geni\u015fli\u011fe kadar LED \u015feritlerini tutmak \u00fczere tasarlanm\u0131\u015ft\u0131r. Ayr\u0131ca, sa\u011flam bir koruyucu konut sa\u011flarken, \u0131\u015f\u0131klar\u0131n\u0131z\u0131n daha uzun \u00f6m\u00fcrl\u00fc olmas\u0131n\u0131 sa\u011flamak i\u00e7in \u0131s\u0131 da\u011f\u0131t\u0131m\u0131na yard\u0131mc\u0131 olur. Kit, kanal\u0131 herhangi bir d\u00fcz y\u00fczeye, mutfak dolaplar\u0131 veya giysi dolaplar\u0131 dahil, kolayca monte etmenizi sa\u011flayan montaj klipsleri ile birlikte gelir. G\u00f6r\u00fcn\u00fcm\u00fc tamamlamak i\u00e7in, profili kapatmak \u00fczere uyumlu u\u00e7 kapaklar\u0131 kullan\u0131l\u0131r. Bu, p\u00fcr\u00fczl\u00fc kenarlar\u0131 gizler ve tozun birikmesini engeller.<br>Bu 17mm LED \u015ferit \u0131\u015f\u0131k kanal\u0131, mutfaklar, giysi dolaplar\u0131 ve ma\u011fazalar gibi bir\u00e7ok i\u00e7 mekan alan\u0131na uyum sa\u011flar, b\u00f6ylece ayd\u0131nlatma projenizi basit ve d\u00fczenli hale getirir.<\/p>\n<\/div>\n\n\n\n<div class=\"wp-block-group has-background is-vertical is-layout-flex wp-container-core-group-is-layout-d255d7c4 wp-block-group-is-layout-flex\" style=\"background-color:#f1f1f1;padding-top:var(--wp--preset--spacing--80);padding-bottom:var(--wp--preset--spacing--80)\">\n<div class=\"wp-block-group is-vertical is-layout-flex wp-container-core-group-is-layout-8cf370e7 wp-block-group-is-layout-flex\">\n<h2 class=\"wp-block-heading\" style=\"padding-top:var(--wp--preset--spacing--40);padding-bottom:var(--wp--preset--spacing--40);font-size:25px;font-style:normal;font-weight:600;text-transform:capitalize\">Neden Bu 17mm LED \u015eerit I\u015f\u0131k Al\u00fcminyum Kanal\u0131 Se\u00e7melisiniz?<\/h2>\n<\/div>\n\n\n\n<ul class=\"wp-block-list\">\n<li>Anodize al\u00fcminyumdan yap\u0131lm\u0131\u015ft\u0131r, bu da LED'lerin \u00f6mr\u00fcn\u00fc uzatmak i\u00e7in \u0131s\u0131 da\u011f\u0131t\u0131m\u0131 yapar.<\/li>\n\n\n\n<li>SMD 5050, SMD 2835 ve COB LED \u015feritleri gibi en pop\u00fcler LED \u015feritlerle uyumludur.<\/li>\n\n\n\n<li>P\u00fcr\u00fczs\u00fcz bir \u0131\u015f\u0131k efekti yaratmak i\u00e7in (opal, buzlu veya \u015feffaf se\u00e7enekleriyle) polikarbonat bir dif\u00fcz\u00f6rle birlikte gelir.<\/li>\n\n\n\n<li>D\u00fcz bir y\u00fczeye basit ve g\u00fcvenli bir montaj i\u00e7in montaj klipsleri ve u\u00e7 kapaklar ile birlikte gelir.<\/li>\n\n\n\n<li>Mutfaklar, ma\u011fazalar, dolaplar, i\u015f yerleri ve daha bir\u00e7ok yerde kullan\u0131l\u0131r.<\/li>\n<\/ul>\n<\/div>\n\n\n\n<div class=\"wp-block-group is-vertical is-layout-flex wp-container-core-group-is-layout-d255d7c4 wp-block-group-is-layout-flex\" style=\"padding-top:var(--wp--preset--spacing--80);padding-bottom:var(--wp--preset--spacing--80)\">\n<hr class=\"wp-block-separator has-alpha-channel-opacity\"\/>\n\n\n\n<div class=\"wp-block-media-text has-media-on-the-right is-stacked-on-mobile\" style=\"grid-template-columns:auto 40%\"><div class=\"wp-block-media-text__content\">\n<h2 class=\"wp-block-heading\" style=\"font-size:25px;font-style:normal;font-weight:600;text-transform:capitalize\">17mm LED \u015eerit I\u015f\u0131k Al\u00fcminyum Kanal\u0131 Nerelerde Kullanabilirsiniz?<\/h2>\n\n\n\n<ul class=\"wp-block-list\">\n<li>Under-cabinet kitchen lighting: Light that is clean and doesn&#8217;t leave dots on surfaces<\/li>\n\n\n\n<li>Dolaplar ve giysi dolaplar\u0131: Mobilyalar\u0131n kenarlar\u0131na uygun yumu\u015fak, temiz \u0131\u015f\u0131k<\/li>\n\n\n\n<li>Sergi vitrinleri ve perakende ma\u011fazalar\u0131: \u00dcr\u00fcnleri p\u00fcr\u00fczs\u00fcz, s\u00fcrekli ayd\u0131nlatma ile sergileyin<\/li>\n\n\n\n<li>Ofislerde ve at\u00f6lyelerde g\u00f6rev ayd\u0131nlatmas\u0131: Parlak ve temiz \u00e7al\u0131\u015fma ayd\u0131nlatmas\u0131<\/li>\n<\/ul>\n<\/div><figure class=\"wp-block-media-text__media\"><img loading=\"lazy\" decoding=\"async\" width=\"535\" height=\"536\" src=\"https:\/\/tangooled.com\/wp-content\/uploads\/2026\/01\/fp17-ins.webp\" alt=\"y\u00fczeye montaj i\u00e7in 17mm LED \u015ferit \u0131\u015f\u0131k al\u00fcminyum kanal\u0131\" class=\"wp-image-44714 size-full\" srcset=\"https:\/\/tangooled.com\/wp-content\/uploads\/2026\/01\/fp17-ins.webp 535w, https:\/\/tangooled.com\/wp-content\/uploads\/2026\/01\/fp17-ins-300x300.webp 300w, https:\/\/tangooled.com\/wp-content\/uploads\/2026\/01\/fp17-ins-150x150.webp 150w\" sizes=\"auto, (max-width: 535px) 100vw, 535px\" \/><\/figure><\/div>\n<\/div>\n\n\n\n<div class=\"wp-block-group has-background is-vertical is-layout-flex wp-container-core-group-is-layout-d255d7c4 wp-block-group-is-layout-flex\" style=\"background-color:#f1f1f1;padding-top:var(--wp--preset--spacing--80);padding-bottom:var(--wp--preset--spacing--80)\">\n<h2 class=\"wp-block-heading\" style=\"padding-top:var(--wp--preset--spacing--40);padding-bottom:var(--wp--preset--spacing--40);font-size:25px;font-style:normal;font-weight:600;text-transform:capitalize\">\u0130htiyac\u0131n\u0131z Olan Her \u015eey Dahil!<\/h2>\n\n\n\n<p>Bu 17mm LED \u015ferit \u0131\u015f\u0131k kanal\u0131n\u0131 sat\u0131n ald\u0131\u011f\u0131n\u0131zda, \u015funlar\u0131 al\u0131rs\u0131n\u0131z:<\/p>\n\n\n\n<ul class=\"wp-block-list\">\n<li>1x al\u00fcminyum ekstr\u00fczyon kanal\u0131<\/li>\n\n\n\n<li>LED'ler i\u00e7in 1x dif\u00fcz\u00f6r kapa\u011f\u0131 (\u015feffaf, buzlu veya opal se\u00e7ebilirsiniz)<\/li>\n\n\n\n<li>Montaj i\u00e7in klipsler (genellikle metre ba\u015f\u0131na iki adet)<\/li>\n\n\n\n<li>U\u00e7 kapaklar (bir kat\u0131 ve birinde telin ge\u00e7mesi i\u00e7in bir delik bulunan)<\/li>\n<\/ul>\n<\/div>\n\n\n\n<div class=\"wp-block-group is-vertical is-layout-flex wp-container-core-group-is-layout-d255d7c4 wp-block-group-is-layout-flex\" style=\"padding-top:var(--wp--preset--spacing--80);padding-bottom:var(--wp--preset--spacing--80)\">\n<h2 class=\"wp-block-heading\" style=\"padding-top:var(--wp--preset--spacing--40);padding-bottom:var(--wp--preset--spacing--40);font-size:25px;font-style:normal;font-weight:600;text-transform:capitalize\">Ho\u015flanabilece\u011finiz \u0130lgili \u00dcr\u00fcnler<\/h2>\n\n\n\n<ul class=\"wp-block-list\">\n<li><a href=\"https:\/\/tangooled.com\/tr\/urun\/black-led-diffuser-aluminum-channel-for-12mm-tape-lights\/\"><mark style=\"background-color:rgba(0, 0, 0, 0)\" class=\"has-inline-color has-vivid-red-color\">12 mm bant i\u015f\u0131klar\u0131 i\u00e7in siyah LED dif\u00fcz\u00f6r al\u00fcminyum kanal\u0131<\/mark><\/a><\/li>\n\n\n\n<li><a href=\"https:\/\/tangooled.com\/tr\/urun\/surface-mount-led-profile-with-frosted-diffuser-for-10mm-rope-lights\/\"><mark style=\"background-color:rgba(0, 0, 0, 0)\" class=\"has-inline-color has-vivid-red-color\">10 mm kablo \u0131\u015f\u0131klar\u0131 i\u00e7in frosted dif\u00fcz\u00f6rl\u00fc y\u00fczey montaj LED profili<\/mark><\/a><\/li>\n\n\n\n<li><a href=\"https:\/\/tangooled.com\/tr\/urun\/led-strip-light-channel-aluminum-profile-with-diffused-cover-6mm-height\/\"><mark style=\"background-color:rgba(0, 0, 0, 0)\" class=\"has-inline-color has-vivid-red-color\">Dif\u00fcz\u00f6r kapakl\u0131 6mm y\u00fckseklikteki LED \u015ferit \u0131\u015f\u0131k kanal\u0131 al\u00fcminyum profil<\/mark><\/a><\/li>\n\n\n\n<li><a href=\"https:\/\/tangooled.com\/tr\/urun\/black-aluminum-u-channel-profile-for-10mm-led-strips\/\"><mark style=\"background-color:rgba(0, 0, 0, 0)\" class=\"has-inline-color has-vivid-red-color\">10mm LED \u015feritler i\u00e7in siyah al\u00fcminyum U kanal\u0131 profili<\/mark><\/a><\/li>\n<\/ul>\n<\/div>\n\n\n\n<div class=\"wp-block-group has-background is-vertical is-layout-flex wp-container-core-group-is-layout-d255d7c4 wp-block-group-is-layout-flex\" style=\"background-color:#f1f1f1;padding-top:var(--wp--preset--spacing--80);padding-bottom:var(--wp--preset--spacing--80)\">\n<h2 class=\"wp-block-heading\" style=\"padding-top:var(--wp--preset--spacing--40);padding-bottom:var(--wp--preset--spacing--40);font-size:25px;font-style:normal;font-weight:600;text-transform:capitalize\">\u00f6zet<\/h2>\n\n\n\n<p style=\"padding-right:var(--wp--preset--spacing--50);padding-left:var(--wp--preset--spacing--50)\">Y\u00fczeye montaj i\u00e7in tasarlanm\u0131\u015f 17mm LED \u015ferit \u0131\u015f\u0131k kanal\u0131, temiz, uzun \u00f6m\u00fcrl\u00fc ve profesyonel LED \u015ferit kurulumlar\u0131 i\u00e7in en iyi se\u00e7ene\u011finizdir. Bu dayan\u0131kl\u0131 al\u00fcminyum profili, en yayg\u0131n LED \u015ferit tipleriyle uyumludur ve p\u00fcr\u00fczs\u00fcz, noktas\u0131z \u0131\u015f\u0131k verir. Mutfakta g\u00f6rev ayd\u0131nlatmas\u0131, ma\u011faza sergileri veya dolap ayd\u0131nlatmas\u0131 i\u00e7in kullan\u0131labilir.<\/p>\n<\/div>\n\n\n\n<p><\/p>","protected":false},"featured_media":13985,"template":"","meta":{"_acf_changed":true,"_seopress_robots_primary_cat":"none","_seopress_titles_title":"Aluminum 17mm LED Strip Light Channel | TANGOOLED","_seopress_titles_desc":"Source the 17mm LED strip light channel. This FP17 is designed for surface mounting, this aluminum profile ensures professional heat dissipation for flexible LED tapes.","_seopress_robots_index":""},"pcb-width":[228],"product-cat":[192],"class_list":{"0":"post-34686","1":"product","2":"type-product","3":"status-publish","4":"has-post-thumbnail","6":"pcb-width-6-12mm","7":"product-cat-surface-led-profile"},"acf":[],"_links":{"self":[{"href":"https:\/\/tangooled.com\/tr\/wp-json\/wp\/v2\/product\/34686","targetHints":{"allow":["GET"]}}],"collection":[{"href":"https:\/\/tangooled.com\/tr\/wp-json\/wp\/v2\/product"}],"about":[{"href":"https:\/\/tangooled.com\/tr\/wp-json\/wp\/v2\/types\/product"}],"wp:featuredmedia":[{"embeddable":true,"href":"https:\/\/tangooled.com\/tr\/wp-json\/wp\/v2\/media\/13985"}],"wp:attachment":[{"href":"https:\/\/tangooled.com\/tr\/wp-json\/wp\/v2\/media?parent=34686"}],"wp:term":[{"taxonomy":"pcb-width","embeddable":true,"href":"https:\/\/tangooled.com\/tr\/wp-json\/wp\/v2\/pcb-width?post=34686"},{"taxonomy":"product-cat","embeddable":true,"href":"https:\/\/tangooled.com\/tr\/wp-json\/wp\/v2\/product-cat?post=34686"}],"curies":[{"name":"wp","href":"https:\/\/api.w.org\/{rel}","templated":true}]}}