{"id":13209,"date":"2023-10-12T02:47:53","date_gmt":"2023-10-12T02:47:53","guid":{"rendered":"https:\/\/tangooled.com\/?post_type=product&#038;p=13209"},"modified":"2026-01-29T17:26:15","modified_gmt":"2026-01-30T01:26:15","slug":"black-led-profile-with-black-diffuser-for-10mm-led-strip-light","status":"publish","type":"product","link":"https:\/\/tangooled.com\/tr\/urun\/black-led-profile-with-black-diffuser-for-10mm-led-strip-light\/","title":{"rendered":"10mm LED \u015ferit \u0131\u015f\u0131k i\u00e7in siyah dif\u00fcz\u00f6rl\u00fc siyah LED profili"},"content":{"rendered":"<div class=\"wp-block-group\" style=\"padding-top:var(--wp--preset--spacing--80);padding-bottom:var(--wp--preset--spacing--80)\"><div class=\"wp-block-group__inner-container is-layout-constrained wp-block-group-is-layout-constrained\">\n<p>This black led profile with black diffuser is made of high-quality materials, including 6063-T5 anodized aluminum and polycarbonate covers that meet industry standards. Each kit comes with\u00a0everything you need for a professional installation, including mounting clips and end caps. This black LED channel adheres to the top standards on the market, so it works with standard 10mm LED strip lights, such as flexible LED tapes and rigid bar lights. This black LED profile with black diffuser is made just for 10mm LED profile strips. Both professionals and lighting enthusiasts trust it to make subtle, discreet, and attractive lighting effects.<\/p>\n<\/div><\/div>\n\n\n\n<div class=\"wp-block-group has-background\" style=\"background-color:#f2f2f2f2;padding-top:var(--wp--preset--spacing--80);padding-bottom:var(--wp--preset--spacing--80)\"><div class=\"wp-block-group__inner-container is-layout-constrained wp-block-group-is-layout-constrained\">\n<div class=\"wp-block-group is-vertical is-layout-flex wp-container-core-group-is-layout-8cf370e7 wp-block-group-is-layout-flex\">\n<h2 class=\"wp-block-heading\" style=\"padding-top:var(--wp--preset--spacing--40);padding-bottom:var(--wp--preset--spacing--40);font-size:25px;font-style:normal;font-weight:600;text-transform:capitalize\">Neden Bu Siyah LED Profilini Siyah Dif\u00fcz\u00f6r ile Se\u00e7melisiniz?<\/h2>\n\n\n\n<ul class=\"wp-block-list\">\n<li>Kapal\u0131yken, mat siyah al\u00fcminyum ve dif\u00fcz\u00f6r koyu y\u00fczeylerle, siyah ah\u015fap, koyu dolap veya lamelli duvarlar gibi, g\u00fczel bir \u015fekilde kayna\u015f\u0131r.<\/li>\n\n\n\n<li>A\u00e7\u0131kken nokta yok: Siyah dif\u00fcz\u00f6r, LED'lerin parlak nokta desenini gizler, b\u00f6ylece \u0131\u015f\u0131k d\u00fcz bir hat boyunca par\u0131ldar.<\/li>\n\n\n\n<li>LED'leri g\u00fcvende ve serin tutar: Siyah LED kanal\u0131, LED \u015feritleri tozdan ve hasardan korur ve \u0131s\u0131 emici olarak i\u015flev g\u00f6rerek daha uzun \u00f6m\u00fcrl\u00fc olmas\u0131na yard\u0131mc\u0131 olur.<\/li>\n\n\n\n<li>Siyah dif\u00fcz\u00f6r, \u0131\u015f\u0131\u011f\u0131n parlakl\u0131\u011f\u0131n\u0131 d\u00fc\u015f\u00fcrerek, a\u015f\u0131r\u0131 sert olmadan m\u00fckemmel vurgu ve ambiyans ayd\u0131nlatmas\u0131 sa\u011flar.<\/li>\n\n\n\n<li>Y\u00fczey montaj stilleriyle m\u00fckemmel uyum sa\u011flar: Duvarlara, raflara, mobilyalara ve daha fazlas\u0131na h\u0131zl\u0131 kurulum i\u00e7in harika.<\/li>\n<\/ul>\n<\/div>\n<\/div><\/div>\n\n\n\n<div class=\"wp-block-group\" style=\"padding-top:var(--wp--preset--spacing--80);padding-bottom:var(--wp--preset--spacing--80)\"><div class=\"wp-block-group__inner-container is-layout-constrained wp-block-group-is-layout-constrained\">\n<div class=\"wp-block-media-text has-media-on-the-right is-stacked-on-mobile\" style=\"padding-top:0;padding-bottom:0;grid-template-columns:auto 40%\"><div class=\"wp-block-media-text__content\">\n<h2 class=\"wp-block-heading\" style=\"font-size:25px;font-style:normal;font-weight:600;text-transform:capitalize\">4 Ad\u0131mda Kolay Kurulum<\/h2>\n\n\n\n<ul class=\"wp-block-list\">\n<li>Kesin ve \u00f6l\u00e7\u00fcn: Al\u00fcminyum profili ve dif\u00fcz\u00f6r\u00fc istedi\u011finiz uzunlukta kesmek i\u00e7in hassas bir testereden yararlan\u0131n.<\/li>\n\n\n\n<li>Klipsleri tak\u0131n: \u00dcr\u00fcnle birlikte gelen metal klipsleri kullanarak onlar\u0131 yerle\u015ftirmek istedi\u011finiz y\u00fczeye sabitleyin.<\/li>\n\n\n\n<li>LED \u015feridi yerle\u015ftirin: 10mm LED \u015feridinizi profil kanal\u0131na yerle\u015ftirin.<\/li>\n\n\n\n<li>U\u00e7 kapaklar\u0131 ekleyin ve siyah dif\u00fcz\u00f6r kapa\u011f\u0131n\u0131 takarak i\u015flemi tamamlay\u0131n.<\/li>\n<\/ul>\n<\/div><figure class=\"wp-block-media-text__media\"><img loading=\"lazy\" decoding=\"async\" width=\"500\" height=\"500\" src=\"https:\/\/tangooled.com\/wp-content\/uploads\/2023\/10\/fp01-ins.webp\" alt=\"10mm LED \u015ferit \u0131\u015f\u0131k i\u00e7in siyah dif\u00fcz\u00f6rl\u00fc siyah LED profili\" class=\"wp-image-36167 size-full\" srcset=\"https:\/\/tangooled.com\/wp-content\/uploads\/2023\/10\/fp01-ins.webp 500w, https:\/\/tangooled.com\/wp-content\/uploads\/2023\/10\/fp01-ins-300x300.webp 300w, https:\/\/tangooled.com\/wp-content\/uploads\/2023\/10\/fp01-ins-150x150.webp 150w\" sizes=\"auto, (max-width: 500px) 100vw, 500px\" \/><\/figure><\/div>\n<\/div><\/div>\n\n\n\n<div class=\"wp-block-group has-background\" style=\"background-color:#f2f2f2;padding-top:var(--wp--preset--spacing--80);padding-bottom:var(--wp--preset--spacing--80)\"><div class=\"wp-block-group__inner-container is-layout-constrained wp-block-group-is-layout-constrained\">\n<h2 class=\"wp-block-heading\" style=\"padding-top:var(--wp--preset--spacing--40);padding-bottom:var(--wp--preset--spacing--40);font-size:25px;font-style:normal;font-weight:600;text-transform:capitalize\">Bu Siyah LED Profilini Siyah Dif\u00fcz\u00f6r ile Nerelerde Kullanmal\u0131y\u0131m?<\/h2>\n\n\n\n<ul class=\"wp-block-list\">\n<li>Dolaplar\u0131n alt\u0131 ve mutfak ayd\u0131nlatmas\u0131: Siyah dolaplar veya tezgahlar\u0131n alt\u0131nda harika \u00e7al\u0131\u015f\u0131r.<\/li>\n\n\n\n<li>Ev sinema fonu: Dikkat da\u011f\u0131tmadan yumu\u015fak, duygusal ayd\u0131nlatma ekler.<\/li>\n\n\n\n<li>Sergi raflar\u0131 ve dolaplar: I\u015f\u0131k kayna\u011f\u0131n\u0131 gizlerken nesneleri sergiler.<\/li>\n\n\n\n<li>Mobilya ayd\u0131nlatmas\u0131: Yataklarda, masalarda ve dolaplarda kolayca kullan\u0131labilir.<\/li>\n<\/ul>\n<\/div><\/div>\n\n\n\n<div class=\"wp-block-group\" style=\"padding-top:var(--wp--preset--spacing--80);padding-bottom:var(--wp--preset--spacing--80)\"><div class=\"wp-block-group__inner-container is-layout-constrained wp-block-group-is-layout-constrained\">\n<h2 class=\"wp-block-heading\" style=\"padding-top:var(--wp--preset--spacing--40);padding-bottom:var(--wp--preset--spacing--40);font-size:25px;font-style:normal;font-weight:600;text-transform:capitalize\">Be\u011fenebilece\u011finiz \u0130lgili \u00dcr\u00fcnler<\/h2>\n\n\n\n<ul class=\"wp-block-list\">\n<li><a href=\"https:\/\/tangooled.com\/tr\/urun\/black-aluminum-u-channel-profile-for-10mm-led-strips\/\"><mark style=\"background-color:rgba(0, 0, 0, 0)\" class=\"has-inline-color has-vivid-red-color\">10mm LED \u015eeritler i\u00e7in Siyah Al\u00fcminyum U Profil <\/mark><\/a>\u2014 Sleek black led channel profile designed for durable, clean installations. <\/li>\n\n\n\n<li><a href=\"https:\/\/tangooled.com\/tr\/urun\/led-light-diffuser-channel-aluminum-15x12mm-for-10mm-led-strips\/\"><mark style=\"background-color:rgba(0, 0, 0, 0)\" class=\"has-inline-color has-vivid-red-color\">Frosted Dif\u00fcz\u00f6r ile U \u015eekli Y\u00fczey Montaj LED Profili<\/mark><\/a> \u2014 Ideal for soft light effects with easy surface mount design. <\/li>\n\n\n\n<li><a href=\"https:\/\/tangooled.com\/tr\/urun\/25x6mm-low-profile-led-strip-channel-for-10mm-led-strip-light\/\"><mark style=\"background-color:rgba(0, 0, 0, 0)\" class=\"has-inline-color has-vivid-red-color\">10mm LED \u015eerit I\u015f\u0131\u011f\u0131 i\u00e7in D\u00fc\u015f\u00fck Profil LED \u015eerit Kanal\u0131<\/mark><\/a> \u2014 Perfect for narrow spaces, offering a slim and elegant solution.<\/li>\n<\/ul>\n<\/div><\/div>\n\n\n\n<div class=\"wp-block-group has-background\" style=\"background-color:#f2f2f2f2;padding-top:var(--wp--preset--spacing--80);padding-bottom:var(--wp--preset--spacing--80)\"><div class=\"wp-block-group__inner-container is-layout-constrained wp-block-group-is-layout-constrained\">\n<h2 class=\"wp-block-heading\" style=\"padding-top:var(--wp--preset--spacing--40);padding-bottom:var(--wp--preset--spacing--40);font-size:25px;font-style:normal;font-weight:600\">Neden Siyah Dif\u00fcz\u00f6rl\u00fc Siyah LED Profili Kullanmal\u0131y\u0131m?<\/h2>\n\n\n\n<p style=\"padding-right:var(--wp--preset--spacing--50);padding-left:var(--wp--preset--spacing--50)\">Siyah dif\u00fcz\u00f6rl\u00fc bir siyah LED profili kullanarak parlak LED noktalar\u0131 olmadan mimari ayd\u0131nlatma g\u00f6r\u00fcn\u00fcm\u00fc elde edebilirsiniz. Siyah kaplama, koyu i\u00e7 mekanlarla olduk\u00e7a uyumlu ve \u0131\u015f\u0131k kayna\u011f\u0131n\u0131 etkili bir \u015fekilde gizleyerek temiz bir g\u00f6r\u00fcn\u00fcm sa\u011flar. Al\u00fcminyum kanal ayr\u0131ca LED \u015feridinizi korur ve serin tutarak uzun \u00f6m\u00fcrl\u00fc olmas\u0131n\u0131 sa\u011flar. Bu siyah LED profili, 10mm esnek \u015ferit \u0131\u015f\u0131klar\u0131n\u0131z\u0131n profesyonel, y\u00fcksek kaliteli bir biti\u015fle ve kolay kurulumla monte edilmesi i\u00e7in idealdir.<\/p>\n<\/div><\/div>\n\n\n\n<p><\/p>","protected":false},"featured_media":40748,"template":"","meta":{"_acf_changed":true,"_seopress_robots_primary_cat":"none","_seopress_titles_title":"Black LED Profile with Black Diffuser | 10mm LED Strip Channel | TANGOOLED","_seopress_titles_desc":"High-quality FP01 black LED profile with black diffuser. Designed for 10mm LED strip lights, this aluminum channel provides a seamless, modern \"dark light\" effect for architectural lighting.","_seopress_robots_index":""},"pcb-width":[228],"product-cat":[192],"class_list":{"0":"post-13209","1":"product","2":"type-product","3":"status-publish","4":"has-post-thumbnail","6":"pcb-width-6-12mm","7":"product-cat-surface-led-profile"},"acf":[],"_links":{"self":[{"href":"https:\/\/tangooled.com\/tr\/wp-json\/wp\/v2\/product\/13209","targetHints":{"allow":["GET"]}}],"collection":[{"href":"https:\/\/tangooled.com\/tr\/wp-json\/wp\/v2\/product"}],"about":[{"href":"https:\/\/tangooled.com\/tr\/wp-json\/wp\/v2\/types\/product"}],"wp:featuredmedia":[{"embeddable":true,"href":"https:\/\/tangooled.com\/tr\/wp-json\/wp\/v2\/media\/40748"}],"wp:attachment":[{"href":"https:\/\/tangooled.com\/tr\/wp-json\/wp\/v2\/media?parent=13209"}],"wp:term":[{"taxonomy":"pcb-width","embeddable":true,"href":"https:\/\/tangooled.com\/tr\/wp-json\/wp\/v2\/pcb-width?post=13209"},{"taxonomy":"product-cat","embeddable":true,"href":"https:\/\/tangooled.com\/tr\/wp-json\/wp\/v2\/product-cat?post=13209"}],"curies":[{"name":"wp","href":"https:\/\/api.w.org\/{rel}","templated":true}]}}