{"id":47916,"date":"2026-01-13T02:30:21","date_gmt":"2026-01-13T10:30:21","guid":{"rendered":"https:\/\/tangooled.com\/?post_type=product&#038;p=47916"},"modified":"2026-01-22T02:16:53","modified_gmt":"2026-01-22T10:16:53","slug":"surface-mount-triple-row-led-strip-aluminum-channel-fpt01","status":"publish","type":"product","link":"https:\/\/tangooled.com\/ro\/produs\/surface-mount-triple-row-led-strip-aluminum-channel-fpt01\/","title":{"rendered":"canal din aluminiu pentru banda LED montat\u0103 pe suprafa\u021b\u0103 cu trei r\u00e2nduri FPT01"},"content":{"rendered":"<div class=\"wp-block-group is-vertical is-layout-flex wp-container-core-group-is-layout-d255d7c4 wp-block-group-is-layout-flex\" style=\"padding-top:var(--wp--preset--spacing--80);padding-bottom:var(--wp--preset--spacing--80)\">\n<p>Canalul de aluminiu LED cu montare pe suprafa\u021b\u0103 este proiectat pentru a sus\u021bine trei benzile de LED-uri al\u0103turate. L\u0103\u021bimea interioar\u0103 a fiec\u0103rui canal este de 11mm, astfel \u00eenc\u00e2t poate sus\u021bine at\u00e2t benzile de LED de 8mm, c\u00e2t \u0219i cele de 10mm. Acest canal este u\u0219or de instalat \u0219i protejeaz\u0103 \u0219i r\u0103ce\u0219te benzile de LED, ceea ce ajut\u0103 la prelungirea duratei de via\u021b\u0103 \u0219i men\u021binerea str\u0103lucirii uniforme.<\/p>\n<\/div>\n\n\n\n<div class=\"wp-block-group has-background\" style=\"background-color:#f1f1f1;padding-top:var(--wp--preset--spacing--80);padding-bottom:var(--wp--preset--spacing--80)\"><div class=\"wp-block-group__inner-container is-layout-constrained wp-block-group-is-layout-constrained\">\n<div class=\"wp-block-group is-vertical is-layout-flex wp-container-core-group-is-layout-8cf370e7 wp-block-group-is-layout-flex\">\n<h2 class=\"wp-block-heading\" style=\"padding-top:var(--wp--preset--spacing--40);padding-bottom:var(--wp--preset--spacing--40);font-size:25px;font-style:normal;font-weight:600;text-transform:capitalize\">De ce s\u0103 alegi canalul nostru LED cu montare pe suprafa\u021b\u0103?<\/h2>\n\n\n\n<ul class=\"wp-block-list\">\n<li>Canal LED cu trei r\u00e2nduri: Sus\u021bine p\u00e2n\u0103 la trei r\u00e2nduri de benzi LED, ideal pentru o luminozitate ridicat\u0103.<\/li>\n\n\n\n<li>Profil LED cu montare pe suprafa\u021b\u0103: Acest tip de profil LED se instaleaz\u0103 u\u0219or pe suprafe\u021be plate, cum ar fi pere\u021bi \u0219i tavane.<\/li>\n\n\n\n<li>Profil din aluminiu durabil: Fabricat din aliaj de aluminiu de grad avia\u021bie cu anodizare dubl\u0103 pentru o rezisten\u021b\u0103 sporit\u0103.<\/li>\n\n\n\n<li>Distribu\u021bie uniform\u0103 a luminii: Obiectivul dispersor mat face lumina uniform\u0103 \u0219i reduce petele calde.<\/li>\n\n\n\n<li>Kit complet de instalare: include un canal, trei dispersoare \u0219i capace de cap\u0103t (unul cu o gaur\u0103 pentru un fir).<\/li>\n<\/ul>\n<\/div>\n<\/div><\/div>\n\n\n\n<div class=\"wp-block-group is-vertical is-layout-flex wp-container-core-group-is-layout-d255d7c4 wp-block-group-is-layout-flex\" style=\"padding-top:var(--wp--preset--spacing--80);padding-bottom:var(--wp--preset--spacing--80)\">\n<hr class=\"wp-block-separator has-alpha-channel-opacity\"\/>\n\n\n\n<div class=\"wp-block-media-text has-media-on-the-right is-stacked-on-mobile\" style=\"grid-template-columns:auto 40%\"><div class=\"wp-block-media-text__content\">\n<h2 class=\"wp-block-heading\" style=\"padding-top:var(--wp--preset--spacing--40);padding-bottom:var(--wp--preset--spacing--40);font-size:25px;font-style:normal;font-weight:600;text-transform:capitalize\">Instalare u\u0219oar\u0103<\/h2>\n\n\n\n<p>Instalarea acestui canal luminos montat pe suprafa\u021b\u0103 este u\u0219oar\u0103. Pute\u021bi folosi banda dublu adeziv\u0103 3M sau \u0219uruburi pentru a ata\u0219a profilele LED la orice suprafa\u021b\u0103, cum ar fi lemnul, gips-cartonul sau dulapurile. Instala\u021bi capacele de cap\u0103t la ambele extremit\u0103\u021bi ale profilului pentru a proteja firele benzilor LED \u0219i a-i oferi un aspect curat \u0219i finisat.<\/p>\n<\/div><figure class=\"wp-block-media-text__media\"><img loading=\"lazy\" decoding=\"async\" width=\"500\" height=\"500\" src=\"https:\/\/tangooled.com\/wp-content\/uploads\/2026\/01\/fpt01-ins.webp\" alt=\"surface mount triple row led strip aluminum channel for three led tape lights\" class=\"wp-image-48631 size-full\" srcset=\"https:\/\/tangooled.com\/wp-content\/uploads\/2026\/01\/fpt01-ins.webp 500w, https:\/\/tangooled.com\/wp-content\/uploads\/2026\/01\/fpt01-ins-300x300.webp 300w, https:\/\/tangooled.com\/wp-content\/uploads\/2026\/01\/fpt01-ins-150x150.webp 150w\" sizes=\"auto, (max-width: 500px) 100vw, 500px\" \/><\/figure><\/div>\n<\/div>\n\n\n\n<div class=\"wp-block-group has-background is-vertical is-layout-flex wp-container-core-group-is-layout-b429018a wp-block-group-is-layout-flex\" style=\"background-color:#f1f1f1f2;padding-top:var(--wp--preset--spacing--70);padding-bottom:var(--wp--preset--spacing--70)\">\n<h2 class=\"wp-block-heading\" style=\"padding-top:var(--wp--preset--spacing--40);padding-bottom:var(--wp--preset--spacing--40);font-size:25px;font-style:normal;font-weight:600;text-transform:capitalize\">Ce po\u021bi face cu canalul nostru LED cu montare pe trei r\u00e2nduri?<\/h2>\n\n\n\n<ul class=\"wp-block-list\">\n<li>Iluminat de v\u00e2nzare cu am\u0103nuntul: \u00cei ofer\u0103 totul o lumin\u0103 larg\u0103 \u0219i str\u0103lucitoare.<\/li>\n\n\n\n<li>Iluminat arhitectural: Face pere\u021bii \u0219i alte obiecte s\u0103 se eviden\u021bieze.<\/li>\n\n\n\n<li>Iluminat general al camerei: Acest canal face \u00eentreaga camer\u0103 mai luminoas\u0103 folosind trei benzi de LED.<\/li>\n<\/ul>\n<\/div>\n\n\n\n<div class=\"wp-block-group is-vertical is-layout-flex wp-container-core-group-is-layout-d255d7c4 wp-block-group-is-layout-flex\" style=\"padding-top:var(--wp--preset--spacing--80);padding-bottom:var(--wp--preset--spacing--80)\">\n<h2 class=\"wp-block-heading\" style=\"padding-top:var(--wp--preset--spacing--40);padding-bottom:var(--wp--preset--spacing--40);font-size:25px;font-style:normal;font-weight:600;text-transform:capitalize\">Rezumat<\/h2>\n\n\n\n<p>Acest canal de aluminiu LED cu montare pe trei r\u00e2nduri face iluminatul u\u0219or \u0219i solid. Sus\u021bine \u00een siguran\u021b\u0103 trei benzi LED \u0219i le men\u021bine r\u0103cite. Dispersoarele fac lumina s\u0103 par\u0103 bl\u00e2nd\u0103 \u0219i curat\u0103. Toate piesele sunt incluse, astfel c\u0103 instalarea este rapid\u0103 \u0219i simpl\u0103. Acest canal LED montat pe suprafa\u021b\u0103, stilat \u0219i robust, va oferi casei sau magazinului t\u0103u aspectul \u0219i lumina puternic\u0103 de care ai nevoie.<\/p>\n<\/div>\n\n\n\n<p><\/p>","protected":false},"featured_media":15636,"template":"","meta":{"_acf_changed":true,"_seopress_robots_primary_cat":"none","_seopress_titles_title":"Surface Mount Triple Row LED Aluminum Channel | TANGOOLED","_seopress_titles_desc":"Source this surface mount triple row LED aluminum channel. Designed to fit three LED strips, it offers high-lumen output and excellent heat dissipation for large-scale lighting projects.","_seopress_robots_index":""},"pcb-width":[228],"product-cat":[192],"class_list":{"0":"post-47916","1":"product","2":"type-product","3":"status-publish","4":"has-post-thumbnail","6":"pcb-width-6-12mm","7":"product-cat-surface-led-profile"},"acf":[],"_links":{"self":[{"href":"https:\/\/tangooled.com\/ro\/wp-json\/wp\/v2\/product\/47916","targetHints":{"allow":["GET"]}}],"collection":[{"href":"https:\/\/tangooled.com\/ro\/wp-json\/wp\/v2\/product"}],"about":[{"href":"https:\/\/tangooled.com\/ro\/wp-json\/wp\/v2\/types\/product"}],"wp:featuredmedia":[{"embeddable":true,"href":"https:\/\/tangooled.com\/ro\/wp-json\/wp\/v2\/media\/15636"}],"wp:attachment":[{"href":"https:\/\/tangooled.com\/ro\/wp-json\/wp\/v2\/media?parent=47916"}],"wp:term":[{"taxonomy":"pcb-width","embeddable":true,"href":"https:\/\/tangooled.com\/ro\/wp-json\/wp\/v2\/pcb-width?post=47916"},{"taxonomy":"product-cat","embeddable":true,"href":"https:\/\/tangooled.com\/ro\/wp-json\/wp\/v2\/product-cat?post=47916"}],"curies":[{"name":"wp","href":"https:\/\/api.w.org\/{rel}","templated":true}]}}