{"id":47902,"date":"2026-01-13T02:27:17","date_gmt":"2026-01-13T10:27:17","guid":{"rendered":"https:\/\/tangooled.com\/?post_type=product&#038;p=47902"},"modified":"2026-02-02T01:37:58","modified_gmt":"2026-02-02T09:37:58","slug":"30-degree-optic-lens-double-layer-led-aluminum-channel-lp01c","status":"publish","type":"product","link":"https:\/\/tangooled.com\/ro\/produs\/30-degree-optic-lens-double-layer-led-aluminum-channel-lp01c\/","title":{"rendered":"difuzor optic cu unghi de 30 de grade, canal LED din aluminiu \u00een dou\u0103 straturi"},"content":{"rendered":"<div class=\"wp-block-group is-vertical is-layout-flex wp-container-core-group-is-layout-d255d7c4 wp-block-group-is-layout-flex\" style=\"padding-top:var(--wp--preset--spacing--80);padding-bottom:var(--wp--preset--spacing--80)\">\n<p>Genera\u021bi o iluminare LED concentrat\u0103 cu canalul nostru din aluminiu cu dou\u0103 straturi \u0219i lentil\u0103 de 30 de grade! Acest canal creativ are o lentil\u0103 optic care concentreaz\u0103 lumina exact \u00een interiorul unui unghi de fascicul de 30 de grade. Canalul are 20mm l\u0103\u021bime \u0219i 15.5mm \u00een\u0103l\u021bime la exterior, oferindu-i un aspect elegant, integrat.<br>The special double-layer design makes it easier to control heat, which is essential for extending your LED strips&#8217; lifespan. The installation process is simple and secure: first, fix the lower base channel to the mounting surface; then, securely snap the second layer, which holds the LED strip and the 30-degree lens, into place inside the fixed base.<\/p>\n<\/div>\n\n\n\n<div class=\"wp-block-group has-background\" style=\"background-color:#f1f1f1;padding-top:var(--wp--preset--spacing--80);padding-bottom:var(--wp--preset--spacing--80)\"><div class=\"wp-block-group__inner-container is-layout-constrained wp-block-group-is-layout-constrained\">\n<div class=\"wp-block-group is-vertical is-layout-flex wp-container-core-group-is-layout-8cf370e7 wp-block-group-is-layout-flex\">\n<h2 class=\"wp-block-heading\" style=\"padding-top:var(--wp--preset--spacing--40);padding-bottom:var(--wp--preset--spacing--40);font-size:25px;font-style:normal;font-weight:600;text-transform:capitalize\">Why Choose Our 30\u00b0 Optic Lens Diffuser Double Layer LED Aluminum Channel?<\/h2>\n\n\n\n<ul class=\"wp-block-list\">\n<li>Focused 30\u00b0 beam angle: Uses a special optic lens to direct light exactly where you want it. No more light that goes to waste or glare.<\/li>\n\n\n\n<li>Canal LED cu dou\u0103 straturi: stratul interior are 16mm l\u0103\u021bime, perfect pentru benzi LED cu dou\u0103 r\u00e2nduri.<\/li>\n\n\n\n<li>Disipare puternic\u0103 a c\u0103ldurii: Fabricat din aluminiu anodizat 6063-T5, care men\u021bine LED-urile reci pentru a dura mai mult.<\/li>\n\n\n\n<li>Iluminare f\u0103r\u0103 puncte: Capac de difuzor care face lumina neted\u0103 \u0219i pl\u0103cut\u0103.<\/li>\n\n\n\n<li>Finisaje din aluminiu: Disponibil \u00een argintiu, negru sau alb pentru a se potrivi stilului t\u0103u.<\/li>\n<\/ul>\n<\/div>\n<\/div><\/div>\n\n\n\n<div class=\"wp-block-group is-vertical is-layout-flex wp-container-core-group-is-layout-d255d7c4 wp-block-group-is-layout-flex\" style=\"padding-top:var(--wp--preset--spacing--80);padding-bottom:var(--wp--preset--spacing--80)\">\n<hr class=\"wp-block-separator has-alpha-channel-opacity\"\/>\n\n\n\n<div class=\"wp-block-media-text has-media-on-the-right is-stacked-on-mobile\" style=\"grid-template-columns:auto 40%\"><div class=\"wp-block-media-text__content\">\n<h2 class=\"wp-block-heading\" style=\"padding-top:var(--wp--preset--spacing--40);padding-bottom:var(--wp--preset--spacing--40);font-size:25px;font-style:normal;font-weight:600;text-transform:capitalize\">Instalare &amp; Compatibilitate<\/h2>\n\n\n\n<p>Func\u021bioneaz\u0103 cu cele mai multe benzi LED de p\u00e2n\u0103 la 15mm l\u0103\u021bime, cum ar fi SMD 5050. Cu un fier\u0103str\u0103u fin, po\u021bi t\u0103ia u\u0219or la lungimea dorit\u0103. Acest canal cu lentil\u0103 optic de 30 de grade poate fi montat pe suprafa\u021b\u0103, oferind un aspect curat \u0219i profesional. De asemenea, po\u021bi utiliza un surs\u0103 de alimentare dimabil\u0103 cu acesta, ceea ce \u00ee\u021bi permite s\u0103 ajustezi complet iluminarea.<\/p>\n<\/div><figure class=\"wp-block-media-text__media\"><img loading=\"lazy\" decoding=\"async\" width=\"500\" height=\"500\" src=\"https:\/\/tangooled.com\/wp-content\/uploads\/2025\/06\/lp01c-ins.webp\" alt=\"30 degree optic lens diffuser double layer led aluminum channel\" class=\"wp-image-41920 size-full\" srcset=\"https:\/\/tangooled.com\/wp-content\/uploads\/2025\/06\/lp01c-ins.webp 500w, https:\/\/tangooled.com\/wp-content\/uploads\/2025\/06\/lp01c-ins-300x300.webp 300w, https:\/\/tangooled.com\/wp-content\/uploads\/2025\/06\/lp01c-ins-150x150.webp 150w\" sizes=\"auto, (max-width: 500px) 100vw, 500px\" \/><\/figure><\/div>\n<\/div>\n\n\n\n<div class=\"wp-block-group has-background is-vertical is-layout-flex wp-container-core-group-is-layout-b429018a wp-block-group-is-layout-flex\" style=\"background-color:#f1f1f1f2;padding-top:var(--wp--preset--spacing--70);padding-bottom:var(--wp--preset--spacing--70)\">\n<h2 class=\"wp-block-heading\" style=\"padding-top:var(--wp--preset--spacing--40);padding-bottom:var(--wp--preset--spacing--40);font-size:25px;font-style:normal;font-weight:600\">Perfect pentru multe utiliz\u0103ri<\/h2>\n\n\n\n<p>Acest canal LED cu dou\u0103 straturi este o solu\u021bie bun\u0103 pentru:<\/p>\n\n\n\n<ul class=\"wp-block-list\">\n<li>Expozi\u021bii \u00een magazine: iluminat pentru rafturi \u0219i vitrine.<\/li>\n\n\n\n<li>Zone de afaceri: birouri, holuri \u0219i iluminat pentru sarcini.<\/li>\n\n\n\n<li>Locuin\u021be de lux: iluminat pentru mobilier, sc\u0103ri \u0219i sub dulapuri.<\/li>\n\n\n\n<li>Iluminatul muzeelor \u0219i galeriilor: eviden\u021biaz\u0103 arta f\u0103r\u0103 a provoca str\u0103luciri.<\/li>\n<\/ul>\n<\/div>\n\n\n\n<div class=\"wp-block-group is-vertical is-layout-flex wp-container-core-group-is-layout-d255d7c4 wp-block-group-is-layout-flex\" style=\"padding-top:var(--wp--preset--spacing--80);padding-bottom:var(--wp--preset--spacing--80)\">\n<h2 class=\"wp-block-heading\" style=\"padding-top:var(--wp--preset--spacing--40);padding-bottom:var(--wp--preset--spacing--40);font-size:25px;font-style:normal;font-weight:600;text-transform:capitalize\">What\u2019s Included<\/h2>\n\n\n\n<ul class=\"wp-block-list\">\n<li>1x Canal LED din aluminiu cu dou\u0103 straturi<\/li>\n\n\n\n<li>1x 30\u00b0 Optic Lens Diffuser Cover<\/li>\n\n\n\n<li>2x Capace de cap\u0103t (unul cu un orificiu pentru un cablu \u0219i unul solid)<\/li>\n<\/ul>\n<\/div>\n\n\n\n<div class=\"wp-block-group has-background is-vertical is-layout-flex wp-container-core-group-is-layout-b429018a wp-block-group-is-layout-flex\" style=\"background-color:#f1f1f1f2;padding-top:var(--wp--preset--spacing--70);padding-bottom:var(--wp--preset--spacing--70)\">\n<h2 class=\"wp-block-heading\" style=\"padding-top:var(--wp--preset--spacing--40);padding-bottom:var(--wp--preset--spacing--40);font-size:25px;font-style:normal;font-weight:600\">Linkuri interne c\u0103tre produse conexe<\/h2>\n\n\n\n<ul class=\"wp-block-list\">\n<li>Ai nevoie de un profil pentru o band\u0103 LED mai mic\u0103? Verific\u0103 <a href=\"https:\/\/tangooled.com\/ro\/produs\/black-led-diffuser-aluminum-channel-for-12mm-tape-lights\/\"><mark style=\"background-color:rgba(0, 0, 0, 0)\" class=\"has-inline-color has-vivid-red-color\">canalul din aluminiu cu difuzor negru pentru lumini de band\u0103 de 12mm<\/mark><\/a>.<\/li>\n\n\n\n<li>Pentru nevoi de profil redus, \u00eencearc\u0103 <a href=\"https:\/\/tangooled.com\/ro\/produs\/25x6mm-low-profile-led-strip-channel-for-10mm-led-strip-light\/\"><mark style=\"background-color:rgba(0, 0, 0, 0)\" class=\"has-inline-color has-vivid-red-color\">canal LED cu profil redus de 25x6mm pentru banda LED de 10mm<\/mark><\/a>.<\/li>\n\n\n\n<li>Vrei un unghi de fascicul mai mare? Vezi <a href=\"https:\/\/tangooled.com\/ro\/produs\/aluminum-profile-with-60-degree-lens-led-diffuser\/\"><mark style=\"background-color:rgba(0, 0, 0, 0)\" class=\"has-inline-color has-vivid-red-color\">profil din aluminiu cu difuzor LED cu lentil\u0103 de 60 de grade<\/mark><\/a>. <\/li>\n<\/ul>\n<\/div>\n\n\n\n<div class=\"wp-block-group is-vertical is-layout-flex wp-container-core-group-is-layout-d255d7c4 wp-block-group-is-layout-flex\" style=\"padding-top:var(--wp--preset--spacing--80);padding-bottom:var(--wp--preset--spacing--80)\">\n<h2 class=\"wp-block-heading\" style=\"padding-top:var(--wp--preset--spacing--40);padding-bottom:var(--wp--preset--spacing--40);font-size:25px;font-style:normal;font-weight:600;text-transform:capitalize\">Rezumat<\/h2>\n\n\n\n<p>Dac\u0103 vrei o lumin\u0103 care s\u0103 fie str\u0103lucitoare, neted\u0103 \u0219i concentrat\u0103, acest canal LED din aluminiu cu dou\u0103 straturi \u0219i lentil\u0103 optic de 30 de grade este o alegere grozav\u0103. Are un difuzor ascu\u021bit de 30 de grade care face fasciculele clare \u0219i concentrate. Aluminiul anodizat 6063-T5 permite c\u0103ldurii s\u0103 ias\u0103 u\u0219or. Acest canal de difuzor cu lentil\u0103 este fantastic pentru o varietate de lucruri, cum ar fi iluminarea casei tale mai bine sau lucr\u00e2nd la proiecte de design al iluminatului.<\/p>\n\n\n\n<p><\/p>\n<\/div>","protected":false},"featured_media":33350,"template":"","meta":{"_acf_changed":true,"_seopress_robots_primary_cat":"none","_seopress_titles_title":"30 Degree Optic Lens Double Layer LED Aluminum Channel | LP01C | TANGOOLED","_seopress_titles_desc":"Source the double layer LED aluminum channel featuring a 30 degree optic lens. Engineered for superior thermal management and precise beam control. Ideal for professional architectural lighting.","_seopress_robots_index":""},"pcb-width":[228],"product-cat":[201],"class_list":{"0":"post-47902","1":"product","2":"type-product","3":"status-publish","4":"has-post-thumbnail","6":"pcb-width-6-12mm","7":"product-cat-optic-lens-profile"},"acf":[],"_links":{"self":[{"href":"https:\/\/tangooled.com\/ro\/wp-json\/wp\/v2\/product\/47902","targetHints":{"allow":["GET"]}}],"collection":[{"href":"https:\/\/tangooled.com\/ro\/wp-json\/wp\/v2\/product"}],"about":[{"href":"https:\/\/tangooled.com\/ro\/wp-json\/wp\/v2\/types\/product"}],"wp:featuredmedia":[{"embeddable":true,"href":"https:\/\/tangooled.com\/ro\/wp-json\/wp\/v2\/media\/33350"}],"wp:attachment":[{"href":"https:\/\/tangooled.com\/ro\/wp-json\/wp\/v2\/media?parent=47902"}],"wp:term":[{"taxonomy":"pcb-width","embeddable":true,"href":"https:\/\/tangooled.com\/ro\/wp-json\/wp\/v2\/pcb-width?post=47902"},{"taxonomy":"product-cat","embeddable":true,"href":"https:\/\/tangooled.com\/ro\/wp-json\/wp\/v2\/product-cat?post=47902"}],"curies":[{"name":"wp","href":"https:\/\/api.w.org\/{rel}","templated":true}]}}