{"id":47897,"date":"2026-01-13T02:24:08","date_gmt":"2026-01-13T10:24:08","guid":{"rendered":"https:\/\/tangooled.com\/?post_type=product&#038;p=47897"},"modified":"2026-04-08T21:33:20","modified_gmt":"2026-04-09T05:33:20","slug":"10-degree-lens-surface-mount-led-channel-fp02l","status":"publish","type":"product","link":"https:\/\/tangooled.com\/ro\/produs\/10-degree-lens-surface-mount-led-channel-fp02l\/","title":{"rendered":"Canal LED de montare pe suprafa\u021b\u0103 cu lentil\u0103 de 10 grade FP02L"},"content":{"rendered":"<div class=\"wp-block-group is-vertical is-layout-flex wp-container-core-group-is-layout-d255d7c4 wp-block-group-is-layout-flex\" style=\"padding-top:var(--wp--preset--spacing--80);padding-bottom:var(--wp--preset--spacing--80)\">\n<p>This 10-degree lens LED channel features a slim aluminum profile with an inner width of 12.2 mm, compatible with high-density LED strips such as SMD3528 and SMD5050. It has a precision\u00a0optical lens that concentrates light into an ultra-narrow 10\u00b0 beam, giving you a sharp, long-distance light with little light spill.<br>Acest profil este construit pentru utilizare cu montaj pe suprafa\u021b\u0103 \u0219i vine cu toate piesele necesare pentru o instalare u\u0219oar\u0103, cum ar fi capacele de \u00eenchidere \u0219i clemele de montaj. Este cea mai bun\u0103 alegere pentru iluminatul de accent \u00een spa\u021bii cu tavan \u00eenalt, de-a lungul pere\u021bilor \u0219i \u00een zonele de lucru specifice unde ave\u021bi nevoie de control precis al luminii.<\/p>\n<\/div>\n\n\n\n<div class=\"wp-block-group has-background\" style=\"background-color:#f1f1f1;padding-top:var(--wp--preset--spacing--80);padding-bottom:var(--wp--preset--spacing--80)\"><div class=\"wp-block-group__inner-container is-layout-constrained wp-block-group-is-layout-constrained\">\n<div class=\"wp-block-group is-vertical is-layout-flex wp-container-core-group-is-layout-8cf370e7 wp-block-group-is-layout-flex\">\n<h2 class=\"wp-block-heading\" style=\"padding-top:var(--wp--preset--spacing--40);padding-bottom:var(--wp--preset--spacing--40);font-size:25px;font-style:normal;font-weight:600;text-transform:capitalize\">De ce s\u0103 alege\u021bi canalul nostru LED cu lentil\u0103 de 10 grade?<\/h2>\n\n\n\n<ul class=\"wp-block-list\">\n<li>Sharp 10\u00b0 Beam: The special lens focuses the light in a tight, narrow beam. This means the light goes right where you want it.<\/li>\n\n\n\n<li>Canal din aluminiu puternic: Fabricat din aluminiu anodizat 6063-T5. Men\u021bine benzile LED reci, permi\u021b\u00e2nd luminii s\u0103 dureze mult timp.<\/li>\n\n\n\n<li>U\u0219or de montat: Design cu montaj pe suprafa\u021b\u0103 cu cleme \u0219i capace de \u00eenchidere incluse.<\/li>\n\n\n\n<li>Difuzor de lentil\u0103 transparent: Fabricat dintr-o lentil\u0103 din policarbonat clar pentru un control excelent al luminii f\u0103r\u0103 \u00eeng\u0103lbenire.<\/li>\n\n\n\n<li>Perfect pentru multe utiliz\u0103ri: Folosi\u021bi-l acas\u0103, la birou sau \u00een magazin. Este excelent pentru sub dulapuri, rafturi, pere\u021bi sau vitrine.<\/li>\n<\/ul>\n<\/div>\n<\/div><\/div>\n\n\n\n<div class=\"wp-block-group is-vertical is-layout-flex wp-container-core-group-is-layout-d255d7c4 wp-block-group-is-layout-flex\" style=\"padding-top:var(--wp--preset--spacing--80);padding-bottom:var(--wp--preset--spacing--80)\">\n<hr class=\"wp-block-separator has-alpha-channel-opacity\"\/>\n\n\n\n<div class=\"wp-block-media-text has-media-on-the-right is-stacked-on-mobile\" style=\"grid-template-columns:auto 40%\"><div class=\"wp-block-media-text__content\">\n<h2 class=\"wp-block-heading\" style=\"padding-top:var(--wp--preset--spacing--40);padding-bottom:var(--wp--preset--spacing--40);font-size:25px;font-style:normal;font-weight:600;text-transform:capitalize\">U\u0219or de utilizat \u0219i instalat<\/h2>\n\n\n\n<ul class=\"wp-block-list\">\n<li>T\u0103ia\u021bi canalele din aluminiu \u0219i difuzorul de lentil\u0103 la lungimea dorit\u0103 cu un feronerie.<\/li>\n\n\n\n<li>\u00cendep\u0103rta\u021bi spatele adeziv de pe banda LED \u0219i ap\u0103sa\u021bi-o ferm \u00een canal.<\/li>\n\n\n\n<li>\u00cencerca\u021bi difuzorul de lentil\u0103 de 10 grade \u00een loc \u0219i apoi ata\u0219a\u021bi capacele de \u00eenchidere la ambele capete ale canalului.<\/li>\n\n\n\n<li>Asigura\u021bi canalul de aluminiu pe pere\u021bi, tavane sau dulapuri folosind clemele de montaj \u0219i \u0219uruburile incluse.<\/li>\n<\/ul>\n<\/div><figure class=\"wp-block-media-text__media\"><img loading=\"lazy\" decoding=\"async\" width=\"500\" height=\"500\" src=\"https:\/\/tangooled.com\/wp-content\/uploads\/2026\/01\/fp02l-ins.webp\" alt=\"10 degree lens surface mount led channel fp02l\" class=\"wp-image-49001 size-full\" srcset=\"https:\/\/tangooled.com\/wp-content\/uploads\/2026\/01\/fp02l-ins.webp 500w, https:\/\/tangooled.com\/wp-content\/uploads\/2026\/01\/fp02l-ins-300x300.webp 300w, https:\/\/tangooled.com\/wp-content\/uploads\/2026\/01\/fp02l-ins-150x150.webp 150w\" sizes=\"auto, (max-width: 500px) 100vw, 500px\" \/><\/figure><\/div>\n<\/div>\n\n\n\n<div class=\"wp-block-group has-background is-vertical is-layout-flex wp-container-core-group-is-layout-b429018a wp-block-group-is-layout-flex\" style=\"background-color:#f1f1f1f2;padding-top:var(--wp--preset--spacing--70);padding-bottom:var(--wp--preset--spacing--70)\">\n<h2 class=\"wp-block-heading\" style=\"padding-top:var(--wp--preset--spacing--40);padding-bottom:var(--wp--preset--spacing--40);font-size:25px;font-style:normal;font-weight:600\">Unde pute\u021bi utiliza canalul nostru LED cu lentil\u0103 de 10 grade?<\/h2>\n\n\n\n<p>Acest canal LED cu lentil\u0103 de 10 grade este perfect pentru:<\/p>\n\n\n\n<ul class=\"wp-block-list\">\n<li>Iluminat de accent: Pentru a crea un impact vizual impresionant prin eviden\u021bierea lucr\u0103rilor de art\u0103, detalii arhitecturale sau decoruri interioare.<\/li>\n\n\n\n<li>Iluminat de tavan: Instala\u021bi-l pe tavan pentru a crea lumini direc\u021bionate care emit lumin\u0103 \u00eentr-un mod elegant \u0219i modern.<\/li>\n\n\n\n<li>Iluminat sub dulap: Folosi\u021bi o lumin\u0103 concentrat\u0103, f\u0103r\u0103 orbire, pentru a ilumina suprafe\u021bele \u0219i a oferi buc\u0103t\u0103riei un aspect elegant \u0219i profesional.<\/li>\n\n\n\n<li>Iluminat pentru expunere \u0219i rafturi: Folosi\u021bi un fascicul \u00eengust de lumin\u0103 pentru a atrage aten\u021bia asupra obiectelor sau colec\u021biilor dumneavoastr\u0103.<\/li>\n\n\n\n<li>Architectural Highlighting: Use a crisp, strong line of light to show off the building&#8217;s interior or exterior&#8217;s unique lines, edges, and corners.<\/li>\n<\/ul>\n<\/div>\n\n\n\n<div class=\"wp-block-group is-vertical is-layout-flex wp-container-core-group-is-layout-d255d7c4 wp-block-group-is-layout-flex\" style=\"padding-top:var(--wp--preset--spacing--80);padding-bottom:var(--wp--preset--spacing--80)\">\n<h2 class=\"wp-block-heading\" style=\"padding-top:var(--wp--preset--spacing--40);padding-bottom:var(--wp--preset--spacing--40);font-size:25px;font-style:normal;font-weight:600;text-transform:capitalize\">Rezumat<\/h2>\n\n\n\n<p>Lentila din interiorul canalului concentreaz\u0103 lumina LED \u00eentr-un unghi de fascicul \u00eengust de 10 grade. Acest lucru face ca luminile s\u0103 fie str\u0103lucitoare \u0219i clare. Alte fascicule de difuzor, cum ar fi cele de 15, 20 sau 60 de grade, \u00eendulcesc o zon\u0103 mai larg\u0103. Dac\u0103 dori\u021bi un iluminat de accent excelent cu margini \u0219i detalii, acest canal LED cu lentil\u0103 de 10 grade este perfect.<\/p>\n<\/div>\n\n\n\n<p><\/p>","protected":false},"featured_media":14209,"template":"","meta":{"_acf_changed":false,"_seopress_robots_primary_cat":"none","_seopress_titles_title":"10 Degree Lens LED Channel | Surface Mount Profile | TANGOOLED","_seopress_titles_desc":"Source this 10 degree lens LED channel for ultra-narrow beam control. Ideal for high-ceiling accent lighting and wall washing. High-quality surface mount profile from TANGOOLED.","_seopress_robots_index":""},"pcb-width":[228],"product-cat":[201],"class_list":{"0":"post-47897","1":"product","2":"type-product","3":"status-publish","4":"has-post-thumbnail","6":"pcb-width-6-12mm","7":"product-cat-optic-lens-profile"},"acf":[],"_links":{"self":[{"href":"https:\/\/tangooled.com\/ro\/wp-json\/wp\/v2\/product\/47897","targetHints":{"allow":["GET"]}}],"collection":[{"href":"https:\/\/tangooled.com\/ro\/wp-json\/wp\/v2\/product"}],"about":[{"href":"https:\/\/tangooled.com\/ro\/wp-json\/wp\/v2\/types\/product"}],"wp:featuredmedia":[{"embeddable":true,"href":"https:\/\/tangooled.com\/ro\/wp-json\/wp\/v2\/media\/14209"}],"wp:attachment":[{"href":"https:\/\/tangooled.com\/ro\/wp-json\/wp\/v2\/media?parent=47897"}],"wp:term":[{"taxonomy":"pcb-width","embeddable":true,"href":"https:\/\/tangooled.com\/ro\/wp-json\/wp\/v2\/pcb-width?post=47897"},{"taxonomy":"product-cat","embeddable":true,"href":"https:\/\/tangooled.com\/ro\/wp-json\/wp\/v2\/product-cat?post=47897"}],"curies":[{"name":"wp","href":"https:\/\/api.w.org\/{rel}","templated":true}]}}