{"id":47893,"date":"2026-01-13T02:18:38","date_gmt":"2026-01-13T10:18:38","guid":{"rendered":"https:\/\/tangooled.com\/?post_type=product&#038;p=47893"},"modified":"2026-02-02T01:38:16","modified_gmt":"2026-02-02T09:38:16","slug":"aluminum-led-profile-30-degree-lens-diffuser-for-10mm-strips","status":"publish","type":"product","link":"https:\/\/tangooled.com\/ro\/produs\/aluminum-led-profile-30-degree-lens-diffuser-for-10mm-strips\/","title":{"rendered":"profil LED din aluminiu cu difuzor lenticular de 30 de grade pentru benzi de 10mm"},"content":{"rendered":"<div class=\"wp-block-group is-vertical is-layout-flex wp-container-core-group-is-layout-d255d7c4 wp-block-group-is-layout-flex\" style=\"padding-top:var(--wp--preset--spacing--80);padding-bottom:var(--wp--preset--spacing--80)\">\n<p>Acest profil din aluminiu cu lentil\u0103 de 30 de grade pentru LED-uri este conceput pentru a-\u021bi oferi o lumin\u0103 concentrat\u0103. M\u0103sur\u00e2nd 17.2mm l\u0103\u021bime \u0219i 12.9mm \u00een\u0103l\u021bime, func\u021bioneaz\u0103 cu benzi LED de 10mm standard \u0219i are un difuzor de lentil\u0103 clar pentru a concentra lumina LED \u00eentr-un unghi de emisii \u00eengust, potrivit pentru aplica\u021bii de iluminat cu benzi LED de accent. Acest profil LED din aluminiu cu difuzor cu lentil\u0103 de 30 de grade dispune de clips de montare pentru o instalare u\u0219oar\u0103. Poate fi ata\u0219at \u00een siguran\u021b\u0103 pe orice suprafa\u021b\u0103. Indiferent dac\u0103 iluminezi un punct de expunere \u00een magazin sau adaugi detalii sofisticate \u00een casa ta, acest profil combin\u0103 durabilitatea cu un finisaj elegant \u0219i profesional.<\/p>\n<\/div>\n\n\n\n<div class=\"wp-block-group has-background\" style=\"background-color:#f1f1f1;padding-top:var(--wp--preset--spacing--80);padding-bottom:var(--wp--preset--spacing--80)\"><div class=\"wp-block-group__inner-container is-layout-constrained wp-block-group-is-layout-constrained\">\n<div class=\"wp-block-group is-vertical is-layout-flex wp-container-core-group-is-layout-8cf370e7 wp-block-group-is-layout-flex\">\n<h2 class=\"wp-block-heading\" style=\"padding-top:var(--wp--preset--spacing--40);padding-bottom:var(--wp--preset--spacing--40);font-size:25px;font-style:normal;font-weight:600;text-transform:capitalize\">De ce s\u0103 alegi profilul nostru LED cu lentil\u0103 de 30 de grade?<\/h2>\n\n\n\n<p>Profilul nostru LED cu lentil\u0103 de 30 de grade ofer\u0103 multe beneficii:<\/p>\n\n\n\n<ul class=\"wp-block-list\">\n<li>Focused light beam: The 30\u00b0 lens makes a tight beam of light that doesn&#8217;t cause glare, so it goes exactly where you want it to.<\/li>\n\n\n\n<li>Strong aluminum channel: It keeps LED strips cool and makes them last\u00a0longer by acting as a heat sink.<\/li>\n\n\n\n<li>This\u00a0channel\u00a0is great for 10mm LED strips because it has an inner width of 12mm. It works with popular models like the 5050 and 2835.<\/li>\n\n\n\n<li>Acest produs vine cu tot ce ai nevoie pentru a-l instala rapid \u0219i ordonat, inclusiv capace de cap\u0103t \u0219i clips de montare.<\/li>\n<\/ul>\n<\/div>\n<\/div><\/div>\n\n\n\n<div class=\"wp-block-group is-vertical is-layout-flex wp-container-core-group-is-layout-d255d7c4 wp-block-group-is-layout-flex\" style=\"padding-top:var(--wp--preset--spacing--80);padding-bottom:var(--wp--preset--spacing--80)\">\n<hr class=\"wp-block-separator has-alpha-channel-opacity\"\/>\n\n\n\n<div class=\"wp-block-media-text has-media-on-the-right is-stacked-on-mobile\" style=\"grid-template-columns:auto 40%\"><div class=\"wp-block-media-text__content\">\n<h2 class=\"wp-block-heading\" style=\"padding-top:var(--wp--preset--spacing--40);padding-bottom:var(--wp--preset--spacing--40);font-size:25px;font-style:normal;font-weight:600;text-transform:capitalize\">Sfaturi de instalare pentru cele mai bune rezultate<\/h2>\n\n\n\n<ul class=\"wp-block-list\">\n<li>Make sure the LED strip is firmly attached to the base of the aluminum channel. Drill\u00a0a hole in the channel and run the power cord through it.<\/li>\n\n\n\n<li>Folose\u0219te \u0219uruburi pentru a fixa clipsurile de montare pe suprafa\u021ba pe care vrei s\u0103 le montezi.<\/li>\n\n\n\n<li>A\u0219eaz\u0103 canalul din aluminiu pe clipsurile care sunt deja \u00een pozi\u021bie.<\/li>\n\n\n\n<li>Conecteaz\u0103 cablul de alimentare la sursa de alimentare.<\/li>\n\n\n\n<li>Pentru a finaliza instalarea, monteaz\u0103 capacele de cap\u0103t \u0219i fixeaz\u0103 capacul difuzor LED.<\/li>\n<\/ul>\n<\/div><figure class=\"wp-block-media-text__media\"><img loading=\"lazy\" decoding=\"async\" width=\"500\" height=\"500\" src=\"https:\/\/tangooled.com\/wp-content\/uploads\/2026\/01\/fp01l-ins.webp\" alt=\"aluminum led profile with 30 degree lens diffuser for 10mm led strips\" class=\"wp-image-48331 size-full\" srcset=\"https:\/\/tangooled.com\/wp-content\/uploads\/2026\/01\/fp01l-ins.webp 500w, https:\/\/tangooled.com\/wp-content\/uploads\/2026\/01\/fp01l-ins-300x300.webp 300w, https:\/\/tangooled.com\/wp-content\/uploads\/2026\/01\/fp01l-ins-150x150.webp 150w\" sizes=\"auto, (max-width: 500px) 100vw, 500px\" \/><\/figure><\/div>\n<\/div>\n\n\n\n<div class=\"wp-block-group has-background\" style=\"background-color:#f1f1f1f2;padding-top:var(--wp--preset--spacing--80);padding-bottom:var(--wp--preset--spacing--80)\"><div class=\"wp-block-group__inner-container is-layout-constrained wp-block-group-is-layout-constrained\">\n<h2 class=\"wp-block-heading\" style=\"padding-top:var(--wp--preset--spacing--40);padding-bottom:var(--wp--preset--spacing--40);font-size:25px;font-style:normal;font-weight:600\">Unde po\u021bi utiliza profilul LED cu lentil\u0103 de 30 de grade?<\/h2>\n\n\n\n<ul class=\"wp-block-list\">\n<li>Iluminare pentru dulapuri acas\u0103: Pune-le \u00een buc\u0103t\u0103ria ta sau \u00een dulapuri pentru a crea iluminare f\u0103r\u0103 orbire pe rafturi.<\/li>\n\n\n\n<li>Pentru afaceri: Grozav pentru expunerea \u00een magazine, mese \u0219i accente de iluminat direc\u021bionat.<\/li>\n\n\n\n<li>Iluminare arhitectural\u0103: Folose\u0219te-l pentru a ilumina liniile de pe tavan, accentele de pe pere\u021bi \u0219i designurile frumoase de lumin\u0103 liniar\u0103.<\/li>\n\n\n\n<li>Closets and shelves: Helps make light that is concentrated and doesn&#8217;t cause glare for everyday use.<\/li>\n<\/ul>\n<\/div><\/div>\n\n\n\n<div class=\"wp-block-group is-vertical is-layout-flex wp-container-core-group-is-layout-d255d7c4 wp-block-group-is-layout-flex\" style=\"padding-top:var(--wp--preset--spacing--80);padding-bottom:var(--wp--preset--spacing--80)\">\n<h2 class=\"wp-block-heading\" style=\"padding-top:var(--wp--preset--spacing--40);padding-bottom:var(--wp--preset--spacing--40);font-size:25px;font-style:normal;font-weight:600;text-transform:capitalize\">Explor\u0103 mai multe profile LED<\/h2>\n\n\n\n<ul class=\"wp-block-list\">\n<li><a href=\"https:\/\/tangooled.com\/ro\/produs\/led-strip-light-channel-aluminum-profile-with-diffused-cover-6mm-height\/\"><mark style=\"background-color:rgba(0, 0, 0, 0)\" class=\"has-inline-color has-vivid-red-color\">Profil din aluminiu pentru benzi LED cu capac difuzor de 6mm \u00een\u0103l\u021bime<\/mark><\/a><\/li>\n\n\n\n<li><a href=\"https:\/\/tangooled.com\/ro\/produs\/black-aluminum-u-channel-profile-for-10mm-led-strips\/\"><mark style=\"background-color:rgba(0, 0, 0, 0)\" class=\"has-inline-color has-vivid-red-color\">Profil U din aluminiu negru pentru benzi LED de 10mm<\/mark><\/a><\/li>\n\n\n\n<li><a href=\"https:\/\/tangooled.com\/ro\/produs\/aluminum-profile-with-60-degree-lens-led-diffuser\/\"><mark style=\"background-color:rgba(0, 0, 0, 0)\" class=\"has-inline-color has-vivid-red-color\">Profil din aluminiu cu difuzor cu lentil\u0103 de 60 de grade pentru LED-uri<\/mark><\/a><\/li>\n\n\n\n<li><a href=\"https:\/\/tangooled.com\/ro\/produs\/15x16mm-led-channel-with-half-round-diffuser-for-10mm-led-strips\/\"><mark style=\"background-color:rgba(0, 0, 0, 0)\" class=\"has-inline-color has-vivid-red-color\">canal LED de 15x16mm cu difuzor semicircular pentru benzi LED de 10mm<\/mark><\/a><\/li>\n<\/ul>\n<\/div>\n\n\n\n<div class=\"wp-block-group has-background\" style=\"background-color:#f1f1f1f2;padding-top:var(--wp--preset--spacing--80);padding-bottom:var(--wp--preset--spacing--80)\"><div class=\"wp-block-group__inner-container is-layout-constrained wp-block-group-is-layout-constrained\">\n<h2 class=\"wp-block-heading\" style=\"padding-top:var(--wp--preset--spacing--40);padding-bottom:var(--wp--preset--spacing--40);font-size:25px;font-style:normal;font-weight:600\">Kit complet pentru o instalare profesional\u0103<\/h2>\n\n\n\n<ul class=\"wp-block-list\">\n<li>1X Canal din aluminiu (model TG-FP01L)<\/li>\n\n\n\n<li>1x difuzor optic cu lentil\u0103 de 30 de grade (clar, plastic dur)<\/li>\n\n\n\n<li>2x Clips de montare pentru prindere sigur\u0103<\/li>\n\n\n\n<li>2x capace de cap\u0103t (unul cu orificiu pentru cablu, unul f\u0103r\u0103)<br><\/li>\n<\/ul>\n<\/div><\/div>\n\n\n\n<div class=\"wp-block-group is-vertical is-layout-flex wp-container-core-group-is-layout-d255d7c4 wp-block-group-is-layout-flex\" style=\"padding-top:var(--wp--preset--spacing--80);padding-bottom:var(--wp--preset--spacing--80)\">\n<h2 class=\"wp-block-heading\" style=\"padding-top:var(--wp--preset--spacing--40);padding-bottom:var(--wp--preset--spacing--40);font-size:25px;font-style:normal;font-weight:600;text-transform:capitalize\">Rezumat<\/h2>\n\n\n\n<p>Acest profil LED din aluminiu cu difuzor cu lentil\u0103 de 30 de grade este excelent pentru iluminatul cu benzi LED. Este f\u0103cut pentru persoanele care doresc o lumin\u0103 concentrat\u0103, clar\u0103 din benzile lor LED de 10mm. Po\u021bi s\u0103-l folose\u0219ti pentru extrudare de iluminat de accent, profile LED de iluminat de perete, proiecte DIY de iluminat sau designuri de iluminat arhitectural. Fasciculul puternic te ajut\u0103 s\u0103 eviden\u021biezi detalii \u0219i s\u0103 reduci disperarea luminii \u0219i orbirea.<\/p>\n<\/div>\n\n\n\n<p><\/p>","protected":false},"featured_media":14204,"template":"","meta":{"_acf_changed":true,"_seopress_robots_primary_cat":"none","_seopress_titles_title":"30 Degree Lens LED Profile | Aluminum Channel | FP01L | TANGOOLED","_seopress_titles_desc":"Source this aluminum LED profile featuring a 30 degree lens diffuser. Designed for 10mm LED strips, it provides focused beam control for wall washing and accent lighting.","_seopress_robots_index":""},"pcb-width":[228],"product-cat":[201],"class_list":{"0":"post-47893","1":"product","2":"type-product","3":"status-publish","4":"has-post-thumbnail","6":"pcb-width-6-12mm","7":"product-cat-optic-lens-profile"},"acf":[],"_links":{"self":[{"href":"https:\/\/tangooled.com\/ro\/wp-json\/wp\/v2\/product\/47893","targetHints":{"allow":["GET"]}}],"collection":[{"href":"https:\/\/tangooled.com\/ro\/wp-json\/wp\/v2\/product"}],"about":[{"href":"https:\/\/tangooled.com\/ro\/wp-json\/wp\/v2\/types\/product"}],"wp:featuredmedia":[{"embeddable":true,"href":"https:\/\/tangooled.com\/ro\/wp-json\/wp\/v2\/media\/14204"}],"wp:attachment":[{"href":"https:\/\/tangooled.com\/ro\/wp-json\/wp\/v2\/media?parent=47893"}],"wp:term":[{"taxonomy":"pcb-width","embeddable":true,"href":"https:\/\/tangooled.com\/ro\/wp-json\/wp\/v2\/pcb-width?post=47893"},{"taxonomy":"product-cat","embeddable":true,"href":"https:\/\/tangooled.com\/ro\/wp-json\/wp\/v2\/product-cat?post=47893"}],"curies":[{"name":"wp","href":"https:\/\/api.w.org\/{rel}","templated":true}]}}