{"id":47891,"date":"2026-01-13T02:05:15","date_gmt":"2026-01-13T10:05:15","guid":{"rendered":"https:\/\/tangooled.com\/?post_type=product&#038;p=47891"},"modified":"2026-02-02T01:38:34","modified_gmt":"2026-02-02T09:38:34","slug":"led-square-diffuser-aluminum-channel-20x23mm-inner-17mm","status":"publish","type":"product","link":"https:\/\/tangooled.com\/ro\/produs\/led-square-diffuser-aluminum-channel-20x23mm-inner-17mm\/","title":{"rendered":"canal din aluminiu cu difuzor LED p\u0103trat 20x23mm interior 17mm"},"content":{"rendered":"<div class=\"wp-block-group is-vertical is-layout-flex wp-container-core-group-is-layout-d255d7c4 wp-block-group-is-layout-flex\" style=\"padding-top:var(--wp--preset--spacing--80);padding-bottom:var(--wp--preset--spacing--80)\">\n<p>LP20B este un canal din aluminiu cu difuzor p\u0103trat LED de 20x23mm, cu un design elegant \u0219i arhitectural. L\u0103\u021bimea interioar\u0103 de 17.4mm \u0219i designul cu profil ad\u00e2nc \u00eel fac ideal pentru benzi LED mai late. Acest lucru \u00eenseamn\u0103 c\u0103 poate gestiona eficient c\u0103ldura, iar difuzorul p\u0103trat face ca lumina s\u0103 fie uniform\u0103 \u0219i f\u0103r\u0103 puncte. Pute\u021bi instala simplu \u0219i \u00een siguran\u021b\u0103 canalul din aluminiu pe o suprafa\u021b\u0103 curat\u0103 cu cleme de montare. Acest canal are capace de cap\u0103t corespunz\u0103toare \u0219i ascunde toate elementele interne, astfel \u00eenc\u00e2t s\u0103 arate ordonat \u00een case, afaceri sau vitrine.<\/p>\n<\/div>\n\n\n\n<div class=\"wp-block-group has-background\" style=\"background-color:#f1f1f1;padding-top:var(--wp--preset--spacing--80);padding-bottom:var(--wp--preset--spacing--80)\"><div class=\"wp-block-group__inner-container is-layout-constrained wp-block-group-is-layout-constrained\">\n<div class=\"wp-block-group is-vertical is-layout-flex wp-container-core-group-is-layout-8cf370e7 wp-block-group-is-layout-flex\">\n<h2 class=\"wp-block-heading\" style=\"padding-top:var(--wp--preset--spacing--40);padding-bottom:var(--wp--preset--spacing--40);font-size:25px;font-style:normal;font-weight:600;text-transform:capitalize\">De ce s\u0103 alege\u021bi canalul nostru din aluminiu cu difuzor p\u0103trat LED de 20X23mm?<\/h2>\n\n\n\n<ul class=\"wp-block-list\">\n<li>R\u0103citor de c\u0103ldur\u0103 puternic: Aluminiul 6063-T5 \u00eempiedic\u0103 LED-ul s\u0103 se supra\u00eenc\u0103lzeasc\u0103, ceea ce \u00eei face s\u0103 dureze mai mult.<\/li>\n\n\n\n<li>Iluminare f\u0103r\u0103 puncte: Difuzorul opal-satinat disperseaz\u0103 lumina uniform \u0219i moale.<\/li>\n\n\n\n<li>Band\u0103 LED lat\u0103 \u0219i cu dou\u0103 r\u00e2nduri care se potrive\u0219te benzilor cu o l\u0103\u021bime interioar\u0103 de p\u00e2n\u0103 la 17mm.<\/li>\n\n\n\n<li>Puternic \u0219i ordonat: Protejeaz\u0103 LED-urile de praf \u0219i daune.<\/li>\n\n\n\n<li>Pute\u021bi alege din finisaje argintii, negre sau albe.<\/li>\n\n\n\n<li>Vine cu cleme \u0219i capace de cap\u0103t, ceea ce face u\u0219or s\u0103 asambla\u021bi.<\/li>\n<\/ul>\n<\/div>\n<\/div><\/div>\n\n\n\n<div class=\"wp-block-group is-vertical is-layout-flex wp-container-core-group-is-layout-d255d7c4 wp-block-group-is-layout-flex\" style=\"padding-top:var(--wp--preset--spacing--80);padding-bottom:var(--wp--preset--spacing--80)\">\n<hr class=\"wp-block-separator has-alpha-channel-opacity\"\/>\n\n\n\n<div class=\"wp-block-media-text has-media-on-the-right is-stacked-on-mobile\" style=\"grid-template-columns:auto 40%\"><div class=\"wp-block-media-text__content\">\n<h2 class=\"wp-block-heading\" style=\"padding-top:var(--wp--preset--spacing--40);padding-bottom:var(--wp--preset--spacing--40);font-size:25px;font-style:normal;font-weight:600;text-transform:capitalize\">Pa\u0219ii de instalare<\/h2>\n\n\n\n<ul class=\"wp-block-list\">\n<li>Ata\u0219a\u021bi clemele de montare&nbsp;pe suprafa\u021b\u0103.<\/li>\n\n\n\n<li>Introduce\u021bi banda LED \u00een canalul din aluminiu.&nbsp;<\/li>\n\n\n\n<li>Introduce\u021bi canalul \u00een cleme.<\/li>\n\n\n\n<li>Pune\u021bi capacele de cap\u0103t \u0219i capacul difuzorului pentru un finisaj complet.<\/li>\n<\/ul>\n<\/div><figure class=\"wp-block-media-text__media\"><img loading=\"lazy\" decoding=\"async\" width=\"500\" height=\"500\" src=\"https:\/\/tangooled.com\/wp-content\/uploads\/2026\/01\/lp20b-ins.webp\" alt=\"led square diffuser aluminum channel 20x23mm inner 17mm\" class=\"wp-image-48329 size-full\" srcset=\"https:\/\/tangooled.com\/wp-content\/uploads\/2026\/01\/lp20b-ins.webp 500w, https:\/\/tangooled.com\/wp-content\/uploads\/2026\/01\/lp20b-ins-300x300.webp 300w, https:\/\/tangooled.com\/wp-content\/uploads\/2026\/01\/lp20b-ins-150x150.webp 150w\" sizes=\"auto, (max-width: 500px) 100vw, 500px\" \/><\/figure><\/div>\n<\/div>\n\n\n\n<div class=\"wp-block-group has-background is-vertical is-layout-flex wp-container-core-group-is-layout-b429018a wp-block-group-is-layout-flex\" style=\"background-color:#f1f1f1f2;padding-top:var(--wp--preset--spacing--70);padding-bottom:var(--wp--preset--spacing--70)\">\n<h2 class=\"wp-block-heading\" style=\"padding-top:var(--wp--preset--spacing--40);padding-bottom:var(--wp--preset--spacing--40);font-size:25px;font-style:normal;font-weight:600\">Cum s\u0103 utiliz\u0103m canalul nostru din aluminiu LED<\/h2>\n\n\n\n<ul class=\"wp-block-list\">\n<li>Sub dulapuri: Un design elegant \u0219i o lumin\u0103 de lucru str\u0103lucitoare.<\/li>\n\n\n\n<li>Dulapuri \u0219i dressing-uri: Lumini str\u0103lucitoare pentru rafturi, u\u0219or de instalat.<\/li>\n\n\n\n<li>F\u00e2\u0219ii de lumin\u0103 curate \u0219i str\u0103lucitoare pentru magazine \u0219i birouri pe pere\u021bi \u0219i tavane.<\/li>\n\n\n\n<li>Vitrine: Folosi\u021bi o lumin\u0103 moale \u0219i uniform\u0103 pentru a eviden\u021bia articolele.<\/li>\n\n\n\n<li>Iluminare de accent \u0219i cove: Eviden\u021bia\u021bi caracteristicile arhitecturale<\/li>\n<\/ul>\n<\/div>\n\n\n\n<div class=\"wp-block-group is-vertical is-layout-flex wp-container-core-group-is-layout-d255d7c4 wp-block-group-is-layout-flex\" style=\"padding-top:var(--wp--preset--spacing--80);padding-bottom:var(--wp--preset--spacing--80)\">\n<h2 class=\"wp-block-heading\" style=\"padding-top:var(--wp--preset--spacing--40);padding-bottom:var(--wp--preset--spacing--40);font-size:25px;font-style:normal;font-weight:600;text-transform:capitalize\">Produse asociate pe care s-ar putea s\u0103 le plac\u0103<\/h2>\n\n\n\n<ul class=\"wp-block-list\">\n<li><a href=\"https:\/\/tangooled.com\/ro\/produs\/black-led-diffuser-aluminum-channel-for-12mm-tape-lights\/\"><mark style=\"background-color:rgba(0, 0, 0, 0)\" class=\"has-inline-color has-vivid-red-color\">Canal din aluminiu cu difuzor LED negru pentru benzi de 12mm<\/mark><\/a><\/li>\n\n\n\n<li><a href=\"https:\/\/tangooled.com\/ro\/produs\/surface-mount-led-profile-with-frosted-diffuser-for-10mm-rope-lights\/\"><mark style=\"background-color:rgba(0, 0, 0, 0)\" class=\"has-inline-color has-vivid-red-color\">Profil LED de montare pe suprafa\u021b\u0103 cu difuzor satin pentru benzile de 10mm<\/mark><\/a><\/li>\n\n\n\n<li><a href=\"https:\/\/tangooled.com\/ro\/produs\/recessed-aluminum-profile-17x8mm-for-led-strip-lighting\/\"><mark style=\"background-color:rgba(0, 0, 0, 0)\" class=\"has-inline-color has-vivid-red-color\">Profil din aluminiu \u00eencastrat 17x8mm pentru iluminarea cu band\u0103 LED<\/mark><\/a><\/li>\n\n\n\n<li><a href=\"https:\/\/tangooled.com\/ro\/produs\/17mm-led-strip-light-aluminum-channel-for-surface-mounting\/\"><mark style=\"background-color:rgba(0, 0, 0, 0)\" class=\"has-inline-color has-vivid-red-color\">Canal din aluminiu pentru band\u0103 LED de 17mm pentru montare pe suprafa\u021b\u0103<\/mark><\/a><\/li>\n<\/ul>\n<\/div>\n\n\n\n<div class=\"wp-block-group has-background is-vertical is-layout-flex wp-container-core-group-is-layout-b429018a wp-block-group-is-layout-flex\" style=\"background-color:#f1f1f1f2;padding-top:var(--wp--preset--spacing--70);padding-bottom:var(--wp--preset--spacing--70)\">\n<h2 class=\"wp-block-heading\" style=\"padding-top:var(--wp--preset--spacing--40);padding-bottom:var(--wp--preset--spacing--40);font-size:25px;font-style:normal;font-weight:600\">Rezumat<\/h2>\n\n\n\n<p style=\"padding-right:var(--wp--preset--spacing--50);padding-left:var(--wp--preset--spacing--50)\">Canalul nostru din aluminiu cu difuzor p\u0103trat LED de 20x23mm este modalitatea ideal\u0103 de a men\u021bine luminile pentru benzi LED ordonate, str\u0103lucitoare \u0219i sigure. Acest canal LED poate fi utilizat \u00een multe scopuri, inclusiv pentru iluminarea caselor, afacerilor etc.<\/p>\n<\/div>\n\n\n\n<p><\/p>","protected":false},"featured_media":14110,"template":"","meta":{"_acf_changed":true,"_seopress_robots_primary_cat":"none","_seopress_titles_title":"20x23mm LED Square Diffuser Aluminum Channel LP20B | TANGOOLED","_seopress_titles_desc":"Source this 20x23mm LED square diffuser aluminum channel. Featuring a 17mm inner width, it provides deep housing for high-density LED strips with a flat, modern finish.","_seopress_robots_index":""},"pcb-width":[229],"product-cat":[192],"class_list":{"0":"post-47891","1":"product","2":"type-product","3":"status-publish","4":"has-post-thumbnail","6":"pcb-width-15-20mm","7":"product-cat-surface-led-profile"},"acf":[],"_links":{"self":[{"href":"https:\/\/tangooled.com\/ro\/wp-json\/wp\/v2\/product\/47891","targetHints":{"allow":["GET"]}}],"collection":[{"href":"https:\/\/tangooled.com\/ro\/wp-json\/wp\/v2\/product"}],"about":[{"href":"https:\/\/tangooled.com\/ro\/wp-json\/wp\/v2\/types\/product"}],"wp:featuredmedia":[{"embeddable":true,"href":"https:\/\/tangooled.com\/ro\/wp-json\/wp\/v2\/media\/14110"}],"wp:attachment":[{"href":"https:\/\/tangooled.com\/ro\/wp-json\/wp\/v2\/media?parent=47891"}],"wp:term":[{"taxonomy":"pcb-width","embeddable":true,"href":"https:\/\/tangooled.com\/ro\/wp-json\/wp\/v2\/pcb-width?post=47891"},{"taxonomy":"product-cat","embeddable":true,"href":"https:\/\/tangooled.com\/ro\/wp-json\/wp\/v2\/product-cat?post=47891"}],"curies":[{"name":"wp","href":"https:\/\/api.w.org\/{rel}","templated":true}]}}