{"id":47888,"date":"2026-01-13T02:03:04","date_gmt":"2026-01-13T10:03:04","guid":{"rendered":"https:\/\/tangooled.com\/?post_type=product&#038;p=47888"},"modified":"2026-01-29T22:07:25","modified_gmt":"2026-01-30T06:07:25","slug":"led-curved-diffuser-aluminum-channel-19x23mm-for-15mm-strips","status":"publish","type":"product","link":"https:\/\/tangooled.com\/ro\/produs\/led-curved-diffuser-aluminum-channel-19x23mm-for-15mm-strips\/","title":{"rendered":"canal din aluminiu cu difuzor LED curbat 19x23mm pentru benzi de 15mm"},"content":{"rendered":"<div class=\"wp-block-group is-vertical is-layout-flex wp-container-core-group-is-layout-d255d7c4 wp-block-group-is-layout-flex\" style=\"padding-top:var(--wp--preset--spacing--80);padding-bottom:var(--wp--preset--spacing--80)\">\n<p>The LP20A is a high-quality LED curved diffuser aluminum channel 19x23mm that will give you a great lighting experience. It has a wide 17.4mm inner width that fits LED strips up to 15mm perfectly. The deep-profile design and curved diffuser make sure that the glow is smooth and dot-free. Installation is quick and easy. Just use the provided mounting clips to attach it securely to any flat surface. This channel comes with matching end caps and gives a clean, professional look. It&#8217;s great for both home and business projects.<\/p>\n<\/div>\n\n\n\n<div class=\"wp-block-group has-background\" style=\"background-color:#f1f1f1;padding-top:var(--wp--preset--spacing--80);padding-bottom:var(--wp--preset--spacing--80)\"><div class=\"wp-block-group__inner-container is-layout-constrained wp-block-group-is-layout-constrained\">\n<div class=\"wp-block-group is-vertical is-layout-flex wp-container-core-group-is-layout-8cf370e7 wp-block-group-is-layout-flex\">\n<h2 class=\"wp-block-heading\" style=\"padding-top:var(--wp--preset--spacing--40);padding-bottom:var(--wp--preset--spacing--40);font-size:25px;font-style:normal;font-weight:600;text-transform:capitalize\">De ce s\u0103 alegi acest canal de aluminiu de difuzor curbat LED 19x23mm?<\/h2>\n\n\n\n<ul class=\"wp-block-list\">\n<li>Fabricat dintr-un aliaj robust de aluminiu 6063-T5, ceea ce ajut\u0103 LED-urile s\u0103 dureze mai mult \u0219i s\u0103 se r\u0103ceasc\u0103 mai repede.<\/li>\n\n\n\n<li>Difuzorul din policarbonat opal face ca str\u0103lucirea LED-urilor s\u0103 fie mai pu\u021bin dur\u0103 \u0219i ascunde punctele LED.<\/li>\n\n\n\n<li>Func\u021bioneaz\u0103 perfect cu benzile LED de 15mm l\u0103\u021bime pentru a oferi o lumin\u0103 larg\u0103 \u0219i uniform\u0103.<\/li>\n\n\n\n<li>Vine cu clipuri \u0219i capace de cap\u0103t pentru o instalare u\u0219oar\u0103.<\/li>\n<\/ul>\n<\/div>\n<\/div><\/div>\n\n\n\n<div class=\"wp-block-group is-vertical is-layout-flex wp-container-core-group-is-layout-d255d7c4 wp-block-group-is-layout-flex\" style=\"padding-top:var(--wp--preset--spacing--80);padding-bottom:var(--wp--preset--spacing--80)\">\n<hr class=\"wp-block-separator has-alpha-channel-opacity\"\/>\n\n\n\n<div class=\"wp-block-media-text has-media-on-the-right is-stacked-on-mobile\" style=\"grid-template-columns:auto 40%\"><div class=\"wp-block-media-text__content\">\n<h2 class=\"wp-block-heading\" style=\"padding-top:var(--wp--preset--spacing--40);padding-bottom:var(--wp--preset--spacing--40);font-size:25px;font-style:normal;font-weight:600;text-transform:capitalize\">Instalare u\u0219oar\u0103<\/h2>\n\n\n\n<ul class=\"wp-block-list\">\n<li>Pentru o montare pe suprafa\u021b\u0103 sigur\u0103, utiliza\u021bi clipurile de montare care vin cu acesta.<\/li>\n\n\n\n<li>In addition, you may also put the profile into drywall so that it doesn&#8217;t show.<\/li>\n\n\n\n<li>Pute\u021bi t\u0103ia cu u\u0219urin\u021b\u0103 canalul la lungimea dorit\u0103 pe loc.<\/li>\n\n\n\n<li>Pentru a finaliza rapid, clipa\u021bi difuzorul.<\/li>\n<\/ul>\n<\/div><figure class=\"wp-block-media-text__media\"><img loading=\"lazy\" decoding=\"async\" width=\"500\" height=\"500\" src=\"https:\/\/tangooled.com\/wp-content\/uploads\/2026\/01\/lp20a-ins.webp\" alt=\"led curved diffuser aluminum channel 19x23mm for 15mm strips\" class=\"wp-image-48326 size-full\" srcset=\"https:\/\/tangooled.com\/wp-content\/uploads\/2026\/01\/lp20a-ins.webp 500w, https:\/\/tangooled.com\/wp-content\/uploads\/2026\/01\/lp20a-ins-300x300.webp 300w, https:\/\/tangooled.com\/wp-content\/uploads\/2026\/01\/lp20a-ins-150x150.webp 150w\" sizes=\"auto, (max-width: 500px) 100vw, 500px\" \/><\/figure><\/div>\n<\/div>\n\n\n\n<div class=\"wp-block-group has-background\" style=\"background-color:#f1f1f1f2;padding-top:var(--wp--preset--spacing--80);padding-bottom:var(--wp--preset--spacing--80)\"><div class=\"wp-block-group__inner-container is-layout-constrained wp-block-group-is-layout-constrained\">\n<h2 class=\"wp-block-heading\" style=\"padding-top:var(--wp--preset--spacing--40);padding-bottom:var(--wp--preset--spacing--40);font-size:25px;font-style:normal;font-weight:600;text-transform:capitalize\">unde poate fi folosit acest produs?<\/h2>\n\n\n\n<ul class=\"wp-block-list\">\n<li>Sub dulapuri: Un design elegant \u0219i o lumin\u0103 de lucru str\u0103lucitoare.<\/li>\n\n\n\n<li>Dulapuri \u0219i dressing-uri: Lumini str\u0103lucitoare pentru rafturi, u\u0219or de instalat.<\/li>\n\n\n\n<li>F\u00e2\u0219ii de lumin\u0103 curate \u0219i str\u0103lucitoare pentru magazine \u0219i birouri pe pere\u021bi \u0219i tavane.<\/li>\n\n\n\n<li>Vitrine: Folosi\u021bi o lumin\u0103 moale \u0219i uniform\u0103 pentru a eviden\u021bia articolele.<\/li>\n\n\n\n<li>Iluminat de tip cove \u0219i accent: Eviden\u021bia\u021bi caracteristicile arhitecturale.<\/li>\n<\/ul>\n<\/div><\/div>\n\n\n\n<div class=\"wp-block-group is-vertical is-layout-flex wp-container-core-group-is-layout-d255d7c4 wp-block-group-is-layout-flex\" style=\"padding-top:var(--wp--preset--spacing--80);padding-bottom:var(--wp--preset--spacing--80)\">\n<h2 class=\"wp-block-heading\" style=\"padding-top:var(--wp--preset--spacing--40);padding-bottom:var(--wp--preset--spacing--40);font-size:25px;font-style:normal;font-weight:600;text-transform:capitalize\">Produse conexe de luat \u00een considerare<\/h2>\n\n\n\n<ul class=\"wp-block-list\">\n<li><a href=\"https:\/\/tangooled.com\/ro\/produs\/22x10mm-led-profile-light-channel-for-15mm-flexible-led-strips\/\"><mark style=\"background-color:rgba(0, 0, 0, 0)\" class=\"has-inline-color has-vivid-red-color\">Canal de lumin\u0103 LED 22x10mm pentru benzi LED flexibile de 15mm<\/mark><\/a> pentru o potrivire de alt\u0103 dimensiune.<\/li>\n\n\n\n<li><a href=\"https:\/\/tangooled.com\/ro\/produs\/aluminum-u-channel-with-curved-led-diffuser-inner-16mm\/\"><mark style=\"background-color:rgba(0, 0, 0, 0)\" class=\"has-inline-color has-vivid-red-color\">Canal u din aluminiu cu difuzor LED curbat interior 16mm<\/mark><\/a> pentru benzi LED mai mici.<\/li>\n\n\n\n<li><a href=\"https:\/\/tangooled.com\/ro\/produs\/25mm-u-shape-led-mounting-channel-for-15mm-double-row-led-strip-lights\/\"><mark style=\"background-color:rgba(0, 0, 0, 0)\" class=\"has-inline-color has-vivid-red-color\">Canal de montare LED \u00een form\u0103 de U de 25mm pentru benzi LED cu dou\u0103 r\u00e2nduri de 15mm <\/mark><\/a>pentru configura\u021bia LED cu dou\u0103 r\u00e2nduri.<\/li>\n<\/ul>\n<\/div>\n\n\n\n<p><\/p>","protected":false},"featured_media":14107,"template":"","meta":{"_acf_changed":true,"_seopress_robots_primary_cat":"none","_seopress_titles_title":"LED Curved Diffuser Aluminum Channel 19x23mm LP20A | TANGOOLED","_seopress_titles_desc":"Source this 19x23mm LED curved diffuser aluminum channel. Specially made for 15mm LED strips to ensure optimal heat dissipation and smooth light output.","_seopress_robots_index":""},"pcb-width":[229],"product-cat":[192],"class_list":{"0":"post-47888","1":"product","2":"type-product","3":"status-publish","4":"has-post-thumbnail","6":"pcb-width-15-20mm","7":"product-cat-surface-led-profile"},"acf":[],"_links":{"self":[{"href":"https:\/\/tangooled.com\/ro\/wp-json\/wp\/v2\/product\/47888","targetHints":{"allow":["GET"]}}],"collection":[{"href":"https:\/\/tangooled.com\/ro\/wp-json\/wp\/v2\/product"}],"about":[{"href":"https:\/\/tangooled.com\/ro\/wp-json\/wp\/v2\/types\/product"}],"wp:featuredmedia":[{"embeddable":true,"href":"https:\/\/tangooled.com\/ro\/wp-json\/wp\/v2\/media\/14107"}],"wp:attachment":[{"href":"https:\/\/tangooled.com\/ro\/wp-json\/wp\/v2\/media?parent=47888"}],"wp:term":[{"taxonomy":"pcb-width","embeddable":true,"href":"https:\/\/tangooled.com\/ro\/wp-json\/wp\/v2\/pcb-width?post=47888"},{"taxonomy":"product-cat","embeddable":true,"href":"https:\/\/tangooled.com\/ro\/wp-json\/wp\/v2\/product-cat?post=47888"}],"curies":[{"name":"wp","href":"https:\/\/api.w.org\/{rel}","templated":true}]}}