{"id":47886,"date":"2026-01-13T02:00:37","date_gmt":"2026-01-13T10:00:37","guid":{"rendered":"https:\/\/tangooled.com\/?post_type=product&#038;p=47886"},"modified":"2026-01-29T22:05:52","modified_gmt":"2026-01-30T06:05:52","slug":"15x16mm-led-channel-with-half-round-diffuser-lp04","status":"publish","type":"product","link":"https:\/\/tangooled.com\/ro\/produs\/15x16mm-led-channel-with-half-round-diffuser-lp04\/","title":{"rendered":"canal LED de 15x16mm cu difuzor semicircular pentru benzi LED de 10mm"},"content":{"rendered":"<div class=\"wp-block-group is-vertical is-layout-flex wp-container-core-group-is-layout-d255d7c4 wp-block-group-is-layout-flex\" style=\"padding-top:var(--wp--preset--spacing--80);padding-bottom:var(--wp--preset--spacing--80)\">\n<p>Canalul LED de 15x16mm cu difuzor semirotund pentru benzi de 10mm este creat pentru a-\u021bi oferi lumin\u0103 uniform\u0103, str\u0103lucitoare \u0219i neted\u0103. Acest canal LED de 15x16mm face ca benzile tale de 10mm s\u0103 arate ca o iluminare curat\u0103 \u0219i profesional\u0103, cu un difuzor curbat care reduce reflec\u021biile. Se potrive\u0219te bine \u0219i protejeaz\u0103 benzile tale LED, l\u0103s\u00e2nd c\u0103ldura s\u0103 ias\u0103, astfel \u00eenc\u00e2t acestea s\u0103 dureze mai mult.<\/p>\n<\/div>\n\n\n\n<div class=\"wp-block-group has-background\" style=\"background-color:#f1f1f1;padding-top:var(--wp--preset--spacing--80);padding-bottom:var(--wp--preset--spacing--80)\"><div class=\"wp-block-group__inner-container is-layout-constrained wp-block-group-is-layout-constrained\">\n<div class=\"wp-block-group is-vertical is-layout-flex wp-container-core-group-is-layout-8cf370e7 wp-block-group-is-layout-flex\">\n<h2 class=\"wp-block-heading\" style=\"padding-top:var(--wp--preset--spacing--40);padding-bottom:var(--wp--preset--spacing--40);font-size:25px;font-style:normal;font-weight:600;text-transform:capitalize\">Prezentare general\u0103 a canalului LED de 15x16mm cu difuzor semirotund <\/h2>\n\n\n\n<ul class=\"wp-block-list\">\n<li>L\u0103\u021bimea interioar\u0103 este de 13.4mm, astfel c\u0103 se potrive\u0219te bine cu benzile LED de 10mm. Aceasta include benzile SMD 5050, 2835 \u0219i COB.<\/li>\n\n\n\n<li>Difuzor semirotund: Difuzorul nostru opal din policarbonat ofer\u0103 o lumin\u0103 moale, f\u0103r\u0103 puncte, care este excelent\u0103 pentru case \u0219i afaceri.<\/li>\n\n\n\n<li>This product is strong and won&#8217;t rust because it is made of 6063-T5 anodized aluminum alloy.<\/li>\n\n\n\n<li>Dimensiune mic\u0103: Are 16mm l\u0103\u021bime \u0219i 15mm \u00een\u0103l\u021bime pe exterior, astfel \u00eenc\u00e2t se \u00eencadreaz\u0103 \u00een spa\u021bii mici \u0219i economise\u0219te spa\u021biu.<\/li>\n\n\n\n<li>Kit complet: vine cu un canal, un obiectiv de difuzor, dou\u0103 cleme metalice de montare \u0219i dou\u0103 capace de cap\u0103t (una cu un orificiu pentru un fir).<\/li>\n<\/ul>\n<\/div>\n<\/div><\/div>\n\n\n\n<div class=\"wp-block-group is-vertical is-layout-flex wp-container-core-group-is-layout-d255d7c4 wp-block-group-is-layout-flex\" style=\"padding-top:var(--wp--preset--spacing--80);padding-bottom:var(--wp--preset--spacing--80)\">\n<hr class=\"wp-block-separator has-alpha-channel-opacity\"\/>\n\n\n\n<div class=\"wp-block-media-text has-media-on-the-right is-stacked-on-mobile\" style=\"grid-template-columns:auto 40%\"><div class=\"wp-block-media-text__content\">\n<h2 class=\"wp-block-heading\" style=\"padding-top:var(--wp--preset--spacing--40);padding-bottom:var(--wp--preset--spacing--40);font-size:25px;font-style:normal;font-weight:600;text-transform:capitalize\">Pa\u0219i pentru instalare<\/h2>\n\n\n\n<ul class=\"wp-block-list\">\n<li>Folose\u0219te \u0219uruburi pentru a ata\u0219a clemele metalice la suprafa\u021b\u0103.<\/li>\n\n\n\n<li>Pune banda ta LED de 10mm \u00een interiorul canalului din aluminiu.<\/li>\n\n\n\n<li>Asigur\u0103-te c\u0103 clemele de montare \u021bin canalul str\u00e2ns.<\/li>\n\n\n\n<li>\u00cempinge difuzorul semirotund pe canal pentru a ob\u021bine o lumin\u0103 moale \u0219i uniform\u0103.<\/li>\n\n\n\n<li>Pune capacele de cap\u0103t pentru a men\u021bine firele \u00een siguran\u021b\u0103 \u0219i a \u00eenchide capetele.<\/li>\n<\/ul>\n<\/div><figure class=\"wp-block-media-text__media\"><img loading=\"lazy\" decoding=\"async\" width=\"500\" height=\"500\" src=\"https:\/\/tangooled.com\/wp-content\/uploads\/2026\/01\/lp04-ins.webp\" alt=\"15x16mm led channel with half round diffuser for 10mm led strips\" class=\"wp-image-48325 size-full\" srcset=\"https:\/\/tangooled.com\/wp-content\/uploads\/2026\/01\/lp04-ins.webp 500w, https:\/\/tangooled.com\/wp-content\/uploads\/2026\/01\/lp04-ins-300x300.webp 300w, https:\/\/tangooled.com\/wp-content\/uploads\/2026\/01\/lp04-ins-150x150.webp 150w\" sizes=\"auto, (max-width: 500px) 100vw, 500px\" \/><\/figure><\/div>\n<\/div>\n\n\n\n<div class=\"wp-block-group has-background is-vertical is-layout-flex wp-container-core-group-is-layout-b429018a wp-block-group-is-layout-flex\" style=\"background-color:#f1f1f1f2;padding-top:var(--wp--preset--spacing--70);padding-bottom:var(--wp--preset--spacing--70)\">\n<h2 class=\"wp-block-heading\" style=\"padding-top:var(--wp--preset--spacing--40);padding-bottom:var(--wp--preset--spacing--40);font-size:25px;font-style:normal;font-weight:600\">Cele mai bune aplica\u021bii<\/h2>\n\n\n\n<ul class=\"wp-block-list\">\n<li>Bright lighting under the kitchen cabinets that doesn&#8217;t make the countertops shine.<\/li>\n\n\n\n<li>Store shelves\u2014use bright, focused light to make things stand out.<\/li>\n\n\n\n<li>Architectural details\u2014indirect lighting for modern cove and wall designs.<\/li>\n\n\n\n<li>Dulapuri \u0219i dressinguri: iluminare curat\u0103, uniform\u0103 \u00een interiorul mobilierului.<\/li>\n\n\n\n<li>Incinte de expunere sunt cazuri elegante \u0219i sigure pentru benzi LED care sunt u\u0219or de deteriorat.<\/li>\n<\/ul>\n<\/div>\n\n\n\n<div class=\"wp-block-group is-vertical is-layout-flex wp-container-core-group-is-layout-d255d7c4 wp-block-group-is-layout-flex\" style=\"padding-top:var(--wp--preset--spacing--80);padding-bottom:var(--wp--preset--spacing--80)\">\n<h2 class=\"wp-block-heading\" style=\"padding-top:var(--wp--preset--spacing--40);padding-bottom:var(--wp--preset--spacing--40);font-size:25px;font-style:normal;font-weight:600;text-transform:capitalize\">Produse conexe<\/h2>\n\n\n\n<ul class=\"wp-block-list\">\n<li>Verific\u0103 <a href=\"https:\/\/tangooled.com\/ro\/produs\/black-led-profile-with-black-diffuser-for-10mm-led-strip-light\/\"><mark style=\"background-color:rgba(0, 0, 0, 0)\" class=\"has-inline-color has-vivid-red-color\">Profil LED negru cu difuzor negru pentru iluminarea benzilor LED de 10mm<\/mark><\/a> pentru o op\u021biune de finisare neagr\u0103 elegant\u0103.<\/li>\n\n\n\n<li>\u00cencearc\u0103 <a href=\"https:\/\/tangooled.com\/ro\/produs\/surface-mount-led-profile-with-frosted-diffuser-for-10mm-rope-lights\/\"><mark style=\"background-color:rgba(0, 0, 0, 0)\" class=\"has-inline-color has-vivid-red-color\">Profil LED de montare pe suprafa\u021b\u0103 cu difuzor frosted pentru lumini de sfoar\u0103 de 10mm<\/mark><\/a> pentru configura\u021bii flexibile de lumini de sfoar\u0103.<\/li>\n\n\n\n<li>Pentru nevoi mai sub\u021biri, vezi <a href=\"https:\/\/tangooled.com\/ro\/produs\/led-light-diffuser-channel-aluminum-15x12mm-for-10mm-led-strips\/\"><mark style=\"background-color:rgba(0, 0, 0, 0)\" class=\"has-inline-color has-vivid-red-color\">Canal de difuzor de lumin\u0103 LED din aluminiu 15x12mm pentru benzi LED de 10mm<\/mark><\/a>.<\/li>\n\n\n\n<li>Exploreaz\u0103 <a href=\"https:\/\/tangooled.com\/ro\/produs\/aluminum-led-strip-extrusion-diffuser-channel-for-5050-double-row-led-strip\/\"><mark style=\"background-color:rgba(0, 0, 0, 0)\" class=\"has-inline-color has-vivid-red-color\">Canal de extrudare pentru benzi LED din aluminiu pentru banda LED 5050 cu dou\u0103 r\u00e2nduri<\/mark><\/a> pentru compatibilitate cu LED-uri pe dou\u0103 r\u00e2nduri.<\/li>\n<\/ul>\n\n\n\n<p>Dac\u0103 vrei o iluminare LED ordonat\u0103, robust\u0103 \u0219i uniform\u0103, care este u\u0219or de instalat, acest canal LED de 15x16mm cu difuzor semirotund pentru benzile LED de 10mm este o alegere minunat\u0103. Difuzorul semirotund \u0219i structura \u00eembun\u0103t\u0103\u021bit\u0103 creeaz\u0103 efecte de iluminare excelente \u00een buc\u0103t\u0103rii, magazine, mobilier \u0219i altele.<\/p>\n<\/div>\n\n\n\n<p><\/p>","protected":false},"featured_media":14104,"template":"","meta":{"_acf_changed":true,"_seopress_robots_primary_cat":"none","_seopress_titles_title":"15x16mm LED Channel with Half Round Diffuser LP04 | TANGOOLED","_seopress_titles_desc":"Source the 15x16mm LED channel. Features a unique half round diffuser for 10mm LED strips, providing professional heat dissipation and a sleek look.","_seopress_robots_index":""},"pcb-width":[229],"product-cat":[192],"class_list":{"0":"post-47886","1":"product","2":"type-product","3":"status-publish","4":"has-post-thumbnail","6":"pcb-width-15-20mm","7":"product-cat-surface-led-profile"},"acf":[],"_links":{"self":[{"href":"https:\/\/tangooled.com\/ro\/wp-json\/wp\/v2\/product\/47886","targetHints":{"allow":["GET"]}}],"collection":[{"href":"https:\/\/tangooled.com\/ro\/wp-json\/wp\/v2\/product"}],"about":[{"href":"https:\/\/tangooled.com\/ro\/wp-json\/wp\/v2\/types\/product"}],"wp:featuredmedia":[{"embeddable":true,"href":"https:\/\/tangooled.com\/ro\/wp-json\/wp\/v2\/media\/14104"}],"wp:attachment":[{"href":"https:\/\/tangooled.com\/ro\/wp-json\/wp\/v2\/media?parent=47886"}],"wp:term":[{"taxonomy":"pcb-width","embeddable":true,"href":"https:\/\/tangooled.com\/ro\/wp-json\/wp\/v2\/pcb-width?post=47886"},{"taxonomy":"product-cat","embeddable":true,"href":"https:\/\/tangooled.com\/ro\/wp-json\/wp\/v2\/product-cat?post=47886"}],"curies":[{"name":"wp","href":"https:\/\/api.w.org\/{rel}","templated":true}]}}