{"id":47882,"date":"2026-01-13T01:55:44","date_gmt":"2026-01-13T09:55:44","guid":{"rendered":"https:\/\/tangooled.com\/?post_type=product&#038;p=47882"},"modified":"2026-01-21T23:31:24","modified_gmt":"2026-01-22T07:31:24","slug":"square-led-diffuser-channel-with-hidden-clips-for-surface-mount-lp03b","status":"publish","type":"product","link":"https:\/\/tangooled.com\/ro\/produs\/square-led-diffuser-channel-with-hidden-clips-for-surface-mount-lp03b\/","title":{"rendered":"canal cu difuzor LED p\u0103trat \u0219i clipsuri ascunse pentru montaj pe suprafa\u021b\u0103"},"content":{"rendered":"<div class=\"wp-block-group is-vertical is-layout-flex wp-container-core-group-is-layout-d255d7c4 wp-block-group-is-layout-flex\" style=\"padding-top:var(--wp--preset--spacing--80);padding-bottom:var(--wp--preset--spacing--80)\">\n<p>The LP03B is a square LED diffuser channel with hidden mounting clips that looks nice and doesn&#8217;t have any hardware visible. It has an inner width of 16.2 mm, which makes it easier to install LED strips that are high-density or double-row. The square diffuser spreads light evenly and softly, which makes it great for modern offices and store displays. The mounting clips that come with it make it easy to set up quickly by letting you attach it to a surface that covers the screws. It lights up a room stylishly and professionally when you use matching end caps.<\/p>\n<\/div>\n\n\n\n<div class=\"wp-block-group has-background\" style=\"background-color:#f1f1f1;padding-top:var(--wp--preset--spacing--80);padding-bottom:var(--wp--preset--spacing--80)\"><div class=\"wp-block-group__inner-container is-layout-constrained wp-block-group-is-layout-constrained\">\n<div class=\"wp-block-group is-vertical is-layout-flex wp-container-core-group-is-layout-8cf370e7 wp-block-group-is-layout-flex\">\n<h2 class=\"wp-block-heading\" style=\"padding-top:var(--wp--preset--spacing--40);padding-bottom:var(--wp--preset--spacing--40);font-size:25px;font-style:normal;font-weight:600;text-transform:capitalize\">De ce s\u0103 alegi canalul nostru p\u0103trat pentru difuzor LED cu clipsuri ascunse?<\/h2>\n\n\n\n<ul class=\"wp-block-list\">\n<li>Form\u0103 p\u0103trat\u0103 modern\u0103: Aluminiul p\u0103trat ofer\u0103 corpului de iluminat un aspect curat \u0219i nou.<\/li>\n\n\n\n<li>Clips that are hidden: Clips snap on and conceal behind the channel, so you can&#8217;t see any screws at all.<\/li>\n\n\n\n<li>Difuzor de lumin\u0103 suav: Capacitatea opal\u0103&nbsp;permeaz\u0103 lumina uniform. Nu exist\u0103 puncte str\u0103lucitoare sau pete.<\/li>\n\n\n\n<li>Rezistent \u0219i rece: Aluminiul anodizat 6063-T5 \u00ee\u021bi men\u021bine LED-urile r\u0103cite \u0219i \u00een siguran\u021b\u0103.<\/li>\n\n\n\n<li>U\u0219or de instalat: Designul montat pe suprafa\u021b\u0103 func\u021bioneaz\u0103 pe pere\u021bi, plafoane, dulapuri \u0219i rafturi.<\/li>\n\n\n\n<li>Set complet: Vine cu tot ce ai nevoie, cum ar fi un canal, difuzor, clipsuri \u0219i capace de \u00eencheiere.<\/li>\n<\/ul>\n<\/div>\n<\/div><\/div>\n\n\n\n<div class=\"wp-block-group is-vertical is-layout-flex wp-container-core-group-is-layout-d255d7c4 wp-block-group-is-layout-flex\" style=\"padding-top:var(--wp--preset--spacing--80);padding-bottom:var(--wp--preset--spacing--80)\">\n<hr class=\"wp-block-separator has-alpha-channel-opacity\"\/>\n\n\n\n<div class=\"wp-block-media-text has-media-on-the-right is-stacked-on-mobile\" style=\"grid-template-columns:auto 40%\"><div class=\"wp-block-media-text__content\">\n<h2 class=\"wp-block-heading\" style=\"padding-top:var(--wp--preset--spacing--40);padding-bottom:var(--wp--preset--spacing--40);font-size:25px;font-style:normal;font-weight:600;text-transform:capitalize\">Cum func\u021bioneaz\u0103 canalul nostru p\u0103trat pentru difuzor LED<\/h2>\n\n\n\n<ul class=\"wp-block-list\">\n<li>Clipsuri de montare ascunse: Folose\u0219te \u0219uruburi pentru a fixa clipsurile ascunse pe suprafa\u021b\u0103 (lemn, perete, tavan).<\/li>\n\n\n\n<li>Pune canalul: Fixeaz\u0103 canalul p\u0103trat pentru difuzor LED peste clipsuri.<\/li>\n\n\n\n<li>Adaug\u0103 banda LED: Plaseaz\u0103 banda ta LED \u00een canal.<\/li>\n\n\n\n<li>Fixeaz\u0103 difuzorul: Apas\u0103 pe capacul opal pentru a permite luminii s\u0103 se \u00eempr\u0103\u0219tie.<\/li>\n\n\n\n<li>Acoper\u0103 capetele: Pentru a finaliza aspectul \u0219i a proteja cablajul, monteaz\u0103 capacele de \u00eencheiere.<\/li>\n<\/ul>\n<\/div><figure class=\"wp-block-media-text__media\"><img loading=\"lazy\" decoding=\"async\" width=\"500\" height=\"500\" src=\"https:\/\/tangooled.com\/wp-content\/uploads\/2026\/01\/lp03b-ins.webp\" alt=\"square led diffuser channel with hidden mounting clips for surface mounting\" class=\"wp-image-48316 size-full\" srcset=\"https:\/\/tangooled.com\/wp-content\/uploads\/2026\/01\/lp03b-ins.webp 500w, https:\/\/tangooled.com\/wp-content\/uploads\/2026\/01\/lp03b-ins-300x300.webp 300w, https:\/\/tangooled.com\/wp-content\/uploads\/2026\/01\/lp03b-ins-150x150.webp 150w\" sizes=\"auto, (max-width: 500px) 100vw, 500px\" \/><\/figure><\/div>\n<\/div>\n\n\n\n<div class=\"wp-block-group has-background is-vertical is-layout-flex wp-container-core-group-is-layout-b429018a wp-block-group-is-layout-flex\" style=\"background-color:#f1f1f1f2;padding-top:var(--wp--preset--spacing--70);padding-bottom:var(--wp--preset--spacing--70)\">\n<h2 class=\"wp-block-heading\" style=\"padding-top:var(--wp--preset--spacing--40);padding-bottom:var(--wp--preset--spacing--40);font-size:25px;font-style:normal;font-weight:600;text-transform:capitalize\">Unde s\u0103 folose\u0219ti canalul LED cu clipsuri ascunse<\/h2>\n\n\n\n<ul class=\"wp-block-list\">\n<li>Adaug\u0103 o lumin\u0103 de lucru str\u0103lucitoare \u0219i curat\u0103 \u00een buc\u0103t\u0103rie \u0219i sub dulapuri.<\/li>\n\n\n\n<li>Rafturi \u0219i vitrine \u00een magazine: Folose\u0219te linii curate pentru a face produsele tale s\u0103 ias\u0103 \u00een eviden\u021b\u0103.<\/li>\n\n\n\n<li>Birou \u0219i spa\u021biu de lucru: Lumin\u0103 ambiental\u0103 suav\u0103 pentru a reduce str\u0103lucirea.<\/li>\n\n\n\n<li>Accente moderne \u0219i iluminare de tip cove pe pere\u021bi \u0219i plafoane.<\/li>\n\n\n\n<li>Dulapuri \u0219i dressing-uri: lumin\u0103 ordonat\u0103, ascuns\u0103 \u00een interiorul spa\u021biilor \u00eenchise.<\/li>\n<\/ul>\n<\/div>\n\n\n\n<div class=\"wp-block-group is-vertical is-layout-flex wp-container-core-group-is-layout-d255d7c4 wp-block-group-is-layout-flex\" style=\"padding-top:var(--wp--preset--spacing--80);padding-bottom:var(--wp--preset--spacing--80)\">\n<h2 class=\"wp-block-heading\" style=\"padding-top:var(--wp--preset--spacing--40);padding-bottom:var(--wp--preset--spacing--40);font-size:25px;font-style:normal;font-weight:600;text-transform:capitalize\">Produse asociate pe care s-ar putea s\u0103 le plac\u0103<\/h2>\n\n\n\n<ul class=\"wp-block-list\">\n<li>Verifica\u021bi <a href=\"https:\/\/tangooled.com\/ro\/produs\/black-led-diffuser-aluminum-channel-for-12mm-tape-lights\/\"><mark style=\"background-color:rgba(0, 0, 0, 0)\" class=\"has-inline-color has-vivid-red-color\">canal din aluminiu cu difuzor LED negru pentru benzi de lumin\u0103 de 12 mm<\/mark><\/a> pentru o finisare mai \u00eentunecat\u0103.<\/li>\n\n\n\n<li>Pentru setup-uri cu profil redus, \u00eencearc\u0103 <a href=\"https:\/\/tangooled.com\/ro\/produs\/25x6mm-low-profile-led-strip-channel-for-10mm-led-strip-light\/\"><mark style=\"background-color:rgba(0, 0, 0, 0)\" class=\"has-inline-color has-vivid-red-color\">canal LED cu profil redus de 25x6mm pentru banda LED de 10mm<\/mark><\/a>.<\/li>\n\n\n\n<li>Ai nevoie de o op\u021biune sub\u021bire, montat\u0103 pe suprafa\u021b\u0103? Vezi <a href=\"https:\/\/tangooled.com\/ro\/produs\/18x9mm-led-tape-light-profile-for-surface-installation\/\"><mark style=\"background-color:rgba(0, 0, 0, 0)\" class=\"has-inline-color has-vivid-red-color\">profil LED pentru band\u0103 de lumin\u0103 de 18x9mm pentru instalare pe suprafa\u021b\u0103<\/mark><\/a>.<\/li>\n\n\n\n<li>Pentru un aspect frosted pe benzile de lumin\u0103, \u00eencearc\u0103 <a href=\"https:\/\/tangooled.com\/ro\/produs\/surface-mount-led-profile-with-frosted-diffuser-for-10mm-rope-lights\/\"><mark style=\"background-color:rgba(0, 0, 0, 0)\" class=\"has-inline-color has-vivid-red-color\">profilul LED montat pe suprafa\u021b\u0103 cu difuzor frosted pentru benzi de lumin\u0103 de 10 mm<\/mark><\/a>.<\/li>\n\n\n\n<li>Exploreaz\u0103<a href=\"https:\/\/tangooled.com\/ro\/produs\/square-led-diffuser-channel-with-hidden-mounting-clips-for-surface-mounting\/\"><mark style=\"background-color:rgba(0, 0, 0, 0)\" class=\"has-inline-color has-vivid-red-color\"> canalul p\u0103trat pentru difuzor LED cu clipsuri ascunse pentru montare pe suprafa\u021b\u0103<\/mark><\/a> pentru specifica\u021bii exacte \u0219i achizi\u021bionare.<\/li>\n<\/ul>\n<\/div>\n\n\n\n<div class=\"wp-block-group has-background is-vertical is-layout-flex wp-container-core-group-is-layout-b429018a wp-block-group-is-layout-flex\" style=\"background-color:#f1f1f1f2;padding-top:var(--wp--preset--spacing--70);padding-bottom:var(--wp--preset--spacing--70)\">\n<h2 class=\"wp-block-heading\" style=\"padding-top:var(--wp--preset--spacing--40);padding-bottom:var(--wp--preset--spacing--40);font-size:25px;font-style:normal;font-weight:600\">Rezumat<\/h2>\n\n\n\n<p style=\"padding-right:var(--wp--preset--spacing--50);padding-left:var(--wp--preset--spacing--50)\">Canalul p\u0103trat pentru difuzor LED cu clipsuri ascunse este o alegere inteligent\u0103&nbsp;pentru un iluminat care arat\u0103 bine, este rezistent \u0219i u\u0219or de utilizat. Se potrive\u0219te cu multe benzi LED, oferind o iluminare constant\u0103 f\u0103r\u0103 puncte \u0219i ascunz\u00e2nd cablajul pentru un aspect de calitate superioar\u0103. Are o form\u0103 p\u0103trat\u0103 elegant\u0103 \u0219i este u\u0219or de montat pe orice suprafa\u021b\u0103, f\u0103c\u00e2ndu-l perfect pentru orice proiect de acas\u0103, birou sau magazin.<\/p>\n<\/div>\n\n\n\n<p><\/p>","protected":false},"featured_media":14100,"template":"","meta":{"_acf_changed":true,"_seopress_robots_primary_cat":"none","_seopress_titles_title":"Square LED Diffuser Channel with Hidden Clips LP03B | TANGOOLED","_seopress_titles_desc":"Source the square LED diffuser channel. Featuring hidden clips for a clean surface mount finish without visible brackets.","_seopress_robots_index":""},"pcb-width":[229],"product-cat":[192],"class_list":{"0":"post-47882","1":"product","2":"type-product","3":"status-publish","4":"has-post-thumbnail","6":"pcb-width-15-20mm","7":"product-cat-surface-led-profile"},"acf":[],"_links":{"self":[{"href":"https:\/\/tangooled.com\/ro\/wp-json\/wp\/v2\/product\/47882","targetHints":{"allow":["GET"]}}],"collection":[{"href":"https:\/\/tangooled.com\/ro\/wp-json\/wp\/v2\/product"}],"about":[{"href":"https:\/\/tangooled.com\/ro\/wp-json\/wp\/v2\/types\/product"}],"wp:featuredmedia":[{"embeddable":true,"href":"https:\/\/tangooled.com\/ro\/wp-json\/wp\/v2\/media\/14100"}],"wp:attachment":[{"href":"https:\/\/tangooled.com\/ro\/wp-json\/wp\/v2\/media?parent=47882"}],"wp:term":[{"taxonomy":"pcb-width","embeddable":true,"href":"https:\/\/tangooled.com\/ro\/wp-json\/wp\/v2\/pcb-width?post=47882"},{"taxonomy":"product-cat","embeddable":true,"href":"https:\/\/tangooled.com\/ro\/wp-json\/wp\/v2\/product-cat?post=47882"}],"curies":[{"name":"wp","href":"https:\/\/api.w.org\/{rel}","templated":true}]}}