{"id":47879,"date":"2026-01-13T01:55:17","date_gmt":"2026-01-13T09:55:17","guid":{"rendered":"https:\/\/tangooled.com\/?post_type=product&#038;p=47879"},"modified":"2026-01-21T23:32:08","modified_gmt":"2026-01-22T07:32:08","slug":"aluminum-led-extrusion-for-5050-double-row-strips-lp03a","status":"publish","type":"product","link":"https:\/\/tangooled.com\/ro\/produs\/aluminum-led-extrusion-for-5050-double-row-strips-lp03a\/","title":{"rendered":"canal de difuzor din aluminiu pentru bande de 5050 cu dou\u0103 r\u00e2nduri"},"content":{"rendered":"<div class=\"wp-block-group is-vertical is-layout-flex wp-container-core-group-is-layout-d255d7c4 wp-block-group-is-layout-flex\" style=\"padding-top:var(--wp--preset--spacing--80);padding-bottom:var(--wp--preset--spacing--80)\">\n<p>Our LP03A is a high-quality aluminum LED extrusion for\u00a05050 strips of double rows. This diffuser channel has 16.2mm inner width\u00a0made to hold wider or high-density strips and let heat escape easily, which makes LEDs last longer. The curved diffuser of high quality makes sure that the glow is smooth and has no spots. The channel comes with clips and end caps that make it quick and easy to put up. This channel is great for lighting up your home, office, or store.<\/p>\n<\/div>\n\n\n\n<div class=\"wp-block-group has-background\" style=\"background-color:#f1f1f1;padding-top:var(--wp--preset--spacing--80);padding-bottom:var(--wp--preset--spacing--80)\"><div class=\"wp-block-group__inner-container is-layout-constrained wp-block-group-is-layout-constrained\">\n<div class=\"wp-block-group is-vertical is-layout-flex wp-container-core-group-is-layout-8cf370e7 wp-block-group-is-layout-flex\">\n<h2 class=\"wp-block-heading\" style=\"padding-top:var(--wp--preset--spacing--40);padding-bottom:var(--wp--preset--spacing--40);font-size:25px;font-style:normal;font-weight:600;text-transform:capitalize\">De ce s\u0103 alegem extrudarea noastr\u0103 de aluminiu LED pentru benzi 5050?<\/h2>\n\n\n\n<ul class=\"wp-block-list\">\n<li>Aluminiu puternic \u0219i u\u0219or: Este realizat din aliaj de aluminiu 6063-T5. \u00cempiedic\u0103 LED-urile s\u0103 se supra\u00eenc\u0103lzeasc\u0103.<\/li>\n\n\n\n<li>Difuzorul din policarbonat opal ajut\u0103 la ascunderea punctelor de la LED-uri, oferindu-v\u0103 o iluminare uniform\u0103 \u0219i f\u0103r\u0103 puncte.<\/li>\n\n\n\n<li>Se potrive\u0219te cu multe dimensiuni diferite: Func\u021bioneaz\u0103 cu benzi LED 5050 cu r\u00e2nd dublu \u0219i cu alte benzi late precum 2835 \u0219i RGBW.<\/li>\n\n\n\n<li>Simplu de utilizat: Vine cu capace de cap\u0103t \u0219i clipuri de montare pentru o instalare simpl\u0103.<\/li>\n\n\n\n<li>Arat\u0103 neat: Finisajul curat, argintiu, se potrive\u0219te bine cu interioarele moderne.<\/li>\n<\/ul>\n<\/div>\n<\/div><\/div>\n\n\n\n<div class=\"wp-block-group is-vertical is-layout-flex wp-container-core-group-is-layout-d255d7c4 wp-block-group-is-layout-flex\" style=\"padding-top:var(--wp--preset--spacing--80);padding-bottom:var(--wp--preset--spacing--80)\">\n<hr class=\"wp-block-separator has-alpha-channel-opacity\"\/>\n\n\n\n<div class=\"wp-block-media-text has-media-on-the-right is-stacked-on-mobile\" style=\"grid-template-columns:auto 40%\"><div class=\"wp-block-media-text__content\">\n<h2 class=\"wp-block-heading\" style=\"padding-top:var(--wp--preset--spacing--40);padding-bottom:var(--wp--preset--spacing--40);font-size:25px;font-style:normal;font-weight:600;text-transform:capitalize\">Sfaturi pentru o instalare u\u0219oar\u0103 \u0219i sigur\u0103<\/h2>\n\n\n\n<ul class=\"wp-block-list\">\n<li>Verifica\u021bi dimensiunea canalului \u0219i m\u0103sura\u021bi banda LED.<\/li>\n\n\n\n<li>Ata\u0219a\u021bi clipurile de montare pe suprafa\u021b\u0103.<\/li>\n\n\n\n<li>\u00cembina\u021bi canalul din aluminiu \u00een clipsuri.<\/li>\n\n\n\n<li>Plasa\u021bi banda LED \u00een canal.<\/li>\n\n\n\n<li>\u00cembina\u021bi capacul deasupra difuzorului.<\/li>\n\n\n\n<li>Pune\u021bi capacele de cap\u0103t pentru a \u00eembun\u0103t\u0103\u021bi aspectul cablurilor.<\/li>\n<\/ul>\n<\/div><figure class=\"wp-block-media-text__media\"><img loading=\"lazy\" decoding=\"async\" width=\"500\" height=\"500\" src=\"https:\/\/tangooled.com\/wp-content\/uploads\/2026\/01\/lp03a-ins.webp\" alt=\"aluminum led strip extrusion diffuser channel for 5050 double row led strip\" class=\"wp-image-48307 size-full\" srcset=\"https:\/\/tangooled.com\/wp-content\/uploads\/2026\/01\/lp03a-ins.webp 500w, https:\/\/tangooled.com\/wp-content\/uploads\/2026\/01\/lp03a-ins-300x300.webp 300w, https:\/\/tangooled.com\/wp-content\/uploads\/2026\/01\/lp03a-ins-150x150.webp 150w\" sizes=\"auto, (max-width: 500px) 100vw, 500px\" \/><\/figure><\/div>\n<\/div>\n\n\n\n<div class=\"wp-block-group has-background is-vertical is-layout-flex wp-container-core-group-is-layout-b429018a wp-block-group-is-layout-flex\" style=\"background-color:#f1f1f1f2;padding-top:var(--wp--preset--spacing--70);padding-bottom:var(--wp--preset--spacing--70)\">\n<h2 class=\"wp-block-heading\" style=\"padding-top:var(--wp--preset--spacing--40);padding-bottom:var(--wp--preset--spacing--40);font-size:25px;font-style:normal;font-weight:600\">Unde s\u0103 folosi\u021bi: Aplica\u021bii variate<\/h2>\n\n\n\n<ul class=\"wp-block-list\">\n<li>Pentru iluminare puternic\u0103 sub mobila din buc\u0103t\u0103rie<\/li>\n\n\n\n<li>Iluminare pentru biblioteci \u0219i dulapuri pentru a face lucrurile clare \u0219i luminoase<\/li>\n\n\n\n<li>Luminile de covor \u0219i plafon pentru un aspect uniform \u0219i atractiv<\/li>\n\n\n\n<li>Iluminare pentru display-urile de v\u00e2nzare cu am\u0103nuntul care scot \u00een eviden\u021b\u0103 cele mai bune produse<\/li>\n\n\n\n<li>Luminile pentru birouri \u0219i spa\u021bii de lucru care fac mediu de lucru luminos \u0219i uniform<\/li>\n<\/ul>\n<\/div>\n\n\n\n<div class=\"wp-block-group is-vertical is-layout-flex wp-container-core-group-is-layout-d255d7c4 wp-block-group-is-layout-flex\" style=\"padding-top:var(--wp--preset--spacing--80);padding-bottom:var(--wp--preset--spacing--80)\">\n<h2 class=\"wp-block-heading\" style=\"padding-top:var(--wp--preset--spacing--40);padding-bottom:var(--wp--preset--spacing--40);font-size:25px;font-style:normal;font-weight:600;text-transform:capitalize\">Rezumat<\/h2>\n\n\n\n<p>Extrudarea noastr\u0103 de aluminiu LED pentru banda LED 5050 cu r\u00e2nd dublu este cea mai bun\u0103 modalitate de a face ca luminile LED s\u0103 arate profesionist, s\u0103 str\u0103luceasc\u0103 puternic \u0219i uniform \u0219i s\u0103 dureze mult timp. Alege\u021bi kitul nostru pentru o instalare u\u0219oar\u0103, o protec\u021bie puternic\u0103 \u00eempotriva c\u0103ldurii \u0219i un aspect uimitor. Afla\u021bi mai multe despre diferitele tipuri de profile LED pe paginile noastre pentru <a href=\"https:\/\/tangooled.com\/ro\/produs\/black-aluminum-u-channel-profile-for-10mm-led-strips\/\"><mark style=\"background-color:rgba(0, 0, 0, 0)\" class=\"has-inline-color has-vivid-red-color\">profil canal U din aluminiu negru pentru benzi LED de 10mm<\/mark><\/a> \u0219i <a href=\"https:\/\/tangooled.com\/ro\/produs\/led-light-diffuser-channel-aluminum-15x12mm-for-10mm-led-strips\/\"><mark style=\"background-color:rgba(0, 0, 0, 0)\" class=\"has-inline-color has-vivid-red-color\">canal din aluminiu pentru difuzor de lumin\u0103 LED 15x12mm pentru benzi LED de 10mm<\/mark><\/a>.<\/p>\n<\/div>\n\n\n\n<p><\/p>","protected":false},"featured_media":14097,"template":"","meta":{"_acf_changed":true,"_seopress_robots_primary_cat":"none","_seopress_titles_title":"Aluminum LED Extrusion for 5050 Strips | LP03A | TANGOOLED","_seopress_titles_desc":"Source the aluminum LED extrusion. Specifically designed to accommodate 5050 double row LED strips with professional heat management.","_seopress_robots_index":""},"pcb-width":[229],"product-cat":[192],"class_list":{"0":"post-47879","1":"product","2":"type-product","3":"status-publish","4":"has-post-thumbnail","6":"pcb-width-15-20mm","7":"product-cat-surface-led-profile"},"acf":[],"_links":{"self":[{"href":"https:\/\/tangooled.com\/ro\/wp-json\/wp\/v2\/product\/47879","targetHints":{"allow":["GET"]}}],"collection":[{"href":"https:\/\/tangooled.com\/ro\/wp-json\/wp\/v2\/product"}],"about":[{"href":"https:\/\/tangooled.com\/ro\/wp-json\/wp\/v2\/types\/product"}],"wp:featuredmedia":[{"embeddable":true,"href":"https:\/\/tangooled.com\/ro\/wp-json\/wp\/v2\/media\/14097"}],"wp:attachment":[{"href":"https:\/\/tangooled.com\/ro\/wp-json\/wp\/v2\/media?parent=47879"}],"wp:term":[{"taxonomy":"pcb-width","embeddable":true,"href":"https:\/\/tangooled.com\/ro\/wp-json\/wp\/v2\/pcb-width?post=47879"},{"taxonomy":"product-cat","embeddable":true,"href":"https:\/\/tangooled.com\/ro\/wp-json\/wp\/v2\/product-cat?post=47879"}],"curies":[{"name":"wp","href":"https:\/\/api.w.org\/{rel}","templated":true}]}}