{"id":47877,"date":"2026-01-13T01:51:25","date_gmt":"2026-01-13T09:51:25","guid":{"rendered":"https:\/\/tangooled.com\/?post_type=product&#038;p=47877"},"modified":"2026-02-02T22:27:41","modified_gmt":"2026-02-03T06:27:41","slug":"aluminum-u-channel-with-square-led-diffuser-inner-16mm-lp02b","status":"publish","type":"product","link":"https:\/\/tangooled.com\/ro\/produs\/aluminum-u-channel-with-square-led-diffuser-inner-16mm-lp02b\/","title":{"rendered":"Canal U din aluminiu cu difuzor LED p\u0103trat interior 16mm LP02B"},"content":{"rendered":"<div class=\"wp-block-group is-vertical is-layout-flex wp-container-core-group-is-layout-d255d7c4 wp-block-group-is-layout-flex\" style=\"padding-top:var(--wp--preset--spacing--80);padding-bottom:var(--wp--preset--spacing--80)\">\n<p>Our u-shape aluminum channel with a square diffuser inner 16mm is a solid and reliable choice for your linear lighting projects. It features a broad inner width of 16.2 mm, which can hold LED strips that are up to 16 mm wide. It also includes a square diffuser, which spreads the light evenly and makes the channel look clean and modern. This profile comes with mounting clips and matching end caps that make it easy to put together in a professional way. Whether you&#8217;re a do-it-yourselfer or a pro, it makes homes, offices, or store displays look nice and finished.<\/p>\n<\/div>\n\n\n\n<div class=\"wp-block-group has-background\" style=\"background-color:#f1f1f1;padding-top:var(--wp--preset--spacing--80);padding-bottom:var(--wp--preset--spacing--80)\"><div class=\"wp-block-group__inner-container is-layout-constrained wp-block-group-is-layout-constrained\">\n<div class=\"wp-block-group is-vertical is-layout-flex wp-container-core-group-is-layout-8cf370e7 wp-block-group-is-layout-flex\">\n<h2 class=\"wp-block-heading\" style=\"padding-top:var(--wp--preset--spacing--40);padding-bottom:var(--wp--preset--spacing--40);font-size:25px;font-style:normal;font-weight:600;text-transform:capitalize\">De ce s\u0103 alege\u021bi canalul nostru din aluminiu \u00een form\u0103 de U cu difuzor p\u0103trat<\/h2>\n\n\n\n<ul class=\"wp-block-list\">\n<li>Fabricat din aluminiu anodizat 6063-T5, care este rezistent \u0219i dureaz\u0103 mult timp.<\/li>\n\n\n\n<li>Difuzorul s\u0103u p\u0103trat este construit din policarbonat opal&nbsp;\u0219i \u00eempr\u0103\u0219tie lumina uniform.<\/li>\n\n\n\n<li>L\u0103\u021bimea interioar\u0103 de 16 mm func\u021bioneaz\u0103 cu benzile LED mai late, inclusiv benzi cu dou\u0103 r\u00e2nduri sau benzi care pot fi ude.<\/li>\n\n\n\n<li>Func\u021bioneaz\u0103 ca un radiator de c\u0103ldur\u0103 pentru a men\u021bine LED-urile reci \u0219i pentru a le face s\u0103 dureze mai mult.<\/li>\n\n\n\n<li>Vine cu capace de cap\u0103t \u0219i clipsuri pentru montare, facilit\u00e2nd instalarea rapid\u0103 \u0219i u\u0219oar\u0103.<\/li>\n<\/ul>\n<\/div>\n<\/div><\/div>\n\n\n\n<div class=\"wp-block-group is-vertical is-layout-flex wp-container-core-group-is-layout-d255d7c4 wp-block-group-is-layout-flex\" style=\"padding-top:var(--wp--preset--spacing--80);padding-bottom:var(--wp--preset--spacing--80)\">\n<hr class=\"wp-block-separator has-alpha-channel-opacity\"\/>\n\n\n\n<div class=\"wp-block-media-text has-media-on-the-right is-stacked-on-mobile\" style=\"grid-template-columns:auto 40%\"><div class=\"wp-block-media-text__content\">\n<h2 class=\"wp-block-heading\" style=\"padding-top:var(--wp--preset--spacing--40);padding-bottom:var(--wp--preset--spacing--40);font-size:25px;font-style:normal;font-weight:600;text-transform:capitalize\">Cum s\u0103 instala\u021bi<\/h2>\n\n\n\n<ul class=\"wp-block-list\">\n<li>Ata\u0219a\u021bi clipsurile de montare pe suprafa\u021ba pe care dori\u021bi s\u0103 amplasa\u021bi lumina.<\/li>\n\n\n\n<li>\u00cembina\u021bi canalul din aluminiu \u00een clipsuri.<\/li>\n\n\n\n<li>Plasa\u021bi banda LED \u00een canal.<\/li>\n\n\n\n<li>Ap\u0103sa\u021bi capacul difuzorului p\u0103trat.<\/li>\n\n\n\n<li>Ad\u0103uga\u021bi capace de cap\u0103t la ambele capete pentru a p\u0103rea ordonat.<\/li>\n<\/ul>\n<\/div><figure class=\"wp-block-media-text__media\"><img loading=\"lazy\" decoding=\"async\" width=\"500\" height=\"500\" src=\"https:\/\/tangooled.com\/wp-content\/uploads\/2026\/01\/lp02b-ins.webp\" alt=\"u shape aluminum channel with square diffuser inner 16mm\" class=\"wp-image-48303 size-full\" srcset=\"https:\/\/tangooled.com\/wp-content\/uploads\/2026\/01\/lp02b-ins.webp 500w, https:\/\/tangooled.com\/wp-content\/uploads\/2026\/01\/lp02b-ins-300x300.webp 300w, https:\/\/tangooled.com\/wp-content\/uploads\/2026\/01\/lp02b-ins-150x150.webp 150w\" sizes=\"auto, (max-width: 500px) 100vw, 500px\" \/><\/figure><\/div>\n<\/div>\n\n\n\n<div class=\"wp-block-group has-background is-vertical is-layout-flex wp-container-core-group-is-layout-b429018a wp-block-group-is-layout-flex\" style=\"background-color:#f1f1f1f2;padding-top:var(--wp--preset--spacing--70);padding-bottom:var(--wp--preset--spacing--70)\">\n<h2 class=\"wp-block-heading\" style=\"padding-top:var(--wp--preset--spacing--40);padding-bottom:var(--wp--preset--spacing--40);font-size:25px;font-style:normal;font-weight:600;text-transform:capitalize\">Unde s\u0103 folosi\u021bi produsul<\/h2>\n\n\n\n<ul class=\"wp-block-list\">\n<li>Iluminat care merge sub dulapuri \u00een buc\u0103t\u0103rii sau birouri.<\/li>\n\n\n\n<li>Iluminat pentru pere\u021bi, plafoane sau rafturi de expunere \u00een cl\u0103diri.<\/li>\n\n\n\n<li>Iluminat pentru magazine pentru a face magazinele mai luminoase \u0219i pentru a scoate \u00een eviden\u021b\u0103 m\u0103rfurile.<\/li>\n\n\n\n<li>Iluminat pentru garaje \u0219i ateliere care pot suporta o utilizare intens\u0103.<\/li>\n\n\n\n<li>Crearea de corpuri de iluminat liniare unice pentru case sau birouri.<\/li>\n<\/ul>\n<\/div>\n\n\n\n<div class=\"wp-block-group is-vertical is-layout-flex wp-container-core-group-is-layout-d255d7c4 wp-block-group-is-layout-flex\" style=\"padding-top:var(--wp--preset--spacing--80);padding-bottom:var(--wp--preset--spacing--80)\">\n<h2 class=\"wp-block-heading\" style=\"padding-top:var(--wp--preset--spacing--40);padding-bottom:var(--wp--preset--spacing--40);font-size:25px;font-style:normal;font-weight:600;text-transform:capitalize\">Explora\u021bi Produse Asem\u0103n\u0103toare<\/h2>\n\n\n\n<ul class=\"wp-block-list\">\n<li>Pentru benzi mai mici, verifica\u021bi profilul nostru <a href=\"https:\/\/tangooled.com\/ro\/produs\/black-led-profile-with-black-diffuser-for-10mm-led-strip-light\/\"><mark style=\"background-color:rgba(0, 0, 0, 0)\" class=\"has-inline-color has-vivid-red-color\">profil LED negru cu difuzor negru pentru LED strip de 10mm<\/mark><\/a>.<\/li>\n\n\n\n<li>Ave\u021bi nevoie de un profil pentru lumini LED de 12mm? Vede\u021bi <a href=\"https:\/\/tangooled.com\/ro\/produs\/black-led-diffuser-aluminum-channel-for-12mm-tape-lights\/\"><mark style=\"background-color:rgba(0, 0, 0, 0)\" class=\"has-inline-color has-vivid-red-color\">canal din aluminiu cu difuzor LED negru pentru benzi de lumin\u0103 de 12 mm<\/mark><\/a>.<\/li>\n\n\n\n<li>Pentru o op\u021biune de profil mai mic, consulta\u021bi <a href=\"https:\/\/tangooled.com\/ro\/produs\/led-strip-light-channel-aluminum-profile-with-diffused-cover-6mm-height\/\"><mark style=\"background-color:rgba(0, 0, 0, 0)\" class=\"has-inline-color has-vivid-red-color\">Profil din aluminiu pentru benzi LED cu capac difuzor de 6mm \u00een\u0103l\u021bime<\/mark><\/a>.<\/li>\n<\/ul>\n<\/div>\n\n\n\n<p><\/p>","protected":false},"featured_media":14093,"template":"","meta":{"_acf_changed":true,"_seopress_robots_primary_cat":"none","_seopress_titles_title":"Aluminum U Channel with Square LED Diffuser Inner 16mm LP02B | TANGOOLED","_seopress_titles_desc":"Explore the LP02B aluminum U channel with a square LED diffuser. Designed with an inner 16mm width to accommodate various LED strips for a sleek, flat finish.","_seopress_robots_index":""},"pcb-width":[229],"product-cat":[192],"class_list":{"0":"post-47877","1":"product","2":"type-product","3":"status-publish","4":"has-post-thumbnail","6":"pcb-width-15-20mm","7":"product-cat-surface-led-profile"},"acf":[],"_links":{"self":[{"href":"https:\/\/tangooled.com\/ro\/wp-json\/wp\/v2\/product\/47877","targetHints":{"allow":["GET"]}}],"collection":[{"href":"https:\/\/tangooled.com\/ro\/wp-json\/wp\/v2\/product"}],"about":[{"href":"https:\/\/tangooled.com\/ro\/wp-json\/wp\/v2\/types\/product"}],"wp:featuredmedia":[{"embeddable":true,"href":"https:\/\/tangooled.com\/ro\/wp-json\/wp\/v2\/media\/14093"}],"wp:attachment":[{"href":"https:\/\/tangooled.com\/ro\/wp-json\/wp\/v2\/media?parent=47877"}],"wp:term":[{"taxonomy":"pcb-width","embeddable":true,"href":"https:\/\/tangooled.com\/ro\/wp-json\/wp\/v2\/pcb-width?post=47877"},{"taxonomy":"product-cat","embeddable":true,"href":"https:\/\/tangooled.com\/ro\/wp-json\/wp\/v2\/product-cat?post=47877"}],"curies":[{"name":"wp","href":"https:\/\/api.w.org\/{rel}","templated":true}]}}