{"id":46008,"date":"2026-01-07T19:29:36","date_gmt":"2026-01-08T03:29:36","guid":{"rendered":"https:\/\/tangooled.com\/?post_type=product&#038;p=46008"},"modified":"2026-01-29T02:23:04","modified_gmt":"2026-01-29T10:23:04","slug":"led-profile-under-cabinet-corner-lighting-for-led-strip-12mm","status":"publish","type":"product","link":"https:\/\/tangooled.com\/ro\/produs\/led-profile-under-cabinet-corner-lighting-for-led-strip-12mm\/","title":{"rendered":"profil LED pentru iluminatul col\u021bului sub dulap pentru band\u0103 LED de 12mm"},"content":{"rendered":"<div class=\"wp-block-group is-vertical is-layout-flex wp-container-core-group-is-layout-d255d7c4 wp-block-group-is-layout-flex\" style=\"padding-top:var(--wp--preset--spacing--80);padding-bottom:var(--wp--preset--spacing--80)\">\n<p>Ilumineaz\u0103-\u021bi spa\u021biul cu iluminare perfect\u0103 \u00een col\u021b! Profilul nostru LED pentru iluminare sub dulap este conceput s\u0103 se potriveasc\u0103 perfect \u00een unghiuri de 90 de grade, utiliz\u00e2nd cel mai bine spa\u021biul din col\u021b. Profilul are un design compact \u0219i triunghiular, av\u00e2nd 14.3mm \u00een\u0103l\u021bime \u0219i 29.1mm l\u0103\u021bime la baz\u0103, \u0219i se potrive\u0219te cu u\u0219urin\u021b\u0103 unei benzi LED de p\u00e2n\u0103 la 12mm.<br>Instalarea este simpl\u0103 \u0219i curat\u0103: canalul din aluminiu este montat pe suprafa\u021b\u0103 folosind suporturi cu clipsuri care sunt mai \u00eent\u00e2i fixate bine pe suprafa\u021b\u0103. Func\u021bioneaz\u0103 bine \u00een col\u021burile locului t\u0103u de munc\u0103, buc\u0103t\u0103rie sau dulap. Men\u021bine benzile \u00een siguran\u021b\u0103 \u0219i permite c\u0103ldurii s\u0103 scape u\u0219or. Spune adio petecelor \u00eentunecate \u0219i salut unei lumini netede, clare, care este exact orientat\u0103 pentru iluminarea concentrat\u0103 a activit\u0103\u021bilor acolo unde ai nevoie cel mai mult.<\/p>\n<\/div>\n\n\n\n<div class=\"wp-block-group has-background is-vertical is-layout-flex wp-container-core-group-is-layout-d255d7c4 wp-block-group-is-layout-flex\" style=\"background-color:#f1f1f1;padding-top:var(--wp--preset--spacing--80);padding-bottom:var(--wp--preset--spacing--80)\">\n<div class=\"wp-block-group is-vertical is-layout-flex wp-container-core-group-is-layout-8cf370e7 wp-block-group-is-layout-flex\">\n<h2 class=\"wp-block-heading\" style=\"padding-top:var(--wp--preset--spacing--40);padding-bottom:var(--wp--preset--spacing--40);font-size:25px;font-style:normal;font-weight:600;text-transform:capitalize\">De ce s\u0103 alegi profilul nostru de iluminare \u00een col\u021b?<\/h2>\n\n\n\n<ul class=\"wp-block-list\">\n<li>Fits 12mm LED strip lights easily\u2014no squeezing or bending.<\/li>\n\n\n\n<li>The unique V-shape design makes it the perfect corner light for 90\u00b0 angles.<\/li>\n\n\n\n<li>Fabricat din aluminiu de \u00eenalt\u0103 calitate pentru a men\u021bine benzile tale LED reci \u0219i pentru a dura mult timp.<\/li>\n\n\n\n<li>Dispune de un difuzor mat care \u00eempr\u0103\u0219tie lumina uniform \u0219i bl\u00e2nd, f\u0103r\u0103 puncte orbitoare.<\/li>\n\n\n\n<li>\u00ce\u0219i protejeaz\u0103 benzile LED de praf \u0219i deteriorare \u00een buc\u0103t\u0103rii \u0219i ateliere.<\/li>\n\n\n\n<li>Vine cu clipsuri \u0219i capace de cap\u0103t care fac asamblarea u\u0219oar\u0103.<\/li>\n<\/ul>\n<\/div>\n<\/div>\n\n\n\n<div class=\"wp-block-group is-vertical is-layout-flex wp-container-core-group-is-layout-d255d7c4 wp-block-group-is-layout-flex\" style=\"padding-top:var(--wp--preset--spacing--80);padding-bottom:var(--wp--preset--spacing--80)\">\n<hr class=\"wp-block-separator has-alpha-channel-opacity\"\/>\n\n\n\n<div class=\"wp-block-media-text has-media-on-the-right is-stacked-on-mobile\" style=\"grid-template-columns:auto 40%\"><div class=\"wp-block-media-text__content\">\n<h2 class=\"wp-block-heading\" style=\"padding-top:var(--wp--preset--spacing--40);padding-bottom:var(--wp--preset--spacing--40);font-size:25px;font-style:normal;font-weight:600;text-transform:capitalize\">Sfaturi pentru Instalare<\/h2>\n\n\n\n<ul class=\"wp-block-list\">\n<li>Folose\u0219te benzi LED de 12mm cu cel pu\u021bin 120 LED-uri pe metru pentru iluminarea cea mai uniform\u0103, f\u0103r\u0103 puncte.<\/li>\n\n\n\n<li>Ata\u0219eaz\u0103 clipsurile de montare \u00een col\u021bul dulapului, apoi fixeaz\u0103 profilul LED \u00een loc.<\/li>\n\n\n\n<li>Pune banda LED \u00een canal \u00eenainte de a monta difuzorul.<\/li>\n\n\n\n<li>Folose\u0219te capacele de cap\u0103t pentru a men\u021bine benzile \u00een siguran\u021b\u0103 \u0219i pentru a te asigura c\u0103 toate arat\u0103 bine.<\/li>\n\n\n\n<li>Dac\u0103 dore\u0219ti s\u0103 o folose\u0219ti \u00een medii umede, cum ar fi buc\u0103t\u0103riile, asigur\u0103-te c\u0103 folose\u0219ti benzile rezistente la ap\u0103.<\/li>\n<\/ul>\n<\/div><figure class=\"wp-block-media-text__media\"><img loading=\"lazy\" decoding=\"async\" width=\"500\" height=\"499\" src=\"https:\/\/tangooled.com\/wp-content\/uploads\/2026\/01\/cd02-installation.jpg\" alt=\"profil LED pentru iluminatul col\u021bului sub dulap pentru band\u0103 LED de 12mm\" class=\"wp-image-46020 size-full\" srcset=\"https:\/\/tangooled.com\/wp-content\/uploads\/2026\/01\/cd02-installation.jpg 500w, https:\/\/tangooled.com\/wp-content\/uploads\/2026\/01\/cd02-installation-300x300.jpg 300w, https:\/\/tangooled.com\/wp-content\/uploads\/2026\/01\/cd02-installation-150x150.jpg 150w\" sizes=\"auto, (max-width: 500px) 100vw, 500px\" \/><\/figure><\/div>\n<\/div>\n\n\n\n<div class=\"wp-block-group has-background is-vertical is-layout-flex wp-container-core-group-is-layout-b429018a wp-block-group-is-layout-flex\" style=\"background-color:#f1f1f1f2;padding-top:var(--wp--preset--spacing--70);padding-bottom:var(--wp--preset--spacing--70)\">\n<h2 class=\"wp-block-heading\" style=\"padding-top:var(--wp--preset--spacing--40);padding-bottom:var(--wp--preset--spacing--40);font-size:25px;font-style:normal;font-weight:600\">Cum s\u0103 folose\u0219ti acest profil LED<\/h2>\n\n\n\n<p>Profilul de iluminare \u00een col\u021b este excelent pentru iluminarea spa\u021biului de sub dulapuri \u0219i nu numai, \u00een multiple situa\u021bii:<\/p>\n\n\n\n<ul class=\"wp-block-list\">\n<li>Dulapuri de buc\u0103t\u0103rie: Pentru a face blaturile \u0219i suprafe\u021bele de lucru mai luminoase, folose\u0219te o lumin\u0103 neted\u0103 \u0219i unghiular\u0103.<\/li>\n\n\n\n<li>Dulapuri \u0219i dressinguri: G\u0103se\u0219te rapid \u0219i simplu hainele \u0219i alte obiecte, f\u0103r\u0103 umbre.<\/li>\n\n\n\n<li>Atelier \u0219i banc\u0103 de lucru: Po\u021bi vedea totul clar pe m\u0103sur\u0103 ce lucrezi.<\/li>\n\n\n\n<li>Folose\u0219te iluminare accentuat\u0103 str\u0103lucitoare \u0219i clar\u0103 pentru a eviden\u021bia produsele pe afi\u0219ajele de retail \u0219i rafturi.<\/li>\n<\/ul>\n<\/div>\n\n\n\n<div class=\"wp-block-group is-vertical is-layout-flex wp-container-core-group-is-layout-d255d7c4 wp-block-group-is-layout-flex\" style=\"padding-top:var(--wp--preset--spacing--80);padding-bottom:var(--wp--preset--spacing--80)\">\n<h2 class=\"wp-block-heading\" style=\"padding-top:var(--wp--preset--spacing--40);padding-bottom:var(--wp--preset--spacing--40);font-size:25px;font-style:normal;font-weight:600;text-transform:capitalize\">Aplica\u021bii profil LED montat pe suprafa\u021b\u0103<\/h2>\n\n\n\n<ul class=\"wp-block-list\">\n<li>Dulapuri de buc\u0103t\u0103rie: Pentru a face blaturile \u0219i suprafe\u021bele de lucru mai luminoase, folose\u0219te o lumin\u0103 neted\u0103 \u0219i unghiular\u0103.<\/li>\n\n\n\n<li>Dulapuri \u0219i dressinguri: G\u0103se\u0219te rapid \u0219i simplu hainele \u0219i alte obiecte, f\u0103r\u0103 umbre.<\/li>\n\n\n\n<li>Atelier \u0219i banc\u0103 de lucru: Po\u021bi vedea totul clar pe m\u0103sur\u0103 ce lucrezi.<\/li>\n\n\n\n<li>Folose\u0219te iluminare accentuat\u0103 str\u0103lucitoare \u0219i clar\u0103 pentru a eviden\u021bia produsele pe afi\u0219ajele de retail \u0219i rafturi.<\/li>\n<\/ul>\n<\/div>\n\n\n\n<div class=\"wp-block-group has-background is-vertical is-layout-flex wp-container-core-group-is-layout-b429018a wp-block-group-is-layout-flex\" style=\"background-color:#f1f1f1f2;padding-top:var(--wp--preset--spacing--70);padding-bottom:var(--wp--preset--spacing--70)\">\n<h2 class=\"wp-block-heading\" style=\"padding-top:var(--wp--preset--spacing--40);padding-bottom:var(--wp--preset--spacing--40);font-size:25px;font-style:normal;font-weight:600\">Produse conexe<\/h2>\n\n\n\n<ul class=\"wp-block-list\">\n<li>Exploreaz\u0103 <mark style=\"background-color:rgba(0, 0, 0, 0)\" class=\"has-inline-color has-vivid-red-color\"><a href=\"https:\/\/tangooled.com\/ro\/produs\/surface-mount-led-profile-with-frosted-diffuser-for-10mm-rope-lights\/\">profilul LED montat pe suprafa\u021b\u0103 cu difuzor frosted pentru benzi de lumin\u0103 de 10 mm<\/a><\/mark> pentru suprafe\u021be plate.<\/li>\n\n\n\n<li>Verifica\u021bi <a href=\"https:\/\/tangooled.com\/ro\/produs\/cabinet-led-strip-channel-with-diffuser-for-double-led-strips\/\"><mark style=\"background-color:rgba(0, 0, 0, 0)\" class=\"has-inline-color has-vivid-red-color\">canal LED pentru dulap cu difuzor pentru benzi LED duble<\/mark><\/a> pentru multiple r\u00e2nduri de lumin\u0103.<\/li>\n\n\n\n<li>G\u0103se\u0219te op\u021biuni sub\u021biri cu <mark style=\"background-color:rgba(0, 0, 0, 0)\" class=\"has-inline-color has-vivid-red-color\"><a href=\"https:\/\/tangooled.com\/ro\/produs\/25x6mm-low-profile-led-strip-channel-for-10mm-led-strip-light\/\">canal LED cu profil redus de 25x6mm pentru banda LED de 10mm<\/a><\/mark>.<\/li>\n<\/ul>\n<\/div>\n\n\n\n<div class=\"wp-block-group is-vertical is-layout-flex wp-container-core-group-is-layout-d255d7c4 wp-block-group-is-layout-flex\" style=\"padding-top:var(--wp--preset--spacing--80);padding-bottom:var(--wp--preset--spacing--80)\">\n<h2 class=\"wp-block-heading\" style=\"padding-top:var(--wp--preset--spacing--40);padding-bottom:var(--wp--preset--spacing--40);font-size:25px;font-style:normal;font-weight:600;text-transform:capitalize\">Aplica\u021bii profil LED montat pe suprafa\u021b\u0103<\/h2>\n\n\n\n<p>Profilul nostru LED pentru iluminare sub dulap permite generarea de iluminare sub dulap care este str\u0103lucitoare, clar\u0103 \u0219i neted\u0103, f\u0103r\u0103 pete \u00eentunecate sau margini aspre. Se potrive\u0219te perfect \u00een col\u021burile dulapurilor \u0219i men\u021bine canalul t\u0103u LED de 12mm \u00een pozi\u021bie. Adaug\u0103 acest profil de col\u021b ast\u0103zi pentru o instalare u\u0219oar\u0103 \u0219i iluminare de col\u021b durabil\u0103 \u0219i elegant\u0103 \u00een buc\u0103t\u0103rii, dulapuri, ateliere, rafturi de retail \u0219i nu numai.<\/p>\n<\/div>\n\n\n\n<p><\/p>","protected":false},"featured_media":14275,"template":"","meta":{"_acf_changed":true,"_seopress_robots_primary_cat":"none","_seopress_titles_title":"LED Profile for Under Cabinet Corner Lighting | TANGOOLED","_seopress_titles_desc":"Source the LED profile for under cabinet corner lighting. Specifically designed for 12mm strips to provide shadow-free illumination in kitchens & retail displays. T","_seopress_robots_index":""},"pcb-width":[229],"product-cat":[192],"class_list":{"0":"post-46008","1":"product","2":"type-product","3":"status-publish","4":"has-post-thumbnail","6":"pcb-width-15-20mm","7":"product-cat-surface-led-profile"},"acf":[],"_links":{"self":[{"href":"https:\/\/tangooled.com\/ro\/wp-json\/wp\/v2\/product\/46008","targetHints":{"allow":["GET"]}}],"collection":[{"href":"https:\/\/tangooled.com\/ro\/wp-json\/wp\/v2\/product"}],"about":[{"href":"https:\/\/tangooled.com\/ro\/wp-json\/wp\/v2\/types\/product"}],"wp:featuredmedia":[{"embeddable":true,"href":"https:\/\/tangooled.com\/ro\/wp-json\/wp\/v2\/media\/14275"}],"wp:attachment":[{"href":"https:\/\/tangooled.com\/ro\/wp-json\/wp\/v2\/media?parent=46008"}],"wp:term":[{"taxonomy":"pcb-width","embeddable":true,"href":"https:\/\/tangooled.com\/ro\/wp-json\/wp\/v2\/pcb-width?post=46008"},{"taxonomy":"product-cat","embeddable":true,"href":"https:\/\/tangooled.com\/ro\/wp-json\/wp\/v2\/product-cat?post=46008"}],"curies":[{"name":"wp","href":"https:\/\/api.w.org\/{rel}","templated":true}]}}