{"id":46005,"date":"2026-01-07T18:55:58","date_gmt":"2026-01-08T02:55:58","guid":{"rendered":"https:\/\/tangooled.com\/?post_type=product&#038;p=46005"},"modified":"2026-02-02T22:17:38","modified_gmt":"2026-02-03T06:17:38","slug":"8mm-recessed-led-strip-light-mounting-channel-for-cabient-door","status":"publish","type":"product","link":"https:\/\/tangooled.com\/ro\/produs\/8mm-recessed-led-strip-light-mounting-channel-for-cabient-door\/","title":{"rendered":"canal de montaj pentru band\u0103 LED de 8mm \u00eencastrat pentru u\u0219i de dulap"},"content":{"rendered":"<div class=\"wp-block-group is-vertical is-layout-flex wp-container-core-group-is-layout-d255d7c4 wp-block-group-is-layout-flex\" style=\"padding-top:var(--wp--preset--spacing--80);padding-bottom:var(--wp--preset--spacing--80)\">\n<p>Our 8mm recessed cabinet door LED channel will make your cabinet doors glow. This thin profile features a 20.0mm flange width and a short 10.4mm depth, making it ideal for installing 8mm wide LED strip lights in very tight areas. To install, carve a groove into the furniture and then recess the channel entirely into it. This gives the lights a clean, flush-mount look without the bulkier lights protruding out. The profile&#8217;s built-in tilted design sends the light out, brilliantly lighting up the inside of the cabinet. It works great for closet doors, the edges of fine display cases, or thin shelves. It keeps heat in check and protects strips while giving off a gentle, professional, and clean glow.<\/p>\n<\/div>\n\n\n\n<div class=\"wp-block-group has-background is-vertical is-layout-flex wp-container-core-group-is-layout-d255d7c4 wp-block-group-is-layout-flex\" style=\"background-color:#f1f1f1;padding-top:var(--wp--preset--spacing--80);padding-bottom:var(--wp--preset--spacing--80)\">\n<div class=\"wp-block-group is-vertical is-layout-flex wp-container-core-group-is-layout-8cf370e7 wp-block-group-is-layout-flex\">\n<h2 class=\"wp-block-heading\" style=\"padding-top:var(--wp--preset--spacing--40);padding-bottom:var(--wp--preset--spacing--40);font-size:25px;font-style:normal;font-weight:600;text-transform:capitalize\">De ce s\u0103 alegi canalul nostru LED de 8mm pentru u\u0219ile \u00eencastrate ale cabinetului?<\/h2>\n\n\n\n<ul class=\"wp-block-list\">\n<li>Design Flush Mount: Pune f\u00e2\u0219iile LED \u00eentr-o fanta sub\u021bire pe u\u0219ile cabinetului pentru un aspect curat, f\u0103r\u0103 margini.<\/li>\n\n\n\n<li>Func\u021bioneaz\u0103 cu f\u00e2\u0219ii LED de 8mm: Func\u021bioneaz\u0103 cu SMD 3528, 2835 \u0219i benzile populare COB LED.<\/li>\n\n\n\n<li>Difuzie uniform\u0103 a luminii: Capacul difuzor mat \u00eempr\u0103\u0219tie lumina uniform, f\u0103r\u0103 puncte sau zone fierbin\u021bi.<\/li>\n\n\n\n<li>\u00ce\u021bi \u021bine LED-urile \u00een siguran\u021b\u0103: Aluminiul anodizat \u021bine praful \u0219i c\u0103ldura departe de ele.<\/li>\n\n\n\n<li>Simplu de t\u0103iat \u0219i instalat: T\u0103ie-l la lungimea dorit\u0103 \u0219i creeaz\u0103 o fanta pentru o potrivire u\u0219oar\u0103.<\/li>\n\n\n\n<li>Kit complet: Vine cu un canal, un difuzor \u0219i capace de finalizare cu \u0219i f\u0103r\u0103 g\u0103uri pentru cabluri.<\/li>\n<\/ul>\n<\/div>\n<\/div>\n\n\n\n<div class=\"wp-block-group is-vertical is-layout-flex wp-container-core-group-is-layout-d255d7c4 wp-block-group-is-layout-flex\" style=\"padding-top:var(--wp--preset--spacing--80);padding-bottom:var(--wp--preset--spacing--80)\">\n<hr class=\"wp-block-separator has-alpha-channel-opacity\"\/>\n\n\n\n<div class=\"wp-block-media-text has-media-on-the-right is-stacked-on-mobile\" style=\"grid-template-columns:auto 40%\"><div class=\"wp-block-media-text__content\">\n<h2 class=\"wp-block-heading\" style=\"padding-top:var(--wp--preset--spacing--40);padding-bottom:var(--wp--preset--spacing--40);font-size:25px;font-style:normal;font-weight:600;text-transform:capitalize\">Instalare u\u0219oar\u0103 \u00een 5 pa\u0219i<\/h2>\n\n\n\n<ul class=\"wp-block-list\">\n<li>Folose\u0219te un frezor pentru a face o fanta \u00een u\u0219a sau panoul cabinetului care m\u0103soar\u0103 12.5 mm l\u0103\u021bime \u0219i 8 mm ad\u00e2ncime.<\/li>\n\n\n\n<li>Taie profilul din aluminiu \u0219i difuzorul mat la lungimea dorit\u0103.<\/li>\n\n\n\n<li>Potrive\u0219te canalul \u00een fanta creat\u0103 prin ap\u0103sarea sau lipirea acestuia.<\/li>\n\n\n\n<li>Pune f\u00e2\u0219ia ta LED de 8 mm \u00een canalul din aluminiu pentru a te asigura c\u0103 r\u0103m\u00e2ne \u00een loc.<\/li>\n\n\n\n<li>\u00cembin\u0103 capacele de finalizare \u0219i prinde capacul difuzor pentru a finaliza aspectul.<\/li>\n<\/ul>\n<\/div><figure class=\"wp-block-media-text__media\"><img loading=\"lazy\" decoding=\"async\" width=\"500\" height=\"500\" src=\"https:\/\/tangooled.com\/wp-content\/uploads\/2026\/01\/cd01-ins.webp\" alt=\"canal de montaj pentru band\u0103 LED de 8mm \u00eencastrat pentru u\u0219i de dulap\" class=\"wp-image-46006 size-full\" srcset=\"https:\/\/tangooled.com\/wp-content\/uploads\/2026\/01\/cd01-ins.webp 500w, https:\/\/tangooled.com\/wp-content\/uploads\/2026\/01\/cd01-ins-300x300.webp 300w, https:\/\/tangooled.com\/wp-content\/uploads\/2026\/01\/cd01-ins-150x150.webp 150w\" sizes=\"auto, (max-width: 500px) 100vw, 500px\" \/><\/figure><\/div>\n<\/div>\n\n\n\n<div class=\"wp-block-group has-background is-vertical is-layout-flex wp-container-core-group-is-layout-b429018a wp-block-group-is-layout-flex\" style=\"background-color:#f1f1f1f2;padding-top:var(--wp--preset--spacing--70);padding-bottom:var(--wp--preset--spacing--70)\">\n<h2 class=\"wp-block-heading\" style=\"padding-top:var(--wp--preset--spacing--40);padding-bottom:var(--wp--preset--spacing--40);font-size:25px;font-style:normal;font-weight:600\">Scenarii de utilizare<\/h2>\n\n\n\n<ul class=\"wp-block-list\">\n<li>Iluminat pentru u\u0219a cabinetului de buc\u0103t\u0103rie: Ofer\u0103 u\u0219ilor cabinetului o str\u0103lucire pl\u0103cut\u0103 care le face u\u0219or de v\u0103zut noaptea \u0219i arat\u0103 bine.<\/li>\n\n\n\n<li>Iluminat pentru dulapuri \u0219i cabine: Ilumineaz\u0103 rafturile de haine din interiorul dulapurilor, astfel \u00eenc\u00e2t s\u0103 po\u021bi vedea u\u0219or articolele vestimentare.<\/li>\n\n\n\n<li>Iluminat de accent pentru rafturi \u0219i sertare: Lumina care este uniform\u0103 \u0219i neted\u0103 face rafturile \u0219i sertarele mai str\u0103lucitoare.<\/li>\n\n\n\n<li>Iluminat \u00eencorporat \u00een mobil\u0103: Func\u021bioneaz\u0103 cu mobil\u0103 personalizat\u0103 sau lucr\u0103ri de prelucrare a lemnului pentru a oferi un aspect de \u00eenalt\u0103 calitate.<\/li>\n<\/ul>\n<\/div>\n\n\n\n<div class=\"wp-block-group is-vertical is-layout-flex wp-container-core-group-is-layout-d255d7c4 wp-block-group-is-layout-flex\" style=\"padding-top:var(--wp--preset--spacing--80);padding-bottom:var(--wp--preset--spacing--80)\">\n<h2 class=\"wp-block-heading\" style=\"padding-top:var(--wp--preset--spacing--40);padding-bottom:var(--wp--preset--spacing--40);font-size:25px;font-style:normal;font-weight:600;text-transform:capitalize\">linkuri pentru produse asociate<\/h2>\n\n\n\n<ul class=\"wp-block-list\">\n<li>Pentru o op\u021biune de canal cu difuzor negru, vezi <a href=\"https:\/\/tangooled.com\/ro\/produs\/black-led-profile-with-black-diffuser-for-10mm-led-strip-light\/\"><mark style=\"background-color:rgba(0, 0, 0, 0)\" class=\"has-inline-color has-vivid-red-color\">profil LED negru cu difuzor negru pentru LED strip de 10mm<\/mark><\/a>.<\/li>\n\n\n\n<li>\u00cencearc\u0103 legate <a href=\"https:\/\/tangooled.com\/ro\/produs\/led-strip-light-channel-aluminum-profile-with-diffused-cover-6mm-height\/\"><mark style=\"background-color:rgba(0, 0, 0, 0)\" class=\"has-inline-color has-vivid-red-color\">Profil din aluminiu pentru benzi LED cu capac difuzor de 6mm \u00een\u0103l\u021bime<\/mark><\/a> pentru instala\u021bii mai sub\u021biri.<\/li>\n\n\n\n<li>Exploreaz\u0103 <a href=\"https:\/\/tangooled.com\/ro\/produs\/recessed-led-aluminum-profile-up-and-down-lighting-channel-for-cabinet\/\"><mark style=\"background-color:rgba(0, 0, 0, 0)\" class=\"has-inline-color has-vivid-red-color\">canal din aluminiu LED \u00eencastrat pentru iluminat sus \u0219i jos pentru cabinet<\/mark><\/a> pentru mai multe solu\u021bii de iluminat pentru cabinet.<\/li>\n\n\n\n<li>Vezi de asemenea <a href=\"https:\/\/tangooled.com\/ro\/produs\/10mm-led-profile-aluminum-channel-for-8mm-led-tape-lights\/\"><mark style=\"background-color:rgba(0, 0, 0, 0)\" class=\"has-inline-color has-vivid-red-color\">profil din aluminiu de 10mm pentru f\u00e2\u0219ii LED de 8mm<\/mark><\/a> pentru un profil pu\u021bin mai mare.<\/li>\n<\/ul>\n<\/div>\n\n\n\n<p><\/p>","protected":false},"featured_media":14272,"template":"","meta":{"_acf_changed":true,"_seopress_robots_primary_cat":"none","_seopress_titles_title":"8mm Recessed Cabinet Door LED Channel | TANGOOLED","_seopress_titles_desc":"Source the 8mm recessed cabinet door LED channel. Ultra-slim aluminum mounting profile designed for seamless furniture integration & door frame lighting.","_seopress_robots_index":""},"pcb-width":[228],"product-cat":[193],"class_list":{"0":"post-46005","1":"product","2":"type-product","3":"status-publish","4":"has-post-thumbnail","6":"pcb-width-6-12mm","7":"product-cat-recessed-profile"},"acf":[],"_links":{"self":[{"href":"https:\/\/tangooled.com\/ro\/wp-json\/wp\/v2\/product\/46005","targetHints":{"allow":["GET"]}}],"collection":[{"href":"https:\/\/tangooled.com\/ro\/wp-json\/wp\/v2\/product"}],"about":[{"href":"https:\/\/tangooled.com\/ro\/wp-json\/wp\/v2\/types\/product"}],"wp:featuredmedia":[{"embeddable":true,"href":"https:\/\/tangooled.com\/ro\/wp-json\/wp\/v2\/media\/14272"}],"wp:attachment":[{"href":"https:\/\/tangooled.com\/ro\/wp-json\/wp\/v2\/media?parent=46005"}],"wp:term":[{"taxonomy":"pcb-width","embeddable":true,"href":"https:\/\/tangooled.com\/ro\/wp-json\/wp\/v2\/pcb-width?post=46005"},{"taxonomy":"product-cat","embeddable":true,"href":"https:\/\/tangooled.com\/ro\/wp-json\/wp\/v2\/product-cat?post=46005"}],"curies":[{"name":"wp","href":"https:\/\/api.w.org\/{rel}","templated":true}]}}