{"id":46001,"date":"2026-01-07T18:52:46","date_gmt":"2026-01-08T02:52:46","guid":{"rendered":"https:\/\/tangooled.com\/?post_type=product&#038;p=46001"},"modified":"2026-02-02T22:19:27","modified_gmt":"2026-02-03T06:19:27","slug":"wood-cabinet-edge-led-strip-channel-under-shelf-lighting","status":"publish","type":"product","link":"https:\/\/tangooled.com\/ro\/produs\/wood-cabinet-edge-led-strip-channel-under-shelf-lighting\/","title":{"rendered":"f\u00e2\u0219ie led pentru cabinet de lemn, canal sub iluminat"},"content":{"rendered":"<div class=\"wp-block-group is-vertical is-layout-flex wp-container-core-group-is-layout-d255d7c4 wp-block-group-is-layout-flex\" style=\"padding-top:var(--wp--preset--spacing--80);padding-bottom:var(--wp--preset--spacing--80)\">\n<p>Canalul nostru LED pentru marginea dulapului din lemn este proiectat s\u0103 se potriveasc\u0103 pe marginea raftului. Lumina se \u00eendreapt\u0103 \u00een jos pentru a ilumina spa\u021biul de dedesubt f\u0103r\u0103 a provoca reflexie. Acest design de iluminat pentru dulapuri din lemn maximizeaz\u0103 spa\u021biul de pe margine, iar lumina unghiular\u0103 reduce eficient umbrele asupra obiectelor de dedesubtul raftului, f\u0103c\u00e2nd \u00eentregul spa\u021biu mai luminos \u0219i mai uniform iluminat. Aceasta este o modalitate inteligent\u0103 \u0219i practic\u0103 de a ilumina lucrurile din interiorul dulapului \u0219i pe rafturile de expunere.<\/p>\n<\/div>\n\n\n\n<div class=\"wp-block-group has-background is-vertical is-layout-flex wp-container-core-group-is-layout-d255d7c4 wp-block-group-is-layout-flex\" style=\"background-color:#f1f1f1;padding-top:var(--wp--preset--spacing--80);padding-bottom:var(--wp--preset--spacing--80)\">\n<div class=\"wp-block-group is-vertical is-layout-flex wp-container-core-group-is-layout-8cf370e7 wp-block-group-is-layout-flex\">\n<h2 class=\"wp-block-heading\" style=\"padding-top:var(--wp--preset--spacing--40);padding-bottom:var(--wp--preset--spacing--40);font-size:25px;font-style:normal;font-weight:600;text-transform:capitalize\">De ce s\u0103 alegi canalul nostru LED pentru marginea dulapului din lemn?<\/h2>\n\n\n\n<p>Our product is a smart edge lighting channel that fits nicely on wooden shelves or cabinets. It holds your LED strips safely while making your space brighter and nicer. This is why it&#8217;s so great:<\/p>\n\n\n\n<ul class=\"wp-block-list\">\n<li>Se potrive\u0219te perfect \u00een marginile dulapurilor din lemn pentru un aspect curat.<\/li>\n\n\n\n<li>Ofer\u0103 lumin\u0103 puternic\u0103 sub rafturi pentru a te ajuta s\u0103 vezi mai bine.\u00a0<\/li>\n\n\n\n<li>Fabricat din aluminiu rezistent, care face benzile LED s\u0103 dureze mai mult.<\/li>\n\n\n\n<li>Vine cu un difuzor de lumin\u0103 clar pentru o lumin\u0103 moale \u0219i uniform\u0103.\u00a0<\/li>\n\n\n\n<li>U\u0219or de instalat cu unelte de baz\u0103.<\/li>\n\n\n\n<li>Func\u021bioneaz\u0103 cu multe tipuri diferite de lumini cu band\u0103 LED DC12V.<\/li>\n<\/ul>\n<\/div>\n<\/div>\n\n\n\n<div class=\"wp-block-group is-vertical is-layout-flex wp-container-core-group-is-layout-d255d7c4 wp-block-group-is-layout-flex\" style=\"padding-top:var(--wp--preset--spacing--80);padding-bottom:var(--wp--preset--spacing--80)\">\n<hr class=\"wp-block-separator has-alpha-channel-opacity\"\/>\n\n\n\n<div class=\"wp-block-media-text has-media-on-the-right is-stacked-on-mobile\" style=\"grid-template-columns:auto 40%\"><div class=\"wp-block-media-text__content\">\n<h2 class=\"wp-block-heading\" style=\"padding-top:var(--wp--preset--spacing--40);padding-bottom:var(--wp--preset--spacing--40);font-size:25px;font-style:normal;font-weight:600;text-transform:capitalize\">Cum se instaleaz\u0103<\/h2>\n\n\n\n<ul class=\"wp-block-list\">\n<li>M\u0103sura\u021bi \u0219i t\u0103ia\u021bi: Folosi\u021bi o rulet\u0103 pentru a afla c\u00e2t de lung\u0103 este marginea raftului \u0219i apoi t\u0103ia\u021bi profilul din aluminiu la acea lungime.<\/li>\n\n\n\n<li>Ata\u0219a\u021bi profilul: Ata\u0219a\u021bi profilul din aluminiu la partea de jos a marginii raftului. Asigura\u021bi-v\u0103 c\u0103 este la acela\u0219i nivel cu marginea din fa\u021b\u0103 a lemnului pentru un aspect ordonat.<\/li>\n\n\n\n<li>Pune\u021bi banda LED la locul ei: \u00cendep\u0103rta\u021bi spatele benzii LED \u0219i lipi\u021bi-o ferm pe profilul din aluminiu.<\/li>\n\n\n\n<li>Testa\u021bi \u0219i instala\u021bi difuzorul: pentru testare, conecta\u021bi banda LED la sursa de alimentare, apoi fixa\u021bi capacul din plastic al difuzorului pe profil pentru a termina.<\/li>\n<\/ul>\n<\/div><figure class=\"wp-block-media-text__media\"><img loading=\"lazy\" decoding=\"async\" width=\"500\" height=\"500\" src=\"https:\/\/tangooled.com\/wp-content\/uploads\/2026\/01\/lb06-ins.webp\" alt=\"f\u00e2\u0219ie led pentru cabinet de lemn, canal sub iluminat\" class=\"wp-image-46002 size-full\" srcset=\"https:\/\/tangooled.com\/wp-content\/uploads\/2026\/01\/lb06-ins.webp 500w, https:\/\/tangooled.com\/wp-content\/uploads\/2026\/01\/lb06-ins-300x300.webp 300w, https:\/\/tangooled.com\/wp-content\/uploads\/2026\/01\/lb06-ins-150x150.webp 150w\" sizes=\"auto, (max-width: 500px) 100vw, 500px\" \/><\/figure><\/div>\n<\/div>\n\n\n\n<div class=\"wp-block-group has-background is-vertical is-layout-flex wp-container-core-group-is-layout-b429018a wp-block-group-is-layout-flex\" style=\"background-color:#f1f1f1f2;padding-top:var(--wp--preset--spacing--70);padding-bottom:var(--wp--preset--spacing--70)\">\n<h2 class=\"wp-block-heading\" style=\"padding-top:var(--wp--preset--spacing--40);padding-bottom:var(--wp--preset--spacing--40);font-size:25px;font-style:normal;font-weight:600;text-transform:capitalize\">cea mai bun\u0103 modalitate de utilizare<\/h2>\n\n\n\n<ul class=\"wp-block-list\">\n<li>Iluminat pentru munc\u0103 sub dulap care este suficient de puternic pentru a citi re\u021bete, a t\u0103ia alimente si a g\u0103ti.<\/li>\n\n\n\n<li>Iluminat pentru rafturi \u0219i expuneri: Ilumineaz\u0103-\u021bi c\u0103r\u021bile, colec\u021biile sau produsele cu o lumin\u0103 uniform\u0103.<\/li>\n\n\n\n<li>Iluminat pentru rafturi plutitoare: Aceast\u0103 lumin\u0103 modern\u0103 ascunde sursa \u0219i creeaz\u0103 un efect pl\u0103cut pe perete.<\/li>\n\n\n\n<li>\u00cembun\u0103t\u0103\u021be\u0219te vizibilitatea rafturilor \u00eentunecate din dulapul \u0219i garderoba ta.<\/li>\n<\/ul>\n<\/div>\n\n\n\n<div class=\"wp-block-group is-vertical is-layout-flex wp-container-core-group-is-layout-d255d7c4 wp-block-group-is-layout-flex\" style=\"padding-top:var(--wp--preset--spacing--80);padding-bottom:var(--wp--preset--spacing--80)\">\n<h2 class=\"wp-block-heading\" style=\"padding-top:var(--wp--preset--spacing--40);padding-bottom:var(--wp--preset--spacing--40);font-size:25px;font-style:normal;font-weight:600;text-transform:capitalize\">Produse conexe care s-ar putea s\u0103-\u021bi plac\u0103<\/h2>\n\n\n\n<ul class=\"wp-block-list\">\n<li>Profil LED negru cu difuzor negru pentru band\u0103 LED de 10mm: <a href=\"https:\/\/tangooled.com\/ro\/produs\/black-led-profile-with-black-diffuser-for-10mm-led-strip-light\/\"><mark style=\"background-color:rgba(0, 0, 0, 0)\" class=\"has-inline-color has-vivid-red-color\">Vezi produsul<\/mark><\/a><\/li>\n\n\n\n<li>Profil LED montat pe suprafa\u021b\u0103 cu difuzor frosted pentru lumini cu band\u0103 de 10mm: <a href=\"https:\/\/tangooled.com\/ro\/produs\/surface-mount-led-profile-with-frosted-diffuser-for-10mm-rope-lights\/\"><mark style=\"background-color:rgba(0, 0, 0, 0)\" class=\"has-inline-color has-vivid-red-color\">Vezi produsul<\/mark><\/a><\/li>\n\n\n\n<li>Canal pentru difuzor LED din aluminiu 15x12mm pentru benzi LED de 10mm: <a href=\"https:\/\/tangooled.com\/ro\/produs\/led-light-diffuser-channel-aluminum-15x12mm-for-10mm-led-strips\/\"><mark style=\"background-color:rgba(0, 0, 0, 0)\" class=\"has-inline-color has-vivid-red-color\">Vezi produsul<\/mark><\/a><\/li>\n<\/ul>\n<\/div>\n\n\n\n<div class=\"wp-block-group has-background is-vertical is-layout-flex wp-container-core-group-is-layout-b429018a wp-block-group-is-layout-flex\" style=\"background-color:#f1f1f1f2;padding-top:var(--wp--preset--spacing--70);padding-bottom:var(--wp--preset--spacing--70)\">\n<h2 class=\"wp-block-heading\" style=\"padding-top:var(--wp--preset--spacing--40);padding-bottom:var(--wp--preset--spacing--40);font-size:25px;font-style:normal;font-weight:600;text-transform:capitalize\">rezumat<\/h2>\n\n\n\n<p style=\"padding-right:var(--wp--preset--spacing--50);padding-left:var(--wp--preset--spacing--50)\">Instalarea iluminatului pe margine sub rafturi din lemn este u\u0219oar\u0103 cu canalul nostru LED pentru marginea dulapului din lemn. Func\u021bioneaz\u0103 cu cele mai multe benzi LED cu o l\u0103\u021bime de p\u00e2n\u0103 la 8mm \u0219i se potrive\u0219te cu lemn de 18mm grosime. Difuzorul frosted face lumina s\u0103 fie moale, uniform\u0103 \u0219i f\u0103r\u0103 puncte, iar aluminiul anodizat men\u021bine LED-urile reci \u0219i \u00een siguran\u021b\u0103. Excelent pentru ad\u0103ugarea de iluminat de lucru, ambiental \u0219i de accent \u00een buc\u0103t\u0103rii, rafturi de expunere \u0219i rafturi plutitoare.<\/p>\n<\/div>\n\n\n\n<p><\/p>","protected":false},"featured_media":14191,"template":"","meta":{"_acf_changed":true,"_seopress_robots_primary_cat":"none","_seopress_titles_title":"Wood Cabinet Edge LED Channel | Under Shelf Lighting | TANGOOLED","_seopress_titles_desc":"Source the wood cabinet edge led channel. Specifically designed for integrated edge lighting in furniture and under shelf applications. Professional TANGOOLED quality.","_seopress_robots_index":""},"pcb-width":[228],"product-cat":[193],"class_list":{"0":"post-46001","1":"product","2":"type-product","3":"status-publish","4":"has-post-thumbnail","6":"pcb-width-6-12mm","7":"product-cat-recessed-profile"},"acf":[],"_links":{"self":[{"href":"https:\/\/tangooled.com\/ro\/wp-json\/wp\/v2\/product\/46001","targetHints":{"allow":["GET"]}}],"collection":[{"href":"https:\/\/tangooled.com\/ro\/wp-json\/wp\/v2\/product"}],"about":[{"href":"https:\/\/tangooled.com\/ro\/wp-json\/wp\/v2\/types\/product"}],"wp:featuredmedia":[{"embeddable":true,"href":"https:\/\/tangooled.com\/ro\/wp-json\/wp\/v2\/media\/14191"}],"wp:attachment":[{"href":"https:\/\/tangooled.com\/ro\/wp-json\/wp\/v2\/media?parent=46001"}],"wp:term":[{"taxonomy":"pcb-width","embeddable":true,"href":"https:\/\/tangooled.com\/ro\/wp-json\/wp\/v2\/pcb-width?post=46001"},{"taxonomy":"product-cat","embeddable":true,"href":"https:\/\/tangooled.com\/ro\/wp-json\/wp\/v2\/product-cat?post=46001"}],"curies":[{"name":"wp","href":"https:\/\/api.w.org\/{rel}","templated":true}]}}