{"id":45997,"date":"2026-01-07T18:49:10","date_gmt":"2026-01-08T02:49:10","guid":{"rendered":"https:\/\/tangooled.com\/?post_type=product&#038;p=45997"},"modified":"2026-02-02T22:29:02","modified_gmt":"2026-02-03T06:29:02","slug":"cabinet-led-aluminum-profile-up-down-edge-lighting-lb05","status":"publish","type":"product","link":"https:\/\/tangooled.com\/ro\/produs\/cabinet-led-aluminum-profile-up-down-edge-lighting-lb05\/","title":{"rendered":"profil din aluminiu pentru LED-uri de mobilare cu iluminat pe margini sus \u0219i jos"},"content":{"rendered":"<div class=\"wp-block-group is-vertical is-layout-flex wp-container-core-group-is-layout-d255d7c4 wp-block-group-is-layout-flex\" style=\"padding-top:var(--wp--preset--spacing--80);padding-bottom:var(--wp--preset--spacing--80)\">\n<p>\u00cenc\u00e2nt\u0103-\u021bi spa\u021biul din dulap cu profilul nostru LED pentru iluminarea marginilor \u00een sus \u0219i \u00een jos. Acest profil din aluminiu este conceput pentru a oferi iluminare curat\u0103 \u0219i clar\u0103 de pe margini. Func\u021bioneaz\u0103 at\u00e2t pentru iluminarea \u00een sus, c\u00e2t \u0219i pentru cea \u00een jos, \u00eentr-un singur canal. Este f\u0103cut s\u0103 se potriveasc\u0103 perfect \u00een dulapul t\u0103u \u0219i s\u0103 lumineze acolo unde ai nevoie.<\/p>\n<\/div>\n\n\n\n<div class=\"wp-block-group has-background is-vertical is-layout-flex wp-container-core-group-is-layout-d255d7c4 wp-block-group-is-layout-flex\" style=\"background-color:#f1f1f1;padding-top:var(--wp--preset--spacing--80);padding-bottom:var(--wp--preset--spacing--80)\">\n<div class=\"wp-block-group is-vertical is-layout-flex wp-container-core-group-is-layout-8cf370e7 wp-block-group-is-layout-flex\">\n<h2 class=\"wp-block-heading\" style=\"padding-top:var(--wp--preset--spacing--40);padding-bottom:var(--wp--preset--spacing--40);font-size:25px;font-style:normal;font-weight:600;text-transform:capitalize\">De ce s\u0103 alegi acest canal pentru iluminarea marginilor \u00een sus \u0219i \u00een jos?<\/h2>\n\n\n\n<ul class=\"wp-block-list\">\n<li>Direc\u021bie dubl\u0103 a luminii: Luminile str\u0103lucesc at\u00e2t \u00een sus, c\u00e2t \u0219i \u00een jos \u00een acela\u0219i timp. Acest lucru economise\u0219te spa\u021biu \u0219i face ca dulapul sau raftul t\u0103u s\u0103 par\u0103 mai atractiv.<\/li>\n\n\n\n<li>Profil solid din aluminiu: Fabricat din aluminiu rezistent. Men\u021bine benzile LED r\u0103coroase \u0219i face ca lumina s\u0103 dureze mai mult. <\/li>\n\n\n\n<li>Se potrive\u0219te bine: Conceput pentru a se potrivi perfect \u00een marginile dulapurilor \u0219i func\u021bioneaz\u0103 cu multe tipuri de benzi LED. <\/li>\n\n\n\n<li>Simplu de utilizat: Po\u021bi folosi \u0219uruburi pentru a-l plasa pe suprafa\u021b\u0103 sau pentru a-l introduce \u00eentr-un slot.<\/li>\n<\/ul>\n<\/div>\n<\/div>\n\n\n\n<div class=\"wp-block-group is-vertical is-layout-flex wp-container-core-group-is-layout-d255d7c4 wp-block-group-is-layout-flex\" style=\"padding-top:var(--wp--preset--spacing--80);padding-bottom:var(--wp--preset--spacing--80)\">\n<hr class=\"wp-block-separator has-alpha-channel-opacity\"\/>\n\n\n\n<div class=\"wp-block-media-text has-media-on-the-right is-stacked-on-mobile\" style=\"grid-template-columns:auto 40%\"><div class=\"wp-block-media-text__content\">\n<h2 class=\"wp-block-heading\" style=\"padding-top:var(--wp--preset--spacing--40);padding-bottom:var(--wp--preset--spacing--40);font-size:25px;font-style:normal;font-weight:600;text-transform:capitalize\">Cum s\u0103 folose\u0219ti acest profil din aluminiu?<\/h2>\n\n\n\n<ul class=\"wp-block-list\">\n<li>Dulapuri de buc\u0103t\u0103rie: Folose\u0219te acest profil LED pentru a ilumina marginile dulapurilor de buc\u0103t\u0103rie pentru o iluminare mai bun\u0103 a sarcinilor \u0219i un plus de stil.<\/li>\n\n\n\n<li>Dulapuri \u0219i garderobe: Folose\u0219te canalul de iluminare a marginilor pentru a ad\u0103uga o lumin\u0103 str\u0103lucitoare \u0219i bl\u00e2nd\u0103 \u00een garderobe.<\/li>\n\n\n\n<li>Vitrine \u0219i rafturi: Folose\u0219te il Um cazonare pl\u0103cut\u0103 \u00een col\u021buri pentru a-\u021bi expune obiectele.<\/li>\n\n\n\n<li>Birouri \u0219i spa\u021bii comerciale: Folose\u0219te-l pe rafturi sau unit\u0103\u021bi de expunere pentru a le face s\u0103 par\u0103 mai atr\u0103g\u0103toare.<\/li>\n<\/ul>\n<\/div><figure class=\"wp-block-media-text__media\"><img loading=\"lazy\" decoding=\"async\" width=\"500\" height=\"500\" src=\"https:\/\/tangooled.com\/wp-content\/uploads\/2026\/01\/lb05-ins.webp\" alt=\"profil din aluminiu pentru LED-uri de mobilare cu iluminat pe margini sus \u0219i jos\" class=\"wp-image-45998 size-full\" srcset=\"https:\/\/tangooled.com\/wp-content\/uploads\/2026\/01\/lb05-ins.webp 500w, https:\/\/tangooled.com\/wp-content\/uploads\/2026\/01\/lb05-ins-300x300.webp 300w, https:\/\/tangooled.com\/wp-content\/uploads\/2026\/01\/lb05-ins-150x150.webp 150w\" sizes=\"auto, (max-width: 500px) 100vw, 500px\" \/><\/figure><\/div>\n<\/div>\n\n\n\n<div class=\"wp-block-group has-background is-vertical is-layout-flex wp-container-core-group-is-layout-b429018a wp-block-group-is-layout-flex\" style=\"background-color:#f1f1f1f2;padding-top:var(--wp--preset--spacing--70);padding-bottom:var(--wp--preset--spacing--70)\">\n<h2 class=\"wp-block-heading\" style=\"padding-top:var(--wp--preset--spacing--40);padding-bottom:var(--wp--preset--spacing--40);font-size:25px;font-style:normal;font-weight:600\">Vezi produse asociate<\/h2>\n\n\n\n<ul class=\"wp-block-list\">\n<li><a href=\"https:\/\/tangooled.com\/ro\/produs\/black-led-diffuser-aluminum-channel-for-12mm-tape-lights\/\"><mark style=\"background-color:rgba(0, 0, 0, 0)\" class=\"has-inline-color has-vivid-red-color\">Canal din aluminiu cu difuzor LED negru pentru benzi de 12mm<\/mark><\/a>: Perfect pentru teme de design mai \u00eentunecate cu o distribu\u021bie ordonat\u0103 a luminii.<\/li>\n\n\n\n<li><a href=\"https:\/\/tangooled.com\/ro\/produs\/surface-mount-led-profile-with-frosted-diffuser-for-10mm-rope-lights\/\"><mark style=\"background-color:rgba(0, 0, 0, 0)\" class=\"has-inline-color has-vivid-red-color\">Profil LED montabil pe suprafa\u021b\u0103, cu difuzor mat pentru benzi de lumin\u0103 de 10mm<\/mark><\/a>: U\u0219or de instalat cu difuzor mat.<\/li>\n\n\n\n<li><a href=\"https:\/\/tangooled.com\/ro\/produs\/recessed-led-aluminum-profile-up-and-down-lighting-channel-for-cabinet\/\"><mark style=\"background-color:rgba(0, 0, 0, 0)\" class=\"has-inline-color has-vivid-red-color\">Canal din aluminiu pentru iluminat LED \u00eencastrat, cu lumin\u0103 \u00een sus \u0219i \u00een jos, pentru dulapuri<\/mark><\/a>: Iluminare marginal\u0103 la nivelul suprafe\u021bei pentru un design elegant al dulapului.<\/li>\n<\/ul>\n<\/div>\n\n\n\n<div class=\"wp-block-group is-vertical is-layout-flex wp-container-core-group-is-layout-d255d7c4 wp-block-group-is-layout-flex\" style=\"padding-top:var(--wp--preset--spacing--80);padding-bottom:var(--wp--preset--spacing--80)\">\n<h2 class=\"wp-block-heading\" style=\"padding-top:var(--wp--preset--spacing--40);padding-bottom:var(--wp--preset--spacing--40);font-size:25px;font-style:normal;font-weight:600;text-transform:capitalize\">Rezumat<\/h2>\n\n\n\n<p>Profilul nostru LED pentru iluminarea marginilor \u00een sus \u0219i \u00een jos este cea mai bun\u0103 alegere pentru o iluminare ordonat\u0103 \u0219i stilat\u0103. Caracteristica unic\u0103 de iluminare pe vertical\u0103 ofer\u0103 o lumin\u0103 excelent\u0103 pentru orice spa\u021biu de acas\u0103 sau de afaceri. Profilul durabil din aluminiu men\u021bine LED-urile reci \u0219i str\u0103lucitoare. U\u0219or de montat cu difuzor opal sau mat, acest canal face ca lumina s\u0103 arate moale \u0219i uniform\u0103.<\/p>\n<\/div>\n\n\n\n<p><\/p>","protected":false},"featured_media":14188,"template":"","meta":{"_acf_changed":true,"_seopress_robots_primary_cat":"none","_seopress_titles_title":"LB05 Up and Down Edge Lighting LED Profile | TANGOOLED","_seopress_titles_desc":"LB05 aluminum LED profile for up and down edge lighting. Specially designed for cabinet edges and glass shelving to create dual-sided lighting effects.","_seopress_robots_index":""},"pcb-width":[228],"product-cat":[193],"class_list":{"0":"post-45997","1":"product","2":"type-product","3":"status-publish","4":"has-post-thumbnail","6":"pcb-width-6-12mm","7":"product-cat-recessed-profile"},"acf":[],"_links":{"self":[{"href":"https:\/\/tangooled.com\/ro\/wp-json\/wp\/v2\/product\/45997","targetHints":{"allow":["GET"]}}],"collection":[{"href":"https:\/\/tangooled.com\/ro\/wp-json\/wp\/v2\/product"}],"about":[{"href":"https:\/\/tangooled.com\/ro\/wp-json\/wp\/v2\/types\/product"}],"wp:featuredmedia":[{"embeddable":true,"href":"https:\/\/tangooled.com\/ro\/wp-json\/wp\/v2\/media\/14188"}],"wp:attachment":[{"href":"https:\/\/tangooled.com\/ro\/wp-json\/wp\/v2\/media?parent=45997"}],"wp:term":[{"taxonomy":"pcb-width","embeddable":true,"href":"https:\/\/tangooled.com\/ro\/wp-json\/wp\/v2\/pcb-width?post=45997"},{"taxonomy":"product-cat","embeddable":true,"href":"https:\/\/tangooled.com\/ro\/wp-json\/wp\/v2\/product-cat?post=45997"}],"curies":[{"name":"wp","href":"https:\/\/api.w.org\/{rel}","templated":true}]}}