{"id":45993,"date":"2026-01-07T18:45:54","date_gmt":"2026-01-08T02:45:54","guid":{"rendered":"https:\/\/tangooled.com\/?post_type=product&#038;p=45993"},"modified":"2026-02-02T22:18:35","modified_gmt":"2026-02-03T06:18:35","slug":"cabinet-aluminum-channel-up-down-diffusers-lb04","status":"publish","type":"product","link":"https:\/\/tangooled.com\/ro\/produs\/cabinet-aluminum-channel-up-down-diffusers-lb04\/","title":{"rendered":"canal din aluminiu pentru cabinet cu difuzori LED sus \u0219i jos lB04"},"content":{"rendered":"<div class=\"wp-block-group is-vertical is-layout-flex wp-container-core-group-is-layout-d255d7c4 wp-block-group-is-layout-flex\" style=\"padding-top:var(--wp--preset--spacing--80);padding-bottom:var(--wp--preset--spacing--80)\">\n<p>F\u0103-\u021bi dulapul s\u0103 str\u0103luceasc\u0103 cu canalul din aluminiu LB04 pentru dulap cu difuzoare sus-jos. Acest canal din aluminiu este proiectat pentru a oferi iluminare bi-direc\u021bional\u0103, arunc\u00e2nd o str\u0103lucire moale \u0219i uniform\u0103 at\u00e2t \u00een direc\u021bia \u00een sus c\u00e2t \u0219i \u00een cea \u00een jos. Acest canal de iluminare sus-jos este perfect pentru casa sau spa\u021biul t\u0103u comercial.<\/p>\n<\/div>\n\n\n\n<div class=\"wp-block-group has-background is-vertical is-layout-flex wp-container-core-group-is-layout-d255d7c4 wp-block-group-is-layout-flex\" style=\"background-color:#f1f1f1;padding-top:var(--wp--preset--spacing--80);padding-bottom:var(--wp--preset--spacing--80)\">\n<div class=\"wp-block-group is-vertical is-layout-flex wp-container-core-group-is-layout-8cf370e7 wp-block-group-is-layout-flex\">\n<h2 class=\"wp-block-heading\" style=\"padding-top:var(--wp--preset--spacing--40);padding-bottom:var(--wp--preset--spacing--40);font-size:25px;font-style:normal;font-weight:600;text-transform:capitalize\">De ce s\u0103 alegi canalul din aluminiu LB04?<\/h2>\n\n\n\n<p>Acest canal din aluminiu pentru dulap cu difuzoare sus-jos este robust, u\u0219or de utilizat \u0219i arat\u0103 bine. Ajut\u0103 la prelungirea duratei de via\u021b\u0103 a benzilor LED prin men\u021binerea acestora reci. Canalul din aluminiu de \u00eenalt\u0103 calitate ac\u021bioneaz\u0103 ca un radiator de c\u0103ldur\u0103 \u0219i protejeaz\u0103 benzile tale.<\/p>\n\n\n\n<ul class=\"wp-block-list\">\n<li>Iluminare bidimensional\u0103: Lumina str\u0103luce\u0219te \u00een sus \u0219i \u00een jos simultan. <\/li>\n\n\n\n<li>Material rezistent: Fabricat din aluminiu 6063-T5, care este puternic \u0219i permite o bun\u0103 disipare a c\u0103ldurii.<\/li>\n\n\n\n<li>Lumin\u0103 moale: Difuzorii r\u0103sp\u00e2ndesc lumina uniform \u0219i ascund punctele.<\/li>\n\n\n\n<li>U\u0219or de montat: conceput pentru a fi montat pe o suprafa\u021b\u0103.<\/li>\n\n\n\n<li>Se potrive\u0219te cu multe benzi: Poate fi utilizat cu benzile LED de p\u00e2n\u0103 la 12 mm l\u0103\u021bime.<\/li>\n<\/ul>\n<\/div>\n<\/div>\n\n\n\n<div class=\"wp-block-group is-vertical is-layout-flex wp-container-core-group-is-layout-d255d7c4 wp-block-group-is-layout-flex\" style=\"padding-top:var(--wp--preset--spacing--80);padding-bottom:var(--wp--preset--spacing--80)\">\n<hr class=\"wp-block-separator has-alpha-channel-opacity\"\/>\n\n\n\n<div class=\"wp-block-media-text has-media-on-the-right is-stacked-on-mobile\" style=\"grid-template-columns:auto 40%\"><div class=\"wp-block-media-text__content\">\n<h2 class=\"wp-block-heading\" style=\"padding-top:var(--wp--preset--spacing--40);padding-bottom:var(--wp--preset--spacing--40);font-size:25px;font-style:normal;font-weight:600;text-transform:capitalize\">U\u0219or de instalat<\/h2>\n\n\n\n<p>Acest canal din aluminiu este f\u0103cut pentru montarea \u00een panouri. Panoul din lemn poate fi \u00eencastrat \u00een acest canal \u0219i fixat cu \u0219uruburi.<\/p>\n<\/div><figure class=\"wp-block-media-text__media\"><img loading=\"lazy\" decoding=\"async\" width=\"500\" height=\"500\" src=\"https:\/\/tangooled.com\/wp-content\/uploads\/2026\/01\/lb04-ins.webp\" alt=\"lb04 cabinet aluminum channel with up and down led diffusers\" class=\"wp-image-45995 size-full\" srcset=\"https:\/\/tangooled.com\/wp-content\/uploads\/2026\/01\/lb04-ins.webp 500w, https:\/\/tangooled.com\/wp-content\/uploads\/2026\/01\/lb04-ins-300x300.webp 300w, https:\/\/tangooled.com\/wp-content\/uploads\/2026\/01\/lb04-ins-150x150.webp 150w\" sizes=\"auto, (max-width: 500px) 100vw, 500px\" \/><\/figure><\/div>\n<\/div>\n\n\n\n<div class=\"wp-block-group has-background is-vertical is-layout-flex wp-container-core-group-is-layout-b429018a wp-block-group-is-layout-flex\" style=\"background-color:#f1f1f1f2;padding-top:var(--wp--preset--spacing--70);padding-bottom:var(--wp--preset--spacing--70)\">\n<h2 class=\"wp-block-heading\" style=\"padding-top:var(--wp--preset--spacing--40);padding-bottom:var(--wp--preset--spacing--40);font-size:25px;font-style:normal;font-weight:600\">Ideal pentru multe locuri<\/h2>\n\n\n\n<ul class=\"wp-block-list\">\n<li>Dulapuri de buc\u0103t\u0103rie pentru o iluminare clar\u0103 a locului de munc\u0103<\/li>\n\n\n\n<li>Biblioteci pentru a-\u021bi expune c\u0103r\u021bile preferate<\/li>\n\n\n\n<li>Dulapuri \u0219i dressinguri pentru o vizibilitate u\u0219oar\u0103<\/li>\n\n\n\n<li>Expuneri comerciale pentru a scoate produsele \u00een eviden\u021b\u0103<\/li>\n<\/ul>\n\n\n\n<p style=\"padding-right:var(--wp--preset--spacing--50);padding-left:var(--wp--preset--spacing--50)\">Dac\u0103 vrei o op\u021biune similar\u0103, vezi aceasta <a href=\"https:\/\/tangooled.com\/ro\/produs\/surface-mount-led-profile-with-frosted-diffuser-for-10mm-rope-lights\/\"><mark style=\"background-color:rgba(0, 0, 0, 0)\" class=\"has-inline-color has-vivid-red-color\">profil LED montat pe suprafa\u021b\u0103 cu difuzor mat pentru lumini cu sfoar\u0103 de 10 mm<\/mark><\/a>.<br>Sau consult\u0103 aceasta <a href=\"https:\/\/tangooled.com\/ro\/produs\/black-led-diffuser-aluminum-channel-for-12mm-tape-lights\/\"><mark style=\"background-color:rgba(0, 0, 0, 0)\" class=\"has-inline-color has-vivid-red-color\">canal din aluminiu cu difuzor negru pentru lumini cu band\u0103 de 12 mm<\/mark><\/a> pentru finisaj negru.<\/p>\n<\/div>\n\n\n\n<p><\/p>","protected":false},"featured_media":14182,"template":"","meta":{"_acf_changed":true,"_seopress_robots_primary_cat":"none","_seopress_titles_title":"Cabinet Aluminum Channel with Up and Down Diffusers LB04 | TANGOOLED","_seopress_titles_desc":"Source the cabinet aluminum channel with up and down LED diffusers for balanced ambient lighting. Our LB04 aluminum profile is for furniture & display cases.","_seopress_robots_index":""},"pcb-width":[228],"product-cat":[193],"class_list":{"0":"post-45993","1":"product","2":"type-product","3":"status-publish","4":"has-post-thumbnail","6":"pcb-width-6-12mm","7":"product-cat-recessed-profile"},"acf":[],"_links":{"self":[{"href":"https:\/\/tangooled.com\/ro\/wp-json\/wp\/v2\/product\/45993","targetHints":{"allow":["GET"]}}],"collection":[{"href":"https:\/\/tangooled.com\/ro\/wp-json\/wp\/v2\/product"}],"about":[{"href":"https:\/\/tangooled.com\/ro\/wp-json\/wp\/v2\/types\/product"}],"wp:featuredmedia":[{"embeddable":true,"href":"https:\/\/tangooled.com\/ro\/wp-json\/wp\/v2\/media\/14182"}],"wp:attachment":[{"href":"https:\/\/tangooled.com\/ro\/wp-json\/wp\/v2\/media?parent=45993"}],"wp:term":[{"taxonomy":"pcb-width","embeddable":true,"href":"https:\/\/tangooled.com\/ro\/wp-json\/wp\/v2\/pcb-width?post=45993"},{"taxonomy":"product-cat","embeddable":true,"href":"https:\/\/tangooled.com\/ro\/wp-json\/wp\/v2\/product-cat?post=45993"}],"curies":[{"name":"wp","href":"https:\/\/api.w.org\/{rel}","templated":true}]}}