{"id":45991,"date":"2026-01-07T18:35:24","date_gmt":"2026-01-08T02:35:24","guid":{"rendered":"https:\/\/tangooled.com\/?post_type=product&#038;p=45991"},"modified":"2026-02-02T22:18:59","modified_gmt":"2026-02-03T06:18:59","slug":"cabinet-lighting-aluminum-led-diffuser-profile-lb03","status":"publish","type":"product","link":"https:\/\/tangooled.com\/ro\/produs\/cabinet-lighting-aluminum-led-diffuser-profile-lb03\/","title":{"rendered":"profil din aluminiu pentru iluminat cabinet cu difuzor LED pentru f\u00e2\u0219ii de 12mm"},"content":{"rendered":"<div class=\"wp-block-group is-vertical is-layout-flex wp-container-core-group-is-layout-d255d7c4 wp-block-group-is-layout-flex\" style=\"padding-top:var(--wp--preset--spacing--80);padding-bottom:var(--wp--preset--spacing--80)\">\n<p>This LB03 LED diffuser profile for 12mm strips is an excellent option to bring bright, clean light to your cabinets or shelves. This profile is composed of durable aluminum&nbsp;that dissipates&nbsp;heat well, thus your lights stay cool and last longer. It can hold LED strips up to 12mm wide. The profile has a diffuser that softens the light, eliminating harsh glare and unpleasant light dots. This gives you a smooth, professional glow. It&#8217;s the ideal choice for creating both a great look and lasting performance for your cabinet lighting.<\/p>\n<\/div>\n\n\n\n<div class=\"wp-block-group has-background is-vertical is-layout-flex wp-container-core-group-is-layout-d255d7c4 wp-block-group-is-layout-flex\" style=\"background-color:#f1f1f1;padding-top:var(--wp--preset--spacing--80);padding-bottom:var(--wp--preset--spacing--80)\">\n<div class=\"wp-block-group is-vertical is-layout-flex wp-container-core-group-is-layout-8cf370e7 wp-block-group-is-layout-flex\">\n<h2 class=\"wp-block-heading\" style=\"padding-top:var(--wp--preset--spacing--40);padding-bottom:var(--wp--preset--spacing--40);font-size:25px;font-style:normal;font-weight:600;text-transform:capitalize\">De ce s\u0103 alegi acest profil LED pentru dulap pentru benzi de 12mm?<\/h2>\n\n\n\n<ul class=\"wp-block-list\">\n<li>Se potrive\u0219te cu benzi LED multiple: Cu l\u0103\u021bime interioar\u0103 de 12mm, ce permite benzi LED de la 8mm la 12mm.<\/li>\n\n\n\n<li>\u2022 Strong Aluminum Material: Made with 6063-T5 aluminum to cool your strips well. This helps them last longer and stay safe.<\/li>\n\n\n\n<li>\u2022 Soft Light Diffuser: Comes with a frosted cover that spreads light nicely. No sharp spots or glare.<\/li>\n\n\n\n<li>\u2022 Easy to Fit: Works for both surface mount and recessed mounting in your cabinet or closet.<\/li>\n<\/ul>\n<\/div>\n<\/div>\n\n\n\n<div class=\"wp-block-group\" style=\"padding-top:var(--wp--preset--spacing--80);padding-bottom:var(--wp--preset--spacing--80)\"><div class=\"wp-block-group__inner-container is-layout-constrained wp-block-group-is-layout-constrained\">\n<div class=\"wp-block-media-text has-media-on-the-right is-stacked-on-mobile\" style=\"grid-template-columns:auto 40%\"><div class=\"wp-block-media-text__content\">\n<h2 class=\"wp-block-heading\" style=\"padding-top:var(--wp--preset--spacing--40);padding-bottom:var(--wp--preset--spacing--40);font-size:25px;font-style:normal;font-weight:600;text-transform:capitalize\">Sfaturi pentru Instalare<\/h2>\n\n\n\n<ul class=\"wp-block-list\">\n<li>Asamblarea benzii LED: Scoate spatele benzii LED (de p\u00e2n\u0103 la 12mm l\u0103\u021bime) \u0219i lipe\u0219te-o ferm \u00een canalul de aluminiu.<\/li>\n\n\n\n<li>Instalarea difuzorului: Fixeaz\u0103 capacul mat \u00een canal pentru a men\u021bine LED-urile \u00een siguran\u021b\u0103 \u0219i asigur\u0103-te c\u0103 lumina este dispersat\u0103 uniform.<\/li>\n\n\n\n<li>Preg\u0103tirea canelurii: Pre-taie o canelur\u0103 \u00een panoul de lemn care are aceea\u0219i dimensiune cu limbajul de montare.<\/li>\n\n\n\n<li>Montare \u00cencastrat\u0103: aliniaz\u0103 limba de montare cu canelura pre-t\u0103iat\u0103 \u0219i apas\u0103 profilul \u00een lemn p\u00e2n\u0103 c\u00e2nd flan\u0219a este la nivel cu suprafa\u021ba.<\/li>\n\n\n\n<li>Cablare \u0219i Alimentare: Direc\u021bioneaz\u0103 cablurile prin dulap \u0219i conecteaz\u0103-le la sursa de alimentare \u0219i la controller conform instruc\u021biunilor pentru banda LED.<\/li>\n<\/ul>\n<\/div><figure class=\"wp-block-media-text__media\"><img loading=\"lazy\" decoding=\"async\" width=\"622\" height=\"622\" src=\"https:\/\/tangooled.com\/wp-content\/uploads\/2026\/01\/lb03-ins-2.webp\" alt=\"profil din aluminiu pentru iluminat cabinet cu difuzor LED pentru f\u00e2\u0219ii de 12mm\" class=\"wp-image-46143 size-full\" srcset=\"https:\/\/tangooled.com\/wp-content\/uploads\/2026\/01\/lb03-ins-2.webp 622w, https:\/\/tangooled.com\/wp-content\/uploads\/2026\/01\/lb03-ins-2-300x300.webp 300w, https:\/\/tangooled.com\/wp-content\/uploads\/2026\/01\/lb03-ins-2-150x150.webp 150w\" sizes=\"auto, (max-width: 622px) 100vw, 622px\" \/><\/figure><\/div>\n<\/div><\/div>\n\n\n\n<div class=\"wp-block-group has-background is-vertical is-layout-flex wp-container-core-group-is-layout-b429018a wp-block-group-is-layout-flex\" style=\"background-color:#f1f1f1f2;padding-top:var(--wp--preset--spacing--70);padding-bottom:var(--wp--preset--spacing--70)\">\n<h2 class=\"wp-block-heading\" style=\"padding-top:var(--wp--preset--spacing--40);padding-bottom:var(--wp--preset--spacing--40);font-size:25px;font-style:normal;font-weight:600\">Foloseste acest profil de difuzor pentru banda LED pentru<\/h2>\n\n\n\n<ul class=\"wp-block-list\">\n<li>Iluminare sub dulap \u00een buc\u0103t\u0103rii sau zone de studiu.<\/li>\n\n\n\n<li>Rafturi sau dulapuri iluminate.<\/li>\n\n\n\n<li>Iluminarea accentuat\u0103 a mobilierului (rafturi de c\u0103r\u021bi, birouri).<\/li>\n\n\n\n<li>Cove de perete \u0219i benzi de lumin\u0103 pentru tavan.<\/li>\n<\/ul>\n<\/div>\n\n\n\n<div class=\"wp-block-group is-vertical is-layout-flex wp-container-core-group-is-layout-d255d7c4 wp-block-group-is-layout-flex\" style=\"padding-top:var(--wp--preset--spacing--80);padding-bottom:var(--wp--preset--spacing--80)\">\n<h2 class=\"wp-block-heading\" style=\"padding-top:var(--wp--preset--spacing--40);padding-bottom:var(--wp--preset--spacing--40);font-size:25px;font-style:normal;font-weight:600;text-transform:capitalize\">Produse conexe de la Tangooled<\/h2>\n\n\n\n<p>Dac\u0103 dore\u0219ti un produs similar \u00een negru sau cu alte dimensiuni, verific\u0103 <a href=\"https:\/\/tangooled.com\/ro\/produs\/black-led-profile-with-black-diffuser-for-10mm-led-strip-light\/\"><mark style=\"background-color:rgba(0, 0, 0, 0)\" class=\"has-inline-color has-vivid-red-color\">profil LED negru cu difuzor negru pentru lumin\u0103 LED de 10mm<\/mark><\/a> sau <a href=\"https:\/\/tangooled.com\/ro\/produs\/25x6mm-low-profile-led-strip-channel-for-10mm-led-strip-light\/\"><mark style=\"background-color:rgba(0, 0, 0, 0)\" class=\"has-inline-color has-vivid-red-color\">Canal pentru band\u0103 LED de 25x6mm cu profil jos pentru lumin\u0103 LED de 10mm<\/mark><\/a>. Pentru un montaj pe suprafa\u021b\u0103 uniform, vezi<a href=\"https:\/\/tangooled.com\/ro\/produs\/surface-mount-led-profile-with-frosted-diffuser-for-10mm-rope-lights\/\"><mark style=\"background-color:rgba(0, 0, 0, 0)\" class=\"has-inline-color has-vivid-red-color\"> profilul LED montat pe suprafa\u021b\u0103 cu difuzor frosted pentru benzi de lumin\u0103 de 10 mm<\/mark><\/a>.<\/p>\n\n\n\n<p>.<\/p>\n<\/div>\n\n\n\n<p><\/p>","protected":false},"featured_media":14179,"template":"","meta":{"_acf_changed":true,"_seopress_robots_primary_cat":"none","_seopress_titles_title":"Cabinet LED Diffuser Profile for 12mm Strips LB03 | TANGOOLED","_seopress_titles_desc":"TANGOO's cabinet LED diffuser profile LB03  is an aluminum channel designed for 12mm wide strips. Ideal for professional under-cabinet and shelf lighting projects.","_seopress_robots_index":""},"pcb-width":[228],"product-cat":[193],"class_list":{"0":"post-45991","1":"product","2":"type-product","3":"status-publish","4":"has-post-thumbnail","6":"pcb-width-6-12mm","7":"product-cat-recessed-profile"},"acf":[],"_links":{"self":[{"href":"https:\/\/tangooled.com\/ro\/wp-json\/wp\/v2\/product\/45991","targetHints":{"allow":["GET"]}}],"collection":[{"href":"https:\/\/tangooled.com\/ro\/wp-json\/wp\/v2\/product"}],"about":[{"href":"https:\/\/tangooled.com\/ro\/wp-json\/wp\/v2\/types\/product"}],"wp:featuredmedia":[{"embeddable":true,"href":"https:\/\/tangooled.com\/ro\/wp-json\/wp\/v2\/media\/14179"}],"wp:attachment":[{"href":"https:\/\/tangooled.com\/ro\/wp-json\/wp\/v2\/media?parent=45991"}],"wp:term":[{"taxonomy":"pcb-width","embeddable":true,"href":"https:\/\/tangooled.com\/ro\/wp-json\/wp\/v2\/pcb-width?post=45991"},{"taxonomy":"product-cat","embeddable":true,"href":"https:\/\/tangooled.com\/ro\/wp-json\/wp\/v2\/product-cat?post=45991"}],"curies":[{"name":"wp","href":"https:\/\/api.w.org\/{rel}","templated":true}]}}