{"id":45987,"date":"2026-01-07T18:31:34","date_gmt":"2026-01-08T02:31:34","guid":{"rendered":"https:\/\/tangooled.com\/?post_type=product&#038;p=45987"},"modified":"2026-02-02T22:24:17","modified_gmt":"2026-02-03T06:24:17","slug":"recessed-up-and-down-led-lighting-channel-cabinet-lb02","status":"publish","type":"product","link":"https:\/\/tangooled.com\/ro\/produs\/recessed-up-and-down-led-lighting-channel-cabinet-lb02\/","title":{"rendered":"canal pentru iluminat \u00een sus \u0219i \u00een jos din aluminiu \u00eencastrat pentru dulap"},"content":{"rendered":"<div class=\"wp-block-group is-vertical is-layout-flex wp-container-core-group-is-layout-d255d7c4 wp-block-group-is-layout-flex\" style=\"padding-top:var(--wp--preset--spacing--80);padding-bottom:var(--wp--preset--spacing--80)\">\n<p>Canalul nostru pentru iluminat \u00een sus \u0219i \u00een jos BP02 va oferi dulapurilor tale o iluminare uniform\u0103 \u0219i inteligent\u0103. Acest canal de iluminat pentru dulap ofer\u0103 un design curat \u0219i modern. Este fabricat din aluminiu robust, ceea ce ajut\u0103 la men\u021binerea LED-urilor tale reci \u0219i str\u0103lucitoare ani de zile. Folose\u0219te-l pentru a face luminile dulapului t\u0103u s\u0103 arate elegant \u0219i s\u0103 func\u021bioneze mai bine.<\/p>\n<\/div>\n\n\n\n<div class=\"wp-block-group has-background is-vertical is-layout-flex wp-container-core-group-is-layout-d255d7c4 wp-block-group-is-layout-flex\" style=\"background-color:#f1f1f1;padding-top:var(--wp--preset--spacing--80);padding-bottom:var(--wp--preset--spacing--80)\">\n<div class=\"wp-block-group is-vertical is-layout-flex wp-container-core-group-is-layout-8cf370e7 wp-block-group-is-layout-flex\">\n<h2 class=\"wp-block-heading\" style=\"padding-top:var(--wp--preset--spacing--40);padding-bottom:var(--wp--preset--spacing--40);font-size:25px;font-style:normal;font-weight:600;text-transform:capitalize\">De ce s\u0103 alegi canalul nostru pentru iluminat \u00een sus \u0219i \u00een jos LB02?<\/h2>\n\n\n\n<ul class=\"wp-block-list\">\n<li>Iluminare \u00een sus \u0219i \u00een jos: Luminile se proiecteaz\u0103 \u00een sus \u0219i \u00een jos pentru a-\u021bi oferi at\u00e2t o lumin\u0103 eficient\u0103 de lucru, c\u00e2t \u0219i o lumin\u0103 de atmosfer\u0103 bl\u00e2nd\u0103.<\/li>\n\n\n\n<li>Design \u00eencastrat la nivel: Se potrive\u0219te perfect \u00eentr-un panou de dulap de 18 mm grosime pentru un aspect \u00eengrijit.<\/li>\n\n\n\n<li>Canal din aluminiu robust: Acest lucru men\u021bine LED-urile reci \u0219i contribuie la o durat\u0103 de via\u021b\u0103 mai lung\u0103.<\/li>\n\n\n\n<li>Lumin\u0103 f\u0103r\u0103 puncte: Difuzorul frosted face luminile uniforme \u0219i netede f\u0103r\u0103 pete str\u0103lucitoare.<\/li>\n\n\n\n<li>Capac protector: Protejeaz\u0103 benzile LED de praf \u0219i lovituri.<\/li>\n\n\n\n<li>U\u0219or de instalat: Tot ce trebuie s\u0103 faci este s\u0103 ciople\u0219ti o f\u00e2nt\u00e2n\u0103, s\u0103 fixezi flan\u0219a de montaj \u00een lemn, apoi s\u0103 adaugi LED-urile \u0219i difuzorul.<\/li>\n\n\n\n<li>Func\u021bioneaz\u0103 cu benzile LED populare: Func\u021bioneaz\u0103 bine cu LED-uri flexibile 2835, 5050 \u0219i 5630.<\/li>\n<\/ul>\n<\/div>\n<\/div>\n\n\n\n<div class=\"wp-block-group is-vertical is-layout-flex wp-container-core-group-is-layout-d255d7c4 wp-block-group-is-layout-flex\" style=\"padding-top:var(--wp--preset--spacing--80);padding-bottom:var(--wp--preset--spacing--80)\">\n<hr class=\"wp-block-separator has-alpha-channel-opacity\"\/>\n\n\n\n<div class=\"wp-block-media-text has-media-on-the-right is-stacked-on-mobile\" style=\"grid-template-columns:auto 40%\"><div class=\"wp-block-media-text__content\">\n<h2 class=\"wp-block-heading\" style=\"padding-top:var(--wp--preset--spacing--40);padding-bottom:var(--wp--preset--spacing--40);font-size:25px;font-style:normal;font-weight:600;text-transform:capitalize\">Instruc\u021biuni de instalare<\/h2>\n\n\n\n<ul class=\"wp-block-list\">\n<li>Ciople\u0219te o f\u00e2nt\u00e2n\u0103 pe latura panoului dulapului.<\/li>\n\n\n\n<li>Fixeaz\u0103 partea flan\u0219ei de montaj \u00een f\u00e2nt\u00e2n\u0103.<\/li>\n\n\n\n<li>Introdu benzile tale LED \u00een canal.<\/li>\n\n\n\n<li>Fixeaz\u0103 capacul difuzor frosted.<\/li>\n\n\n\n<li>Ata\u0219eaz\u0103 capacele de cap\u0103t pentru a finaliza aspectul.<\/li>\n<\/ul>\n<\/div><figure class=\"wp-block-media-text__media\"><img loading=\"lazy\" decoding=\"async\" width=\"506\" height=\"506\" src=\"https:\/\/tangooled.com\/wp-content\/uploads\/2026\/01\/lb02-ins.webp\" alt=\"lb02 ins\" class=\"wp-image-46018 size-full\" srcset=\"https:\/\/tangooled.com\/wp-content\/uploads\/2026\/01\/lb02-ins.webp 506w, https:\/\/tangooled.com\/wp-content\/uploads\/2026\/01\/lb02-ins-300x300.webp 300w, https:\/\/tangooled.com\/wp-content\/uploads\/2026\/01\/lb02-ins-150x150.webp 150w\" sizes=\"auto, (max-width: 506px) 100vw, 506px\" \/><\/figure><\/div>\n<\/div>\n\n\n\n<div class=\"wp-block-group has-background is-vertical is-layout-flex wp-container-core-group-is-layout-b429018a wp-block-group-is-layout-flex\" style=\"background-color:#f1f1f1f2;padding-top:var(--wp--preset--spacing--70);padding-bottom:var(--wp--preset--spacing--70)\">\n<h2 class=\"wp-block-heading\" style=\"padding-top:var(--wp--preset--spacing--40);padding-bottom:var(--wp--preset--spacing--40);font-size:25px;font-style:normal;font-weight:600\">Produse conexe pentru a completa iluminatul t\u0103u<\/h2>\n\n\n\n<p>Exploreaz\u0103 aceste profile de canale din aluminiu cu difuzoare corespunz\u0103toare pentru a construi un sistem de iluminat complet:<\/p>\n\n\n\n<ul class=\"wp-block-list\">\n<li><a href=\"https:\/\/tangooled.com\/ro\/produs\/black-led-profile-with-black-diffuser-for-10mm-led-strip-light\/\"><mark style=\"background-color:rgba(0, 0, 0, 0)\" class=\"has-inline-color has-vivid-red-color\">Profil LED negru cu difuzor negru pentru iluminarea benzilor LED de 10mm<\/mark><\/a><\/li>\n\n\n\n<li><a href=\"https:\/\/tangooled.com\/ro\/produs\/cabinet-led-aluminum-profile-up-and-down-edge-lighting\/\"><mark style=\"background-color:rgba(0, 0, 0, 0)\" class=\"has-inline-color has-vivid-red-color\">Profilul din aluminiu pentru dulap pentru iluminarea marginii sus \u0219i jos<\/mark><\/a><\/li>\n\n\n\n<li><a href=\"https:\/\/tangooled.com\/ro\/produs\/cabinet-led-strip-channel-with-diffuser-for-double-led-strips\/\"><mark style=\"background-color:rgba(0, 0, 0, 0)\" class=\"has-inline-color has-vivid-red-color\">Canalul pentru band\u0103 LED cu difuzor pentru benzi LED duble<\/mark><\/a><\/li>\n<\/ul>\n<\/div>\n\n\n\n<p><\/p>","protected":false},"featured_media":14171,"template":"","meta":{"_acf_changed":true,"_seopress_robots_primary_cat":"none","_seopress_titles_title":"Recessed Up and Down LED Profile for Cabinets LB02 | TANGOOLED","_seopress_titles_desc":"TANGOO's recessed aluminum LED profile LB02 features up and down lighting channels. Ideal for integrated cabinet lighting and architectural shadow-free effects.","_seopress_robots_index":""},"pcb-width":[228],"product-cat":[193],"class_list":{"0":"post-45987","1":"product","2":"type-product","3":"status-publish","4":"has-post-thumbnail","6":"pcb-width-6-12mm","7":"product-cat-recessed-profile"},"acf":[],"_links":{"self":[{"href":"https:\/\/tangooled.com\/ro\/wp-json\/wp\/v2\/product\/45987","targetHints":{"allow":["GET"]}}],"collection":[{"href":"https:\/\/tangooled.com\/ro\/wp-json\/wp\/v2\/product"}],"about":[{"href":"https:\/\/tangooled.com\/ro\/wp-json\/wp\/v2\/types\/product"}],"wp:featuredmedia":[{"embeddable":true,"href":"https:\/\/tangooled.com\/ro\/wp-json\/wp\/v2\/media\/14171"}],"wp:attachment":[{"href":"https:\/\/tangooled.com\/ro\/wp-json\/wp\/v2\/media?parent=45987"}],"wp:term":[{"taxonomy":"pcb-width","embeddable":true,"href":"https:\/\/tangooled.com\/ro\/wp-json\/wp\/v2\/pcb-width?post=45987"},{"taxonomy":"product-cat","embeddable":true,"href":"https:\/\/tangooled.com\/ro\/wp-json\/wp\/v2\/product-cat?post=45987"}],"curies":[{"name":"wp","href":"https:\/\/api.w.org\/{rel}","templated":true}]}}