{"id":45952,"date":"2026-01-07T18:21:42","date_gmt":"2026-01-08T02:21:42","guid":{"rendered":"https:\/\/tangooled.com\/?post_type=product&#038;p=45952"},"modified":"2026-02-02T22:24:36","modified_gmt":"2026-02-03T06:24:36","slug":"double-led-strip-channel-cabinet-lighting-lb01","status":"publish","type":"product","link":"https:\/\/tangooled.com\/ro\/produs\/double-led-strip-channel-cabinet-lighting-lb01\/","title":{"rendered":"canal LED pentru dulap cu difuzor pentru benzi LED duble"},"content":{"rendered":"<div class=\"wp-block-group is-vertical is-layout-flex wp-container-core-group-is-layout-d255d7c4 wp-block-group-is-layout-flex\" style=\"padding-top:var(--wp--preset--spacing--80);padding-bottom:var(--wp--preset--spacing--80)\">\n<p>Ob\u021bine\u021bi canalul corect pentru benzi LED de dulap cu un difuzor pentru benzile dvs. LED! Difuzorul de la canalul nostru LED de dulap de \u00eenalt\u0103 calitate este conceput s\u0103 fac\u0103 iluminarea din dulapul dumneavoastr\u0103 s\u0103 arate uniform\u0103, str\u0103lucitoare \u0219i curat\u0103. Poate sus\u021bine dou\u0103 benzi LED \u00een direc\u021bii verticale, ceea ce face ca luminile dvs. s\u0103 str\u0103luceasc\u0103 f\u0103r\u0103 pete. Acest produs este durabil, sigur \u0219i va rezista mult timp \u00een buc\u0103t\u0103rii, dulapuri \u0219i alte locuri.<\/p>\n<\/div>\n\n\n\n<div class=\"wp-block-group has-background is-vertical is-layout-flex wp-container-core-group-is-layout-d255d7c4 wp-block-group-is-layout-flex\" style=\"background-color:#f1f1f1;padding-top:var(--wp--preset--spacing--80);padding-bottom:var(--wp--preset--spacing--80)\">\n<div class=\"wp-block-group is-vertical is-layout-flex wp-container-core-group-is-layout-8cf370e7 wp-block-group-is-layout-flex\">\n<h2 class=\"wp-block-heading\" style=\"padding-top:var(--wp--preset--spacing--40);padding-bottom:var(--wp--preset--spacing--40);font-size:25px;font-style:normal;font-weight:600;text-transform:capitalize\">De ce s\u0103 alegi acest canal LED de dulap LB01?<\/h2>\n\n\n\n<ul class=\"wp-block-list\">\n<li>Se potrive\u0219te u\u0219or cu benzi LED duble: canalul cu design vertical \u0219i l\u0103\u021bime interioar\u0103 de 12,9 mm se potrive\u0219te cu dou\u0103 benzi LED, precum modelele 5050 sau 3528.<\/li>\n\n\n\n<li>Lumin\u0103 uniform\u0103 de fiecare dat\u0103: difuzorul face ca punctele str\u0103lucitoare de la fiecare LED s\u0103 fie mai pu\u021bin dure, astfel c\u0103 \u00eenc\u0103perea arat\u0103 curat\u0103 \u0219i luminoas\u0103.<\/li>\n\n\n\n<li>Men\u021bine LED-urile reci: corpul din aluminiu ac\u021bioneaz\u0103 ca un absorbant de c\u0103ldur\u0103. Men\u021bine benzile LED reci, ceea ce le face s\u0103 dureze mai mult.<\/li>\n\n\n\n<li>Sigur \u0219i robust: protejeaz\u0103 benzile LED de praf \u0219i daune.<\/li>\n<\/ul>\n<\/div>\n<\/div>\n\n\n\n<div class=\"wp-block-group is-vertical is-layout-flex wp-container-core-group-is-layout-d255d7c4 wp-block-group-is-layout-flex\" style=\"padding-top:var(--wp--preset--spacing--80);padding-bottom:var(--wp--preset--spacing--80)\">\n<hr class=\"wp-block-separator has-alpha-channel-opacity\"\/>\n\n\n\n<div class=\"wp-block-media-text has-media-on-the-right is-stacked-on-mobile\" style=\"grid-template-columns:auto 40%\"><div class=\"wp-block-media-text__content\">\n<h2 class=\"wp-block-heading\" style=\"padding-top:var(--wp--preset--spacing--40);padding-bottom:var(--wp--preset--spacing--40);font-size:25px;font-style:normal;font-weight:600;text-transform:capitalize\">Cum se folose\u0219te acest canal LED de dulap LB01<\/h2>\n\n\n\n<p>Acest canal LED de dulap este cea mai bun\u0103 alegere pentru:<\/p>\n\n\n\n<ul class=\"wp-block-list\">\n<li>Iluminatul sub dulap: Perfect pentru a ilumina blaturile de buc\u0103t\u0103rie sau locurile de munc\u0103 f\u0103r\u0103 orbire.<\/li>\n\n\n\n<li>Iluminatul pentru backsplash: Adaug\u0103 stil \u0219i lumin\u0103 la backsplash-uri cu o str\u0103lucire ordonat\u0103, f\u0103r\u0103 pete.<\/li>\n\n\n\n<li>Iluminatul pentru dulapuri \u0219i dressinguri: Ilumineaz\u0103 hainele \u0219i rafturile cu o lumin\u0103 uniform\u0103 \u0219i str\u0103lucitoare.<\/li>\n\n\n\n<li>Iluminatul pentru rafturi \u0219i expunere: Excelent pentru a ilumina rafturile sau dulapurile \u00een magazine sau acas\u0103.<\/li>\n<\/ul>\n<\/div><figure class=\"wp-block-media-text__media\"><img loading=\"lazy\" decoding=\"async\" width=\"500\" height=\"500\" src=\"https:\/\/tangooled.com\/wp-content\/uploads\/2026\/01\/lb01-ins.webp\" alt=\"canal LED pentru dulap cu difuzor pentru benzi LED duble\" class=\"wp-image-45982 size-full\" srcset=\"https:\/\/tangooled.com\/wp-content\/uploads\/2026\/01\/lb01-ins.webp 500w, https:\/\/tangooled.com\/wp-content\/uploads\/2026\/01\/lb01-ins-300x300.webp 300w, https:\/\/tangooled.com\/wp-content\/uploads\/2026\/01\/lb01-ins-150x150.webp 150w\" sizes=\"auto, (max-width: 500px) 100vw, 500px\" \/><\/figure><\/div>\n<\/div>\n\n\n\n<div class=\"wp-block-group has-background is-vertical is-layout-flex wp-container-core-group-is-layout-b429018a wp-block-group-is-layout-flex\" style=\"background-color:#f1f1f1f2;padding-top:var(--wp--preset--spacing--70);padding-bottom:var(--wp--preset--spacing--70)\">\n<h2 class=\"wp-block-heading\" style=\"padding-top:var(--wp--preset--spacing--40);padding-bottom:var(--wp--preset--spacing--40);font-size:25px;font-style:normal;font-weight:600\">Produse conexe care s-ar putea s\u0103-\u021bi plac\u0103<\/h2>\n\n\n\n<ul class=\"wp-block-list\">\n<li><a href=\"https:\/\/tangooled.com\/ro\/produs\/black-led-profile-with-black-diffuser-for-10mm-led-strip-light\/\"><mark style=\"background-color:rgba(0, 0, 0, 0)\" class=\"has-inline-color has-vivid-red-color\">Profil LED negru cu difuzor negru pentru iluminarea benzilor LED de 10mm<\/mark><\/a> \u2014 Sleek black anodized profile for 10mm LED strips.<\/li>\n\n\n\n<li><mark style=\"background-color:rgba(0, 0, 0, 0)\" class=\"has-inline-color has-vivid-red-color\"><a href=\"https:\/\/tangooled.com\/ro\/produs\/surface-mount-led-profile-with-frosted-diffuser-for-10mm-rope-lights\/\">Profil LED de montare pe suprafa\u021b\u0103 cu difuzor satin pentru benzile de 10mm<\/a><\/mark> \u2014 Perfect surface-mounted channel for simple installs.<\/li>\n\n\n\n<li><mark style=\"background-color:rgba(0, 0, 0, 0)\" class=\"has-inline-color has-vivid-red-color\"><a href=\"https:\/\/tangooled.com\/ro\/produs\/led-profile-under-cabinet-corner-lighting-for-led-strip-12mm\/\">Profil LED pentru iluminare col\u021b sub dulap pentru benzi LED de 12 mm<\/a><\/mark> \u2014 Ideal for slightly wider double LED strips.<\/li>\n\n\n\n<li><mark style=\"background-color:rgba(0, 0, 0, 0)\" class=\"has-inline-color has-vivid-red-color\"><a href=\"https:\/\/tangooled.com\/ro\/produs\/cabinet-led-aluminum-profile-up-down-edge-lighting-lb05\/\">Profil LED din aluminiu pentru iluminare pe margini \u00een sus \u0219i \u00een jos<\/a> <\/mark>\u2014 Creates stylish up\/down lighting effects in cabinets.<\/li>\n<\/ul>\n<\/div>\n\n\n\n<div class=\"wp-block-group is-vertical is-layout-flex wp-container-core-group-is-layout-d255d7c4 wp-block-group-is-layout-flex\" style=\"padding-top:var(--wp--preset--spacing--80);padding-bottom:var(--wp--preset--spacing--80)\">\n<h2 class=\"wp-block-heading\" style=\"padding-top:var(--wp--preset--spacing--40);padding-bottom:var(--wp--preset--spacing--40);font-size:25px;font-style:normal;font-weight:600;text-transform:capitalize\">De ce canalul nostru LED de dulap este cea mai bun\u0103 alegere<\/h2>\n\n\n\n<p>Dac\u0103 dori\u021bi o lumin\u0103 str\u0103lucitoare, uniform\u0103 \u0219i consistent\u0103 \u00een dulapul dumneavoastr\u0103, acest canal LED de dulap cu difuzor este creat pentru dumneavoastr\u0103. Se potrive\u0219te cu majoritatea benzilor LED duble \u0219i ofer\u0103 loc suficient. Aluminiul rezistent la c\u0103ldur\u0103 men\u021bine luminile reci, iar difuzorul face lumina moale \u0219i pl\u0103cut\u0103. Aceasta \u00eembun\u0103t\u0103\u021be\u0219te buc\u0103t\u0103ria \u0219i dulapul dumneavoastr\u0103, cu o lumin\u0103 frumoas\u0103 pe care o ve\u021bi adora.<\/p>\n<\/div>\n\n\n\n<p><\/p>","protected":false},"featured_media":14168,"template":"","meta":{"_acf_changed":true,"_seopress_robots_primary_cat":"none","_seopress_titles_title":"Double LED Strip Channel for Cabinet Lighting LB01 | TANGOOLED","_seopress_titles_desc":"TANGOO's cabinet LED strip channel LB01 is designed for double LED strips, providing high-lumen cabinet and task lighting.","_seopress_robots_index":""},"pcb-width":[228],"product-cat":[193],"class_list":{"0":"post-45952","1":"product","2":"type-product","3":"status-publish","4":"has-post-thumbnail","6":"pcb-width-6-12mm","7":"product-cat-recessed-profile"},"acf":[],"_links":{"self":[{"href":"https:\/\/tangooled.com\/ro\/wp-json\/wp\/v2\/product\/45952","targetHints":{"allow":["GET"]}}],"collection":[{"href":"https:\/\/tangooled.com\/ro\/wp-json\/wp\/v2\/product"}],"about":[{"href":"https:\/\/tangooled.com\/ro\/wp-json\/wp\/v2\/types\/product"}],"wp:featuredmedia":[{"embeddable":true,"href":"https:\/\/tangooled.com\/ro\/wp-json\/wp\/v2\/media\/14168"}],"wp:attachment":[{"href":"https:\/\/tangooled.com\/ro\/wp-json\/wp\/v2\/media?parent=45952"}],"wp:term":[{"taxonomy":"pcb-width","embeddable":true,"href":"https:\/\/tangooled.com\/ro\/wp-json\/wp\/v2\/pcb-width?post=45952"},{"taxonomy":"product-cat","embeddable":true,"href":"https:\/\/tangooled.com\/ro\/wp-json\/wp\/v2\/product-cat?post=45952"}],"curies":[{"name":"wp","href":"https:\/\/api.w.org\/{rel}","templated":true}]}}