{"id":45924,"date":"2026-01-07T18:11:18","date_gmt":"2026-01-08T02:11:18","guid":{"rendered":"https:\/\/tangooled.com\/?post_type=product&#038;p=45924"},"modified":"2026-02-02T01:55:52","modified_gmt":"2026-02-02T09:55:52","slug":"curved-diffuser-flexible-led-channel-for-8mm-led-strips-bp03","status":"publish","type":"product","link":"https:\/\/tangooled.com\/ro\/produs\/curved-diffuser-flexible-led-channel-for-8mm-led-strips-bp03\/","title":{"rendered":"canal flexibil cu difuzor curbat pentru benzi LED de 8mm"},"content":{"rendered":"<div class=\"wp-block-group is-vertical is-layout-flex wp-container-core-group-is-layout-d255d7c4 wp-block-group-is-layout-flex\" style=\"padding-top:var(--wp--preset--spacing--80);padding-bottom:var(--wp--preset--spacing--80)\">\n<p>Acest canal LED cu difuzor curbat BP03 este foarte flexibil \u0219i a fost proiectat pentru a oferi o lumin\u0103 uniform\u0103 \u0219i str\u0103lucitoare pe suprafe\u021be arhitecturale rotunde, \u00eendoite sau curbe. Se potrive\u0219te perfect cu benzile de lumin\u0103 LED de 8mm l\u0103\u021bime, iar flexibilitatea sa \u00eel face u\u0219or de \u00eendoit \u0219i modelat manual pentru a se adapta oric\u0103rei contururi unice de design. Acest lucru \u00eel face ideal pentru instala\u021bii personalizate.<\/p>\n\n\n\n<p>Canalul rezistent \u00ee\u021bi protejeaz\u0103 banda LED, iar capacul difuzor opal care vine cu el este ceea ce face luminile s\u0103 arate at\u00e2t de bine. \u00cendep\u0103rteaz\u0103 petele intense \u0219i punctele evidente ale LED-urilor, transform\u00e2nd lumina \u00eentr-o str\u0103lucire uniform\u0103 \u0219i curat\u0103, f\u0103r\u0103 puncte. Aceasta \u00eel face o alegere excelent\u0103 pentru ad\u0103ugarea de lumin\u0103 ambiental\u0103 de \u00eenalt\u0103 calitate \u0219i \u00eembun\u0103t\u0103\u021birea aspectului decorativ acolo unde sunt necesare curbe precise.<\/p>\n<\/div>\n\n\n\n<div class=\"wp-block-group has-background is-vertical is-layout-flex wp-container-core-group-is-layout-d255d7c4 wp-block-group-is-layout-flex\" style=\"background-color:#f1f1f1;padding-top:var(--wp--preset--spacing--80);padding-bottom:var(--wp--preset--spacing--80)\">\n<div class=\"wp-block-group is-vertical is-layout-flex wp-container-core-group-is-layout-8cf370e7 wp-block-group-is-layout-flex\">\n<h2 class=\"wp-block-heading\" style=\"padding-top:var(--wp--preset--spacing--40);padding-bottom:var(--wp--preset--spacing--40);font-size:25px;font-style:normal;font-weight:600;text-transform:capitalize\">De ce s\u0103 folose\u0219ti acest canal LED curbat BP03?<\/h2>\n\n\n\n<ul class=\"wp-block-list\">\n<li>U\u0219or de \u00eendoit: Po\u021bi s\u0103-l \u00eendoi pentru a se potrivi formelor precum arcuri, cercuri sau valuri.<\/li>\n\n\n\n<li>Estompeaz\u0103 lumina uniform: Difuzorul ascunde punctele LED astfel \u00eenc\u00e2t lumina s\u0103 fie bl\u00e2nd\u0103 \u0219i uniform\u0103.<\/li>\n\n\n\n<li>Protejeaz\u0103 benzile LED: Carcasa din aluminiu sau silicon men\u021bine benzile \u00een siguran\u021b\u0103 \u0219i reci.<\/li>\n\n\n\n<li>Se potrive\u0219te benzilor LED de 8mm: Proiectat s\u0103 se potriveasc\u0103 perfect cu LED-uri de 8mm l\u0103\u021bime.<\/li>\n\n\n\n<li>U\u0219or de instalat: Vine cu cleme \u0219i capace de cap\u0103t pentru un aspect curat.<\/li>\n\n\n\n<li>Durabil: LED-urile dureaz\u0103 mai mult deoarece transfer\u0103 bine c\u0103ldura.<\/li>\n<\/ul>\n<\/div>\n<\/div>\n\n\n\n<div class=\"wp-block-group is-vertical is-layout-flex wp-container-core-group-is-layout-d255d7c4 wp-block-group-is-layout-flex\" style=\"padding-top:var(--wp--preset--spacing--80);padding-bottom:var(--wp--preset--spacing--80)\">\n<hr class=\"wp-block-separator has-alpha-channel-opacity\"\/>\n\n\n\n<div class=\"wp-block-media-text has-media-on-the-right is-stacked-on-mobile\" style=\"grid-template-columns:auto 40%\"><div class=\"wp-block-media-text__content\">\n<h2 class=\"wp-block-heading\" style=\"padding-top:var(--wp--preset--spacing--40);padding-bottom:var(--wp--preset--spacing--40);font-size:25px;font-style:normal;font-weight:600;text-transform:capitalize\">Cum se folose\u0219te?<\/h2>\n\n\n\n<ul class=\"wp-block-list\">\n<li>F\u0103 ca canalul s\u0103 se potriveasc\u0103 curbei dorite.<\/li>\n\n\n\n<li>Ataseaz\u0103 clemele de montaj pe suprafa\u021ba ta.<\/li>\n\n\n\n<li>Pune canalul pe cleme.<\/li>\n\n\n\n<li>Introdu banda ta LED de 8mm \u00een interior.<\/li>\n\n\n\n<li>Pune difuzorul deasupra pentru a dispersa lumina bl\u00e2nd.<\/li>\n<\/ul>\n<\/div><figure class=\"wp-block-media-text__media\"><img loading=\"lazy\" decoding=\"async\" width=\"500\" height=\"500\" src=\"https:\/\/tangooled.com\/wp-content\/uploads\/2026\/01\/bp03-ins.webp\" alt=\"bp03 ins\" class=\"wp-image-46015 size-full\" srcset=\"https:\/\/tangooled.com\/wp-content\/uploads\/2026\/01\/bp03-ins.webp 500w, https:\/\/tangooled.com\/wp-content\/uploads\/2026\/01\/bp03-ins-300x300.webp 300w, https:\/\/tangooled.com\/wp-content\/uploads\/2026\/01\/bp03-ins-150x150.webp 150w\" sizes=\"auto, (max-width: 500px) 100vw, 500px\" \/><\/figure><\/div>\n<\/div>\n\n\n\n<div class=\"wp-block-group has-background is-vertical is-layout-flex wp-container-core-group-is-layout-b429018a wp-block-group-is-layout-flex\" style=\"background-color:#f1f1f1f2;padding-top:var(--wp--preset--spacing--70);padding-bottom:var(--wp--preset--spacing--70)\">\n<h2 class=\"wp-block-heading\" style=\"padding-top:var(--wp--preset--spacing--40);padding-bottom:var(--wp--preset--spacing--40);font-size:25px;font-style:normal;font-weight:600\">Unde po\u021bi s\u0103-l folose\u0219ti?<\/h2>\n\n\n\n<ul class=\"wp-block-list\">\n<li>Pere\u021bi curba\u021bi sau arcuri pentru a aduce forme cu lumin\u0103.<\/li>\n\n\n\n<li>Oglinzi rotunde sau col\u021burile mobilelor pentru iluminare subtil\u0103 din spate.<\/li>\n\n\n\n<li>Benzile de lumin\u0103 curbat\u0103 personalizat\u0103 pentru contoare de bar sau birouri de recep\u021bie.<\/li>\n\n\n\n<li>Expuneri comerciale care necesit\u0103 iluminare uniform\u0103 \u0219i atr\u0103g\u0103toare.<\/li>\n\n\n\n<li>Contururi curbe pentru insule de buc\u0103t\u0103rie sau ni\u0219e.<\/li>\n<\/ul>\n<\/div>\n\n\n\n<div class=\"wp-block-group is-vertical is-layout-flex wp-container-core-group-is-layout-d255d7c4 wp-block-group-is-layout-flex\" style=\"padding-top:var(--wp--preset--spacing--80);padding-bottom:var(--wp--preset--spacing--80)\">\n<h2 class=\"wp-block-heading\" style=\"padding-top:var(--wp--preset--spacing--40);padding-bottom:var(--wp--preset--spacing--40);font-size:25px;font-style:normal;font-weight:600;text-transform:capitalize\">Produse conexe pe care ai putea s\u0103 le legi<\/h2>\n\n\n\n<ul class=\"wp-block-list\">\n<li><a href=\"https:\/\/tangooled.com\/ro\/produs\/10mm-led-profile-aluminum-channel-for-8mm-led-tape-lights\/\"><mark style=\"background-color:rgba(0, 0, 0, 0)\" class=\"has-inline-color has-vivid-red-color\">Canal din aluminiu pentru profil LED de 10mm pentru benzi LED de 8mm<\/mark><\/a> \u2014 A bigger channel for slightly wider strips.<\/li>\n\n\n\n<li><a href=\"https:\/\/tangooled.com\/ro\/produs\/led-strip-light-channel-aluminum-profile-with-diffused-cover-6mm-height\/\"><mark style=\"background-color:rgba(0, 0, 0, 0)\" class=\"has-inline-color has-vivid-red-color\">Canal din aluminiu pentru luminile LED cu capac difuzor de 6mm \u00een\u0103l\u021bime<\/mark><\/a> \u2014 Slim profile for tight spaces.<\/li>\n\n\n\n<li><a href=\"https:\/\/tangooled.com\/ro\/produs\/black-led-profile-with-black-diffuser-for-10mm-led-strip-light\/\"><mark style=\"background-color:rgba(0, 0, 0, 0)\" class=\"has-inline-color has-vivid-red-color\">Profil LED negru cu difuzor negru pentru iluminarea benzilor LED de 10mm<\/mark><\/a> \u2014 Sleek black finish option for modern look.<\/li>\n\n\n\n<li><a href=\"https:\/\/tangooled.com\/ro\/produs\/17mm-led-strip-light-aluminum-channel-for-surface-mounting\/\"><mark style=\"background-color:rgba(0, 0, 0, 0)\" class=\"has-inline-color has-vivid-red-color\">Canal din aluminiu pentru lumini LED de 17mm pentru montaj pe suprafa\u021b\u0103<\/mark><\/a> \u2014 Wider surface mount channel for bigger projects.<\/li>\n<\/ul>\n<\/div>\n\n\n\n<p>Acest canal de lumin\u0103 LED flexibil pentru benzi LED de 8mm este u\u0219or de folosit \u0219i adaug\u0103 o lumin\u0103 frumoas\u0103 \u0219i uniform\u0103 oric\u0103rei suprafe\u021be curbe. Se potrive\u0219te bine pentru LED-urile tale \u0219i arat\u0103 uimitor \u00een orice proiect de acas\u0103 sau afaceri.<\/p>","protected":false},"featured_media":13116,"template":"","meta":{"_acf_changed":true,"_seopress_robots_primary_cat":"none","_seopress_titles_title":"Curved Diffuser Flexible LED Channel BP03 | TANGOOLED","_seopress_titles_desc":"TANGOO's BP03 is a flexible LED channel featuring a curved diffuser for shape lighting. Perfect for 8mm LED strips in curved furniture and architectural designs.","_seopress_robots_index":""},"pcb-width":[228],"product-cat":[203],"class_list":{"0":"post-45924","1":"product","2":"type-product","3":"status-publish","4":"has-post-thumbnail","6":"pcb-width-6-12mm","7":"product-cat-flexible-profile"},"acf":[],"_links":{"self":[{"href":"https:\/\/tangooled.com\/ro\/wp-json\/wp\/v2\/product\/45924","targetHints":{"allow":["GET"]}}],"collection":[{"href":"https:\/\/tangooled.com\/ro\/wp-json\/wp\/v2\/product"}],"about":[{"href":"https:\/\/tangooled.com\/ro\/wp-json\/wp\/v2\/types\/product"}],"wp:featuredmedia":[{"embeddable":true,"href":"https:\/\/tangooled.com\/ro\/wp-json\/wp\/v2\/media\/13116"}],"wp:attachment":[{"href":"https:\/\/tangooled.com\/ro\/wp-json\/wp\/v2\/media?parent=45924"}],"wp:term":[{"taxonomy":"pcb-width","embeddable":true,"href":"https:\/\/tangooled.com\/ro\/wp-json\/wp\/v2\/pcb-width?post=45924"},{"taxonomy":"product-cat","embeddable":true,"href":"https:\/\/tangooled.com\/ro\/wp-json\/wp\/v2\/product-cat?post=45924"}],"curies":[{"name":"wp","href":"https:\/\/api.w.org\/{rel}","templated":true}]}}