{"id":45250,"date":"2026-01-07T02:16:46","date_gmt":"2026-01-07T10:16:46","guid":{"rendered":"https:\/\/tangooled.com\/?post_type=product&#038;p=45250"},"modified":"2026-02-02T01:55:19","modified_gmt":"2026-02-02T09:55:19","slug":"11mm-bendable-led-light-channel-for-6mm-led-strips","status":"publish","type":"product","link":"https:\/\/tangooled.com\/ro\/produs\/11mm-bendable-led-light-channel-for-6mm-led-strips\/","title":{"rendered":"Canal de lumin\u0103 LED flexibil de 11 mm pentru benzi LED de 6 mm"},"content":{"rendered":"<div class=\"wp-block-group is-vertical is-layout-flex wp-container-core-group-is-layout-d255d7c4 wp-block-group-is-layout-flex\" style=\"padding-top:var(--wp--preset--spacing--80);padding-bottom:var(--wp--preset--spacing--80)\">\n<p>Our 11mm bendable LED light channel is made to let you create\u00a0light shaping\u00a0in any interior architectural setting. This flexible LED channel is great for standard 6mm LED strips. By utilizing this bendable channel, you can effortlessly create gentle, continuous curving light, avoiding the harsh appearance of sharp corners and rigid lines. The channel is very easy to put in because it is flexible and can fit into small spaces or around objects that are hard to reach and have a lot of curves.<br> \u00cen plus, designul asigur\u0103 o disipare excelent\u0103 a c\u0103ldurii pentru o durat\u0103 de via\u021b\u0103 mai lung\u0103. Difuzorul s\u0103u de calitate superioar\u0103 ofer\u0103 o distribuire uniform\u0103 a luminii, cre\u00e2nd un efect ambiental moale \u0219i profesional.<\/p>\n<\/div>\n\n\n\n<div class=\"wp-block-group has-background is-vertical is-layout-flex wp-container-core-group-is-layout-d255d7c4 wp-block-group-is-layout-flex\" style=\"background-color:#f1f1f1;padding-top:var(--wp--preset--spacing--80);padding-bottom:var(--wp--preset--spacing--80)\">\n<div class=\"wp-block-group is-vertical is-layout-flex wp-container-core-group-is-layout-8cf370e7 wp-block-group-is-layout-flex\">\n<h2 class=\"wp-block-heading\" style=\"padding-top:var(--wp--preset--spacing--40);padding-bottom:var(--wp--preset--spacing--40);font-size:25px;font-style:normal;font-weight:600;text-transform:capitalize\">De ce s\u0103 folose\u0219ti canalul nostru LED pliabil de 11 mm?<\/h2>\n\n\n\n<ul class=\"wp-block-list\">\n<li>Po\u021bi s\u0103-l \u00eendoie\u0219ti manual, f\u0103r\u0103 a necesita instrumente.<\/li>\n\n\n\n<li>Func\u021bioneaz\u0103 bine cu profile de band\u0103 LED sub\u021biri de 6 mm.<\/li>\n\n\n\n<li>Aluminiu puternic care r\u0103ce\u0219te rapid banda LED.<\/li>\n\n\n\n<li>The frosted cover blocks &#8220;dot&#8221; lights and lets in gentle, flowing light.<\/li>\n\n\n\n<li>Vine cu capace de cap\u0103t \u0219i cleme pentru o instalare u\u0219oar\u0103.<\/li>\n\n\n\n<li>Func\u021bioneaz\u0103 excelent pe mobilier, pere\u021bi \u0219i semne curbe.<\/li>\n<\/ul>\n<\/div>\n<\/div>\n\n\n\n<div class=\"wp-block-group is-vertical is-layout-flex wp-container-core-group-is-layout-d255d7c4 wp-block-group-is-layout-flex\" style=\"padding-top:var(--wp--preset--spacing--80);padding-bottom:var(--wp--preset--spacing--80)\">\n<hr class=\"wp-block-separator has-alpha-channel-opacity\"\/>\n\n\n\n<div class=\"wp-block-media-text has-media-on-the-right is-stacked-on-mobile\" style=\"grid-template-columns:auto 40%\"><div class=\"wp-block-media-text__content\">\n<h2 class=\"wp-block-heading\" style=\"padding-top:var(--wp--preset--spacing--40);padding-bottom:var(--wp--preset--spacing--40);font-size:25px;font-style:normal;font-weight:600;text-transform:capitalize\">Cum s\u0103 instalezi canalul t\u0103u de lumin\u0103 pliabil<\/h2>\n\n\n\n<ul class=\"wp-block-list\">\n<li>Taie canalul la lungimea dorit\u0103 folosind un feronerie cu din\u021bi fini. Pentru o t\u0103ietur\u0103 curat\u0103, \u021bine difuzorul \u00een pozi\u021bie.<\/li>\n\n\n\n<li>\u00cendoaie canalul LED pliabil de 11 mm \u00een forma dorit\u0103.<\/li>\n\n\n\n<li>Plaseaz\u0103 clemele pentru montare pe suprafa\u021b\u0103.<\/li>\n\n\n\n<li>Ataseaz\u0103 canalul la cleme \u0219i pune profile de band\u0103 LED de 6 mm \u00een interior.<\/li>\n\n\n\n<li>Pune capacul difuzor frosted deasupra.<\/li>\n\n\n\n<li>Pune capacele de cap\u0103t pentru a ar\u0103ta neat.<\/li>\n<\/ul>\n<\/div><figure class=\"wp-block-media-text__media\"><img loading=\"lazy\" decoding=\"async\" width=\"500\" height=\"500\" src=\"https:\/\/tangooled.com\/wp-content\/uploads\/2026\/01\/bp02-ins.webp\" alt=\"bp02 ins\" class=\"wp-image-46014 size-full\" srcset=\"https:\/\/tangooled.com\/wp-content\/uploads\/2026\/01\/bp02-ins.webp 500w, https:\/\/tangooled.com\/wp-content\/uploads\/2026\/01\/bp02-ins-300x300.webp 300w, https:\/\/tangooled.com\/wp-content\/uploads\/2026\/01\/bp02-ins-150x150.webp 150w\" sizes=\"auto, (max-width: 500px) 100vw, 500px\" \/><\/figure><\/div>\n<\/div>\n\n\n\n<div class=\"wp-block-group has-background is-vertical is-layout-flex wp-container-core-group-is-layout-b429018a wp-block-group-is-layout-flex\" style=\"background-color:#f1f1f1f2;padding-top:var(--wp--preset--spacing--70);padding-bottom:var(--wp--preset--spacing--70)\">\n<h2 class=\"wp-block-heading\" style=\"padding-top:var(--wp--preset--spacing--40);padding-bottom:var(--wp--preset--spacing--40);font-size:25px;font-style:normal;font-weight:600\">Excelent pentru multe utiliz\u0103ri<\/h2>\n\n\n\n<ul class=\"wp-block-list\">\n<li>Pere\u021bi curba\u021bi \u0219i arcade: Caracteristica pliabil\u0103 se potrive\u0219te perfect formelor curbate.<\/li>\n\n\n\n<li>Semne personalizate: Creeaz\u0103 semne rotunde sau \u00een forme specifice cu linii curate de lumini LED.<\/li>\n\n\n\n<li>Baruri \u0219i insule \u00een buc\u0103t\u0103rie: Se potrive\u0219te sub mese cu curbe pentru a face iluminarea mai relaxant\u0103.<\/li>\n\n\n\n<li>Rafturi \u0219i vitrine \u00een magazine: Pune lumin\u0103 moale pe expozi\u021bii \u0219i rafturi circulare.<\/li>\n\n\n\n<li>Iluminat pentru mobilier: Pune lumini pe birouri, receptii \u0219i dulapuri curbate.<\/li>\n\n\n\n<li>Lumini pentru ma\u0219ini \u0219i b\u0103rci: Func\u021bioneaz\u0103 bine pentru iluminarea \u00een spa\u021bii \u00eenguste sau curbate.<\/li>\n<\/ul>\n<\/div>\n\n\n\n<div class=\"wp-block-group is-vertical is-layout-flex wp-container-core-group-is-layout-d255d7c4 wp-block-group-is-layout-flex\" style=\"padding-top:var(--wp--preset--spacing--80);padding-bottom:var(--wp--preset--spacing--80)\">\n<h2 class=\"wp-block-heading\" style=\"padding-top:var(--wp--preset--spacing--40);padding-bottom:var(--wp--preset--spacing--40);font-size:25px;font-style:normal;font-weight:600;text-transform:capitalize\">Vezi compara\u021bia cu alte produse<\/h2>\n\n\n\n<ul class=\"wp-block-list\">\n<li><a href=\"https:\/\/tangooled.com\/ro\/produs\/25x6mm-low-profile-led-strip-channel-for-10mm-led-strip-light\/\"><mark style=\"background-color:rgba(0, 0, 0, 0)\" class=\"has-inline-color has-vivid-red-color\">Canal pentru band\u0103 LED cu profil joas\u0103 de 25x6 mm pentru lumin\u0103 LED de 10 mm<\/mark><\/a>.<\/li>\n\n\n\n<li><a href=\"https:\/\/tangooled.com\/ro\/produs\/surface-mount-led-profile-with-frosted-diffuser-for-10mm-rope-lights\/\"><mark style=\"background-color:rgba(0, 0, 0, 0)\" class=\"has-inline-color has-vivid-red-color\">Profil LED de montare pe suprafa\u021b\u0103 cu difuzor frosted pentru lumini de sfoar\u0103 de 10mm<\/mark><\/a>.<\/li>\n\n\n\n<li><a href=\"https:\/\/tangooled.com\/ro\/produs\/black-led-profile-with-black-diffuser-for-10mm-led-strip-light\/\"><mark style=\"background-color:rgba(0, 0, 0, 0)\" class=\"has-inline-color has-vivid-red-color\">Profil LED negru cu difuzor negru pentru iluminarea benzilor LED de 10mm<\/mark><\/a>.<\/li>\n<\/ul>\n<\/div>\n\n\n\n<div class=\"wp-block-group has-background is-vertical is-layout-flex wp-container-core-group-is-layout-b429018a wp-block-group-is-layout-flex\" style=\"background-color:#f1f1f1f2;padding-top:var(--wp--preset--spacing--70);padding-bottom:var(--wp--preset--spacing--70)\">\n<h2 class=\"wp-block-heading\" style=\"padding-top:var(--wp--preset--spacing--40);padding-bottom:var(--wp--preset--spacing--40);font-size:25px;font-style:normal;font-weight:600\">Rezumat<\/h2>\n\n\n\n<p style=\"padding-right:var(--wp--preset--spacing--50);padding-left:var(--wp--preset--spacing--50)\">Canalul nostru LED flexibil de 11 mm este conceput pentru benzi LED de 6 mm. Este cel mai bun canal de lumin\u0103 deoarece poate fi \u00eendoit pentru a se potrivi cu lumini curbate. Men\u021bine LED-urile tale reci, le p\u0103streaz\u0103 str\u00e2ns \u0219i ofer\u0103 o lumin\u0103 curat\u0103 \u0219i lipsit\u0103 de puncte. Poate fi t\u0103iat, \u00eendoit \u0219i montat cu u\u0219urin\u021b\u0103. Poti utiliza acest canal pentru a crea o multitudine de obiecte, cum ar fi arcade, semne rotunde, mobilier curbat, expuneri \u00een magazine, ma\u0219ini \u0219i multe altele.<\/p>\n<\/div>\n\n\n\n<p><\/p>","protected":false},"featured_media":13113,"template":"","meta":{"_acf_changed":false,"_seopress_robots_primary_cat":"none","_seopress_titles_title":"11mm Bendable LED Light Channel for 6mm Strips | TANGOOLED","_seopress_titles_desc":"Ultra-slim 11mm bendable LED light channel perfect for 6mm LED strips. Ideal for tight curves, cabinet lighting, and minimalist designs.","_seopress_robots_index":""},"pcb-width":[228],"product-cat":[203],"class_list":{"0":"post-45250","1":"product","2":"type-product","3":"status-publish","4":"has-post-thumbnail","6":"pcb-width-6-12mm","7":"product-cat-flexible-profile"},"acf":[],"_links":{"self":[{"href":"https:\/\/tangooled.com\/ro\/wp-json\/wp\/v2\/product\/45250","targetHints":{"allow":["GET"]}}],"collection":[{"href":"https:\/\/tangooled.com\/ro\/wp-json\/wp\/v2\/product"}],"about":[{"href":"https:\/\/tangooled.com\/ro\/wp-json\/wp\/v2\/types\/product"}],"wp:featuredmedia":[{"embeddable":true,"href":"https:\/\/tangooled.com\/ro\/wp-json\/wp\/v2\/media\/13113"}],"wp:attachment":[{"href":"https:\/\/tangooled.com\/ro\/wp-json\/wp\/v2\/media?parent=45250"}],"wp:term":[{"taxonomy":"pcb-width","embeddable":true,"href":"https:\/\/tangooled.com\/ro\/wp-json\/wp\/v2\/pcb-width?post=45250"},{"taxonomy":"product-cat","embeddable":true,"href":"https:\/\/tangooled.com\/ro\/wp-json\/wp\/v2\/product-cat?post=45250"}],"curies":[{"name":"wp","href":"https:\/\/api.w.org\/{rel}","templated":true}]}}