{"id":44987,"date":"2026-01-04T20:08:39","date_gmt":"2026-01-05T04:08:39","guid":{"rendered":"https:\/\/tangooled.com\/?post_type=product&#038;p=44987"},"modified":"2026-01-29T18:40:05","modified_gmt":"2026-01-30T02:40:05","slug":"surface-mount-30mm-led-diffuser-channel-for-two-led-strips","status":"publish","type":"product","link":"https:\/\/tangooled.com\/ro\/produs\/surface-mount-30mm-led-diffuser-channel-for-two-led-strips\/","title":{"rendered":"canal LED de montare pe suprafa\u021b\u0103 de 30mm pentru dou\u0103 benzi LED"},"content":{"rendered":"<div class=\"wp-block-group\" style=\"padding-top:var(--wp--preset--spacing--80);padding-bottom:var(--wp--preset--spacing--80)\"><div class=\"wp-block-group__inner-container is-layout-constrained wp-block-group-is-layout-constrained\">\n<p>Our 30mm surface LED channel for two strips has external dimensions of 34.6mm x 23.8mm and will double the effect of your lights. This high-quality aluminum profile has a 31.0mm internal width, which makes it perfect for holding two 10mm wide LED strips next to each other. It&#8217;s easy to install: just drill through the special internal groove and use screws to attach the channel directly to the surface. After it is fastened, snap on the light diffuser to make a glow that is wide, smooth, and free of dots.<br>Acest canal LED de suprafa\u021b\u0103 de 30mm pentru dou\u0103 benzi este perfect pentru buc\u0103t\u0103rii, locuri de munc\u0103 \u0219i magazine.<\/p>\n<\/div><\/div>\n\n\n\n<div class=\"wp-block-group has-background\" style=\"background-color:#f2f2f2f2;padding-top:var(--wp--preset--spacing--80);padding-bottom:var(--wp--preset--spacing--80)\"><div class=\"wp-block-group__inner-container is-layout-constrained wp-block-group-is-layout-constrained\">\n<div class=\"wp-block-group is-vertical is-layout-flex wp-container-core-group-is-layout-8cf370e7 wp-block-group-is-layout-flex\">\n<h2 class=\"wp-block-heading\" style=\"padding-top:var(--wp--preset--spacing--40);padding-bottom:var(--wp--preset--spacing--40);font-size:25px;font-style:normal;font-weight:600;text-transform:capitalize\">De ce s\u0103 alegi canalul nostru LED de suprafa\u021b\u0103 de 30mm pentru dou\u0103 benzi?<\/h2>\n\n\n\n<ul class=\"wp-block-list\">\n<li>Poate sus\u021bine dou\u0103 benzi LED de p\u00e2n\u0103 la 12mm l\u0103\u021bime.<\/li>\n\n\n\n<li>Fabricat din aluminiu anodizat robust care func\u021bioneaz\u0103 ca un radiator de c\u0103ldur\u0103.<\/li>\n\n\n\n<li>Are un difuzor din policarbonat m\u0103t\u0103sos care face ca luminile LED s\u0103 par\u0103 ca o linie delicat\u0103.<\/li>\n\n\n\n<li>Vine cu toate uneltele necesare pentru instalare, inclusiv \u0219uruburi de montare&nbsp;\u0219i capace de cap\u0103t.<\/li>\n\n\n\n<li>Perfect pentru montare pe pere\u021bi, plafoane \u0219i dulapuri.<\/li>\n\n\n\n<li>Protejeaz\u0103 benzile LED de praf \u0219i daune.<\/li>\n<\/ul>\n<\/div>\n<\/div><\/div>\n\n\n\n<div class=\"wp-block-group\" style=\"padding-top:var(--wp--preset--spacing--80);padding-bottom:var(--wp--preset--spacing--80)\"><div class=\"wp-block-group__inner-container is-layout-constrained wp-block-group-is-layout-constrained\">\n<div class=\"wp-block-media-text has-media-on-the-right is-stacked-on-mobile\" style=\"padding-top:0;padding-bottom:0;grid-template-columns:auto 40%\"><div class=\"wp-block-media-text__content\">\n<h2 class=\"wp-block-heading\" style=\"font-size:25px;font-style:normal;font-weight:600;text-transform:capitalize\">Cum s\u0103 instalezi canalul LED de suprafa\u021b\u0103 de 30mm pentru dou\u0103 benzi<\/h2>\n\n\n\n<ul class=\"wp-block-list\">\n<li>Folose\u0219te \u0219uruburi pentru a ata\u0219a canalul direct pe suprafa\u021ba&nbsp;unde dore\u0219ti.<\/li>\n\n\n\n<li>A\u0219az\u0103 dou\u0103 benzi LED \u00een canal una l\u00e2ng\u0103 alta. Verific\u0103 dac\u0103 adezivul de pe banda LED este puternic.<\/li>\n\n\n\n<li>Pentru a face lumina uniform\u0103, pune capacul difuzor.<\/li>\n\n\n\n<li>Conecteaz\u0103 benzile tale LED la driver-ul LED sau sursa de alimentare.<\/li>\n\n\n\n<li>Put on end caps to keep the ends safe and make it look like it&#8217;s done.<\/li>\n<\/ul>\n<\/div><figure class=\"wp-block-media-text__media\"><img loading=\"lazy\" decoding=\"async\" width=\"750\" height=\"750\" src=\"https:\/\/tangooled.com\/wp-content\/uploads\/2026\/01\/fp31-ins.webp\" alt=\"surface mount 30mm led diffuser channel for two led strips\" class=\"wp-image-45239 size-full\" srcset=\"https:\/\/tangooled.com\/wp-content\/uploads\/2026\/01\/fp31-ins.webp 750w, https:\/\/tangooled.com\/wp-content\/uploads\/2026\/01\/fp31-ins-300x300.webp 300w, https:\/\/tangooled.com\/wp-content\/uploads\/2026\/01\/fp31-ins-150x150.webp 150w\" sizes=\"auto, (max-width: 750px) 100vw, 750px\" \/><\/figure><\/div>\n<\/div><\/div>\n\n\n\n<div class=\"wp-block-group has-background\" style=\"background-color:#f2f2f2;padding-top:var(--wp--preset--spacing--80);padding-bottom:var(--wp--preset--spacing--80)\"><div class=\"wp-block-group__inner-container is-layout-constrained wp-block-group-is-layout-constrained\">\n<h2 class=\"wp-block-heading\" style=\"padding-top:var(--wp--preset--spacing--40);padding-bottom:var(--wp--preset--spacing--40);font-size:25px;font-style:normal;font-weight:600;text-transform:capitalize\">Func\u021bioneaz\u0103 pentru multe aplica\u021bii<\/h2>\n\n\n\n<p>Func\u021bioneaz\u0103 bine pentru multe nevoi de iluminat:<\/p>\n\n\n\n<ul class=\"wp-block-list\">\n<li>Iluminatul sub dulapurile de buc\u0103t\u0103rie<\/li>\n\n\n\n<li>Iluminat cove \u0219i arhitectural<\/li>\n\n\n\n<li>Iluminat pentru vitrine \u0219i magazine<\/li>\n\n\n\n<li>Iluminat pentru dulapuri \u0219i dressinguri<\/li>\n\n\n\n<li>Iluminare general\u0103 \u00een camer\u0103<\/li>\n<\/ul>\n<\/div><\/div>\n\n\n\n<div class=\"wp-block-group\" style=\"padding-top:var(--wp--preset--spacing--80);padding-bottom:var(--wp--preset--spacing--80)\"><div class=\"wp-block-group__inner-container is-layout-constrained wp-block-group-is-layout-constrained\">\n<h2 class=\"wp-block-heading\" style=\"padding-top:var(--wp--preset--spacing--40);padding-bottom:var(--wp--preset--spacing--40);font-size:25px;font-style:normal;font-weight:600;text-transform:capitalize\">Ce este \u00een cutie?<\/h2>\n\n\n\n<ul class=\"wp-block-list\">\n<li>Canal din Aluminiu (sec\u021biuni de 2.5m)<\/li>\n\n\n\n<li>Capac Difuzor din Policarbonat M\u0103t\u0103sos<\/li>\n\n\n\n<li>Capace de cap\u0103t (simple + cu orificiu pentru fir)<\/li>\n\n\n\n<li>\u0218uruburi de montare pentru instalare<\/li>\n<\/ul>\n<\/div><\/div>\n\n\n\n<div class=\"wp-block-group has-background\" style=\"background-color:#f2f2f2f2;padding-top:var(--wp--preset--spacing--80);padding-bottom:var(--wp--preset--spacing--80)\"><div class=\"wp-block-group__inner-container is-layout-constrained wp-block-group-is-layout-constrained\">\n<h2 class=\"wp-block-heading\" style=\"font-size:25px;font-style:normal;font-weight:600\">Produse asociate pe care s-ar putea s\u0103 le plac\u0103<\/h2>\n\n\n\n<ul class=\"wp-block-list\">\n<li><a href=\"https:\/\/tangooled.com\/ro\/produs\/black-led-diffuser-aluminum-channel-for-12mm-tape-lights\/\"><mark style=\"background-color:rgba(0, 0, 0, 0)\" class=\"has-inline-color has-vivid-red-color\">Canal din aluminiu cu difuzor LED negru pentru benzi de 12mm<\/mark><\/a> \u2013 A sleek black profile matching 12mm strips.<\/li>\n\n\n\n<li><a href=\"https:\/\/tangooled.com\/ro\/produs\/surface-mount-led-profile-with-frosted-diffuser-for-10mm-rope-lights\/\"><mark style=\"background-color:rgba(0, 0, 0, 0)\" class=\"has-inline-color has-vivid-red-color\">Profil LED de montare pe suprafa\u021b\u0103 cu difuzor satin pentru benzile de 10mm<\/mark><\/a> \u2013 Ideal for thinner rope-style LED lights.<\/li>\n\n\n\n<li><mark style=\"background-color:rgba(0, 0, 0, 0)\" class=\"has-inline-color has-vivid-red-color\"><a href=\"https:\/\/tangooled.com\/ro\/produs\/17mm-led-strip-light-aluminum-channel-for-surface-mounting\/\">Canal din aluminiu pentru band\u0103 LED de 17mm pentru montare pe suprafa\u021b\u0103<\/a> <\/mark>\u2013 A narrower surface profile for single strips.<\/li>\n<\/ul>\n\n\n\n<p>Exploreaz\u0103 mai multe solu\u021bii de iluminat \u00een <a href=\"https:\/\/tangooled.com\/ro\/led-profiles\/\"><mark style=\"background-color:rgba(0, 0, 0, 0)\" class=\"has-inline-color has-vivid-red-color\">colectia Profilurilor de Aluminiu LED<\/mark><\/a> pentru o iluminare perfect\u0103 \u0219i instal\u0103ri curate.<\/p>\n<\/div><\/div>\n\n\n\n<div class=\"wp-block-group\" style=\"padding-top:var(--wp--preset--spacing--80);padding-bottom:var(--wp--preset--spacing--80)\"><div class=\"wp-block-group__inner-container is-layout-constrained wp-block-group-is-layout-constrained\">\n<p>Canalul nostru de difuzie LED de 30mm pentru dou\u0103 benzi LED este o solu\u021bie de iluminat str\u0103lucitoare, uniform\u0103 \u0219i profesionist\u0103, care este u\u0219or de instalat \u0219i dureaz\u0103 mult timp. Folose\u0219te-l pentru iluminatul arhitectural, expunerea \u00een magazine sau iluminatul ambiental \u00een urm\u0103torul t\u0103u proiect!<\/p>\n<\/div><\/div>","protected":false},"featured_media":14014,"template":"","meta":{"_acf_changed":true,"_seopress_robots_primary_cat":"none","_seopress_titles_title":"Aluminum 30mm Surface LED Channel for Two Strips | TANGOOLED","_seopress_titles_desc":"Source the 30mm surface LED channel. This wide aluminum profile fits two LED strips for high-output lighting and superior thermal management.","_seopress_robots_index":""},"pcb-width":[229],"product-cat":[192],"class_list":{"0":"post-44987","1":"product","2":"type-product","3":"status-publish","4":"has-post-thumbnail","6":"pcb-width-15-20mm","7":"product-cat-surface-led-profile"},"acf":[],"_links":{"self":[{"href":"https:\/\/tangooled.com\/ro\/wp-json\/wp\/v2\/product\/44987","targetHints":{"allow":["GET"]}}],"collection":[{"href":"https:\/\/tangooled.com\/ro\/wp-json\/wp\/v2\/product"}],"about":[{"href":"https:\/\/tangooled.com\/ro\/wp-json\/wp\/v2\/types\/product"}],"wp:featuredmedia":[{"embeddable":true,"href":"https:\/\/tangooled.com\/ro\/wp-json\/wp\/v2\/media\/14014"}],"wp:attachment":[{"href":"https:\/\/tangooled.com\/ro\/wp-json\/wp\/v2\/media?parent=44987"}],"wp:term":[{"taxonomy":"pcb-width","embeddable":true,"href":"https:\/\/tangooled.com\/ro\/wp-json\/wp\/v2\/pcb-width?post=44987"},{"taxonomy":"product-cat","embeddable":true,"href":"https:\/\/tangooled.com\/ro\/wp-json\/wp\/v2\/product-cat?post=44987"}],"curies":[{"name":"wp","href":"https:\/\/api.w.org\/{rel}","templated":true}]}}