{"id":44985,"date":"2026-01-04T20:03:41","date_gmt":"2026-01-05T04:03:41","guid":{"rendered":"https:\/\/tangooled.com\/?post_type=product&#038;p=44985"},"modified":"2026-01-29T18:25:37","modified_gmt":"2026-01-30T02:25:37","slug":"25mm-u-shape-led-mounting-channel-for-15mm-double-row-led-strip-lights","status":"publish","type":"product","link":"https:\/\/tangooled.com\/ro\/produs\/25mm-u-shape-led-mounting-channel-for-15mm-double-row-led-strip-lights\/","title":{"rendered":"Canal de montare LED \u00een form\u0103 de U de 25mm pentru benzi LED cu dublu r\u00e2nd de 15mm"},"content":{"rendered":"<div class=\"wp-block-group\" style=\"padding-top:var(--wp--preset--spacing--80);padding-bottom:var(--wp--preset--spacing--80)\"><div class=\"wp-block-group__inner-container is-layout-constrained wp-block-group-is-layout-constrained\">\n<p>Canalul nostru LED \u00een form\u0103 de U de 25mm va face ca proiectele tale s\u0103 arate profesionist, potrivindu-se perfect \u0219i oferind cea mai mult\u0103 lumin\u0103. Acest carcas\u0103 \u00een form\u0103 de U este fabricat\u0103 din aliaj de aluminiu 6063-T5, adic\u0103 de acela\u0219i tip folosit \u00een construc\u021bia avioanelor. \u00ce\u021bi p\u0103streaz\u0103 LED-urile \u00een siguran\u021b\u0103, r\u0103coroase \u0219i protejate.<br>Canalul U&nbsp;are o l\u0103\u021bime intern\u0103 mare de 25mm, ceea ce \u00eel face ideal pentru benzi LED cu dublu r\u00e2nd de 15mm, cum ar fi 5050, 2835 sau tipurile COB. De asemenea, designul s\u0103u faciliteaz\u0103 conectarea la orice suprafa\u021b\u0103 plan\u0103. Acest canal versatil \u00ee\u0219i \u00eendepline\u0219te excelent rolul de a ascunde firele inestetice, astfel \u00eenc\u00e2t luminile tale vor ar\u0103ta foarte curate, elegante \u0219i moderne.<\/p>\n<\/div><\/div>\n\n\n\n<div class=\"wp-block-group has-background\" style=\"background-color:#f2f2f2f2;padding-top:var(--wp--preset--spacing--80);padding-bottom:var(--wp--preset--spacing--80)\"><div class=\"wp-block-group__inner-container is-layout-constrained wp-block-group-is-layout-constrained\">\n<div class=\"wp-block-group is-vertical is-layout-flex wp-container-core-group-is-layout-8cf370e7 wp-block-group-is-layout-flex\">\n<h2 class=\"wp-block-heading\" style=\"padding-top:var(--wp--preset--spacing--40);padding-bottom:var(--wp--preset--spacing--40);font-size:25px;font-style:normal;font-weight:600;text-transform:capitalize\">De ce s\u0103 alegi acest canal LED \u00een form\u0103 de U de 25mm?<\/h2>\n\n\n\n<ul class=\"wp-block-list\">\n<li>Func\u021bioneaz\u0103 cu benzi late cu dublu r\u00e2nd: Acesta este ideal pentru mai multe&nbsp;lumini LED&nbsp;\u0219i benzi LED cu dublu r\u00e2nd.<\/li>\n\n\n\n<li>Lumin\u0103 uniform\u0103 cu difuzor: Difuzorul mat inclus face ca luminile tale LED s\u0103 str\u0103luceasc\u0103 uniform, f\u0103r\u0103 zone intense.<\/li>\n\n\n\n<li>Protejeaz\u0103 \u0219i r\u0103ce\u0219te: Aluminiul este un bun radiator. \u00cempiedic\u0103 LED-urile s\u0103 se supra\u00eenc\u0103lzeasc\u0103 \u0219i le prelunge\u0219te durata de via\u021b\u0103.<\/li>\n\n\n\n<li>Kit complet: Vine cu canalul din aluminiu, capacul difuzor, clipsuri de montare \u0219i capace de \u00eenchidere cu \u0219i f\u0103r\u0103 g\u0103uri pentru fire.<\/li>\n\n\n\n<li>Simplu de instalat: Po\u021bi folosi clipsurile sau banda inclus\u0103 pentru a-l fixa pe orice suprafa\u021b\u0103, inclusiv pe un raft de dulap, sub un cabinet sau pe rafturi de expunere.<\/li>\n<\/ul>\n<\/div>\n<\/div><\/div>\n\n\n\n<div class=\"wp-block-group\" style=\"padding-top:var(--wp--preset--spacing--80);padding-bottom:var(--wp--preset--spacing--80)\"><div class=\"wp-block-group__inner-container is-layout-constrained wp-block-group-is-layout-constrained\">\n<div class=\"wp-block-media-text has-media-on-the-right is-stacked-on-mobile\" style=\"padding-top:0;padding-bottom:0;grid-template-columns:auto 40%\"><div class=\"wp-block-media-text__content\">\n<h2 class=\"wp-block-heading\" style=\"font-size:25px;font-style:normal;font-weight:600;text-transform:capitalize\">Cum se folose\u0219te canalul LED \u00een form\u0103 de U de 25mm?<\/h2>\n\n\n\n<ul class=\"wp-block-list\">\n<li>Coupeaz\u0103 la dimensiune: Folose\u0219te un feronerie pentru a ob\u021bine lungimea dorit\u0103.<\/li>\n\n\n\n<li>Ata\u0219eaz\u0103 clipsurile: Folose\u0219te \u0219uruburi sau band\u0103 pentru a fixa clipsurile de montare din o\u021bel pe suprafa\u021ba ta.<\/li>\n\n\n\n<li>Introdu banda LED: Pune banda ta LED cu dublu r\u00e2nd&nbsp;\u00een\u0103untru.<\/li>\n\n\n\n<li>Ata\u0219eaz\u0103 difuzorul: Folose\u0219te lentila mat\u0103 pentru a o acoperi \u0219i a face lumina uniform\u0103 \u0219i f\u0103r\u0103 puncte.<\/li>\n\n\n\n<li>Pune capacele de \u00eenchidere: \u00cenchide ambele capete, unul cu o gaur\u0103 pentru fire \u0219i unul solid.<\/li>\n<\/ul>\n<\/div><figure class=\"wp-block-media-text__media\"><img loading=\"lazy\" decoding=\"async\" width=\"500\" height=\"500\" src=\"https:\/\/tangooled.com\/wp-content\/uploads\/2026\/01\/fp25-ins.webp\" alt=\"25mm u shape led mounting channel for 15mm double row led strip lights\" class=\"wp-image-45238 size-full\" srcset=\"https:\/\/tangooled.com\/wp-content\/uploads\/2026\/01\/fp25-ins.webp 500w, https:\/\/tangooled.com\/wp-content\/uploads\/2026\/01\/fp25-ins-300x300.webp 300w, https:\/\/tangooled.com\/wp-content\/uploads\/2026\/01\/fp25-ins-150x150.webp 150w\" sizes=\"auto, (max-width: 500px) 100vw, 500px\" \/><\/figure><\/div>\n<\/div><\/div>\n\n\n\n<div class=\"wp-block-group has-background\" style=\"background-color:#f2f2f2;padding-top:var(--wp--preset--spacing--80);padding-bottom:var(--wp--preset--spacing--80)\"><div class=\"wp-block-group__inner-container is-layout-constrained wp-block-group-is-layout-constrained\">\n<h2 class=\"wp-block-heading\" style=\"padding-top:var(--wp--preset--spacing--40);padding-bottom:var(--wp--preset--spacing--40);font-size:25px;font-style:normal;font-weight:600;text-transform:capitalize\">Utiliz\u0103ri comune pentru canalul de montaj LED \u00een form\u0103 de U de 25mm<\/h2>\n\n\n\n<ul class=\"wp-block-list\">\n<li>Iluminare sub cabinete: Amplific\u0103 lumina din buc\u0103t\u0103rii, locuri de munc\u0103 sau dulapuri.<\/li>\n\n\n\n<li>Iluminare pentru expunerea \u00een comer\u021b: Ilumineaz\u0103 rafturile, dulapurile \u0219i vitrinele.<\/li>\n\n\n\n<li>Iluminare arhitectural\u0103 \u00een ni\u0219e: Folose\u0219te profile LED liniare pentru efecte ambientale.<\/li>\n\n\n\n<li>Iluminare pentru birou \u0219i atelier: iluminare de lucru str\u0103lucitoare \u0219i curat\u0103.<\/li>\n\n\n\n<li>Barele de lumin\u0103 DIY: Creeaz\u0103 propriile profila din aluminiu&nbsp;care se ata\u0219eaz\u0103 pe o suprafa\u021b\u0103 plan\u0103.<\/li>\n\n\n\n<li>Dulapuri \u0219i biblioteci: Folose\u0219te iluminatul neted de raft pentru a eviden\u021bia lucrurile tale.<\/li>\n<\/ul>\n<\/div><\/div>\n\n\n\n<div class=\"wp-block-group\" style=\"padding-top:var(--wp--preset--spacing--80);padding-bottom:var(--wp--preset--spacing--80)\"><div class=\"wp-block-group__inner-container is-layout-constrained wp-block-group-is-layout-constrained\">\n<h2 class=\"wp-block-heading\" style=\"padding-top:var(--wp--preset--spacing--40);padding-bottom:var(--wp--preset--spacing--40);font-size:25px;font-style:normal;font-weight:600;text-transform:capitalize\">Produse conexe<\/h2>\n\n\n\n<ul class=\"wp-block-list\">\n<li>Verific\u0103 acest <a href=\"https:\/\/tangooled.com\/ro\/produs\/black-aluminum-u-channel-profile-for-10mm-led-strips\/\"><mark style=\"background-color:rgba(0, 0, 0, 0)\" class=\"has-inline-color has-vivid-red-color\">Canal U din aluminiu negru pentru benzi LED de 10mm<\/mark><\/a> pentru aplica\u021bii LED mai sub\u021biri.<\/li>\n\n\n\n<li>R\u0103sfoie\u0219te la noi <a href=\"https:\/\/tangooled.com\/ro\/produs\/22x15mm-led-light-channel-aluminum-extrusion-for-flexible-strips\/\"><mark style=\"background-color:rgba(0, 0, 0, 0)\" class=\"has-inline-color has-vivid-red-color\">Extrudare din aluminiu pentru canale de lumin\u0103 LED de 22x15mm pentru benzi flexibile<\/mark><\/a> dac\u0103 ai nevoie de op\u021biuni pentru alte l\u0103\u021bimi.<\/li>\n\n\n\n<li>Dac\u0103 vrei o instala\u021bie cu profil jos, vezi <a href=\"https:\/\/tangooled.com\/ro\/produs\/25x6mm-low-profile-led-strip-channel-for-10mm-led-strip-light\/\"><mark style=\"background-color:rgba(0, 0, 0, 0)\" class=\"has-inline-color has-vivid-red-color\">Canal LED cu profil joas\u0103 de 25x6mm pentru band\u0103 LED de 10mm<\/mark><\/a>.<\/li>\n\n\n\n<li>Afl\u0103 mai multe despre <a href=\"https:\/\/tangooled.com\/ro\/produs\/led-strip-light-channel-aluminum-profile-with-diffused-cover-6mm-height\/\"><mark style=\"background-color:rgba(0, 0, 0, 0)\" class=\"has-inline-color has-vivid-red-color\">Canal din aluminiu pentru luminile LED cu capac difuzor de 6mm \u00een\u0103l\u021bime<\/mark><\/a>.<\/li>\n<\/ul>\n<\/div><\/div>\n\n\n\n<div class=\"wp-block-group has-background\" style=\"background-color:#f2f2f2f2;padding-top:var(--wp--preset--spacing--80);padding-bottom:var(--wp--preset--spacing--80)\"><div class=\"wp-block-group__inner-container is-layout-constrained wp-block-group-is-layout-constrained\">\n<p style=\"padding-right:var(--wp--preset--spacing--50);padding-left:var(--wp--preset--spacing--50)\">Canalul LED \u00een form\u0103 de U de 25mm este&nbsp;o profil\u0103 de montaj LED pentru suprafa\u021b\u0103 \u0219i destinat s\u0103 dureze. Ofer\u0103 o lumin\u0103 liniar\u0103 LED rece, rezistent\u0103 la praf. Po\u021bi folosi acest lucru \u00een buc\u0103t\u0103rii, locuri de munc\u0103 sau \u00een orice alt\u0103 iluminare arhitectural\u0103 pe care o alegi.<\/p>\n<\/div><\/div>\n\n\n\n<p><\/p>","protected":false},"featured_media":14010,"template":"","meta":{"_acf_changed":true,"_seopress_robots_primary_cat":"none","_seopress_titles_title":"Aluminum 25mm U Shape LED Channel For Strip Lights | TANGOOLED","_seopress_titles_desc":"Source the 25mm U shape LED channel profile for strip lights. It fits 15mm double row LED strips, providing high brightness and professional heat dissipation.","_seopress_robots_index":""},"pcb-width":[229],"product-cat":[192],"class_list":{"0":"post-44985","1":"product","2":"type-product","3":"status-publish","4":"has-post-thumbnail","6":"pcb-width-15-20mm","7":"product-cat-surface-led-profile"},"acf":[],"_links":{"self":[{"href":"https:\/\/tangooled.com\/ro\/wp-json\/wp\/v2\/product\/44985","targetHints":{"allow":["GET"]}}],"collection":[{"href":"https:\/\/tangooled.com\/ro\/wp-json\/wp\/v2\/product"}],"about":[{"href":"https:\/\/tangooled.com\/ro\/wp-json\/wp\/v2\/types\/product"}],"wp:featuredmedia":[{"embeddable":true,"href":"https:\/\/tangooled.com\/ro\/wp-json\/wp\/v2\/media\/14010"}],"wp:attachment":[{"href":"https:\/\/tangooled.com\/ro\/wp-json\/wp\/v2\/media?parent=44985"}],"wp:term":[{"taxonomy":"pcb-width","embeddable":true,"href":"https:\/\/tangooled.com\/ro\/wp-json\/wp\/v2\/pcb-width?post=44985"},{"taxonomy":"product-cat","embeddable":true,"href":"https:\/\/tangooled.com\/ro\/wp-json\/wp\/v2\/product-cat?post=44985"}],"curies":[{"name":"wp","href":"https:\/\/api.w.org\/{rel}","templated":true}]}}