{"id":44983,"date":"2026-01-04T20:01:16","date_gmt":"2026-01-05T04:01:16","guid":{"rendered":"https:\/\/tangooled.com\/?post_type=product&#038;p=44983"},"modified":"2026-01-21T18:58:02","modified_gmt":"2026-01-22T02:58:02","slug":"22mm-surface-led-aluminum-strip-channel-with-opal-diffuser","status":"publish","type":"product","link":"https:\/\/tangooled.com\/ro\/produs\/22mm-surface-led-aluminum-strip-channel-with-opal-diffuser\/","title":{"rendered":"Canal din aluminiu LED de 22 mm cu difuzor opal pentru montare pe suprafa\u021b\u0103"},"content":{"rendered":"<div class=\"wp-block-group\" style=\"padding-top:var(--wp--preset--spacing--80);padding-bottom:var(--wp--preset--spacing--80)\"><div class=\"wp-block-group__inner-container is-layout-constrained wp-block-group-is-layout-constrained\">\n<p>The 22mm surface mount LED channel channel is a high-performance solution\u00a0that can improve your lighting projects. Featuring external dimensions of 22.2mm x 23.3mm, this robust aluminum profile offers a generous 19.6mm internal width, making it the ideal housing for LED strips ranging from 10mm to 15mm wide. It installs easily on any flat surface using secure clips and end caps, while its aluminum construction provides excellent heat dissipation to ensure longevity. When paired with a high-quality opal diffuser, it delivers smooth, dot-free illumination for a professional, modern finish.<\/p>\n<\/div><\/div>\n\n\n\n<div class=\"wp-block-group has-background\" style=\"background-color:#f2f2f2f2;padding-top:var(--wp--preset--spacing--80);padding-bottom:var(--wp--preset--spacing--80)\"><div class=\"wp-block-group__inner-container is-layout-constrained wp-block-group-is-layout-constrained\">\n<div class=\"wp-block-group is-vertical is-layout-flex wp-container-core-group-is-layout-8cf370e7 wp-block-group-is-layout-flex\">\n<h2 class=\"wp-block-heading\" style=\"padding-top:var(--wp--preset--spacing--40);padding-bottom:var(--wp--preset--spacing--40);font-size:25px;font-style:normal;font-weight:600;text-transform:capitalize\">De ce s\u0103 alegi canalul nostru LED de 22 mm pentru montare pe suprafa\u021b\u0103?<\/h2>\n\n\n\n<ul class=\"wp-block-list\">\n<li>Strong aluminum housing made from6063-T5 anodized aluminum for better heat control and protection of\u00a0LED strips.<\/li>\n\n\n\n<li>Difuzorul din policarbonat opal \u00eenmoaie \u0219i disperseaz\u0103 lumina uniform, f\u0103c\u00e2nd-o neted\u0103 \u0219i uniform\u0103.<\/li>\n\n\n\n<li>Simplu de instalat folosind clipsuri de montare care permit amplasarea pe dulapuri, rafturi, pere\u021bi \u0219i alte suprafe\u021be plate.<\/li>\n\n\n\n<li>Un stil arhitectural larg, care func\u021bioneaz\u0103 cu multe tipuri diferite de benzi LED, cum ar fi 2835, 5050, 5630 \u0219i benzi LED cu dou\u0103 r\u00e2nduri.<\/li>\n<\/ul>\n<\/div>\n<\/div><\/div>\n\n\n\n<div class=\"wp-block-group\" style=\"padding-top:var(--wp--preset--spacing--80);padding-bottom:var(--wp--preset--spacing--80)\"><div class=\"wp-block-group__inner-container is-layout-constrained wp-block-group-is-layout-constrained\">\n<div class=\"wp-block-media-text has-media-on-the-right is-stacked-on-mobile\" style=\"padding-top:0;padding-bottom:0;grid-template-columns:auto 40%\"><div class=\"wp-block-media-text__content\">\n<h2 class=\"wp-block-heading\" style=\"font-size:25px;font-style:normal;font-weight:600;text-transform:capitalize\">Patru pa\u0219i pentru o instalare u\u0219oar\u0103<\/h2>\n\n\n\n<ul class=\"wp-block-list\">\n<li>Fixeaz\u0103 clipsurile de montare pe suprafa\u021ba ta cu \u0219uruburi.<\/li>\n\n\n\n<li>Introdu banda ta LED \u00een canalul din aluminiu montat pe suprafa\u021b\u0103 de 22 mm.<\/li>\n\n\n\n<li>Pune canalul din aluminiu \u00een clipsurile de montare \u0219i fixeaz\u0103-l.<\/li>\n\n\n\n<li>Pune difuzorul opal deasupra pentru a ascunde banda LED.<\/li>\n<\/ul>\n<\/div><figure class=\"wp-block-media-text__media\"><img loading=\"lazy\" decoding=\"async\" width=\"500\" height=\"500\" src=\"https:\/\/tangooled.com\/wp-content\/uploads\/2026\/01\/fp22-ins.webp\" alt=\"Canal din aluminiu LED de 22 mm cu difuzor opal pentru montare pe suprafa\u021b\u0103\" class=\"wp-image-45234 size-full\" srcset=\"https:\/\/tangooled.com\/wp-content\/uploads\/2026\/01\/fp22-ins.webp 500w, https:\/\/tangooled.com\/wp-content\/uploads\/2026\/01\/fp22-ins-300x300.webp 300w, https:\/\/tangooled.com\/wp-content\/uploads\/2026\/01\/fp22-ins-150x150.webp 150w\" sizes=\"auto, (max-width: 500px) 100vw, 500px\" \/><\/figure><\/div>\n<\/div><\/div>\n\n\n\n<div class=\"wp-block-group has-background\" style=\"background-color:#f2f2f2;padding-top:var(--wp--preset--spacing--80);padding-bottom:var(--wp--preset--spacing--80)\"><div class=\"wp-block-group__inner-container is-layout-constrained wp-block-group-is-layout-constrained\">\n<h2 class=\"wp-block-heading\" style=\"padding-top:var(--wp--preset--spacing--40);padding-bottom:var(--wp--preset--spacing--40);font-size:25px;font-style:normal;font-weight:600;text-transform:capitalize\">Unde s\u0103 folose\u0219ti<\/h2>\n\n\n\n<p>Acest profil LED pentru montare pe suprafa\u021b\u0103 este perfect pentru:<\/p>\n\n\n\n<ul class=\"wp-block-list\">\n<li>Iluminat sub dulapuri \u00een buc\u0103t\u0103rii pentru a face suprafe\u021bele de lucru luminoase \u0219i f\u0103r\u0103 orbire.<\/li>\n\n\n\n<li>Iluminatul accentuat confer\u0103 un aspect modern living-urilor sau birourilor.<\/li>\n\n\n\n<li>Cazuri de expunere \u0219i rafturi \u00een magazine care folosesc iluminat rafinat pentru a atrage aten\u021bia asupra m\u0103rfurilor.<\/li>\n\n\n\n<li>Containere de depozitare, dulapuri \u0219i dressinguri pentru o lumin\u0103 bl\u00e2nd\u0103 \u0219i curat\u0103.<\/li>\n\n\n\n<li>L\u0103mpi de perete arhitecturale \u0219i l\u0103mpi de accent pe tavan pentru a stabili atmosfera.<\/li>\n\n\n\n<li>Iluminat pentru birouri \u0219i ateliere \u00een set\u0103ri profesionale.<\/li>\n<\/ul>\n<\/div><\/div>\n\n\n\n<div class=\"wp-block-group\" style=\"padding-top:var(--wp--preset--spacing--80);padding-bottom:var(--wp--preset--spacing--80)\"><div class=\"wp-block-group__inner-container is-layout-constrained wp-block-group-is-layout-constrained\">\n<h2 class=\"wp-block-heading\" style=\"padding-top:var(--wp--preset--spacing--40);padding-bottom:var(--wp--preset--spacing--40);font-size:25px;font-style:normal;font-weight:600;text-transform:capitalize\">Produse conexe de la Tangooled care s-ar putea s\u0103 \u00ee\u021bi plac\u0103<\/h2>\n\n\n\n<ul class=\"wp-block-list\">\n<li><a href=\"https:\/\/tangooled.com\/ro\/produs\/black-led-diffuser-aluminum-channel-for-12mm-tape-lights\/\"><mark style=\"background-color:rgba(0, 0, 0, 0)\" class=\"has-inline-color has-vivid-red-color\">Canal din aluminiu pentru difuzor LED negru, pentru lumini cu band\u0103 de 12 mm<\/mark><\/a><\/li>\n\n\n\n<li><a href=\"https:\/\/tangooled.com\/ro\/produs\/surface-mount-led-profile-with-frosted-diffuser-for-10mm-rope-lights\/\"><mark style=\"background-color:rgba(0, 0, 0, 0)\" class=\"has-inline-color has-vivid-red-color\">Profil LED de montare pe suprafa\u021b\u0103 cu difuzor frosted pentru lumini de sfoar\u0103 de 10mm<\/mark><\/a><\/li>\n\n\n\n<li><a href=\"https:\/\/tangooled.com\/ro\/produs\/25x14m-surface-mounted-led-light-aluminum-profile\/\"><mark style=\"background-color:rgba(0, 0, 0, 0)\" class=\"has-inline-color has-vivid-red-color\">Profil din aluminiu pentru lumin\u0103 LED montat pe suprafa\u021b\u0103 de 25x14m<\/mark><\/a><\/li>\n\n\n\n<li><a href=\"https:\/\/tangooled.com\/ro\/produs\/18x9mm-led-tape-light-profile-for-surface-installation\/\"><mark style=\"background-color:rgba(0, 0, 0, 0)\" class=\"has-inline-color has-vivid-red-color\">Profil pentru lumina LED cu band\u0103 de 18x9mm pentru instalare pe suprafa\u021b\u0103<\/mark><\/a><\/li>\n\n\n\n<li><a href=\"https:\/\/tangooled.com\/ro\/produs\/22x15mm-led-light-channel-aluminum-extrusion-for-flexible-strips\/\"><mark style=\"background-color:rgba(0, 0, 0, 0)\" class=\"has-inline-color has-vivid-red-color\">Extrudare din aluminiu pentru canale de lumin\u0103 LED de 22x15mm pentru benzi flexibile<\/mark><\/a><\/li>\n<\/ul>\n<\/div><\/div>\n\n\n\n<p><\/p>","protected":false},"featured_media":14004,"template":"","meta":{"_acf_changed":true,"_seopress_robots_primary_cat":"none","_seopress_titles_title":"Aluminum 22mm Surface Mount LED Channel For Strips | TANGOOLED","_seopress_titles_desc":"Source the 22mm surface mount LED channel for strip light. Features an opal diffuser for soft, dot-free lighting. Durable aluminum extrusion for professional projects.","_seopress_robots_index":""},"pcb-width":[228],"product-cat":[192],"class_list":{"0":"post-44983","1":"product","2":"type-product","3":"status-publish","4":"has-post-thumbnail","6":"pcb-width-6-12mm","7":"product-cat-surface-led-profile"},"acf":[],"_links":{"self":[{"href":"https:\/\/tangooled.com\/ro\/wp-json\/wp\/v2\/product\/44983","targetHints":{"allow":["GET"]}}],"collection":[{"href":"https:\/\/tangooled.com\/ro\/wp-json\/wp\/v2\/product"}],"about":[{"href":"https:\/\/tangooled.com\/ro\/wp-json\/wp\/v2\/types\/product"}],"wp:featuredmedia":[{"embeddable":true,"href":"https:\/\/tangooled.com\/ro\/wp-json\/wp\/v2\/media\/14004"}],"wp:attachment":[{"href":"https:\/\/tangooled.com\/ro\/wp-json\/wp\/v2\/media?parent=44983"}],"wp:term":[{"taxonomy":"pcb-width","embeddable":true,"href":"https:\/\/tangooled.com\/ro\/wp-json\/wp\/v2\/pcb-width?post=44983"},{"taxonomy":"product-cat","embeddable":true,"href":"https:\/\/tangooled.com\/ro\/wp-json\/wp\/v2\/product-cat?post=44983"}],"curies":[{"name":"wp","href":"https:\/\/api.w.org\/{rel}","templated":true}]}}