{"id":44979,"date":"2026-01-04T19:51:09","date_gmt":"2026-01-05T03:51:09","guid":{"rendered":"https:\/\/tangooled.com\/?post_type=product&#038;p=44979"},"modified":"2026-01-21T23:55:22","modified_gmt":"2026-01-22T07:55:22","slug":"22x10mm-led-profile-light-channel-for-15mm-flexible-led-strips","status":"publish","type":"product","link":"https:\/\/tangooled.com\/ro\/produs\/22x10mm-led-profile-light-channel-for-15mm-flexible-led-strips\/","title":{"rendered":"Canal de lumin\u0103 LED 22x10mm pentru benzi LED flexibile de 15mm"},"content":{"rendered":"<div class=\"wp-block-group\" style=\"padding-top:var(--wp--preset--spacing--80);padding-bottom:var(--wp--preset--spacing--80)\"><div class=\"wp-block-group__inner-container is-layout-constrained wp-block-group-is-layout-constrained\">\n<p>Canalul nostru LED de 22x10mm este un housing excelent pentru benzile LED flexibile de 15mm. Cu o l\u0103\u021bime exterioar\u0103 de 22mm \u0219i o \u00een\u0103l\u021bime de 10mm, ofer\u0103 o protec\u021bie puternic\u0103, o disipare mai bun\u0103 a c\u0103ldurii \u0219i o difuzare a luminii neted\u0103, f\u0103r\u0103 puncte. Acest canal LED va face ca benzile tale de lumin\u0103 LED s\u0103 arate curat \u0219i profesional, \u00eembun\u0103t\u0103\u021bind \u0219i func\u021bionarea lor \u0219i extinz\u00e2nd durata de via\u021b\u0103.<\/p>\n<\/div><\/div>\n\n\n\n<div class=\"wp-block-group has-background\" style=\"background-color:#f2f2f2f2;padding-top:var(--wp--preset--spacing--80);padding-bottom:var(--wp--preset--spacing--80)\"><div class=\"wp-block-group__inner-container is-layout-constrained wp-block-group-is-layout-constrained\">\n<div class=\"wp-block-group is-vertical is-layout-flex wp-container-core-group-is-layout-8cf370e7 wp-block-group-is-layout-flex\">\n<h2 class=\"wp-block-heading\" style=\"padding-top:var(--wp--preset--spacing--40);padding-bottom:var(--wp--preset--spacing--40);font-size:25px;font-style:normal;font-weight:600;text-transform:capitalize\">De ce s\u0103 alegi canalul nostru LED de 22x10mm?<\/h2>\n\n\n\n<ul class=\"wp-block-list\">\n<li>Func\u021bioneaz\u0103 cu benzile LED de 15mm l\u0103\u021bime, cum ar fi Philips Hue, COB, SMD, RGBW \u0219i altele.<\/li>\n\n\n\n<li>Fabricat din aluminiu anodizat 6063-T5 pentru o disipare excelent\u0103 a c\u0103ldurii.<\/li>\n\n\n\n<li>Dotat cu difuzoare din policarbonat opalescent sau clar care fac lumina neted\u0103.<\/li>\n\n\n\n<li>Instalare u\u0219oar\u0103 pe suprafa\u021b\u0103 cu clipsuri metalice de montare.<\/li>\n\n\n\n<li>Disponibil \u00een finisaje argintii, negre \u0219i albe.<\/li>\n\n\n\n<li>Disponibil \u00een lungimi de 1m, 2m \u0219i 3m pentru dimensiuni flexibile ale proiectelor.<\/li>\n<\/ul>\n<\/div>\n<\/div><\/div>\n\n\n\n<div class=\"wp-block-group\" style=\"padding-top:var(--wp--preset--spacing--80);padding-bottom:var(--wp--preset--spacing--80)\"><div class=\"wp-block-group__inner-container is-layout-constrained wp-block-group-is-layout-constrained\">\n<div class=\"wp-block-media-text has-media-on-the-right is-stacked-on-mobile\" style=\"padding-top:0;padding-bottom:0;grid-template-columns:auto 40%\"><div class=\"wp-block-media-text__content\">\n<h2 class=\"wp-block-heading\" style=\"padding-top:var(--wp--preset--spacing--40);padding-bottom:var(--wp--preset--spacing--40);font-size:25px;font-style:normal;font-weight:600;text-transform:capitalize\">Ce con\u021bine pachetul<\/h2>\n\n\n\n<p>Fiecare kit vine cu un canal din aluminiu de 22x10mm \u0219i un difuzor din policarbonat \u00een stilul ales de tine (opal, opalescent sau clar).<\/p>\n\n\n\n<ul class=\"wp-block-list\">\n<li>2 clipsuri metalice de montare pentru fiecare metru.&nbsp;<\/li>\n\n\n\n<li>2 capace de cap\u0103t (unul cu un orificiu pentru fir \u0219i unul solid pentru un aspect curat).<\/li>\n<\/ul>\n<\/div><figure class=\"wp-block-media-text__media\"><img loading=\"lazy\" decoding=\"async\" width=\"500\" height=\"500\" src=\"https:\/\/tangooled.com\/wp-content\/uploads\/2026\/01\/fp20a-ins.webp\" alt=\"22x10mm led profile light channel for 15mm flexible led strips\" class=\"wp-image-45228 size-full\" srcset=\"https:\/\/tangooled.com\/wp-content\/uploads\/2026\/01\/fp20a-ins.webp 500w, https:\/\/tangooled.com\/wp-content\/uploads\/2026\/01\/fp20a-ins-300x300.webp 300w, https:\/\/tangooled.com\/wp-content\/uploads\/2026\/01\/fp20a-ins-150x150.webp 150w\" sizes=\"auto, (max-width: 500px) 100vw, 500px\" \/><\/figure><\/div>\n<\/div><\/div>\n\n\n\n<div class=\"wp-block-group has-background\" style=\"background-color:#f2f2f2;padding-top:var(--wp--preset--spacing--80);padding-bottom:var(--wp--preset--spacing--80)\"><div class=\"wp-block-group__inner-container is-layout-constrained wp-block-group-is-layout-constrained\">\n<h2 class=\"wp-block-heading\" style=\"padding-top:var(--wp--preset--spacing--40);padding-bottom:var(--wp--preset--spacing--40);font-size:25px;font-style:normal;font-weight:600;text-transform:capitalize\">Cum s\u0103 folose\u0219ti canalul de lumin\u0103 LED de 22x10mm<\/h2>\n\n\n\n<p>Acest canal de lumin\u0103 de 22x10mm este excelent pentru multe proiecte de iluminat:<\/p>\n\n\n\n<ul class=\"wp-block-list\">\n<li>Iluminat sub dulap: ilumineaz\u0103 uniform \u0219i str\u0103lucitor suprafe\u021bele de lucru f\u0103r\u0103 umbre sau reflec\u021bii.<\/li>\n\n\n\n<li>Iluminat pentru arhitectur\u0103: adaug\u0103 linii moderne \u0219i accente casei sau biroului.<\/li>\n\n\n\n<li>Rafturi pentru expunerea produselor: folose\u0219te un iluminat curat \u0219i uniform pentru a atrage aten\u021bia asupra m\u0103rfii.<\/li>\n\n\n\n<li>Iluminat general de lucru: perfect pentru bare de lumin\u0103 pe mese, sta\u021bii de lucru \u0219i spa\u021bii de lucru.<\/li>\n<\/ul>\n<\/div><\/div>\n\n\n\n<div class=\"wp-block-group\" style=\"padding-top:var(--wp--preset--spacing--80);padding-bottom:var(--wp--preset--spacing--80)\"><div class=\"wp-block-group__inner-container is-layout-constrained wp-block-group-is-layout-constrained\">\n<h2 class=\"wp-block-heading\" style=\"padding-top:var(--wp--preset--spacing--40);padding-bottom:var(--wp--preset--spacing--40);font-size:25px;font-style:normal;font-weight:600;text-transform:capitalize\">Verific\u0103 alte profile compatibile<\/h2>\n\n\n\n<ul class=\"wp-block-list\">\n<li><a href=\"https:\/\/tangooled.com\/ro\/produs\/black-led-profile-with-black-diffuser-for-10mm-led-strip-light\/\"><mark style=\"background-color:rgba(0, 0, 0, 0)\" class=\"has-inline-color has-vivid-red-color\">Profil LED negru cu difuzor negru pentru banda LED de 10mm<\/mark><\/a><\/li>\n\n\n\n<li><a href=\"https:\/\/tangooled.com\/ro\/produs\/led-strip-light-channel-aluminum-profile-with-diffused-cover-6mm-height\/\"><mark style=\"background-color:rgba(0, 0, 0, 0)\" class=\"has-inline-color has-vivid-red-color\">Profil din aluminiu pentru benzi LED cu capac difuzor de 6mm \u00een\u0103l\u021bime<\/mark><\/a><\/li>\n\n\n\n<li><a href=\"https:\/\/tangooled.com\/ro\/produs\/surface-mount-led-profile-with-frosted-diffuser-for-10mm-rope-lights\/\"><mark style=\"background-color:rgba(0, 0, 0, 0)\" class=\"has-inline-color has-vivid-red-color\">Profil LED de montare pe suprafa\u021b\u0103 cu difuzor satin pentru benzile de 10mm<\/mark><\/a><\/li>\n<\/ul>\n<\/div><\/div>\n\n\n\n<div class=\"wp-block-group has-background\" style=\"background-color:#f2f2f2f2;padding-top:var(--wp--preset--spacing--80);padding-bottom:var(--wp--preset--spacing--80)\"><div class=\"wp-block-group__inner-container is-layout-constrained wp-block-group-is-layout-constrained\">\n<h2 class=\"wp-block-heading\" style=\"padding-top:var(--wp--preset--spacing--40);padding-bottom:var(--wp--preset--spacing--40);font-size:25px;font-style:normal;font-weight:600;text-transform:capitalize\">rezumat<\/h2>\n\n\n\n<p style=\"padding-right:var(--wp--preset--spacing--50);padding-left:var(--wp--preset--spacing--50)\">Canalul luminos LED de 22x10mm pentru benzile LED flexibile de 15mm este o alternativ\u0103 inteligent\u0103 \u0219i util\u0103 pentru oricine are nevoie de un housing LED profesional \u0219i durabil. Acest sistem de profil din aluminiu transform\u0103 o band\u0103 LED \u00eentr-o surs\u0103 de lumin\u0103 frumoas\u0103 \u0219i de lung\u0103 durat\u0103. Ofer\u0103 protec\u021bie \u00eempotriva prafului \u0219i c\u0103ldurii.<\/p>\n<\/div><\/div>\n\n\n\n<p><\/p>","protected":false},"featured_media":13990,"template":"","meta":{"_acf_changed":true,"_seopress_robots_primary_cat":"none","_seopress_titles_title":"Aluminum 22x10mm LED Profile Light Channel | TANGOOLED","_seopress_titles_desc":"Source the 22x10mm LED profile light channel. Designed for 15mm wide flexible LED strips, this aluminum housing offers superior heat dissipation for high-output lighting.","_seopress_robots_index":""},"pcb-width":[229],"product-cat":[192],"class_list":{"0":"post-44979","1":"product","2":"type-product","3":"status-publish","4":"has-post-thumbnail","6":"pcb-width-15-20mm","7":"product-cat-surface-led-profile"},"acf":[],"_links":{"self":[{"href":"https:\/\/tangooled.com\/ro\/wp-json\/wp\/v2\/product\/44979","targetHints":{"allow":["GET"]}}],"collection":[{"href":"https:\/\/tangooled.com\/ro\/wp-json\/wp\/v2\/product"}],"about":[{"href":"https:\/\/tangooled.com\/ro\/wp-json\/wp\/v2\/types\/product"}],"wp:featuredmedia":[{"embeddable":true,"href":"https:\/\/tangooled.com\/ro\/wp-json\/wp\/v2\/media\/13990"}],"wp:attachment":[{"href":"https:\/\/tangooled.com\/ro\/wp-json\/wp\/v2\/media?parent=44979"}],"wp:term":[{"taxonomy":"pcb-width","embeddable":true,"href":"https:\/\/tangooled.com\/ro\/wp-json\/wp\/v2\/pcb-width?post=44979"},{"taxonomy":"product-cat","embeddable":true,"href":"https:\/\/tangooled.com\/ro\/wp-json\/wp\/v2\/product-cat?post=44979"}],"curies":[{"name":"wp","href":"https:\/\/api.w.org\/{rel}","templated":true}]}}