{"id":44710,"date":"2026-01-03T02:26:39","date_gmt":"2026-01-03T10:26:39","guid":{"rendered":"https:\/\/tangooled.com\/?post_type=product&#038;p=44710"},"modified":"2026-01-29T18:02:42","modified_gmt":"2026-01-30T02:02:42","slug":"10mm-led-profile-aluminum-channel-for-8mm-led-tape-lights","status":"publish","type":"product","link":"https:\/\/tangooled.com\/ro\/produs\/10mm-led-profile-aluminum-channel-for-8mm-led-tape-lights\/","title":{"rendered":"Canal din aluminiu pentru profil LED de 10 mm pentru benzi LED de 8 mm"},"content":{"rendered":"<div class=\"wp-block-group\" style=\"padding-top:var(--wp--preset--spacing--80);padding-bottom:var(--wp--preset--spacing--80)\"><div class=\"wp-block-group__inner-container is-layout-constrained wp-block-group-is-layout-constrained\">\n<p>Our 10mm LED profile aluminum channel will give your 8mm LED tape lights a professional look. This anodized aluminum extrusion is of high quality and is made to be easy to place on a surface with secure mounting clips and neat end caps. The inside width is 8.2mm, so it fits 6mm or 8mm wide LED strips well. This slim channel, along with its diffuser, makes sure that any project has a smooth, gorgeous glow, whether it&#8217;s for under-cabinet or wall&nbsp;lighting.<\/p>\n<\/div><\/div>\n\n\n\n<div class=\"wp-block-group has-background\" style=\"background-color:#f2f2f2f2;padding-top:var(--wp--preset--spacing--80);padding-bottom:var(--wp--preset--spacing--80)\"><div class=\"wp-block-group__inner-container is-layout-constrained wp-block-group-is-layout-constrained\">\n<div class=\"wp-block-group is-vertical is-layout-flex wp-container-core-group-is-layout-8cf370e7 wp-block-group-is-layout-flex\">\n<h2 class=\"wp-block-heading\" style=\"padding-top:var(--wp--preset--spacing--40);padding-bottom:var(--wp--preset--spacing--40);font-size:25px;font-style:normal;font-weight:600;text-transform:capitalize\">De ce s\u0103 alegi profilul nostru LED de 10 mm?<\/h2>\n\n\n\n<ul class=\"wp-block-list\">\n<li>Se potrive\u0219te perfect cu benzile LED de 6 mm \u0219i 8 mm.<\/li>\n\n\n\n<li>Fabricat din aluminiu anodizat 6063-T5 puternic pentru a men\u021bine LED-urile tale r\u0103cite.<\/li>\n\n\n\n<li>Vine cu un difuzor opal care face ca lumina s\u0103 fie uniform\u0103 \u0219i moale, f\u0103r\u0103 pete.<\/li>\n\n\n\n<li>Kit complet cu capace de cap\u0103t, clipuri de montare \u0219i un difuzor.<\/li>\n\n\n\n<li>U\u0219or de t\u0103iat \u0219i de instalat pe orice suprafa\u021b\u0103, chiar \u0219i pe tencuite sau \u00eengropate.<\/li>\n<\/ul>\n<\/div>\n<\/div><\/div>\n\n\n\n<div class=\"wp-block-group\" style=\"padding-top:var(--wp--preset--spacing--80);padding-bottom:var(--wp--preset--spacing--80)\"><div class=\"wp-block-group__inner-container is-layout-constrained wp-block-group-is-layout-constrained\">\n<div class=\"wp-block-media-text has-media-on-the-right is-stacked-on-mobile\" style=\"padding-top:0;padding-bottom:0;grid-template-columns:auto 40%\"><div class=\"wp-block-media-text__content\">\n<h2 class=\"wp-block-heading\" style=\"font-size:25px;font-style:normal;font-weight:600;text-transform:capitalize\">Pa\u0219i pentru o instalare u\u0219oar\u0103<\/h2>\n\n\n\n<ul class=\"wp-block-list\">\n<li>Pune clipurile de montare acolo unde vrei canalul LED \u0219i fixeaz\u0103-le.<\/li>\n\n\n\n<li>Lipe\u0219te banda ta LED de 6 mm sau 8 mm \u00een canalul din aluminiu.<\/li>\n\n\n\n<li>Pune capacul difuzor pe partea de sus pentru a face lumina uniform\u0103.<\/li>\n\n\n\n<li>Pentru a finaliza aspectul \u0219i a p\u0103stra firele \u00een siguran\u021b\u0103, apas\u0103 capacele de cap\u0103t.<\/li>\n<\/ul>\n<\/div><figure class=\"wp-block-media-text__media\"><img loading=\"lazy\" decoding=\"async\" width=\"500\" height=\"500\" src=\"https:\/\/tangooled.com\/wp-content\/uploads\/2026\/01\/fp10-ins.webp\" alt=\"Canal din aluminiu pentru profil LED de 10 mm pentru benzi LED de 8 mm\" class=\"wp-image-44711 size-full\" srcset=\"https:\/\/tangooled.com\/wp-content\/uploads\/2026\/01\/fp10-ins.webp 500w, https:\/\/tangooled.com\/wp-content\/uploads\/2026\/01\/fp10-ins-300x300.webp 300w, https:\/\/tangooled.com\/wp-content\/uploads\/2026\/01\/fp10-ins-150x150.webp 150w\" sizes=\"auto, (max-width: 500px) 100vw, 500px\" \/><\/figure><\/div>\n<\/div><\/div>\n\n\n\n<div class=\"wp-block-group has-background\" style=\"background-color:#f2f2f2;padding-top:var(--wp--preset--spacing--80);padding-bottom:var(--wp--preset--spacing--80)\"><div class=\"wp-block-group__inner-container is-layout-constrained wp-block-group-is-layout-constrained\">\n<h2 class=\"wp-block-heading\" style=\"padding-top:var(--wp--preset--spacing--40);padding-bottom:var(--wp--preset--spacing--40);font-size:25px;font-style:normal;font-weight:600;text-transform:capitalize\">Ce con\u021bine cutia?<\/h2>\n\n\n\n<ul class=\"wp-block-list\">\n<li>1 metru de canal din aluminiu pentru profil LED<\/li>\n\n\n\n<li>1 metru de capac difuzor opal<\/li>\n\n\n\n<li>2 capace de cap\u0103t (unul cu un orificiu pentru un fir \u0219i unul solid)<\/li>\n<\/ul>\n<\/div><\/div>\n\n\n\n<div class=\"wp-block-group\" style=\"padding-top:var(--wp--preset--spacing--80);padding-bottom:var(--wp--preset--spacing--80)\"><div class=\"wp-block-group__inner-container is-layout-constrained wp-block-group-is-layout-constrained\">\n<h2 class=\"wp-block-heading\" style=\"padding-top:var(--wp--preset--spacing--60);padding-bottom:var(--wp--preset--spacing--60);font-size:25px;font-style:normal;font-weight:600;text-transform:capitalize\">Linkuri interne asociate<\/h2>\n\n\n\n<ul class=\"wp-block-list\">\n<li>Verific\u0103 <a href=\"https:\/\/tangooled.com\/ro\/produs\/15x16mm-led-channel-with-half-round-diffuser-for-10mm-led-strips\/\"><mark style=\"background-color:rgba(0, 0, 0, 0)\" class=\"has-inline-color has-vivid-red-color\">canal LED de 15x16mm cu difuzor semicircular pentru benzi LED de 10mm<\/mark><\/a> pentru o op\u021biune de profil mai larg.<\/li>\n\n\n\n<li>Pentru benzi LED mai mici, vezi <a href=\"https:\/\/tangooled.com\/ro\/produs\/8x9mm-led-profile-aluminum-channel-rigid-bar-for-5mm-led-strips\/\"><mark style=\"background-color:rgba(0, 0, 0, 0)\" class=\"has-inline-color has-vivid-red-color\">bar\u0103 rigid\u0103 din canal din aluminiu 8x9mm pentru benzi LED de 5 mm<\/mark><\/a>.<\/li>\n\n\n\n<li>Dac\u0103 vrei un profil curbat, exploreaz\u0103 <a href=\"https:\/\/tangooled.com\/ro\/produs\/curved-diffuser-led-corner-extrusion-16x16mm-for-10mm-led-strips\/\"><mark style=\"background-color:rgba(0, 0, 0, 0)\" class=\"has-inline-color has-vivid-red-color\">extrudare cu col\u021buri curbe pentru difuzor LED 16x16mm pentru benzi LED de 10 mm<\/mark><\/a> pentru col\u021buri creative.<\/li>\n\n\n\n<li>Pentru suport suplimentar la montare, viziteaz\u0103 <a href=\"https:\/\/tangooled.com\/ro\/produs\/black-aluminum-u-channel-profile-for-10mm-led-strips\/\"><mark style=\"background-color:rgba(0, 0, 0, 0)\" class=\"has-inline-color has-vivid-red-color\">canalul profil U din aluminiu negru pentru benzi LED de 10 mm<\/mark><\/a> pentru un canal robust.<\/li>\n\n\n\n<li>Ai nevoie de un canal cu o lentil\u0103? Al nostru <a href=\"https:\/\/tangooled.com\/ro\/produs\/aluminum-profile-with-60-degree-lens-led-diffuser\/\"><mark style=\"background-color:rgba(0, 0, 0, 0)\" class=\"has-inline-color has-vivid-red-color\">profil din aluminiu cu difuzor LED cu lentil\u0103 de 60 de grade<\/mark><\/a> \u00eembun\u0103t\u0103\u021be\u0219te dispersia luminii \u0219i controlul str\u0103lucirii.<\/li>\n<\/ul>\n<\/div><\/div>\n\n\n\n<div class=\"wp-block-group has-background\" style=\"background-color:#f2f2f2f2;padding-top:var(--wp--preset--spacing--80);padding-bottom:var(--wp--preset--spacing--80)\"><div class=\"wp-block-group__inner-container is-layout-constrained wp-block-group-is-layout-constrained\">\n<h2 class=\"wp-block-heading\" style=\"padding-top:var(--wp--preset--spacing--40);padding-bottom:var(--wp--preset--spacing--40);font-size:25px;font-style:normal;font-weight:600;text-transform:capitalize\">rezumat<\/h2>\n\n\n\n<p style=\"padding-right:var(--wp--preset--spacing--50);padding-left:var(--wp--preset--spacing--50)\">Canalul nostru din aluminiu pentru profil LED de 10 mm pentru benzile LED de 8 mm este o op\u021biune robust\u0103 \u0219i durabil\u0103 care permite luminii s\u0103 p\u0103trund\u0103 f\u0103r\u0103 str\u0103lucire. Kitul complet are tot ce ai nevoie pentru a-l instala rapid \u0219i profesional. Func\u021bioneaz\u0103 bine pentru multe aplica\u021bii, cum ar fi iluminatul sub dulapuri \u0219i expuneri.<\/p>\n<\/div><\/div>\n\n\n\n<p><\/p>","protected":false},"featured_media":13356,"template":"","meta":{"_acf_changed":true,"_seopress_robots_primary_cat":"none","_seopress_titles_title":"Aluminum 10mm LED Profile For 8mm Tape Lights | TANGOOLED","_seopress_titles_desc":"TANGOO's 10mm LED profile is a slim aluminum channel designed for 8mm tape lights, providing a sleek, integrated look for furniture and cabinet lighting.","_seopress_robots_index":""},"pcb-width":[228],"product-cat":[192],"class_list":{"0":"post-44710","1":"product","2":"type-product","3":"status-publish","4":"has-post-thumbnail","6":"pcb-width-6-12mm","7":"product-cat-surface-led-profile"},"acf":[],"_links":{"self":[{"href":"https:\/\/tangooled.com\/ro\/wp-json\/wp\/v2\/product\/44710","targetHints":{"allow":["GET"]}}],"collection":[{"href":"https:\/\/tangooled.com\/ro\/wp-json\/wp\/v2\/product"}],"about":[{"href":"https:\/\/tangooled.com\/ro\/wp-json\/wp\/v2\/types\/product"}],"wp:featuredmedia":[{"embeddable":true,"href":"https:\/\/tangooled.com\/ro\/wp-json\/wp\/v2\/media\/13356"}],"wp:attachment":[{"href":"https:\/\/tangooled.com\/ro\/wp-json\/wp\/v2\/media?parent=44710"}],"wp:term":[{"taxonomy":"pcb-width","embeddable":true,"href":"https:\/\/tangooled.com\/ro\/wp-json\/wp\/v2\/pcb-width?post=44710"},{"taxonomy":"product-cat","embeddable":true,"href":"https:\/\/tangooled.com\/ro\/wp-json\/wp\/v2\/product-cat?post=44710"}],"curies":[{"name":"wp","href":"https:\/\/api.w.org\/{rel}","templated":true}]}}